{"id":96,"date":"2019-04-16T09:26:54","date_gmt":"2019-04-16T07:26:54","guid":{"rendered":"https:\/\/www.ght-novo.fr\/ghi-vexin\/\/?page_id=96"},"modified":"2025-12-09T09:32:20","modified_gmt":"2025-12-09T08:32:20","slug":"organisation","status":"publish","type":"page","link":"https:\/\/hopital-novo.fr\/ghi-vexin\/presentation\/organisation\/","title":{"rendered":"L&rsquo;h\u00f4pital"},"content":{"rendered":"<p>L\u2019H\u00f4pital NOVO (Nord-Ouest Val-d\u2019Oise) est un nouvel \u00e9tablissement n\u00e9 le 1er janvier 2023, de l\u2019union de 3 \u00e9tablissements : le Centre Hospitalier Ren\u00e9-Dubos de Pontoise (CHRD), le Groupe Hospitalier Carnelle Portes de l\u2019Oise (GHCPO) et le Groupement Hospitalier Intercommunal du Vexin (GHIV).<\/p>\n<p>Acteur incontournable du service public hospitalier de l\u2019Ile-de-France, son objectif est de contribuer \u00e0 lutter contre les in\u00e9galit\u00e9s sociales et g\u00e9ographiques en mati\u00e8re d\u2019acc\u00e8s aux soins, par le renforcement des comp\u00e9tences existantes et des coop\u00e9rations intra et extra hospitali\u00e8res.<\/p>\n<p style=\"text-align: center;\">L&rsquo;H\u00f4pital NOVO s&rsquo;\u00e9tend sur 5 sites<\/p>\n<p><img loading=\"lazy\" decoding=\"async\" class=\"aligncenter size-full wp-image-2279\" src=\"https:\/\/hopital-novo.fr\/ghi-vexin\/wp-content\/uploads\/2025\/12\/cartographie-Hopital-NOVO.png\" alt=\"\" width=\"774\" height=\"507\" srcset=\"https:\/\/hopital-novo.fr\/ghi-vexin\/wp-content\/uploads\/2025\/12\/cartographie-Hopital-NOVO.png 774w, https:\/\/hopital-novo.fr\/ghi-vexin\/wp-content\/uploads\/2025\/12\/cartographie-Hopital-NOVO-300x197.png 300w, https:\/\/hopital-novo.fr\/ghi-vexin\/wp-content\/uploads\/2025\/12\/cartographie-Hopital-NOVO-768x503.png 768w\" sizes=\"auto, (max-width: 774px) 100vw, 774px\" \/><\/p>\n<p>Le <strong>site d&rsquo;Aincourt<\/strong> est sp\u00e9cialis\u00e9 en Soins M\u00e9dicaux et de R\u00e9adaptation (SMR), en hospitalisation compl\u00e8te, de semaine ou en h\u00f4pital de jour. Une Maison d&rsquo;Accueil Sp\u00e9cialis\u00e9e est \u00e9galement pr\u00e9sente dans un b\u00e2timent plus r\u00e9cent (2006).<\/p>\n<p>Le <strong>site de Magny-en-Vexin<\/strong> offre \u00e0 la population de la ville et de ses environs des soins de proximit\u00e9. On y trouve un accueil des urgences 24h\/24 7j\/7, des consultations externes sp\u00e9cialis\u00e9es, un service de m\u00e9decine et une \u00e9quipe mobile de soins palliatifs. On y trouve \u00e9galement un Etablissement d&rsquo;H\u00e9bergement pour Personnes \u00c2g\u00e9es D\u00e9pendantes et une Maison d&rsquo;Accueil Sp\u00e9cialis\u00e9e. Un Accueil de Jour Th\u00e9rapeutique et un Service de Soins Infirmiers \u00e0 Domicile compl\u00e8tent l&rsquo;offre m\u00e9dico-sociale.<\/p>\n<p>Le <strong>site de Marines<\/strong> est d\u00e9di\u00e9 \u00e0 la g\u00e9rontologie et dispose d&rsquo;un SMR g\u00e9riatrique, d&rsquo;une Unit\u00e9 de Soins de Longue Dur\u00e9e, d&rsquo;un EHPAD avec une Unit\u00e9 d&rsquo;H\u00e9bergement Renforc\u00e9 et un P\u00f4le d&rsquo;Activit\u00e9s et de Soins Adapt\u00e9s.<\/p>\n<p>&nbsp;<\/p>\n<p>Vous pouvez <a href=\"https:\/\/hopital-novo.fr\/ghi-vexin\/wp-content\/uploads\/2023\/09\/RI-NOVO-aout-2023.pdf\" target=\"_blank\" rel=\"noopener\">t\u00e9l\u00e9charger ici<\/a> le <strong>r\u00e8glement int\u00e9rieur de l&rsquo;H\u00f4pital NOVO<\/strong>.<\/p>\n","protected":false},"excerpt":{"rendered":"<p>L\u2019H\u00f4pital NOVO (Nord-Ouest Val-d\u2019Oise) est un nouvel \u00e9tablissement n\u00e9 le 1er janvier 2023, de l\u2019union de 3 \u00e9tablissements : le Centre Hospitalier Ren\u00e9-Dubos de Pontoise (CHRD), le Groupe Hospitalier Carnelle Portes de l\u2019Oise (GHCPO) et le Groupement Hospitalier Intercommunal du Vexin (GHIV). Acteur incontournable du service public hospitalier de l\u2019Ile-de-France, son objectif est de contribuer [&hellip;]<\/p>\n","protected":false},"author":1,"featured_media":0,"parent":581,"menu_order":0,"comment_status":"closed","ping_status":"closed","template":"","meta":{"_acf_changed":false,"footnotes":"","_links_to":"","_links_to_target":""},"class_list":["post-96","page","type-page","status-publish","hentry"],"acf":[],"_links":{"self":[{"href":"https:\/\/hopital-novo.fr\/ghi-vexin\/wp-json\/wp\/v2\/pages\/96","targetHints":{"allow":["GET"]}}],"collection":[{"href":"https:\/\/hopital-novo.fr\/ghi-vexin\/wp-json\/wp\/v2\/pages"}],"about":[{"href":"https:\/\/hopital-novo.fr\/ghi-vexin\/wp-json\/wp\/v2\/types\/page"}],"author":[{"embeddable":true,"href":"https:\/\/hopital-novo.fr\/ghi-vexin\/wp-json\/wp\/v2\/users\/1"}],"replies":[{"embeddable":true,"href":"https:\/\/hopital-novo.fr\/ghi-vexin\/wp-json\/wp\/v2\/comments?post=96"}],"version-history":[{"count":7,"href":"https:\/\/hopital-novo.fr\/ghi-vexin\/wp-json\/wp\/v2\/pages\/96\/revisions"}],"predecessor-version":[{"id":2280,"href":"https:\/\/hopital-novo.fr\/ghi-vexin\/wp-json\/wp\/v2\/pages\/96\/revisions\/2280"}],"up":[{"embeddable":true,"href":"https:\/\/hopital-novo.fr\/ghi-vexin\/wp-json\/wp\/v2\/pages\/581"}],"wp:attachment":[{"href":"https:\/\/hopital-novo.fr\/ghi-vexin\/wp-json\/wp\/v2\/media?parent=96"}],"curies":[{"name":"wp","href":"https:\/\/api.w.org\/{rel}","templated":true}]}}