{"id":923,"date":"2020-09-11T16:45:22","date_gmt":"2020-09-11T14:45:22","guid":{"rendered":"https:\/\/www.ght-novo.fr\/ghi-vexin\/\/?page_id=923"},"modified":"2026-02-06T12:26:34","modified_gmt":"2026-02-06T11:26:34","slug":"votre-sejour","status":"publish","type":"page","link":"https:\/\/hopital-novo.fr\/ghi-vexin\/patients-usagers\/votre-sejour\/","title":{"rendered":"Votre s\u00e9jour"},"content":{"rendered":"<p>Le service dans lequel vous \u00eates hospitalis\u00e9(e) est plac\u00e9 sous l\u2019autorit\u00e9 m\u00e9dicale du Responsable de Service, assist\u00e9 par une \u00e9quipe m\u00e9dicale et par une \u00e9quipe soignante dont les actions sont coordonn\u00e9es par le cadre de sant\u00e9 de l\u2019unit\u00e9.<\/p>\n<p>Votre collaboration et votre participation ainsi que celle de votre famille et de votre entourage seront tr\u00e8s utiles \u00e0 l\u2019\u00e9quipe soignante pour contribuer au bon d\u00e9roulement de votre s\u00e9jour.<\/p>\n<p style=\"text-align: center;\"><a href=\"https:\/\/hopital-novo.fr\/wp-content\/uploads\/2025\/07\/D9916-Livret-daccueil-patient-unique-NOVO-page-par-page.pdf\" target=\"_blank\" rel=\"noopener\"><img loading=\"lazy\" decoding=\"async\" class=\"aligncenter wp-image-2242\" src=\"https:\/\/hopital-novo.fr\/ghi-vexin\/wp-content\/uploads\/2025\/07\/Capture-livret-accueil-patient.png\" alt=\"\" width=\"350\" height=\"498\" srcset=\"https:\/\/hopital-novo.fr\/ghi-vexin\/wp-content\/uploads\/2025\/07\/Capture-livret-accueil-patient.png 667w, https:\/\/hopital-novo.fr\/ghi-vexin\/wp-content\/uploads\/2025\/07\/Capture-livret-accueil-patient-211x300.png 211w\" sizes=\"auto, (max-width: 350px) 100vw, 350px\" \/><\/a><\/p>\n<p style=\"text-align: center;\"><a href=\"https:\/\/hopital-novo.fr\/wp-content\/uploads\/2025\/07\/D9916-Livret-daccueil-patient-unique-NOVO-page-par-page.pdf\" target=\"_blank\" rel=\"noopener\"><strong>Cliquez ici pour t\u00e9l\u00e9charger le livret d&rsquo;accueil du patient.<\/strong><\/a><\/p>\n<p>&nbsp;<\/p>\n<h2>Vos devoirs<\/h2>\n<p>&#8211; La politesse et la courtoisie sont de rigueur dans l\u2019enceinte du Centre Hospitalier.<\/p>\n<p>&#8211; Le respect des locaux et du mat\u00e9riel mis \u00e0 votre disposition est n\u00e9cessaire au bon fonctionnement des services et contribue \u00e0 rendre votre s\u00e9jour plus agr\u00e9able.<\/p>\n<p>&#8211; Nous vous remercions de bien vouloir respecter le repos des autres patients: les horaires des visites doivent \u00eatre respect\u00e9s.<\/p>\n<p>&#8211; L\u2019usage de la t\u00e9l\u00e9vision ou de tout autre appareil radiophonique ne doit pas perturber le repos des malades.<\/p>\n<p>&#8211; L\u2019introduction de boissons alcoolis\u00e9es est interdite dans l\u2019h\u00f4pital.<\/p>\n<p>&#8211; Il est strictement interdit de fumer \u00e0 l\u2019int\u00e9rieur des locaux du Centre Hospitalier.<\/p>\n<p>&#8211; Une tenue correcte est exig\u00e9e.<\/p>\n<p>&#8211; Il est strictement interdit de r\u00e9aliser dans l\u2019enceinte du Centre Hospitalier, des photos des patients ou des personnels, \u00e0 partir de t\u00e9l\u00e9phone portable ou d\u2019appareils de prises de vue de tout type. Il est \u00e9galement interdit d\u2019effectuer des vid\u00e9os ou enregistrements audio sous peine de poursuites.<\/p>\n<p>&nbsp;<\/p>\n<h2>Accueil &#8211; Information<\/h2>\n<p>Pour tout renseignement, vous pouvez vous adresser aux guichets d\u2019accueil des diff\u00e9rents sites :<\/p>\n<ul>\n<li><strong>Aincourt<\/strong> : Hall d&rsquo;accueil principal des C\u00e8dres et service Admission (Rez-de-Chauss\u00e9e couloir C\u00e8dres).<\/li>\n<li><strong>Magny-en-Vexin :<\/strong> Hall d&rsquo;accueil des urgences (entresol) Services Admission ou Relation avec les usagers (hall central)<\/li>\n<li><strong>Marines :<\/strong> Admissions \u00e0 l&rsquo;entr\u00e9e du hall d&rsquo;accueil du b\u00e2timent 50.<\/li>\n<\/ul>\n<p>Standard accueil : 01 34 79 44 44<\/p>\n<h2>Accompagnants<\/h2>\n<p>Votre famille peut, si elle rencontre un probl\u00e8me d\u2019h\u00e9bergement, demander au cadre de sant\u00e9 de l\u2019unit\u00e9, \u00e0 l\u2019infirmi\u00e8re ou \u00e0 l\u2019assistante sociale du service, des adresses d\u2019organismes susceptibles de les aider.<\/p>\n<p>Dans quelques cas particuliers et selon les possibilit\u00e9s du service, une personne peut demander \u00e0 s\u00e9journer aupr\u00e8s d\u2019un malade hospitalis\u00e9. Renseignez-vous aupr\u00e8s du cadre de sant\u00e9 de l\u2019unit\u00e9. En cas de r\u00e9ponse favorable, vous devez signaler l\u2019identit\u00e9 de l\u2019accompagnant au bureau des admissions.<\/p>\n<p>Chambre et repas devront \u00eatre r\u00e9gl\u00e9s suivant les tarifs en vigueur qui vous seront communiqu\u00e9s d\u00e8s votre arriv\u00e9e par le bureau des admissions.<\/p>\n<p>&nbsp;<\/p>\n<h2>Boutique Presse<\/h2>\n<p><strong>Sur le site d&rsquo;Aincourt,<\/strong> une boutique presse est \u00e0 votre disposition dans le hall interm\u00e9diaire entre le hall d&rsquo;accueil principal et le couloir du SMR Locomoteur.<\/p>\n<p>&nbsp;<\/p>\n<h2>Coiffeur<\/h2>\n<p>Un salon de coiffure est \u00e0 votre disposition du lundi au vendredi de 10h30 \u00e0 12h30 et de 13h30 \u00e0 16h30<\/p>\n<p><strong>Contact :<\/strong> 01 34 79 44 76 et laboutiquetelebrune@gmail.com<\/p>\n<p>Pour prendre rendez-vous, veuillez vous adresser au personnel soignant du service.<\/p>\n<p><strong>A Marines<\/strong>, le paiement s&rsquo;effectue directement aupr\u00e8s de la coiffeuse.<\/p>\n<p>&nbsp;<\/p>\n<h2>Courrier<\/h2>\n<h4>Recevoir du courrier :<\/h4>\n<p>Demandez \u00e0 vos correspondants de bien mentionner votre nom et pr\u00e9nom ainsi que votre service d\u2019hospitalisation et si possible votre num\u00e9ro de chambre. Pour vous d\u00e9livrer mandats et colis recommand\u00e9s une pi\u00e8ce d\u2019identit\u00e9 sera exig\u00e9e.<\/p>\n<h4>Exp\u00e9dition :<\/h4>\n<p>Apr\u00e8s avoir affranchi votre courrier \u00e0 destination de l\u2019ext\u00e9rieur de l\u2019h\u00f4pital, vous pouvez le glisser dans les bo\u00eetes aux lettres pour le courrier postal. Ce courrier sera exp\u00e9di\u00e9 du lundi au vendredi par l\u2019interm\u00e9diaire du vaguemestre de l\u2019h\u00f4pital. Ces bo\u00eetes aux lettres sont distinctes de celles \u00e0 destination interne.<\/p>\n<p>&nbsp;<\/p>\n<h2>Cultes<\/h2>\n<p>L\u2019aum\u00f4nerie de l\u2019H\u00f4pital NOVO est au service des patients, des r\u00e9sidents et de leur famille. N\u2019h\u00e9sitez-pas \u00e0 y faire appel si vous avez besoin d\u2019\u00eatre \u00e9cout\u00e9, accompagn\u00e9 ou orient\u00e9 dans vos questions d\u2019ordre existentiel, spirituel ou religieux.<br \/>\nNous pouvons aussi vous accompagner dans les pri\u00e8res rituelles propres \u00e0 chaque culte autour de la naissance, de la maladie et de la fin de vie. Possibilit\u00e9 de c\u00e9l\u00e9brer les sacrements.<\/p>\n<p>&#8211; Aum\u00f4nier catholique : St\u00e9phane COURTOIS \u2013 06 65 45 88 97<br \/>\n&#8211; Aum\u00f4nier musulman : Ka\u00efs HALOUI \u2013 06 58 67 79 15<\/p>\n<p>Pour toutes les autres demandes, merci de prendre contact avec l\u2019un des deux aum\u00f4niers qui saura vous orienter.<\/p>\n<p>&nbsp;<\/p>\n<h2>Distributeurs<\/h2>\n<p><strong>\u00c0 Aincourt,<\/strong> vous trouverez des distributeurs automatiques de boissons non alcoolis\u00e9es, chaudes ou froides, de confiseries ou de sandwichs au premier \u00e9tage.<\/p>\n<p><strong>\u00c0 Marines,<\/strong> un distributeur de boissons chaudes et de jus de fruits est propos\u00e9 dans le hall d\u2019accueil.<\/p>\n<p>&nbsp;<\/p>\n<h2>Effets personnels<\/h2>\n<p>Pr\u00e9voyez pour votre s\u00e9jour quelques effets personnels (pyjama\/chemise de nuit, robe de chambre, chaussons, mouchoirs) ainsi qu\u2019un n\u00e9cessaire de toilette (serviettes et gants, savon, shampoing, brosse \u00e0 dents et dentifrice, rasoir, peigne ou brosse \u00e0 cheveux\u2026).<\/p>\n<p><strong>Il est souhaitable d\u2019identifier vos effets personnels.<\/strong><br \/>\nLe linge de lit et de table est fourni et entretenu par l\u2019h\u00f4pital.<\/p>\n<p>&nbsp;<\/p>\n<h2>Hygi\u00e8ne<\/h2>\n<p>Confort et sant\u00e9 passent par une bonne hygi\u00e8ne. En cas de difficult\u00e9, l\u2019\u00e9quipe soignante vous aidera pour votre toilette quotidienne. Le n\u00e9cessaire de toilette n\u2019est pas fourni par l\u2019h\u00f4pital.<\/p>\n<p>Il est important de respecter les mesures d\u2019hygi\u00e8ne et les consignes donn\u00e9es par l&rsquo;\u00e9quipe soignante (notamment lors des interventions chirurgicales).<\/p>\n<p>Demandez par ailleurs \u00e0 vos proches qui viennent vous voir \u00e0 l\u2019h\u00f4pital d\u2019utiliser les produits hydro-alcooliques disponibles dans votre chambre.<\/p>\n<p>&nbsp;<\/p>\n<h2>Laverie<\/h2>\n<p><strong>\u00c0 Aincourt<\/strong>, pour l\u2019entretien de votre linge personnel, un lave-linge et un s\u00e8che-linge sont \u00e0 votre disposition au rez-de-chauss\u00e9e. Des jetons vous seront vendus \u00e0 la boutique.<br \/>\nIl est interdit de laver le linge dans les chambres.<\/p>\n<p>&nbsp;<\/p>\n<h2>M\u00e9dicaments<\/h2>\n<p>Les m\u00e9dicaments prescrits sont ceux disponibles \u00e0 la pharmacie de l\u2019h\u00f4pital. Les m\u00e9dicaments personnels des patients ne sont pas laiss\u00e9s \u00e0 disposition, sauf cas exceptionnel avec accord du m\u00e9decin.<\/p>\n<p>&nbsp;<\/p>\n<h2>Objets de valeur<\/h2>\n<p>Il est recommand\u00e9 de ne conserver, pendant votre s\u00e9jour, que les objets indispensables.<\/p>\n<p>N\u2019apportez donc pas de grosses sommes d\u2019argent et\/ou d\u2019objets de valeur. N\u00e9anmoins, si le cas se pr\u00e9sente, et avec votre accord, vous pouvez, lors de votre admission, d\u00e9poser vos valeurs et argent au bureau des admissions, o\u00f9 vous pourrez les retirer sur pr\u00e9sentation d\u2019un re\u00e7u et d\u2019une pi\u00e8ce d\u2019identit\u00e9. Selon le d\u00e9lai, le retrait s&rsquo;effectue au bureau des admissions.<\/p>\n<p>L\u2019\u00e9tablissement n\u2019est pas tenu responsable de pertes et\/ou vols des biens et valeurs conserv\u00e9s par le patient lors de son s\u00e9jour.<\/p>\n<p>&nbsp;<\/p>\n<h2>Permissions de sortie<\/h2>\n<p>Des permissions ne sont accord\u00e9es qu\u2019apr\u00e8s accord du m\u00e9decin, en fonction de la dur\u00e9e du s\u00e9jour du malade et de son \u00e9tat de sant\u00e9. Elles doivent avoir un caract\u00e8re exceptionnel et ne peuvent exc\u00e9der deux nuit\u00e9es d\u2019absence. Elles sont soumises \u00e0 des formalit\u00e9s administratives au bureau des admissions lors du d\u00e9part en permission.<\/p>\n<p><strong>ATTENTION !<\/strong> Durant cette permission, l\u2019h\u00f4pital est d\u00e9charg\u00e9 de toute responsabilit\u00e9 pour les dommages que vous subiriez ou occasionneriez.\u00a0 Quel que soit le mode de transport utilis\u00e9, \u00e0 l\u2019aller et au retour, celui-ci est enti\u00e8rement \u00e0 votre charge.<\/p>\n<p>Vous pr\u00e9voyez un transport priv\u00e9 pour les trajets de votre proche ; veuillez l\u2019inviter \u00e0 se pr\u00e9senter \u00e0 l\u2019infirmi\u00e8re du service avant le d\u00e9part pour lui faire remettre les documents utiles (prescription, traitement, mat\u00e9riel).<\/p>\n<p>&nbsp;<\/p>\n<h2>Proth\u00e8ses<\/h2>\n<p>Soyez attentifs \u00e0 vos proth\u00e8ses dentaires ou auditives, lunettes ou lentilles de contact. L&rsquo;H\u00f4pital NOVO n\u2019est pas responsable de la disparition ou d\u00e9gradation de ces objets qui restent sous votre garde.<\/p>\n<p>&nbsp;<\/p>\n<h2>Repas<\/h2>\n<p>Les repas font partie int\u00e9grante de votre s\u00e9jour. D\u00e8s votre arriv\u00e9e, vos go\u00fbts, vos aversions, seront recueillis afin que des plats vous convenant vous soient servis.<\/p>\n<p>Les menus r\u00e9pondent aux recommandations en vigueur sur le plan de la qualit\u00e9 nutritionnelle. Ils sont \u00e9labor\u00e9s avec la collaboration d\u2019une \u00e9quipe de di\u00e9t\u00e9ticiennes et respectent le r\u00e9gime \u00e9ventuellement prescrit par votre m\u00e9decin.<\/p>\n<p>Le syst\u00e8me de production des repas apporte par ailleurs la garantie aux patients d\u2019une hygi\u00e8ne tr\u00e8s rigoureuse.<\/p>\n<p>Les horaires des repas peuvent varier selon le service. Habituellement, les trois repas sont servis vers :<br \/>\n\u2022 Petit d\u00e9jeuner : 7h30 \u2013 9h<br \/>\n\u2022 D\u00e9jeuner : 12h<br \/>\n\u2022 D\u00eener : 18h30 ou 19h<\/p>\n<p>Si un membre de votre famille souhaite prendre ses repas avec vous dans votre chambre, il doit en avertir le cadre infirmier du service. Le montant de ces prestations est disponible aupr\u00e8s du bureau des admissions.<\/p>\n<p>&nbsp;<\/p>\n<h2>Service social<\/h2>\n<p>Le service social de l\u2019h\u00f4pital a pour mission de conseiller, d\u2019orienter et de soutenir les personnes hospitalis\u00e9es et leurs familles.<\/p>\n<p>Une assistante sociale intervient dans votre service. En collaboration avec l\u2019\u00e9quipe de soins, elle peut vous apporter l\u2019aide n\u00e9cessaire pour l\u2019acc\u00e8s \u00e0 vos droits et aux soins et \u00e0 la pr\u00e9paration de votre sortie (soins de suite, retour \u00e0 domicile\u2026). Elle est \u00e0 votre \u00e9coute et peut rechercher, avec vous, les r\u00e9ponses aux \u00e9ventuelles difficult\u00e9s li\u00e9es \u00e0 votre hospitalisation.<\/p>\n<p>Pour en savoir plus sur le service social, <a href=\"https:\/\/hopital-novo.fr\/ghi-vexin\/\/autres-services\/le-service-social\/\">cliquez ici.<\/a><\/p>\n<p>&nbsp;<\/p>\n<h2>T\u00e9l\u00e9phone<\/h2>\n<p>Pendant la dur\u00e9e de votre s\u00e9jour, l&rsquo;H\u00f4pital NOVO peut mettre \u00e0 votre disposition une ligne t\u00e9l\u00e9phonique.<\/p>\n<p><strong>Tarifs et conditions particuli\u00e8res :<\/strong><br \/>\nVous pouvez disposer dans votre chambre d\u2019un poste de t\u00e9l\u00e9phone si vous demandez une ouverture de ligne (co\u00fbt 3 \u20ac + co\u00fbt des communications).<br \/>\nVous devez souscrire ce service :<br \/>\n\u2022 <strong>\u00e0 Aincourt<\/strong> aupr\u00e8s de la boutique (10h30-16h30),<br \/>\n\u2022 <strong>\u00e0 Magny-en-Vexin<\/strong> aupr\u00e8s du bureau des admissions (8h30-18h00),<br \/>\n\u2022 <strong>\u00e0 Marines<\/strong> aupr\u00e8s du bureau des admissions (9h-16h30).<br \/>\nEn dehors de ces horaires, veuillez vous adresser au cadre du service.<\/p>\n<p><strong>T\u00e9l\u00e9phones portables et ordinateurs :<\/strong><br \/>\nL\u2019usage d\u2019un t\u00e9l\u00e9phone portable peut \u00eatre tol\u00e9r\u00e9 dans votre chambre s\u2019il n\u2019y a aucun appareillage \u00e9lectronique \u00e0 proximit\u00e9 de votre lit. Les contraintes sont les m\u00eames si vous utilisez un ordinateur portable dans votre chambre.<\/p>\n<p>&nbsp;<\/p>\n<h2>T\u00e9l\u00e9vision<\/h2>\n<p>Il est interdit, pour des raisons de s\u00e9curit\u00e9, d\u2019apporter un poste de t\u00e9l\u00e9vision personnel (votre responsabilit\u00e9 civile serait engag\u00e9e en cas d\u2019accident occasionn\u00e9 par votre t\u00e9l\u00e9viseur).<\/p>\n<p>Si vous souhaitez louer un poste de t\u00e9l\u00e9vision \u00e0 la journ\u00e9e, \u00e0 la semaine ou au mois, il vous suffit d\u2019en faire la demande \u00e0 votre arriv\u00e9e ou au cours de votre s\u00e9jour :<br \/>\n\u2022 <strong>\u00e0 Aincourt<\/strong> aupr\u00e8s de la boutique (10h30-16h30),<br \/>\n\u2022 <strong>\u00e0 Magny-en-Vexin<\/strong> aupr\u00e8s du bureau des admissions (8h30-18h00),<br \/>\n\u2022 <strong>\u00e0 Marines<\/strong> aupr\u00e8s du bureau des admissions (9h-16h30).<\/p>\n<p>Ces services assurent la gestion et vous informeront des tarifs en vigueur. En dehors de leurs horaires d\u2019ouverture, veuillez vous adresser au cadre du service.<\/p>\n<p>&nbsp;<\/p>\n<h2>Visites<\/h2>\n<p>Vos parents et amis sont les bienvenus. Nous savons que leur pr\u00e9sence aupr\u00e8s de vous est d\u2019un grand r\u00e9confort. Si vos visiteurs ignorent le service dans lequel vous \u00eates hospitalis\u00e9, ils peuvent se renseigner au standard ou au bureau des admissions.<\/p>\n<p>Cependant certaines visites peuvent \u00eatre inopportunes. Vous \u00eates en droit de les refuser. Dans ce cas, faites-le savoir au standard, au bureau des admissions et au cadre de sant\u00e9 de l\u2019unit\u00e9.<br \/>\nVous pouvez obtenir qu\u2019aucune indication ne soit donn\u00e9e sur votre pr\u00e9sence \u00e0 l\u2019h\u00f4pital.<\/p>\n<p>Les visiteurs ne peuvent \u00eatre admis qu\u2019en petit nombre (au <strong>maximum deux ou trois personnes en m\u00eame temps<\/strong>). Rappelez-leur d\u2019\u00eatre discret, notamment de respecter votre voisin de chambre \u00e9ventuel. Ils doivent sortir de la chambre \u00e0 la demande de l\u2019\u00e9quipe m\u00e9dicale ou soignante.<\/p>\n<p>Si votre \u00e9tat de sant\u00e9 n\u00e9cessite des pr\u00e9cautions particuli\u00e8res pour vous et vos visites, nous vous demandons de les respecter.<\/p>\n<p>Les horaires de visites sont variables selon les services (g\u00e9n\u00e9ralement de 13h \u00e0 20h) et sont pr\u00e9cis\u00e9s \u00e0 l\u2019entr\u00e9e de chaque service. En tout \u00e9tat de cause, aucune visite n\u2019est tol\u00e9r\u00e9e au-del\u00e0 de 20h le soir.<\/p>\n<p>Les visites restent subordonn\u00e9es aux consignes des services, aux r\u00e9glementations particuli\u00e8res (urgences\u2026) ainsi qu\u2019\u00e0 votre \u00e9tat de sant\u00e9. <strong>Les visites d\u2019enfants de moins de 15 ans ne sont pas autoris\u00e9es dans les services.<\/strong><\/p>\n<p>&nbsp;<\/p>\n<h2>Visiteurs b\u00e9n\u00e9voles<\/h2>\n<p>Diff\u00e9rentes associations de b\u00e9n\u00e9voles interviennent au sein de l&rsquo;H\u00f4pital NOVO. Renseignez-vous aupr\u00e8s du cadre de sant\u00e9 du service.<\/p>\n","protected":false},"excerpt":{"rendered":"<p>Le service dans lequel vous \u00eates hospitalis\u00e9(e) est plac\u00e9 sous l\u2019autorit\u00e9 m\u00e9dicale du Responsable de Service, assist\u00e9 par une \u00e9quipe m\u00e9dicale et par une \u00e9quipe soignante dont les actions sont coordonn\u00e9es par le cadre de sant\u00e9 de l\u2019unit\u00e9. Votre collaboration et votre participation ainsi que celle de votre famille et de votre entourage seront tr\u00e8s [&hellip;]<\/p>\n","protected":false},"author":4,"featured_media":0,"parent":585,"menu_order":0,"comment_status":"closed","ping_status":"closed","template":"","meta":{"_acf_changed":false,"footnotes":"","_links_to":"","_links_to_target":""},"class_list":["post-923","page","type-page","status-publish","hentry"],"acf":[],"_links":{"self":[{"href":"https:\/\/hopital-novo.fr\/ghi-vexin\/wp-json\/wp\/v2\/pages\/923","targetHints":{"allow":["GET"]}}],"collection":[{"href":"https:\/\/hopital-novo.fr\/ghi-vexin\/wp-json\/wp\/v2\/pages"}],"about":[{"href":"https:\/\/hopital-novo.fr\/ghi-vexin\/wp-json\/wp\/v2\/types\/page"}],"author":[{"embeddable":true,"href":"https:\/\/hopital-novo.fr\/ghi-vexin\/wp-json\/wp\/v2\/users\/4"}],"replies":[{"embeddable":true,"href":"https:\/\/hopital-novo.fr\/ghi-vexin\/wp-json\/wp\/v2\/comments?post=923"}],"version-history":[{"count":15,"href":"https:\/\/hopital-novo.fr\/ghi-vexin\/wp-json\/wp\/v2\/pages\/923\/revisions"}],"predecessor-version":[{"id":2297,"href":"https:\/\/hopital-novo.fr\/ghi-vexin\/wp-json\/wp\/v2\/pages\/923\/revisions\/2297"}],"up":[{"embeddable":true,"href":"https:\/\/hopital-novo.fr\/ghi-vexin\/wp-json\/wp\/v2\/pages\/585"}],"wp:attachment":[{"href":"https:\/\/hopital-novo.fr\/ghi-vexin\/wp-json\/wp\/v2\/media?parent=923"}],"curies":[{"name":"wp","href":"https:\/\/api.w.org\/{rel}","templated":true}]}}