{"id":794,"date":"2019-12-17T10:04:40","date_gmt":"2019-12-17T09:04:40","guid":{"rendered":"https:\/\/www.ght-novo.fr\/ghi-vexin\/\/?page_id=794"},"modified":"2024-10-08T18:06:39","modified_gmt":"2024-10-08T16:06:39","slug":"rapports-dactivite","status":"publish","type":"page","link":"https:\/\/hopital-novo.fr\/ghi-vexin\/rapports-dactivite\/","title":{"rendered":"Rapports d&rsquo;activit\u00e9"},"content":{"rendered":"<p><strong>Chiffres cl\u00e9s <\/strong><\/p>\n<ul>\n<li>6 sites g\u00e9ographiques<\/li>\n<li>833 km2 de territoire desservi<\/li>\n<li>520 000 habitants concern\u00e9s<\/li>\n<li>1932 lits et places<\/li>\n<li>4 944 professionnels (\u00e9quivalents temps plein r\u00e9mun\u00e9r\u00e9s)<\/li>\n<li>8 p\u00f4les cliniques<\/li>\n<li>3 fili\u00e8res m\u00e9dico-techniques<\/li>\n<\/ul>\n<p>&nbsp;<\/p>\n<p>T\u00e9l\u00e9chargez ici les rapports d\u2019activit\u00e9 de notre \u00e9tablissement<strong>.<\/strong><\/p>\n<ul>\n<li><a href=\"https:\/\/hopital-novo.fr\/ghi-vexin\/wp-content\/uploads\/2024\/10\/D9761-Rapport-dactivite-2023-web-def.pdf\" target=\"_blank\" rel=\"noopener\">Rapport d&rsquo;activit\u00e9 2023 &#8211; H\u00f4pital NOVO<\/a><\/li>\n<li><a href=\"https:\/\/hopital-novo.fr\/ghi-vexin\/wp-content\/uploads\/2023\/10\/Rapport-dactivite-2022-NOVO-web-2.pdf\" target=\"_blank\" rel=\"noopener\">Rapport d&rsquo;activit\u00e9 2022 &#8211; GHT NOVO<\/a><\/li>\n<li><a href=\"https:\/\/hopital-novo.fr\/ghi-vexin\/wp-content\/uploads\/2022\/12\/D9002-Rapport-annuel-2021-ok-web.pdf\" target=\"_blank\" rel=\"noopener\">Rapport d&rsquo;activit\u00e9 2021 &#8211; GHT NOVO<\/a><\/li>\n<li><a href=\"https:\/\/hopital-novo.fr\/ghi-vexin\/wp-content\/uploads\/2021\/11\/D8749-Rapport-annuel-2020-web-v2.pdf\" target=\"_blank\" rel=\"noopener\">Rapport d&rsquo;activit\u00e9 2020 &#8211; GHT NOVO<\/a><\/li>\n<li><a href=\"https:\/\/hopital-novo.fr\/ghi-vexin\/wp-content\/uploads\/2020\/09\/D8475-rapport-d\u2019activit\u00e9-2019-web.pdf\" target=\"_blank\" rel=\"noopener noreferrer\">Rapport d&rsquo;activit\u00e9 2019 &#8211; GHT NOVO<\/a><\/li>\n<li><a href=\"https:\/\/hopital-novo.fr\/ghi-vexin\/\/wp-content\/uploads\/2019\/12\/D8115-rapoort-dactivite\u0301-GHT-2018-web.pdf\" target=\"_blank\" rel=\"noopener noreferrer\">Rapport d&rsquo;activit\u00e9 2018 &#8211; GHT NOVO<\/a><\/li>\n<li><a href=\"https:\/\/hopital-novo.fr\/ghi-vexin\/\/wp-content\/uploads\/2019\/12\/D7717-Rapport-dactivite\u0301-GHT-2017.pdf\" target=\"_blank\" rel=\"noopener noreferrer\">Rapport d&rsquo;activit\u00e9 2017 &#8211; GHT NOVO<\/a><\/li>\n<li><a href=\"https:\/\/hopital-novo.fr\/ghi-vexin\/\/wp-content\/uploads\/2019\/12\/D7386-rapport-dactivit\u00e9-2016-web.pdf\" target=\"_blank\" rel=\"noopener noreferrer\">Rapport d&rsquo;activit\u00e9 2016 &#8211; GHT NOVO<\/a><\/li>\n<\/ul>\n","protected":false},"excerpt":{"rendered":"<p>Chiffres cl\u00e9s 6 sites g\u00e9ographiques 833 km2 de territoire desservi 520 000 habitants concern\u00e9s 1932 lits et places 4 944 professionnels (\u00e9quivalents temps plein r\u00e9mun\u00e9r\u00e9s) 8 p\u00f4les cliniques 3 fili\u00e8res m\u00e9dico-techniques &nbsp; T\u00e9l\u00e9chargez ici les rapports d\u2019activit\u00e9 de notre \u00e9tablissement. Rapport d&rsquo;activit\u00e9 2023 &#8211; H\u00f4pital NOVO Rapport d&rsquo;activit\u00e9 2022 &#8211; GHT NOVO Rapport d&rsquo;activit\u00e9 2021 [&hellip;]<\/p>\n","protected":false},"author":4,"featured_media":0,"parent":0,"menu_order":0,"comment_status":"closed","ping_status":"closed","template":"","meta":{"_acf_changed":false,"footnotes":"","_links_to":"","_links_to_target":""},"class_list":["post-794","page","type-page","status-publish","hentry"],"acf":[],"_links":{"self":[{"href":"https:\/\/hopital-novo.fr\/ghi-vexin\/wp-json\/wp\/v2\/pages\/794","targetHints":{"allow":["GET"]}}],"collection":[{"href":"https:\/\/hopital-novo.fr\/ghi-vexin\/wp-json\/wp\/v2\/pages"}],"about":[{"href":"https:\/\/hopital-novo.fr\/ghi-vexin\/wp-json\/wp\/v2\/types\/page"}],"author":[{"embeddable":true,"href":"https:\/\/hopital-novo.fr\/ghi-vexin\/wp-json\/wp\/v2\/users\/4"}],"replies":[{"embeddable":true,"href":"https:\/\/hopital-novo.fr\/ghi-vexin\/wp-json\/wp\/v2\/comments?post=794"}],"version-history":[{"count":9,"href":"https:\/\/hopital-novo.fr\/ghi-vexin\/wp-json\/wp\/v2\/pages\/794\/revisions"}],"predecessor-version":[{"id":2077,"href":"https:\/\/hopital-novo.fr\/ghi-vexin\/wp-json\/wp\/v2\/pages\/794\/revisions\/2077"}],"wp:attachment":[{"href":"https:\/\/hopital-novo.fr\/ghi-vexin\/wp-json\/wp\/v2\/media?parent=794"}],"curies":[{"name":"wp","href":"https:\/\/api.w.org\/{rel}","templated":true}]}}