{"id":754,"date":"2019-11-25T10:49:27","date_gmt":"2019-11-25T09:49:27","guid":{"rendered":"https:\/\/www.ght-novo.fr\/ghi-vexin\/\/?page_id=754"},"modified":"2025-04-23T12:29:38","modified_gmt":"2025-04-23T10:29:38","slug":"emovy","status":"publish","type":"page","link":"https:\/\/hopital-novo.fr\/ghi-vexin\/services-de-soins\/emovy\/","title":{"rendered":"Equipe Mobile de r\u00e9adaptation et de r\u00e9insertion Val d\u2019Oise\/ Yvelines nord (EMOVY)"},"content":{"rendered":"<p>L\u2019Equipe Mobile de r\u00e9adaptation et de r\u00e9insertion Val d\u2019Oise\/ Yvelines nord (EMOVY) intervient sur l\u2019ouest du Val-d\u2019Oise et le nord des Yvelines afin de favoriser le maintien ou le retour \u00e0 domicile de patients adultes victimes de pathologies invalidantes.<\/p>\n<p>Dans le cadre de visites organis\u00e9es sur le lieu de vie, les missions principales sont les m\u00eames\u00a0: conseiller, orienter la personne, les professionnels, les aidants, afin\u00a0 de favoriser le retour ou le maintien \u00e0 domicile des personnes en situation de handicap moteur et\/ou cognitif et faciliter la coordination de la prise en charge.<\/p>\n<p>L\u2019\u00e9quipe intervient ponctuellement et n\u2019a pas pour vocation de dispenser des soins et de remplacer les r\u00e9seaux d\u00e9j\u00e0 existants sur le territoire.<\/p>\n<p><a href=\"https:\/\/hopital-novo.fr\/ghi-vexin\/wp-content\/uploads\/2025\/03\/D9612-Livret-A5-EMOVY-HD.pdf\" target=\"_blank\" rel=\"noopener\">Plaquette de pr\u00e9sentation d&rsquo;EMOVY<\/a><\/p>\n","protected":false},"excerpt":{"rendered":"<p>L\u2019Equipe Mobile de r\u00e9adaptation et de r\u00e9insertion Val d\u2019Oise\/ Yvelines nord (EMOVY) intervient sur l\u2019ouest du Val-d\u2019Oise et le nord des Yvelines afin de favoriser le maintien ou le retour \u00e0 domicile de patients adultes victimes de pathologies invalidantes. Dans le cadre de visites organis\u00e9es sur le lieu de vie, les missions principales sont les [&hellip;]<\/p>\n","protected":false},"author":4,"featured_media":0,"parent":582,"menu_order":0,"comment_status":"closed","ping_status":"closed","template":"","meta":{"_acf_changed":false,"footnotes":"","_links_to":"","_links_to_target":""},"class_list":["post-754","page","type-page","status-publish","hentry"],"acf":[],"_links":{"self":[{"href":"https:\/\/hopital-novo.fr\/ghi-vexin\/wp-json\/wp\/v2\/pages\/754","targetHints":{"allow":["GET"]}}],"collection":[{"href":"https:\/\/hopital-novo.fr\/ghi-vexin\/wp-json\/wp\/v2\/pages"}],"about":[{"href":"https:\/\/hopital-novo.fr\/ghi-vexin\/wp-json\/wp\/v2\/types\/page"}],"author":[{"embeddable":true,"href":"https:\/\/hopital-novo.fr\/ghi-vexin\/wp-json\/wp\/v2\/users\/4"}],"replies":[{"embeddable":true,"href":"https:\/\/hopital-novo.fr\/ghi-vexin\/wp-json\/wp\/v2\/comments?post=754"}],"version-history":[{"count":3,"href":"https:\/\/hopital-novo.fr\/ghi-vexin\/wp-json\/wp\/v2\/pages\/754\/revisions"}],"predecessor-version":[{"id":2207,"href":"https:\/\/hopital-novo.fr\/ghi-vexin\/wp-json\/wp\/v2\/pages\/754\/revisions\/2207"}],"up":[{"embeddable":true,"href":"https:\/\/hopital-novo.fr\/ghi-vexin\/wp-json\/wp\/v2\/pages\/582"}],"wp:attachment":[{"href":"https:\/\/hopital-novo.fr\/ghi-vexin\/wp-json\/wp\/v2\/media?parent=754"}],"curies":[{"name":"wp","href":"https:\/\/api.w.org\/{rel}","templated":true}]}}