{"id":744,"date":"2019-11-25T10:27:12","date_gmt":"2019-11-25T09:27:12","guid":{"rendered":"https:\/\/www.ght-novo.fr\/ghi-vexin\/\/?page_id=744"},"modified":"2025-04-23T12:30:23","modified_gmt":"2025-04-23T10:30:23","slug":"education-therapeutique-etp","status":"publish","type":"page","link":"https:\/\/hopital-novo.fr\/ghi-vexin\/services-de-soins\/education-therapeutique-etp\/","title":{"rendered":"Education th\u00e9rapeutique (ETP)"},"content":{"rendered":"<p>Avec l\u2019introduction de l\u2019\u00e9ducation th\u00e9rapeutique dans la loi HPST de 2009, une d\u00e9marche d\u2019\u00e9ducation th\u00e9rapeutique est d\u00e9ploy\u00e9e sur l&rsquo;H\u00f4pital NOVO &#8211; Site d&rsquo;Aincourt<\/p>\n<p>A ce jour 5 programmes <em>(ayant re\u00e7u l\u2019autorisation de\u00a0 l\u2019ARS \u00cele-de-France)<\/em> sont mis en \u0153uvre au sein de l\u2019\u00e9tablissement\u00a0:<\/p>\n<ul>\n<li><strong>Diab\u00e8te et ob\u00e9sit\u00e9<\/strong> (depuis 2010)<\/li>\n<li><strong>BPCO &#8211; Bronchopneumopathie chronique obstructive<\/strong> (depuis 2010)<\/li>\n<li><strong>Lombalgie chronique<\/strong> (depuis 2010)<\/li>\n<li><strong>Autour du sevrage \u00e0 l\u2019alcool<\/strong> (depuis 2014)<\/li>\n<li><strong>\u00c9ducation th\u00e9rapeutique de l&rsquo;amput\u00e9 <\/strong>(depuis 2022)<\/li>\n<\/ul>\n<p>Des actions hors programme et des projets sont \u00e9galement men\u00e9s en parall\u00e8le\u00a0:<\/p>\n<ul>\n<li><strong>Amputation et appareillage<\/strong><\/li>\n<li><strong>AVC\u00a0: positionnement FR de l\u2019h\u00e9mipl\u00e9gique<\/strong><\/li>\n<li><strong><strong>Alimentation dans les troubles de la d\u00e9glutition<\/strong><\/strong><strong><br \/>\n<\/strong><\/li>\n<\/ul>\n<p>&nbsp;<\/p>\n<h2>Bronchopneumopathie chronique obstructive (BPCO)<\/h2>\n<p>Le programme d\u2019Education Th\u00e9rapeutique du Patient (ETP) permet aux patients d\u2019<strong>adopter des comportements plus favorables \u00e0 la sant\u00e9, de mieux contr\u00f4ler les sympt\u00f4mes de la maladie, d\u2019apprendre \u00e0 mieux vivre avec la BPCO et de r\u00e9duire le recours aux soins de routine et\/ou d\u2019urgence.<\/strong><\/p>\n<p><strong>Objectifs du programme<\/strong><\/p>\n<p><em>Objectifs g\u00e9n\u00e9raux :<\/em><br \/>\n&#8211; Rendre plus autonome le patient dans la gestion de la maladie chronique afin d&rsquo;am\u00e9liorer sa qualit\u00e9 de vie<br \/>\n&#8211; Rendre le patient acteur de sa sant\u00e9, de son traitement, et de sa surveillance<\/p>\n<p><em>Objectifs op\u00e9rationnels :<\/em><br \/>\n&#8211; Permettre au patient de pouvoir exprimer ses projets, attentes, valeurs, \u00e9motions et repr\u00e9sentation de la maladie<br \/>\n&#8211; Permettre au patient de pouvoir discuter de sa motivation \u00e0 agir sur la maladie et faire connaitre ses besoins<br \/>\n&#8211; Aider le patient \u00e0 s&rsquo;approprier de nouveaux savoirs, de nouvelles comp\u00e9tences et de nouveaux comportements<br \/>\n&#8211; Aider le patient \u00e0 comprendre sa maladie<br \/>\n&#8211; D\u00e9velopper ses comp\u00e9tences d&rsquo;analyse des situations pouvant \u00eatre \u00e0 risque sur son \u00e9tat de sant\u00e9 actuel<br \/>\n&#8211; Former le patient \u00e0 pr\u00e9venir et prendre en charge les exacerbations<br \/>\n&#8211; Former le patient \u00e0 retarder les complications et \u00e0 ralentir l&rsquo;\u00e9volution de la maladie<br \/>\n&#8211; Am\u00e9liorer l&rsquo;observance du traitement<br \/>\n&#8211; Maintenir son implication au sein du programme ETP<\/p>\n<p>&nbsp;<\/p>\n<p><a href=\"https:\/\/hopital-novo.fr\/ghi-vexin\/\/wp-content\/uploads\/2019\/11\/ETP-pneumo.pdf\" target=\"_blank\" rel=\"noopener noreferrer\">Plaquette de pr\u00e9sentation de l&rsquo;ETP BPCO<\/a><\/p>\n<p>&nbsp;<\/p>\n<h2>Lombalgie chronique<\/h2>\n<p>L\u2019ETP dans la lombalgie chronique est un des moyens d&rsquo;<strong>aider les patients \u00e0 acqu\u00e9rir et conserver des capacit\u00e9s et des comp\u00e9tences qui peuvent leur permettre de vivre de mani\u00e8re optimale avec leur maladie<\/strong>, impliquant des activit\u00e9s organis\u00e9es de sensibilisation, d\u2019information, d\u2019apprentissage, d&rsquo;autogestion et de soutien psychologique.<\/p>\n<p>L\u2019ETP est principalement organis\u00e9e au sein du service de SMR locomoteur le plus souvent en en h\u00f4pital de Jour sur le site d\u2019Aincourt.<\/p>\n<p>Les s\u00e9ances \u00e9ducatives permettent d\u2019<strong>acqu\u00e9rir de nouvelles connaissances, ainsi que de nouveaux gestes et comportements<\/strong>. Elles sont bas\u00e9es sur un diagnostic \u00e9ducatif et des synth\u00e8ses \u00e9ducatives. L\u2019efficacit\u00e9 des actions est \u00e9valu\u00e9e \u00e0 l\u2019aide de questionnaires et d\u2019entretiens dirig\u00e9s.<\/p>\n<p>Les s\u00e9ances comportent en g\u00e9n\u00e9ral plusieurs \u00e9tapes :<\/p>\n<ul>\n<li>\u00c9valuation des habitudes de vie et du v\u00e9cu de la maladie au quotidien<\/li>\n<li>Sensibilisation des patients aux notions d\u2019anatomie et biom\u00e9canique afin de mieux comprendre l\u2019\u00e9conomie rachidienne<\/li>\n<li>Sensibilisation aux m\u00e9canismes d\u2019aggravation<\/li>\n<li>Apprentissage pratique des gestes et postures d\u2019\u00e9conomie gestuelle dans les ateliers de la vie quotidienne (activit\u00e9s matinales, voiture, m\u00e9nage, jardinage \u2026)<\/li>\n<li>Automatisation par l\u2019entra\u00eenement<\/li>\n<li>Gestion des crises douloureuses et du traitement m\u00e9dicamenteux<\/li>\n<li>Anticipations&#8230;<\/li>\n<li>\u00c9valuation sociale et psychologique<\/li>\n<\/ul>\n<p>L\u2019autonomisation du patient est progressive et respectueuse de son projet, des capacit\u00e9s et de l\u2019environnement de la personne.<\/p>\n<p>L\u2019\u00e9ducation est d\u00e9livr\u00e9e de fa\u00e7on individuelle ou en groupe, parall\u00e8lement au programme de r\u00e9\u00e9ducation et de r\u00e9adaptation multi-disciplinaire.<\/p>\n<p>&nbsp;<\/p>\n<h2>Diab\u00e8te &#8211; Ob\u00e9sit\u00e9<\/h2>\n<p><a href=\"https:\/\/hopital-novo.fr\/ghi-vexin\/\/wp-content\/uploads\/2019\/11\/Plaquette-ETP-Diab\u00e9to-Hyper-Co351.pdf\" target=\"_blank\" rel=\"noopener noreferrer\">Plaquette de pr\u00e9sentation de l&rsquo;ETP diab\u00e8te-ob\u00e9sit\u00e9 (Hyperglyc\u00e9mie)<\/a><\/p>\n<p><a href=\"https:\/\/hopital-novo.fr\/ghi-vexin\/\/wp-content\/uploads\/2019\/11\/Plaquette-ETP-Diab\u00e9to-Hypo-Co349.pdf\" target=\"_blank\" rel=\"noopener noreferrer\">Plaquette de pr\u00e9sentation de l&rsquo;ETP diab\u00e8te-ob\u00e9sit\u00e9 (Hypoglyc\u00e9mie)<\/a><\/p>\n<p>&nbsp;<\/p>\n<h2>\u00c9ducation th\u00e9rapeutique de l&rsquo;amput\u00e9<\/h2>\n<p>Ce programme, mis en place sur le site d&rsquo;Aincourt, s&rsquo;adresse aux patients amput\u00e9s du membre inf\u00e9rieur. Il propose une prise en charge pluridisciplinaire ayant pour but la <strong>r\u00e9athl\u00e9tisation et le retour \u00e0 l\u2019autonomie du patient<\/strong> gr\u00e2ce \u00e0 l\u2019appareillage personnalis\u00e9 et les mises en situation \u00e0 travers diff\u00e9rents ateliers \u00e9ducatifs.<\/p>\n<p><strong>L\u2019\u00e9quipe\u00a0:<\/strong><\/p>\n<ul>\n<li>Kin\u00e9sith\u00e9rapeute<\/li>\n<li>Enseignant en activit\u00e9 physique adapt\u00e9e<\/li>\n<li>Ergoth\u00e9rapeute<\/li>\n<li>Infirmi\u00e8re<\/li>\n<li>Aide-soignante<\/li>\n<li>M\u00e9decin<\/li>\n<li>Psychomotricienne<\/li>\n<li>Psychologue<\/li>\n<li>Di\u00e9t\u00e9ticienne<\/li>\n<li>Assistante sociale<\/li>\n<li>Proth\u00e9siste<\/li>\n<li style=\"list-style-type: none;\"><\/li>\n<\/ul>\n<p>&nbsp;<\/p>\n<p><strong>Les ateliers \u00e9ducatifs\u00a0:<\/strong><\/p>\n<table style=\"border-collapse: collapse; width: 100%; height: 24px;\">\n<tbody>\n<tr style=\"height: 24px;\">\n<td style=\"width: 33.3333%; height: 24px;\"><div style=\"width: 192px;\" class=\"wp-video\"><!--[if lt IE 9]><script>document.createElement('video');<\/script><![endif]-->\n<video class=\"wp-video-shortcode\" id=\"video-744-1\" width=\"192\" height=\"108\" preload=\"metadata\" controls=\"controls\"><source type=\"video\/mp4\" src=\"https:\/\/hopital-novo.fr\/ghi-vexin\/wp-content\/uploads\/2021\/03\/natation-1.mp4?_=1\" \/><a href=\"https:\/\/hopital-novo.fr\/ghi-vexin\/wp-content\/uploads\/2021\/03\/natation-1.mp4\">https:\/\/hopital-novo.fr\/ghi-vexin\/wp-content\/uploads\/2021\/03\/natation-1.mp4<\/a><\/video><\/div>\n<p>S\u00e9ance de natation avec essai de palme<\/td>\n<td style=\"width: 33.3333%; height: 24px;\"><div style=\"width: 192px;\" class=\"wp-video\"><video class=\"wp-video-shortcode\" id=\"video-744-2\" width=\"192\" height=\"108\" preload=\"metadata\" controls=\"controls\"><source type=\"video\/mp4\" src=\"https:\/\/hopital-novo.fr\/ghi-vexin\/wp-content\/uploads\/2021\/03\/elliptique-1.mp4?_=2\" \/><a href=\"https:\/\/hopital-novo.fr\/ghi-vexin\/wp-content\/uploads\/2021\/03\/elliptique-1.mp4\">https:\/\/hopital-novo.fr\/ghi-vexin\/wp-content\/uploads\/2021\/03\/elliptique-1.mp4<\/a><\/video><\/div>\n<p>Travail de l\u2019endurance en salle d\u2019APA<\/td>\n<td style=\"width: 33.3333%; height: 24px;\"><div style=\"width: 192px;\" class=\"wp-video\"><video class=\"wp-video-shortcode\" id=\"video-744-3\" width=\"192\" height=\"108\" preload=\"metadata\" controls=\"controls\"><source type=\"video\/mp4\" src=\"https:\/\/hopital-novo.fr\/ghi-vexin\/wp-content\/uploads\/2021\/03\/Descente-escaliers-9sec-1.mp4?_=3\" \/><a href=\"https:\/\/hopital-novo.fr\/ghi-vexin\/wp-content\/uploads\/2021\/03\/Descente-escaliers-9sec-1.mp4\">https:\/\/hopital-novo.fr\/ghi-vexin\/wp-content\/uploads\/2021\/03\/Descente-escaliers-9sec-1.mp4<\/a><\/video><\/div>\n<p>Apprentissage des escaliers en s\u00e9ance de kin\u00e9<\/td>\n<\/tr>\n<\/tbody>\n<\/table>\n<table style=\"border-collapse: collapse; width: 100%; height: 24px;\">\n<tbody>\n<tr style=\"height: 24px;\">\n<td style=\"width: 33.3333%; height: 24px;\">\n<div id=\"attachment_1131\" style=\"width: 235px\" class=\"wp-caption alignnone\"><img loading=\"lazy\" decoding=\"async\" aria-describedby=\"caption-attachment-1131\" class=\"wp-image-1131 size-medium\" src=\"https:\/\/hopital-novo.fr\/ghi-vexin\/wp-content\/uploads\/2021\/03\/jardin-thierry-225x300.jpg\" alt=\"\" width=\"225\" height=\"300\" srcset=\"https:\/\/hopital-novo.fr\/ghi-vexin\/wp-content\/uploads\/2021\/03\/jardin-thierry-225x300.jpg 225w, https:\/\/hopital-novo.fr\/ghi-vexin\/wp-content\/uploads\/2021\/03\/jardin-thierry-768x1024.jpg 768w, https:\/\/hopital-novo.fr\/ghi-vexin\/wp-content\/uploads\/2021\/03\/jardin-thierry-1152x1536.jpg 1152w, https:\/\/hopital-novo.fr\/ghi-vexin\/wp-content\/uploads\/2021\/03\/jardin-thierry.jpg 1200w\" sizes=\"auto, (max-width: 225px) 100vw, 225px\" \/><p id=\"caption-attachment-1131\" class=\"wp-caption-text\">Atelier jardinage en s\u00e9ance d\u2019ergoth\u00e9rapie<\/p><\/div>\n<p>&nbsp;<\/td>\n<td style=\"width: 33.3333%; height: 24px; text-align: center;\">\n<div id=\"attachment_1133\" style=\"width: 310px\" class=\"wp-caption aligncenter\"><img loading=\"lazy\" decoding=\"async\" aria-describedby=\"caption-attachment-1133\" class=\"wp-image-1133 size-medium\" src=\"https:\/\/hopital-novo.fr\/ghi-vexin\/wp-content\/uploads\/2021\/03\/jeux-300x225.png\" alt=\"\" width=\"300\" height=\"225\" srcset=\"https:\/\/hopital-novo.fr\/ghi-vexin\/wp-content\/uploads\/2021\/03\/jeux-300x225.png 300w, https:\/\/hopital-novo.fr\/ghi-vexin\/wp-content\/uploads\/2021\/03\/jeux-1024x768.png 1024w, https:\/\/hopital-novo.fr\/ghi-vexin\/wp-content\/uploads\/2021\/03\/jeux-768x576.png 768w, https:\/\/hopital-novo.fr\/ghi-vexin\/wp-content\/uploads\/2021\/03\/jeux-1536x1152.png 1536w, https:\/\/hopital-novo.fr\/ghi-vexin\/wp-content\/uploads\/2021\/03\/jeux.png 1600w\" sizes=\"auto, (max-width: 300px) 100vw, 300px\" \/><p id=\"caption-attachment-1133\" class=\"wp-caption-text\">S\u00e9ance de jeux \u00ab R\u00e9adaptator \u00bb qui aborde diff\u00e9rents th\u00e8mes autour de l\u2019appareillage et la vie avec la proth\u00e8se.<\/p><\/div>\n<p>&nbsp;<\/p>\n<p>&nbsp;<\/td>\n<td style=\"width: 33.3333%; height: 24px;\">\n<div id=\"attachment_1136\" style=\"width: 235px\" class=\"wp-caption alignright\"><img loading=\"lazy\" decoding=\"async\" aria-describedby=\"caption-attachment-1136\" class=\"wp-image-1136 size-medium\" src=\"https:\/\/hopital-novo.fr\/ghi-vexin\/wp-content\/uploads\/2021\/03\/miroir-2-225x300.jpg\" alt=\"\" width=\"225\" height=\"300\" srcset=\"https:\/\/hopital-novo.fr\/ghi-vexin\/wp-content\/uploads\/2021\/03\/miroir-2-225x300.jpg 225w, https:\/\/hopital-novo.fr\/ghi-vexin\/wp-content\/uploads\/2021\/03\/miroir-2-768x1024.jpg 768w, https:\/\/hopital-novo.fr\/ghi-vexin\/wp-content\/uploads\/2021\/03\/miroir-2-1152x1536.jpg 1152w, https:\/\/hopital-novo.fr\/ghi-vexin\/wp-content\/uploads\/2021\/03\/miroir-2.jpg 1200w\" sizes=\"auto, (max-width: 225px) 100vw, 225px\" \/><p id=\"caption-attachment-1136\" class=\"wp-caption-text\">\u00ab\u00a0Miroir et sensibilit\u00e9\u00a0\u00bb, espace am\u00e9nag\u00e9 pour les patients amput\u00e9s en salle de kin\u00e9sith\u00e9rapie<\/p><\/div>\n<p>&nbsp;<\/td>\n<\/tr>\n<\/tbody>\n<\/table>\n<table style=\"border-collapse: collapse; width: 100%; height: 24px;\">\n<tbody>\n<tr style=\"height: 24px;\">\n<td style=\"width: 33.3333%; height: 24px;\"><div style=\"width: 192px;\" class=\"wp-video\"><video class=\"wp-video-shortcode\" id=\"video-744-4\" width=\"192\" height=\"108\" preload=\"metadata\" controls=\"controls\"><source type=\"video\/mp4\" src=\"https:\/\/hopital-novo.fr\/ghi-vexin\/wp-content\/uploads\/2021\/03\/marche-1.mp4?_=4\" \/><a href=\"https:\/\/hopital-novo.fr\/ghi-vexin\/wp-content\/uploads\/2021\/03\/marche-1.mp4\">https:\/\/hopital-novo.fr\/ghi-vexin\/wp-content\/uploads\/2021\/03\/marche-1.mp4<\/a><\/video><\/div>\n<p>Marche nordique dans le jardin<br \/>\njaponais du site encadr\u00e9 par les<br \/>\nenseignants en activit\u00e9s<br \/>\nphysiques adapt\u00e9es<\/td>\n<td style=\"width: 33.3333%; height: 24px;\"><div style=\"width: 192px;\" class=\"wp-video\"><video class=\"wp-video-shortcode\" id=\"video-744-5\" width=\"192\" height=\"108\" preload=\"metadata\" controls=\"controls\"><source type=\"video\/mp4\" src=\"https:\/\/hopital-novo.fr\/ghi-vexin\/wp-content\/uploads\/2021\/03\/badminton-1.mp4?_=5\" \/><a href=\"https:\/\/hopital-novo.fr\/ghi-vexin\/wp-content\/uploads\/2021\/03\/badminton-1.mp4\">https:\/\/hopital-novo.fr\/ghi-vexin\/wp-content\/uploads\/2021\/03\/badminton-1.mp4<\/a><\/video><\/div>\n<p>Match de Badminton en salle<br \/>\nd\u2019activit\u00e9 physique<\/p>\n<p>&nbsp;<\/td>\n<td style=\"width: 33.3333%; height: 24px;\">\n<div id=\"attachment_1126\" style=\"width: 235px\" class=\"wp-caption alignright\"><img loading=\"lazy\" decoding=\"async\" aria-describedby=\"caption-attachment-1126\" class=\"wp-image-1126 size-medium\" src=\"https:\/\/hopital-novo.fr\/ghi-vexin\/wp-content\/uploads\/2021\/03\/2-225x300.png\" alt=\"\" width=\"225\" height=\"300\" srcset=\"https:\/\/hopital-novo.fr\/ghi-vexin\/wp-content\/uploads\/2021\/03\/2-225x300.png 225w, https:\/\/hopital-novo.fr\/ghi-vexin\/wp-content\/uploads\/2021\/03\/2-768x1024.png 768w, https:\/\/hopital-novo.fr\/ghi-vexin\/wp-content\/uploads\/2021\/03\/2.png 960w\" sizes=\"auto, (max-width: 225px) 100vw, 225px\" \/><p id=\"caption-attachment-1126\" class=\"wp-caption-text\">Moulage en salle d\u2019appareillage par notre proth\u00e9siste<\/p><\/div>\n<p>&nbsp;<\/p>\n<p>&nbsp;<\/p>\n<p>&nbsp;<\/p>\n<p>&nbsp;<\/p>\n<p>&nbsp;<\/p>\n<p>&nbsp;<\/p>\n<p>&nbsp;<\/p>\n<p>&nbsp;<\/p>\n<p>&nbsp;<\/p>\n<p>&nbsp;<\/p>\n<p>&nbsp;<\/td>\n<\/tr>\n<\/tbody>\n<\/table>\n<p>&nbsp;<\/p>\n<p>&nbsp;<\/p>\n","protected":false},"excerpt":{"rendered":"<p>Avec l\u2019introduction de l\u2019\u00e9ducation th\u00e9rapeutique dans la loi HPST de 2009, une d\u00e9marche d\u2019\u00e9ducation th\u00e9rapeutique est d\u00e9ploy\u00e9e sur l&rsquo;H\u00f4pital NOVO &#8211; Site d&rsquo;Aincourt A ce jour 5 programmes (ayant re\u00e7u l\u2019autorisation de\u00a0 l\u2019ARS \u00cele-de-France) sont mis en \u0153uvre au sein de l\u2019\u00e9tablissement\u00a0: Diab\u00e8te et ob\u00e9sit\u00e9 (depuis 2010) BPCO &#8211; Bronchopneumopathie chronique obstructive (depuis 2010) Lombalgie [&hellip;]<\/p>\n","protected":false},"author":4,"featured_media":0,"parent":582,"menu_order":0,"comment_status":"closed","ping_status":"closed","template":"","meta":{"_acf_changed":false,"footnotes":"","_links_to":"","_links_to_target":""},"class_list":["post-744","page","type-page","status-publish","hentry"],"acf":[],"_links":{"self":[{"href":"https:\/\/hopital-novo.fr\/ghi-vexin\/wp-json\/wp\/v2\/pages\/744","targetHints":{"allow":["GET"]}}],"collection":[{"href":"https:\/\/hopital-novo.fr\/ghi-vexin\/wp-json\/wp\/v2\/pages"}],"about":[{"href":"https:\/\/hopital-novo.fr\/ghi-vexin\/wp-json\/wp\/v2\/types\/page"}],"author":[{"embeddable":true,"href":"https:\/\/hopital-novo.fr\/ghi-vexin\/wp-json\/wp\/v2\/users\/4"}],"replies":[{"embeddable":true,"href":"https:\/\/hopital-novo.fr\/ghi-vexin\/wp-json\/wp\/v2\/comments?post=744"}],"version-history":[{"count":11,"href":"https:\/\/hopital-novo.fr\/ghi-vexin\/wp-json\/wp\/v2\/pages\/744\/revisions"}],"predecessor-version":[{"id":2209,"href":"https:\/\/hopital-novo.fr\/ghi-vexin\/wp-json\/wp\/v2\/pages\/744\/revisions\/2209"}],"up":[{"embeddable":true,"href":"https:\/\/hopital-novo.fr\/ghi-vexin\/wp-json\/wp\/v2\/pages\/582"}],"wp:attachment":[{"href":"https:\/\/hopital-novo.fr\/ghi-vexin\/wp-json\/wp\/v2\/media?parent=744"}],"curies":[{"name":"wp","href":"https:\/\/api.w.org\/{rel}","templated":true}]}}