{"id":601,"date":"2019-05-16T11:10:07","date_gmt":"2019-05-16T09:10:07","guid":{"rendered":"https:\/\/www.ght-novo.fr\/ghi-vexin\/\/?page_id=601"},"modified":"2024-10-09T14:42:23","modified_gmt":"2024-10-09T12:42:23","slug":"ssiad","status":"publish","type":"page","link":"https:\/\/hopital-novo.fr\/ghi-vexin\/services-medicaux-sociaux\/ssiad\/","title":{"rendered":"SSIAD"},"content":{"rendered":"<h2>Site de Magny-en-Vexin<\/h2>\n<div>Le Service de Soins Infirmiers \u00c0 Domicile (SSIAD) <b>du site de Magny-en-Vexin<\/b><\/div>\n<div>\n<p><strong>Horaires d\u2019intervention 7 jours sur 7 :<\/strong><br \/>\n7h00-14h30<br \/>\n16h30-18h30<\/p>\n<p><strong>M\u00e9decin r\u00e9f\u00e9rent coordinateur :<\/strong><br \/>\nDr Amara Djelloul<br \/>\n<a href=\"djelloul.amara@ght-novo.fr\" target=\"_blank\" rel=\"noopener\">Email\u00a0<\/a><\/p>\n<\/div>\n<div>\n<div><strong>Cadre de sant\u00e9\u00a0:<\/strong><\/div>\n<div>Florence CORDARO : 01 34 30 52 45 (r\u00e9pondeur lu tous les jours)<br \/>\n<a href=\"mailto:ssiad@ght-novo.fr\" target=\"_blank\" rel=\"noopener noreferrer\">Email<\/a><\/div>\n<div><\/div>\n<div>L&rsquo;H\u00f4pital NOVO permet au SSIAD d\u2019avoir les outils n\u00e9cessaires au bon fonctionnement du service, au personnel de suivre des formations, de r\u00e9actualiser ses connaissances, de b\u00e9n\u00e9ficier d\u2019un soutien et d\u2019un suivi, de r\u00e9aliser des projets.<\/div>\n<\/div>\n<h2>Qu\u2019est-ce que le SSIAD ?<\/h2>\n<div>Le SSIAD permet le maintien \u00e0 domicile des personnes \u00e2g\u00e9es dont l\u2019\u00e9tat de sant\u00e9 n\u00e9cessite de fa\u00e7on temporaire ou d\u00e9finitive des soins que la famille ou les proches ne peuvent assumer seuls. Il \u00e9vite ou retarde l\u2019admission en institution. Il permet de conserver les liens avec l\u2019entourage et le voisinage.<br \/>\nLes aides-soignantes du SSIAD interviennent pour les soins d\u2019hygi\u00e8ne et de nursing (toilette, habillage, mise au fauteuil) et la pr\u00e9paration du traitement m\u00e9dicamenteux habituel par voie orale. Leur formation leur permet d\u2019\u00eatre \u00e0 l\u2019\u00e9coute de la personne \u00e2g\u00e9e, de la soutenir et d\u2019informer r\u00e9guli\u00e8rement le cadre coordonnateur de son \u00e9tat de sant\u00e9.<\/div>\n<div>Le m\u00e9decin traitant poursuit la prise en charge m\u00e9dicale. Les soins infirmiers sont prodigu\u00e9s par des infirmi\u00e8res ou des cabinets lib\u00e9raux ayant sign\u00e9 une convention aupr\u00e8s l&rsquo;H\u00f4pital NOVO.<\/div>\n<div>Le SSIAD coop\u00e8re avec l\u2019ensemble des intervenants. Ce peut \u00eatre une \u00e9valuation avec le m\u00e9decin traitant et l\u2019infirmi\u00e8re lib\u00e9rale sur l\u2019\u00e9volution d\u2019un probl\u00e8me de sant\u00e9 et\/ou une r\u00e9organisation avec la responsable de l\u2019aide-m\u00e9nag\u00e8re des horaires de passage suite \u00e0 une aggravation de la perte d\u2019autonomie. Des r\u00e9unions de coordination peuvent \u00eatre organis\u00e9es entre les diff\u00e9rents intervenants.<\/div>\n<div>La prise en charge par le SSIAD permet d\u2019envisager des am\u00e9liorations techniques (t\u00e9l\u00e9-alarme, lit, l\u00e8ve-malade, fauteuil&#8230;) et\/ou administratives et financi\u00e8res (augmentation des heures des aides m\u00e9nag\u00e8res, dossier APA).<\/div>\n<h3>Le SSIAD c\u2019est aussi :<\/h3>\n<ul>\n<li>29 places<\/li>\n<li>interventions sur 365 jours<\/li>\n<li>1 \u00e0 2 passages par jour<\/li>\n<li>des aides-soignantes dipl\u00f4m\u00e9es<\/li>\n<li>1 cadre de sant\u00e9 coordonnateur<\/li>\n<li>1 secr\u00e9taire<\/li>\n<\/ul>\n<h2>Les conditions d\u2019admission<\/h2>\n<ul>\n<li>avoir plus de 60 ans<\/li>\n<li>avoir une prescription du m\u00e9decin<\/li>\n<li>habiter le canton de Magny-en-Vexin<\/li>\n<\/ul>\n<div><a href=\"https:\/\/hopital-novo.fr\/ghi-vexin\/wp-content\/uploads\/2024\/01\/D9492-livret-A5-SSIAD-HD.pdf\" target=\"_blank\" rel=\"noopener\">T\u00e9l\u00e9charger la plaquette d\u2019information<\/a><\/div>\n","protected":false},"excerpt":{"rendered":"<p>Site de Magny-en-Vexin Le Service de Soins Infirmiers \u00c0 Domicile (SSIAD) du site de Magny-en-Vexin Horaires d\u2019intervention 7 jours sur 7 : 7h00-14h30 16h30-18h30 M\u00e9decin r\u00e9f\u00e9rent coordinateur : Dr Amara Djelloul Email\u00a0 Cadre de sant\u00e9\u00a0: Florence CORDARO : 01 34 30 52 45 (r\u00e9pondeur lu tous les jours) Email L&rsquo;H\u00f4pital NOVO permet au SSIAD d\u2019avoir [&hellip;]<\/p>\n","protected":false},"author":1,"featured_media":0,"parent":583,"menu_order":0,"comment_status":"closed","ping_status":"closed","template":"","meta":{"_acf_changed":false,"footnotes":"","_links_to":"","_links_to_target":""},"class_list":["post-601","page","type-page","status-publish","hentry"],"acf":[],"_links":{"self":[{"href":"https:\/\/hopital-novo.fr\/ghi-vexin\/wp-json\/wp\/v2\/pages\/601","targetHints":{"allow":["GET"]}}],"collection":[{"href":"https:\/\/hopital-novo.fr\/ghi-vexin\/wp-json\/wp\/v2\/pages"}],"about":[{"href":"https:\/\/hopital-novo.fr\/ghi-vexin\/wp-json\/wp\/v2\/types\/page"}],"author":[{"embeddable":true,"href":"https:\/\/hopital-novo.fr\/ghi-vexin\/wp-json\/wp\/v2\/users\/1"}],"replies":[{"embeddable":true,"href":"https:\/\/hopital-novo.fr\/ghi-vexin\/wp-json\/wp\/v2\/comments?post=601"}],"version-history":[{"count":6,"href":"https:\/\/hopital-novo.fr\/ghi-vexin\/wp-json\/wp\/v2\/pages\/601\/revisions"}],"predecessor-version":[{"id":2092,"href":"https:\/\/hopital-novo.fr\/ghi-vexin\/wp-json\/wp\/v2\/pages\/601\/revisions\/2092"}],"up":[{"embeddable":true,"href":"https:\/\/hopital-novo.fr\/ghi-vexin\/wp-json\/wp\/v2\/pages\/583"}],"wp:attachment":[{"href":"https:\/\/hopital-novo.fr\/ghi-vexin\/wp-json\/wp\/v2\/media?parent=601"}],"curies":[{"name":"wp","href":"https:\/\/api.w.org\/{rel}","templated":true}]}}