{"id":286,"date":"2019-04-24T10:38:25","date_gmt":"2019-04-24T08:38:25","guid":{"rendered":"https:\/\/www.ght-novo.fr\/ghi-vexin\/\/?page_id=286"},"modified":"2019-05-15T17:52:12","modified_gmt":"2019-05-15T15:52:12","slug":"marches-publics","status":"publish","type":"page","link":"https:\/\/hopital-novo.fr\/ghi-vexin\/marches-publics\/","title":{"rendered":"March\u00e9s publics"},"content":{"rendered":"<p><span class=\"Normal-C1\">March\u00e9s \u00e0 proc\u00e9dure adapt\u00e9e (MAPA)<\/p>\n<p><\/span><span class=\"Normal-C2\"><a href=\"https:\/\/www.achat-hopital.com\/xmarches\/okmarche\/page\/listingPortailappli.do?status=1&amp;idtypeprocedure=2&amp;idcollectivite=755&amp;idobjetprocedure=\" target=\"_blank\" rel=\"noopener noreferrer\">Avis de march\u00e9s<\/p>\n<p><\/a><\/span><span class=\"Normal-C1\">March\u00e9s conclus en :<br \/>\n<\/span><span class=\"Normal-C2\"><a href=\"https:\/\/hopital-novo.fr\/ghi-vexin\/\/wp-content\/uploads\/2019\/04\/marches-2017-2.pdf\">2017<\/a> <a href=\"https:\/\/hopital-novo.fr\/ghi-vexin\/\/wp-content\/uploads\/2019\/04\/LISTE-MARCHES-2016.pdf\">2016<\/a> <a href=\"https:\/\/hopital-novo.fr\/ghi-vexin\/\/wp-content\/uploads\/2019\/04\/LISTE-MARCHES-2015.pdf\">2015<\/a> <a href=\"https:\/\/hopital-novo.fr\/ghi-vexin\/\/wp-content\/uploads\/2019\/04\/LISTE-MARCHES-2014.pdf\">2014<\/a> <a href=\"https:\/\/hopital-novo.fr\/ghi-vexin\/\/wp-content\/uploads\/2019\/04\/marches-2013.pdf\">2013<\/a> <a href=\"https:\/\/hopital-novo.fr\/ghi-vexin\/\/wp-content\/uploads\/2019\/04\/marches-2012.pdf\">2012<\/a> 2011 <a href=\"https:\/\/hopital-novo.fr\/ghi-vexin\/\/wp-content\/uploads\/2019\/04\/MARCHE2010.pdf\">2010<\/a><\/span><span class=\"Normal-C1\"><\/p>\n<p>Appels d&rsquo;offres et autres proc\u00e9dures hors MAPA<\/span><span class=\"Normal-C2\"><br \/>\n<a href=\"https:\/\/www.achat-hopital.com\/xmarches\/okmarche\/page\/listingPortailappli.do?status=1&amp;idtypeprocedure=0&amp;idcollectivite=755&amp;idobjetprocedure=\" target=\"_blank\" rel=\"noopener noreferrer\">Acc\u00e8s plateforme d\u00e9mat\u00e9rialis\u00e9e<\/a><\/span><\/p>\n","protected":false},"excerpt":{"rendered":"<p>March\u00e9s \u00e0 proc\u00e9dure adapt\u00e9e (MAPA) Avis de march\u00e9s March\u00e9s conclus en : 2017 2016 2015 2014 2013 2012 2011 2010 Appels d&rsquo;offres et autres proc\u00e9dures hors MAPA Acc\u00e8s plateforme d\u00e9mat\u00e9rialis\u00e9e<\/p>\n","protected":false},"author":1,"featured_media":0,"parent":0,"menu_order":99,"comment_status":"closed","ping_status":"closed","template":"","meta":{"_acf_changed":false,"footnotes":"","_links_to":"","_links_to_target":""},"class_list":["post-286","page","type-page","status-publish","hentry"],"acf":[],"_links":{"self":[{"href":"https:\/\/hopital-novo.fr\/ghi-vexin\/wp-json\/wp\/v2\/pages\/286","targetHints":{"allow":["GET"]}}],"collection":[{"href":"https:\/\/hopital-novo.fr\/ghi-vexin\/wp-json\/wp\/v2\/pages"}],"about":[{"href":"https:\/\/hopital-novo.fr\/ghi-vexin\/wp-json\/wp\/v2\/types\/page"}],"author":[{"embeddable":true,"href":"https:\/\/hopital-novo.fr\/ghi-vexin\/wp-json\/wp\/v2\/users\/1"}],"replies":[{"embeddable":true,"href":"https:\/\/hopital-novo.fr\/ghi-vexin\/wp-json\/wp\/v2\/comments?post=286"}],"version-history":[{"count":0,"href":"https:\/\/hopital-novo.fr\/ghi-vexin\/wp-json\/wp\/v2\/pages\/286\/revisions"}],"wp:attachment":[{"href":"https:\/\/hopital-novo.fr\/ghi-vexin\/wp-json\/wp\/v2\/media?parent=286"}],"curies":[{"name":"wp","href":"https:\/\/api.w.org\/{rel}","templated":true}]}}