{"id":280,"date":"2019-04-24T10:18:10","date_gmt":"2019-04-24T08:18:10","guid":{"rendered":"https:\/\/www.ght-novo.fr\/ghi-vexin\/\/?page_id=280"},"modified":"2023-01-03T17:19:35","modified_gmt":"2023-01-03T16:19:35","slug":"candidatures-spontanees","status":"publish","type":"page","link":"https:\/\/hopital-novo.fr\/ghi-vexin\/offres\/candidatures-spontanees\/","title":{"rendered":"Candidatures spontan\u00e9es"},"content":{"rendered":"<h4><strong>Vous souhaitez nous adresser votre candidature spontan\u00e9e ? Ecrivez-nous.<br \/>\n<\/strong><\/h4>\n<ul>\n<li>soit par mail \u00e0 : <a href=\"mailto:emploi.chrd@ght-novo.fr\">emploi.chrd@ght-novo.fr<\/a> <strong>en pr\u00e9cisant imp\u00e9rativement en objet du mail, le type d\u2019emploi souhait\u00e9. Merci de joindre CV et lettre de motivation au format pdf.<br \/>\n<\/strong><\/li>\n<\/ul>\n<ul>\n<li>\u00a0soit par courrier \u00e0 l\u2019adresse suivante : H\u00f4pital NOVO \u2013 Bureau recruteur Direction des Ressources Humaines \u2013 CS 90079 -95303 Cergy-Pontoise C\u00e9dex<\/li>\n<\/ul>\n","protected":false},"excerpt":{"rendered":"<p>Vous souhaitez nous adresser votre candidature spontan\u00e9e ? Ecrivez-nous. soit par mail \u00e0 : emploi.chrd@ght-novo.fr en pr\u00e9cisant imp\u00e9rativement en objet du mail, le type d\u2019emploi souhait\u00e9. Merci de joindre CV et lettre de motivation au format pdf. \u00a0soit par courrier \u00e0 l\u2019adresse suivante : H\u00f4pital NOVO \u2013 Bureau recruteur Direction des Ressources Humaines \u2013 CS [&hellip;]<\/p>\n","protected":false},"author":1,"featured_media":0,"parent":586,"menu_order":0,"comment_status":"closed","ping_status":"closed","template":"","meta":{"_acf_changed":false,"footnotes":"","_links_to":"","_links_to_target":""},"class_list":["post-280","page","type-page","status-publish","hentry"],"acf":[],"_links":{"self":[{"href":"https:\/\/hopital-novo.fr\/ghi-vexin\/wp-json\/wp\/v2\/pages\/280","targetHints":{"allow":["GET"]}}],"collection":[{"href":"https:\/\/hopital-novo.fr\/ghi-vexin\/wp-json\/wp\/v2\/pages"}],"about":[{"href":"https:\/\/hopital-novo.fr\/ghi-vexin\/wp-json\/wp\/v2\/types\/page"}],"author":[{"embeddable":true,"href":"https:\/\/hopital-novo.fr\/ghi-vexin\/wp-json\/wp\/v2\/users\/1"}],"replies":[{"embeddable":true,"href":"https:\/\/hopital-novo.fr\/ghi-vexin\/wp-json\/wp\/v2\/comments?post=280"}],"version-history":[{"count":4,"href":"https:\/\/hopital-novo.fr\/ghi-vexin\/wp-json\/wp\/v2\/pages\/280\/revisions"}],"predecessor-version":[{"id":1638,"href":"https:\/\/hopital-novo.fr\/ghi-vexin\/wp-json\/wp\/v2\/pages\/280\/revisions\/1638"}],"up":[{"embeddable":true,"href":"https:\/\/hopital-novo.fr\/ghi-vexin\/wp-json\/wp\/v2\/pages\/586"}],"wp:attachment":[{"href":"https:\/\/hopital-novo.fr\/ghi-vexin\/wp-json\/wp\/v2\/media?parent=280"}],"curies":[{"name":"wp","href":"https:\/\/api.w.org\/{rel}","templated":true}]}}