{"id":278,"date":"2019-04-24T10:13:02","date_gmt":"2019-04-24T08:13:02","guid":{"rendered":"https:\/\/www.ght-novo.fr\/ghi-vexin\/\/?page_id=278"},"modified":"2024-02-05T17:26:18","modified_gmt":"2024-02-05T16:26:18","slug":"mentions-legales","status":"publish","type":"page","link":"https:\/\/hopital-novo.fr\/ghi-vexin\/mentions-legales\/","title":{"rendered":"Mentions l\u00e9gales"},"content":{"rendered":"<p>Directeur de la publication : Directeur de l&rsquo;H\u00f4pital NOVO<\/p>\n<p>Webmaster : Direction de la communication de l&rsquo;H\u00f4pital NOVO<\/p>\n<p>Outil : Web Studio+<\/p>\n<h2>H\u00e9bergeur :<\/h2>\n<p>OVH<br \/>\nRCS Roubaix \u2013 Tourcoing 424 761 419 00045<br \/>\nSi\u00e8ge social : 2 rue Kellermann \u2013 59100 Roubaix \u2013 France.<br \/>\n<a href=\"http:\/\/www.ovh.com\" target=\"_blank\" rel=\"noopener noreferrer\">www.ovh.com<\/a><\/p>\n<h2>Adresse de l&rsquo;\u00e9diteur :<\/h2>\n<p>H\u00f4pital NOVO<br \/>\n6 Avenue de l\u2019\u00cele de France \u2013 CS 90079 Pontoise \u2013 95303 Cergy-Pontoise<br \/>\nT\u00e9l\u00e9phone : 01 34 79 44 44<br \/>\nFINESS juridique : 95 001 528 9<br \/>\nSIREN GHIV : 200026888<br \/>\nSIRET si\u00e8ge : 20002688800012<\/p>\n<p>pictos agenda et ordinateur r\u00e9alis\u00e9s par <a title=\"Freepik\" href=\"https:\/\/www.freepik.com\/\">Freepik<\/a> de <a title=\"Flaticon\" href=\"https:\/\/www.flaticon.com\/\">www.flaticon.com<\/a> (licence : <a title=\"Creative Commons BY 3.0\" href=\"http:\/\/creativecommons.org\/licenses\/by\/3.0\/\" target=\"_blank\" rel=\"noopener noreferrer\">CC 3.0 BY<\/a>)<\/p>\n<h2>Liens hypertexte<\/h2>\n<p>L&rsquo;H\u00f4pital NOVO ne contr\u00f4le pas les sites en connexion avec le sien, et ne saurait donc \u00eatre responsable de leur contenu. Les risques li\u00e9s \u00e0 l&rsquo;utilisation de ces sites incombent pleinement \u00e0 l&rsquo;utilisateur. Il se conformera \u00e0 leurs conditions d&rsquo;utilisation. Si vous constatez une anomalie, merci de bien vouloir nous la signaler en envoyant un message \u00e0 l\u2019adresse mail communication@ght-novo.fr<\/p>\n<p>&nbsp;<\/p>\n[matomo_opt_out]\n","protected":false},"excerpt":{"rendered":"<p>Directeur de la publication : Directeur de l&rsquo;H\u00f4pital NOVO Webmaster : Direction de la communication de l&rsquo;H\u00f4pital NOVO Outil : Web Studio+ H\u00e9bergeur : OVH RCS Roubaix \u2013 Tourcoing 424 761 419 00045 Si\u00e8ge social : 2 rue Kellermann \u2013 59100 Roubaix \u2013 France. www.ovh.com Adresse de l&rsquo;\u00e9diteur : H\u00f4pital NOVO 6 Avenue de l\u2019\u00cele [&hellip;]<\/p>\n","protected":false},"author":1,"featured_media":0,"parent":0,"menu_order":99,"comment_status":"closed","ping_status":"closed","template":"","meta":{"_acf_changed":false,"footnotes":"","_links_to":"","_links_to_target":""},"class_list":["post-278","page","type-page","status-publish","hentry"],"acf":[],"_links":{"self":[{"href":"https:\/\/hopital-novo.fr\/ghi-vexin\/wp-json\/wp\/v2\/pages\/278","targetHints":{"allow":["GET"]}}],"collection":[{"href":"https:\/\/hopital-novo.fr\/ghi-vexin\/wp-json\/wp\/v2\/pages"}],"about":[{"href":"https:\/\/hopital-novo.fr\/ghi-vexin\/wp-json\/wp\/v2\/types\/page"}],"author":[{"embeddable":true,"href":"https:\/\/hopital-novo.fr\/ghi-vexin\/wp-json\/wp\/v2\/users\/1"}],"replies":[{"embeddable":true,"href":"https:\/\/hopital-novo.fr\/ghi-vexin\/wp-json\/wp\/v2\/comments?post=278"}],"version-history":[{"count":11,"href":"https:\/\/hopital-novo.fr\/ghi-vexin\/wp-json\/wp\/v2\/pages\/278\/revisions"}],"predecessor-version":[{"id":1919,"href":"https:\/\/hopital-novo.fr\/ghi-vexin\/wp-json\/wp\/v2\/pages\/278\/revisions\/1919"}],"wp:attachment":[{"href":"https:\/\/hopital-novo.fr\/ghi-vexin\/wp-json\/wp\/v2\/media?parent=278"}],"curies":[{"name":"wp","href":"https:\/\/api.w.org\/{rel}","templated":true}]}}