{"id":272,"date":"2019-04-24T10:07:47","date_gmt":"2019-04-24T08:07:47","guid":{"rendered":"https:\/\/www.ght-novo.fr\/ghi-vexin\/\/?page_id=272"},"modified":"2023-10-10T10:04:37","modified_gmt":"2023-10-10T08:04:37","slug":"programmes-sauve-ma-peau-et-para-chute","status":"publish","type":"page","link":"https:\/\/hopital-novo.fr\/ghi-vexin\/patients-usagers\/programmes-sauve-ma-peau-et-para-chute\/","title":{"rendered":"Programmes SAUVE MA PEAU et PARA CHUTE"},"content":{"rendered":"<h2>PROGRAMME SAUVE MA PEAU de Ma\u00eetrise du Risque Escarre<\/h2>\n<p>Notre \u00e9tablissement a \u00e9t\u00e9 engag\u00e9 dans le programme de ma\u00eetrise du risque escarre \u00ab\u00a0Sauve ma peau\u00a0\u00bb, lanc\u00e9 en septembre 2013, par l\u2019Agence R\u00e9gionale de Sant\u00e9 \u00cele-de-France.<\/p>\n<p>L\u2019objectif \u00e9tait de mettre en place 5 bonnes pratiques ayant fait leur preuve en mati\u00e8re de pr\u00e9vention des escarres.<\/p>\n<ol>\n<li>Prise en charge pluridisciplinaire<\/li>\n<li>\u00c9valuer et r\u00e9\u00e9valuer le risque<\/li>\n<li>Adapter la pr\u00e9vention au risque<\/li>\n<li>Traiter vite, d\u00e8s la rougeur<\/li>\n<li>Former et \u00c9duquer<\/li>\n<\/ol>\n<p>Le risque \u00abescarre\u00bb est \u00e9valu\u00e9 d\u00e8s l\u2019admission, \u00e0 l\u2019aide d\u2019une \u00e9chelle de risque et d\u2019un bilan clinique.<br \/>\nA l\u2019issue de cette \u00e9valuation, les mesures de pr\u00e9vention adapt\u00e9es sont mises en place.<\/p>\n<p>Une r\u00e9\u00e9valuation du risque et un bilan de l\u2019\u00e9tat cutan\u00e9 sont r\u00e9alis\u00e9s r\u00e9guli\u00e8rement au cours du s\u00e9jour et \u00e0 la sortie, pour \u00e9viter la constitution d\u2019escarre.<\/p>\n<h2>PROGRAMME PARE \u00e0 CHUTES, Ma\u00eetriser le Risque<\/h2>\n<p>L\u2019objectif de cette campagne r\u00e9gionale est de r\u00e9duire le risque de chute grave, par l\u2019am\u00e9lioration du d\u00e9pistage, l\u2019adaptation de la pr\u00e9vention et le retour d\u2019exp\u00e9rience sur les chutes graves.<\/p>\n<p>Le compteur r\u00e9gional comptabilise le nombre de patients \u00e0 risque qui n&rsquo;ont pas fait de chute grave. Il est aliment\u00e9 depuis avril 2016 par les \u00e9tablissements et structures qui participent \u00e0 la campagne en Ile-de-France.<\/p>\n<p>Les services de SMR neurologie, SMR g\u00e9riatrique et l&rsquo;EHPAD Mimosas de Magny-en-Vexin ont particip\u00e9 \u00e0 ce programme.<\/p>\n","protected":false},"excerpt":{"rendered":"<p>PROGRAMME SAUVE MA PEAU de Ma\u00eetrise du Risque Escarre Notre \u00e9tablissement a \u00e9t\u00e9 engag\u00e9 dans le programme de ma\u00eetrise du risque escarre \u00ab\u00a0Sauve ma peau\u00a0\u00bb, lanc\u00e9 en septembre 2013, par l\u2019Agence R\u00e9gionale de Sant\u00e9 \u00cele-de-France. L\u2019objectif \u00e9tait de mettre en place 5 bonnes pratiques ayant fait leur preuve en mati\u00e8re de pr\u00e9vention des escarres. Prise [&hellip;]<\/p>\n","protected":false},"author":1,"featured_media":0,"parent":585,"menu_order":0,"comment_status":"closed","ping_status":"closed","template":"","meta":{"_acf_changed":false,"footnotes":"","_links_to":"","_links_to_target":""},"class_list":["post-272","page","type-page","status-publish","hentry"],"acf":[],"_links":{"self":[{"href":"https:\/\/hopital-novo.fr\/ghi-vexin\/wp-json\/wp\/v2\/pages\/272","targetHints":{"allow":["GET"]}}],"collection":[{"href":"https:\/\/hopital-novo.fr\/ghi-vexin\/wp-json\/wp\/v2\/pages"}],"about":[{"href":"https:\/\/hopital-novo.fr\/ghi-vexin\/wp-json\/wp\/v2\/types\/page"}],"author":[{"embeddable":true,"href":"https:\/\/hopital-novo.fr\/ghi-vexin\/wp-json\/wp\/v2\/users\/1"}],"replies":[{"embeddable":true,"href":"https:\/\/hopital-novo.fr\/ghi-vexin\/wp-json\/wp\/v2\/comments?post=272"}],"version-history":[{"count":1,"href":"https:\/\/hopital-novo.fr\/ghi-vexin\/wp-json\/wp\/v2\/pages\/272\/revisions"}],"predecessor-version":[{"id":1810,"href":"https:\/\/hopital-novo.fr\/ghi-vexin\/wp-json\/wp\/v2\/pages\/272\/revisions\/1810"}],"up":[{"embeddable":true,"href":"https:\/\/hopital-novo.fr\/ghi-vexin\/wp-json\/wp\/v2\/pages\/585"}],"wp:attachment":[{"href":"https:\/\/hopital-novo.fr\/ghi-vexin\/wp-json\/wp\/v2\/media?parent=272"}],"curies":[{"name":"wp","href":"https:\/\/api.w.org\/{rel}","templated":true}]}}