{"id":197,"date":"2019-04-23T12:23:54","date_gmt":"2019-04-23T10:23:54","guid":{"rendered":"https:\/\/www.ght-novo.fr\/ghi-vexin\/\/?page_id=197"},"modified":"2024-10-09T14:47:34","modified_gmt":"2024-10-09T12:47:34","slug":"la-prise-en-charge-psychologique","status":"publish","type":"page","link":"https:\/\/hopital-novo.fr\/ghi-vexin\/autres-services\/la-prise-en-charge-psychologique\/","title":{"rendered":"La prise en charge psychologique"},"content":{"rendered":"<h2>Les Psychologues<\/h2>\n<p>Ils contribuent \u00e0 la prise en charge psychologique, affective et neurologique des malades.<\/p>\n<p>Pr\u00e9sents dans les diff\u00e9rents services de soins et d&rsquo;h\u00e9bergement, ils proposent une prise en charge en fonction de vos demandes et accompagnent les familles si n\u00e9cessaire. Ils vous orientent en fonction de vos besoins.<\/p>\n<p>Ils peuvent intervenir \u00e0 tout moment dans votre parcours de soins \u00e0 la demande\u00a0:<\/p>\n<ul>\n<li>de vous-m\u00eame,<\/li>\n<li>de votre entourage,<\/li>\n<li>de l\u2019\u00e9quipe pluridisciplinaire.<\/li>\n<\/ul>\n<p>Les psychologues travaillent en collaboration avec les \u00e9quipes, dans l\u2019int\u00e9r\u00eat du bien-\u00eatre du patient.<\/p>\n<h4>Le coll\u00e8ge des psychologues<\/h4>\n<p>Le coll\u00e8ge des psychologues rassemble et unit les psychologues de l\u2019\u00e9tablissement dans le respect de l&rsquo;autonomie du travail de chacun.<\/p>\n<p>Il veille \u00e0 garantir les conditions de l&rsquo;exercice professionnel, dans le respect de la personne humaine et suivant le code de d\u00e9ontologie des psychologues adopt\u00e9 par les organisations professionnelles en 1996 et r\u00e9actualis\u00e9 en 2012.<\/p>\n<h2><b>Site d\u2019Aincourt<\/b><\/h2>\n<p>SMR Diab\u00e9tologie-Nutrition<br \/>\nSabrina BOUSSOUF<br \/>\n01 34 79 43 92<br \/>\n<a href=\"mailto:sabrina.boussouf@ght-novo.fr\">Email<\/a><\/p>\n<p>SMR Locomoteur \/ SMR Neurologique<br \/>\nMaud THOUIN<br \/>\n01 34 79 43 93<br \/>\n<a href=\"mailto:maud.thouin@ght-novo.fr\">Email<\/a><\/p>\n<p>MAS des Floralies \/ SMR Pneumologie<br \/>\nMarion SAULNIER<br \/>\n01 84 12 20 73<br \/>\n<a href=\"mailto:marion.saulnier@ght-novo.fr\">Email<\/a><\/p>\n<h2><b>Site de Marines<\/b><\/h2>\n<p>Unit\u00e9 de Soins de Longue Dur\u00e9e (USLD) \/ EHPAD \/ Unit\u00e9 d&rsquo;H\u00e9bergement Renforc\u00e9 (UHR)<br \/>\nMathilde ARMAND<br \/>\n01 34 67 80 32<br \/>\n<a href=\"mailto:mathilde.armand@ght-novo.fr\">Email<\/a><\/p>\n<p>SMR G\u00e9riatrique<br \/>\nCaroline CYSIQUE (Pr\u00e9sidente du coll\u00e8ge des psychologues)<br \/>\n01 34 67 56 48<br \/>\n<a href=\"mailto:caroline.cysique@ght-novo.fr\">Email<\/a><\/p>\n<h2><b>Site de Magny-en-Vexin<\/b><\/h2>\n<p>Equipe Mobile de Soins Palliatifs (EMSP)<\/p>\n<p>01 34 30 52 42<\/p>\n<p>Lynda BOUAZIZ (Coordonnatrice du service de psychologie)<br \/>\n<a href=\"mailto:lynda.bouaziz@ght-novo.fr\">Email<\/a><\/p>\n<p>Claudie ROBERT (Pr\u00e9sidente du coll\u00e8ge des psychologues)<br \/>\n<a href=\"mailto:claudie.robert@ght-novo.fr\">Email<\/a><\/p>\n<p>Maison d&rsquo;Accueil Sp\u00e9cialis\u00e9e \u00ab\u00a0Maison de Lumi\u00e8re\u00a0\u00bb<\/p>\n<p>Laura ETRILLARD<br \/>\n01 34 30 52 70<br \/>\n<a href=\"mailto:marlene.plart@ght-novo.fr\">Email<\/a><\/p>\n<p>\u00c9tablissement d&rsquo;H\u00e9bergement pour Personnes \u00c2g\u00e9es D\u00e9pendantes (EHPAD)<br \/>\n01 34 30 52 94<br \/>\nSabrina BOUSSOUF<br \/>\n<a href=\"mailto:sabrina.boussouf@ght-novo.fr\">Email<\/a><\/p>\n","protected":false},"excerpt":{"rendered":"<p>Les Psychologues Ils contribuent \u00e0 la prise en charge psychologique, affective et neurologique des malades. Pr\u00e9sents dans les diff\u00e9rents services de soins et d&rsquo;h\u00e9bergement, ils proposent une prise en charge en fonction de vos demandes et accompagnent les familles si n\u00e9cessaire. Ils vous orientent en fonction de vos besoins. Ils peuvent intervenir \u00e0 tout moment [&hellip;]<\/p>\n","protected":false},"author":1,"featured_media":0,"parent":584,"menu_order":0,"comment_status":"closed","ping_status":"closed","template":"","meta":{"_acf_changed":false,"footnotes":"","_links_to":"","_links_to_target":""},"class_list":["post-197","page","type-page","status-publish","hentry"],"acf":[],"_links":{"self":[{"href":"https:\/\/hopital-novo.fr\/ghi-vexin\/wp-json\/wp\/v2\/pages\/197","targetHints":{"allow":["GET"]}}],"collection":[{"href":"https:\/\/hopital-novo.fr\/ghi-vexin\/wp-json\/wp\/v2\/pages"}],"about":[{"href":"https:\/\/hopital-novo.fr\/ghi-vexin\/wp-json\/wp\/v2\/types\/page"}],"author":[{"embeddable":true,"href":"https:\/\/hopital-novo.fr\/ghi-vexin\/wp-json\/wp\/v2\/users\/1"}],"replies":[{"embeddable":true,"href":"https:\/\/hopital-novo.fr\/ghi-vexin\/wp-json\/wp\/v2\/comments?post=197"}],"version-history":[{"count":7,"href":"https:\/\/hopital-novo.fr\/ghi-vexin\/wp-json\/wp\/v2\/pages\/197\/revisions"}],"predecessor-version":[{"id":2094,"href":"https:\/\/hopital-novo.fr\/ghi-vexin\/wp-json\/wp\/v2\/pages\/197\/revisions\/2094"}],"up":[{"embeddable":true,"href":"https:\/\/hopital-novo.fr\/ghi-vexin\/wp-json\/wp\/v2\/pages\/584"}],"wp:attachment":[{"href":"https:\/\/hopital-novo.fr\/ghi-vexin\/wp-json\/wp\/v2\/media?parent=197"}],"curies":[{"name":"wp","href":"https:\/\/api.w.org\/{rel}","templated":true}]}}