{"id":194,"date":"2019-04-23T12:18:38","date_gmt":"2019-04-23T10:18:38","guid":{"rendered":"https:\/\/www.ght-novo.fr\/ghi-vexin\/\/?page_id=194"},"modified":"2025-07-04T12:29:05","modified_gmt":"2025-07-04T10:29:05","slug":"services-medicotechniques","status":"publish","type":"page","link":"https:\/\/hopital-novo.fr\/ghi-vexin\/autres-services\/services-medicotechniques\/","title":{"rendered":"Services m\u00e9dicotechniques"},"content":{"rendered":"<p><strong>Di\u00e9t\u00e9tique &#8211; <\/strong><strong>Di\u00e9t\u00e9ticiennes<\/strong><br \/>\nT\u00e9l : 01 34 79 43 90 &#8211; <a href=\"mailto:dietetique@ght-novo.fr\">Email<\/a><\/p>\n<p><strong>Imagerie m\u00e9dicale<\/strong><br \/>\nPrise de RDV par t\u00e9l : 01 34 79 43 76<\/p>\n<p>&nbsp;<\/p>\n<h2><b>Site d&rsquo;Aincourt<\/b><\/h2>\n<p><strong>Service M\u00e9dico-Technique de R\u00e9\u00e9ducation<\/strong><br \/>\n<strong>Cadre de sant\u00e9 :\u00a0<\/strong> Christine LARCH\u00c9<br \/>\nT\u00e9l : 01 34 79 44 62\u00a0 &#8211; <a href=\"mailto:christine.larche@ght-novo.fr\">Email<\/a><\/p>\n<ul>\n<li><strong>Kin\u00e9sith\u00e9rapeutes<\/strong><\/li>\n<li><strong>Ergoth\u00e9rapeutes<\/strong><\/li>\n<li><strong>Orthophonistes (ne prennent pas de patients externes)<br \/>\n<\/strong><\/li>\n<li><strong>Enseignants d&rsquo;Activit\u00e9 physique adapt\u00e9e<\/strong><\/li>\n<li><strong>Neuropsychologues<\/strong><\/li>\n<li><strong>Psychomotricienne<\/strong><\/li>\n<\/ul>\n<h2><b>Site de Magny-en-Vexin<\/b><\/h2>\n<p><strong>Imagerie m\u00e9dicale <\/strong>(accessible au public externe) :<br \/>\nradiologie conventionnelle, \u00e9chographie, Doppler, ost\u00e9odensitom\u00e9trie, panoramique dentaire.<\/p>\n<p><strong>Secr\u00e9tariat, prise de RDV :<\/strong><br \/>\nT\u00e9l : 01 34 30 52 13 &#8211; <a href=\"mailto:secretariat-imagerie@ght-novo.fr\">Email<\/a><\/p>\n<p><strong>Cadre de sant\u00e9 : <\/strong>Myriam ENES<br \/>\nT\u00e9l : 01 34 30 52 18<\/p>\n<h2><b>Site de Marines<\/b><\/h2>\n<p>Di\u00e9t\u00e9ticiennes : 01 34 67 56 54<br \/>\nKin\u00e9sith\u00e9rapeute : 01 34 67 56 34<br \/>\nActivit\u00e9 Physique Adapt\u00e9e : 01 34 67 56 34<br \/>\nErgoth\u00e9rapeutes : 01 34 67 56 50<br \/>\nPsychomotricien : 01 34 67 55 16<\/p>\n<p><a href=\"https:\/\/hopital-novo.fr\/ghi-vexin\/\/wp-content\/uploads\/2019\/04\/SMTR-SSRG-Co335-web-6.pdf\" target=\"_blank\" rel=\"noopener\">Plaquette du plateau de r\u00e9\u00e9ducation du site de Marines<\/a><\/p>\n<h2><b>Pharmacie \u00e0 Usage Int\u00e9rieur (PUI)<\/b><\/h2>\n<p><strong>Pharmacien responsable de service :<\/strong><br \/>\nLaurence BERNOVILLE<\/p>\n<p><strong>Pharmaciens :<\/strong><br \/>\nClaire MASSARI<br \/>\nSandrine MALLIEU LASSUS<\/p>\n<p><strong>Cadre de sant\u00e9 : <\/strong><span id=\"page50R_mcid24\" class=\"markedContent\"><span dir=\"ltr\" role=\"presentation\">Christelle<\/span> <span dir=\"ltr\" role=\"presentation\">RONDEL<\/span> <\/span><br \/>\nT\u00e9l : 01 34 79 43 80 &#8211; <a href=\"mailto:pascale.dreux@ght-novo.fr\">Email<\/a><\/p>\n","protected":false},"excerpt":{"rendered":"<p>Di\u00e9t\u00e9tique &#8211; Di\u00e9t\u00e9ticiennes T\u00e9l : 01 34 79 43 90 &#8211; Email Imagerie m\u00e9dicale Prise de RDV par t\u00e9l : 01 34 79 43 76 &nbsp; Site d&rsquo;Aincourt Service M\u00e9dico-Technique de R\u00e9\u00e9ducation Cadre de sant\u00e9 :\u00a0 Christine LARCH\u00c9 T\u00e9l : 01 34 79 44 62\u00a0 &#8211; Email Kin\u00e9sith\u00e9rapeutes Ergoth\u00e9rapeutes Orthophonistes (ne prennent pas de patients [&hellip;]<\/p>\n","protected":false},"author":1,"featured_media":0,"parent":584,"menu_order":0,"comment_status":"closed","ping_status":"closed","template":"","meta":{"_acf_changed":false,"footnotes":"","_links_to":"","_links_to_target":""},"class_list":["post-194","page","type-page","status-publish","hentry"],"acf":[],"_links":{"self":[{"href":"https:\/\/hopital-novo.fr\/ghi-vexin\/wp-json\/wp\/v2\/pages\/194","targetHints":{"allow":["GET"]}}],"collection":[{"href":"https:\/\/hopital-novo.fr\/ghi-vexin\/wp-json\/wp\/v2\/pages"}],"about":[{"href":"https:\/\/hopital-novo.fr\/ghi-vexin\/wp-json\/wp\/v2\/types\/page"}],"author":[{"embeddable":true,"href":"https:\/\/hopital-novo.fr\/ghi-vexin\/wp-json\/wp\/v2\/users\/1"}],"replies":[{"embeddable":true,"href":"https:\/\/hopital-novo.fr\/ghi-vexin\/wp-json\/wp\/v2\/comments?post=194"}],"version-history":[{"count":13,"href":"https:\/\/hopital-novo.fr\/ghi-vexin\/wp-json\/wp\/v2\/pages\/194\/revisions"}],"predecessor-version":[{"id":2234,"href":"https:\/\/hopital-novo.fr\/ghi-vexin\/wp-json\/wp\/v2\/pages\/194\/revisions\/2234"}],"up":[{"embeddable":true,"href":"https:\/\/hopital-novo.fr\/ghi-vexin\/wp-json\/wp\/v2\/pages\/584"}],"wp:attachment":[{"href":"https:\/\/hopital-novo.fr\/ghi-vexin\/wp-json\/wp\/v2\/media?parent=194"}],"curies":[{"name":"wp","href":"https:\/\/api.w.org\/{rel}","templated":true}]}}