{"id":188,"date":"2019-04-23T12:05:18","date_gmt":"2019-04-23T10:05:18","guid":{"rendered":"https:\/\/www.ght-novo.fr\/ghi-vexin\/\/?page_id=188"},"modified":"2026-03-03T16:00:34","modified_gmt":"2026-03-03T15:00:34","slug":"mas-les-floralies","status":"publish","type":"page","link":"https:\/\/hopital-novo.fr\/ghi-vexin\/services-medicaux-sociaux\/mas-les-floralies\/","title":{"rendered":"Mas Les Floralies"},"content":{"rendered":"<h2>Site d\u2019Aincourt<\/h2>\n<p>La Maison d&rsquo;Accueil Sp\u00e9cialis\u00e9e (MAS) Les Floralies<\/p>\n<p>40 places r\u00e9parties sur 4 unit\u00e9s (Jasmin, Lys, Magnolia,Myosotis)<\/p>\n<p>La Maison d\u2019Accueil Sp\u00e9cialis\u00e9e \u00ab Les Floralies \u00bb est une structure m\u00e9dico-sociale situ\u00e9e sur le site d\u2019Aincourt (95510), dans un grand parc bois\u00e9 et fleuri de plus de 70 hectares. D\u2019une architecture r\u00e9cente (2005), le b\u00e2timent de plain pied associe sur une surface d\u2019environ 2600 m\u00b2 quatre unit\u00e9s (Magnolias, Lys, Myosotis et Jasmin) de 10 lits chacune, s\u2019articulant autour d\u2019un axe central (infirmerie, bureau m\u00e9dical, administratifs, animateurs). Chaque unit\u00e9 dispose d\u2019une terrasse et d\u2019une salle de s\u00e9jour. On trouve aussi des salles de kin\u00e9sith\u00e9rapie, d\u2019ergoth\u00e9rapie, d\u2019informatique, de cuisine, communes \u00e0 toutes les unit\u00e9s. Une orthophoniste et des professeurs d&rsquo;Activit\u00e9s Physiques Adapt\u00e9es (APA) proposent \u00a0\u00e9galement \u00a0leurs services aux r\u00e9sidents.<\/p>\n<p><strong>M\u00e9decin coordonnateur de la Maison d\u2019Accueil Sp\u00e9cialis\u00e9e :<\/strong><br \/>\nDr \u00a0Catherine DIARD<\/p>\n<p><strong>Cadre de sant\u00e9 :<br \/>\n<\/strong>Sarah BOUTRY &#8211; T\u00e9l : 01 34 79 44 89<\/p>\n<p><strong>Assistante sociale :<\/strong><br \/>\nIsabelle MOURAGNON &#8211; T\u00e9l : 01 34 79 44 31 \u00a0&#8211; <a href=\"mailto:isabelle.mouragnon@ght-novo.fr\">Email<\/a><\/p>\n<p><strong>Secr\u00e9taire m\u00e9dicale :<\/strong><br \/>\nTel : 01 34 79 43 87 &#8211; Fax : 01 34 79 43 52 &#8211; <a href=\"mailto:secretariat-mas.aincourt@ght-novo.fr\">Email<\/a><\/p>\n<h2>Qu\u2019est-ce qu\u2019une Maison d\u2019Accueil Sp\u00e9cialis\u00e9e\u00a0?<\/h2>\n<p>Une Maison d\u2019Accueil Sp\u00e9cialis\u00e9e (MAS) est une structure d\u2019h\u00e9bergement pour personnes handicap\u00e9es de plus de 16 ans, dans l\u2019incapacit\u00e9 de r\u00e9aliser seules les gestes de la vie quotidienne (s\u2019habiller, se laver\u2026) et n\u00e9cessitant une surveillance m\u00e9dicale et des soins constants.<\/p>\n<p>L\u2019h\u00e9bergement se fait selon les places disponibles et dans certaines conditions. La MAS Les Floralies est sp\u00e9cialis\u00e9e dans l\u2019accueil de personnes c\u00e9r\u00e9brol\u00e9s\u00e9es.<\/p>\n<h2><b>Les modes d\u2019admission<\/b><\/h2>\n<p>Les d\u00e9marches peuvent \u00eatre effectu\u00e9es par le m\u00e9decin, l\u2019\u00e9quipe sociale, le r\u00e9sident, son tuteur ou les aidants entourant le futur r\u00e9sident.<\/p>\n<p>Elles comprennent :<\/p>\n<ul>\n<li>la notification d\u2019une orientation en MAS accord\u00e9e par la Maison D\u00e9partementale de la Personne Handicap\u00e9e (MDPH),<\/li>\n<li>la d\u00e9termination d\u2019un taux d\u2019invalidit\u00e9 sup\u00e9rieur \u00e0 80% par ce m\u00eame organisme,<\/li>\n<li>le d\u00e9p\u00f4t d\u2019un dossier et une visite de pr\u00e9admission obligatoire.<\/li>\n<\/ul>\n<p>La Caisse Primaire d\u2019Assurance Maladie (CPAM) prend en charge la globalit\u00e9 des frais de s\u00e9jour. En l\u2019absence de mutuelle, seul le montant du forfait journalier reste \u00e0 la charge du r\u00e9sident.<\/p>\n<h2><b>Les r\u00e8gles de vie<\/b><\/h2>\n<p>Lors de son entr\u00e9e, chaque r\u00e9sident se voit remis un contrat de s\u00e9jour \u00e0 signer, ainsi que le r\u00e8glement de fonctionnement de la MAS. Si le r\u00e9sident ne souhaite pas signer le contrat de s\u00e9jour, un document individuel de prise en charge peut lui \u00eatre propos\u00e9.<br \/>\nUn Conseil de la Vie Sociale (CVS) est constitu\u00e9. Ses membres formulent des avis et des propositions sur toute question int\u00e9ressant le fonctionnement de l\u2019\u00e9tablissement ou du service. Sont particuli\u00e8re\u00adment concern\u00e9s l\u2019organisation int\u00e9rieure, la vie quotidienne (h\u00e9bergement, restauration), les activit\u00e9s, l\u2019animation sociale et culturelle, les services th\u00e9rapeutiques et les projets de travaux et d\u2019\u00e9quipement. Le CVS se r\u00e9unit tous les quatre mois. Il est compos\u00e9 de la direction, de professionnels et de repr\u00e9sentants des r\u00e9sidents, de leurs mandataires de justice et de leurs familles. Pour plus d\u2019informations, contacter le service de la relation avec les usagers au \u00a001 34 79 43 89.<\/p>\n<p>Un Projet de Vie Individualis\u00e9e (PVI) est \u00e9labor\u00e9 avec chaque r\u00e9sident individuellement. Il permet de faire le bilan de sa situation, de d\u00e9finir ses attentes pour mieux y r\u00e9pondre selon les possibilit\u00e9s de l\u2019\u00e9tablissement. C\u2019est un projet r\u00e9guli\u00e8rement actualis\u00e9 qui offre \u00e0 chacun la possibilit\u00e9 d\u2019am\u00e9liorer son quotidien en conciliant le fonctionnement de l\u2019institution avec son mode de vie souhait\u00e9.<\/p>\n<p><a href=\"https:\/\/hopital-novo.fr\/ghi-vexin\/wp-content\/uploads\/2026\/03\/D10051-Livret-Accueil-MAS-HD.pdf\" target=\"_blank\" rel=\"noopener\">T\u00e9l\u00e9charger le livret d\u2019accueil des Maisons d\u2019Accueil Sp\u00e9cialis\u00e9 (MAS)<\/a><\/p>\n<p>&nbsp;<\/p>\n","protected":false},"excerpt":{"rendered":"<p>Site d\u2019Aincourt La Maison d&rsquo;Accueil Sp\u00e9cialis\u00e9e (MAS) Les Floralies 40 places r\u00e9parties sur 4 unit\u00e9s (Jasmin, Lys, Magnolia,Myosotis) La Maison d\u2019Accueil Sp\u00e9cialis\u00e9e \u00ab Les Floralies \u00bb est une structure m\u00e9dico-sociale situ\u00e9e sur le site d\u2019Aincourt (95510), dans un grand parc bois\u00e9 et fleuri de plus de 70 hectares. D\u2019une architecture r\u00e9cente (2005), le b\u00e2timent de [&hellip;]<\/p>\n","protected":false},"author":1,"featured_media":0,"parent":583,"menu_order":0,"comment_status":"closed","ping_status":"closed","template":"","meta":{"_acf_changed":false,"footnotes":"","_links_to":"","_links_to_target":""},"class_list":["post-188","page","type-page","status-publish","hentry"],"acf":[],"_links":{"self":[{"href":"https:\/\/hopital-novo.fr\/ghi-vexin\/wp-json\/wp\/v2\/pages\/188","targetHints":{"allow":["GET"]}}],"collection":[{"href":"https:\/\/hopital-novo.fr\/ghi-vexin\/wp-json\/wp\/v2\/pages"}],"about":[{"href":"https:\/\/hopital-novo.fr\/ghi-vexin\/wp-json\/wp\/v2\/types\/page"}],"author":[{"embeddable":true,"href":"https:\/\/hopital-novo.fr\/ghi-vexin\/wp-json\/wp\/v2\/users\/1"}],"replies":[{"embeddable":true,"href":"https:\/\/hopital-novo.fr\/ghi-vexin\/wp-json\/wp\/v2\/comments?post=188"}],"version-history":[{"count":10,"href":"https:\/\/hopital-novo.fr\/ghi-vexin\/wp-json\/wp\/v2\/pages\/188\/revisions"}],"predecessor-version":[{"id":2314,"href":"https:\/\/hopital-novo.fr\/ghi-vexin\/wp-json\/wp\/v2\/pages\/188\/revisions\/2314"}],"up":[{"embeddable":true,"href":"https:\/\/hopital-novo.fr\/ghi-vexin\/wp-json\/wp\/v2\/pages\/583"}],"wp:attachment":[{"href":"https:\/\/hopital-novo.fr\/ghi-vexin\/wp-json\/wp\/v2\/media?parent=188"}],"curies":[{"name":"wp","href":"https:\/\/api.w.org\/{rel}","templated":true}]}}