{"id":177,"date":"2019-04-23T11:40:14","date_gmt":"2019-04-23T09:40:14","guid":{"rendered":"https:\/\/www.ght-novo.fr\/ghi-vexin\/\/?page_id=177"},"modified":"2026-03-27T14:12:53","modified_gmt":"2026-03-27T13:12:53","slug":"ehpad-magny-en-vexin","status":"publish","type":"page","link":"https:\/\/hopital-novo.fr\/ghi-vexin\/services-medicaux-sociaux\/ehpad-magny-en-vexin\/","title":{"rendered":"EHPAD Magny-en-Vexin"},"content":{"rendered":"<h2>Site de Magny-en-Vexin<\/h2>\n<p>L&rsquo;\u00c9tablissement d&rsquo;H\u00e9bergement pour Personnes \u00c2g\u00e9es D\u00e9pendantes (EHPAD) du site de Magny-en-Vexin (105 lits)<\/p>\n<p>Une \u00e9quipe pluridisciplinaire au service des r\u00e9sidents<\/p>\n<p><strong>Chef de service<\/strong><br \/>\nDr Mahaman MOUSSA<\/p>\n<p><strong>Cadres de sant\u00e9 &#8211; EHPAD Les Campanules &#8211; SSIAD &#8211; Animation :<\/strong><\/p>\n<p>Florence CORDARO<br \/>\n<a href=\"mailto:florence.cordaro@ght-novo.fr\">Email<\/a><\/p>\n<p><strong>Cadre de sant\u00e9 apprenante &#8211; EHPAD Mimosas :<\/strong><\/p>\n<p>Solange GAILLARD<br \/>\n<a href=\"mailto:solange.gaillard@ght-novo.fr\">Email<\/a><\/p>\n<p><strong>Secr\u00e9tariat m\u00e9dical :<\/strong><br \/>\n01 34 30 52 58<br \/>\n<a href=\"mailto:secretariat.ehpad.magny@ght-novo.fr\">Email<\/a><\/p>\n<p><strong>Fax :<\/strong><br \/>\nCampanules : 01 34 30 52 46<br \/>\nMimosas : 01 34 30 52 63<\/p>\n<h4>Participent \u00e0 votre prise en charge dans notre \u00e9tablissement :<\/h4>\n<p>Une \u00e9quipe m\u00e9dicale salari\u00e9e de l\u2019\u00e9tablissement : des praticiens hospitaliers \u00a0et des pharmaciens. En cas de n\u00e9cessit\u00e9, pr\u00e9sence sur le site des services d&rsquo;urgences, de m\u00e9decine et des consultations externes sp\u00e9cialis\u00e9es.<\/p>\n<p>Une \u00e9quipe param\u00e9dicale et m\u00e9dico-technique de r\u00e9\u00e9ducation.<\/p>\n<p>L\u2019administration par le biais du bureau des admissions, l&rsquo;assistante sociale et le service de la relation aux usagers, les services transports, espaces verts et techniques, la blanchisserie, la restauration et l&rsquo;animation, afin de r\u00e9pondre aux besoins personnels ou collectifs.<\/p>\n<p>Des intervenants ext\u00e9rieurs : chirurgien dentiste lib\u00e9ral, \u00a0membres d&rsquo;associations, \u00a0ministres des diff\u00e9rents cultes, b\u00e9n\u00e9voles, professionnels de l&rsquo;animation, coiffeur\u2026<\/p>\n<p>L&rsquo;EHPAD de Magny-en-Vexin comporte deux unit\u00e9s : les Campanules et les Mimosas.<\/p>\n<p>Ce sont des lieux de vie qui prennent en consid\u00e9ration la personne dans sa globalit\u00e9. Le personnel pr\u00e9serve la dignit\u00e9 et l\u2019intimit\u00e9 du r\u00e9sident, l\u2019aide \u00e0 maintenir son autonomie dans des lieux adapt\u00e9s qui lui procurent aide et assistance.<br \/>\nLeur proximit\u00e9 g\u00e9ographique avec les services m\u00e9dicaux et techniques du site de Magny-en-Vexin de l&rsquo;H\u00f4pital NOVO permet, en cas d\u2019urgence, des interventions rapides.<br \/>\nLa prise en charge des r\u00e9sidents rel\u00e8ve d\u2019un r\u00e9el professionnalisme pour que la personne accueillie reste un citoyen avec son histoire, ses d\u00e9sirs et ses plaisirs. La volont\u00e9 de qualit\u00e9 est constante.<\/p>\n<p><a href=\"https:\/\/hopital-novo.fr\/ghi-vexin\/wp-content\/uploads\/2026\/03\/D10041-Livret-Accueil-EHPAD-USLD.pdf\" target=\"_blank\" rel=\"noopener\">T\u00e9l\u00e9charger le livret d\u2019accueil des EHPAD et USLD<\/a><\/p>\n<p><a href=\"https:\/\/www.service-public.gouv.fr\/particuliers\/vosdroits\/R17461\" target=\"_blank\" rel=\"noopener\">T\u00e9l\u00e9charger le dossier de demande d&rsquo;admission en EHPAD<\/a><\/p>\n<p>L&rsquo;EHPAD est situ\u00e9 en centre ville et offre aux r\u00e9sidents autonomes la possibilit\u00e9 de continuer \u00e0 sortir et vivre au contact de la population locale.<\/p>\n<p>L&rsquo;EHPAD du site de Magny-en-Vexin est labellis\u00e9 Bleuet de France par <a href=\"https:\/\/www.onac-vg.fr\/services\/service-departemental-de-onacvg-du-val-oise\" target=\"_blank\" rel=\"noopener noreferrer\">l&rsquo;Office National des Anciens Combattants et Victimes de Guerre<\/a><\/p>\n<p>&nbsp;<\/p>\n","protected":false},"excerpt":{"rendered":"<p>Site de Magny-en-Vexin L&rsquo;\u00c9tablissement d&rsquo;H\u00e9bergement pour Personnes \u00c2g\u00e9es D\u00e9pendantes (EHPAD) du site de Magny-en-Vexin (105 lits) Une \u00e9quipe pluridisciplinaire au service des r\u00e9sidents Chef de service Dr Mahaman MOUSSA Cadres de sant\u00e9 &#8211; EHPAD Les Campanules &#8211; SSIAD &#8211; Animation : Florence CORDARO Email Cadre de sant\u00e9 apprenante &#8211; EHPAD Mimosas : Solange GAILLARD Email [&hellip;]<\/p>\n","protected":false},"author":1,"featured_media":0,"parent":583,"menu_order":0,"comment_status":"closed","ping_status":"closed","template":"","meta":{"_acf_changed":false,"footnotes":"","_links_to":"","_links_to_target":""},"class_list":["post-177","page","type-page","status-publish","hentry"],"acf":[],"_links":{"self":[{"href":"https:\/\/hopital-novo.fr\/ghi-vexin\/wp-json\/wp\/v2\/pages\/177","targetHints":{"allow":["GET"]}}],"collection":[{"href":"https:\/\/hopital-novo.fr\/ghi-vexin\/wp-json\/wp\/v2\/pages"}],"about":[{"href":"https:\/\/hopital-novo.fr\/ghi-vexin\/wp-json\/wp\/v2\/types\/page"}],"author":[{"embeddable":true,"href":"https:\/\/hopital-novo.fr\/ghi-vexin\/wp-json\/wp\/v2\/users\/1"}],"replies":[{"embeddable":true,"href":"https:\/\/hopital-novo.fr\/ghi-vexin\/wp-json\/wp\/v2\/comments?post=177"}],"version-history":[{"count":19,"href":"https:\/\/hopital-novo.fr\/ghi-vexin\/wp-json\/wp\/v2\/pages\/177\/revisions"}],"predecessor-version":[{"id":2323,"href":"https:\/\/hopital-novo.fr\/ghi-vexin\/wp-json\/wp\/v2\/pages\/177\/revisions\/2323"}],"up":[{"embeddable":true,"href":"https:\/\/hopital-novo.fr\/ghi-vexin\/wp-json\/wp\/v2\/pages\/583"}],"wp:attachment":[{"href":"https:\/\/hopital-novo.fr\/ghi-vexin\/wp-json\/wp\/v2\/media?parent=177"}],"curies":[{"name":"wp","href":"https:\/\/api.w.org\/{rel}","templated":true}]}}