{"id":167,"date":"2019-04-16T12:45:20","date_gmt":"2019-04-16T10:45:20","guid":{"rendered":"https:\/\/www.ght-novo.fr\/ghi-vexin\/\/?page_id=167"},"modified":"2026-03-09T14:38:04","modified_gmt":"2026-03-09T13:38:04","slug":"consultations-externes","status":"publish","type":"page","link":"https:\/\/hopital-novo.fr\/ghi-vexin\/consultations-externes\/","title":{"rendered":"Consultations externes"},"content":{"rendered":"<p style=\"text-align: center;\"><a class=\"lienDoctolib\" href=\"https:\/\/www.doctolib.fr\/hopital-public\/magny\/hopital-novo-site-de-magny-et-aincourt\" target=\"_blank\" rel=\"noopener noreferrer\"><img loading=\"lazy\" decoding=\"async\" class=\"size-full wp-image-612 aligncenter\" src=\"https:\/\/hopital-novo.fr\/ghi-vexin\/\/wp-content\/uploads\/2019\/05\/Sans-titre-1.png\" alt=\"\" width=\"200\" height=\"200\" srcset=\"https:\/\/hopital-novo.fr\/ghi-vexin\/wp-content\/uploads\/2019\/05\/Sans-titre-1.png 200w, https:\/\/hopital-novo.fr\/ghi-vexin\/wp-content\/uploads\/2019\/05\/Sans-titre-1-150x150.png 150w\" sizes=\"auto, (max-width: 200px) 100vw, 200px\" \/>Prendre RDV en ligne<\/a><\/p>\n<p>Les Consultations Externes\u00a0sur les sites de Magny-en-Vexin et d&rsquo;Aincourt<\/p>\n<h2>1) Sur le site de Magny-en-Vexin : 38 rue Carnot &#8211; 95420 Magny-en-Vexin<\/h2>\n<p>Responsable de Service : Dr Jean-Paul Dabas<b><br \/>\n<\/b>Secr\u00e9tariat des consultations : <strong>T\u00e9l. 01 34 30 52 21<\/strong><br \/>\n(du Lundi au Vendredi de 9h00 \u00e0 16h30) &#8211;<strong> Fax : 01 34 30 52 20<\/strong><\/p>\n<p><a href=\"https:\/\/hopital-novo.fr\/ghi-vexin\/wp-content\/uploads\/2025\/02\/D9168-flyer-A5-consultations-externes-Magny-HD.pdf\" target=\"_blank\" rel=\"noopener\"> <u>Cliquez ici pour t\u00e9l\u00e9charger le flyer des consultations.<\/u><\/a><\/p>\n<ul>\n<li>Chirurgie dentaire : Cabinet dentaire lib\u00e9ral du Dr Vincent HIERNAUX<\/li>\n<li>Chirurgie vasculaire : Dr Khawla BOUGHANMI<\/li>\n<li>Diab\u00e9tologie, nutrition, endocrinologie : Dr C\u00e9line GONFROY, <span data-olk-copy-source=\"MessageBody\">Dr FAREZ-GRIM <\/span><\/li>\n<li>Gastro-ent\u00e9rologie, h\u00e9patologie : Dr Lazare BOUDZOUMOU<\/li>\n<li>G\u00e9riatrie : Dr Mirasoa RANDRIANOMANANA<\/li>\n<li>Gyn\u00e9cologie : Dr Nad\u00e8ge BONNETON<\/li>\n<li>M\u00e9decine interne et VIH : Dr Julia MOEGLIN<\/li>\n<li>M\u00e9decine physique et r\u00e9adaptation : Dr Catherine DIARD<\/li>\n<li>N\u00e9phrologie, h\u00e9modialyse, HTA compliqu\u00e9e et gravidique :\u00a0Dr Jean-Jacques MONTSENY<\/li>\n<li>ORL Canc\u00e9rologie, Chirurgie cervico-faciale et r\u00e9paratrice :\u00a0Dr Beno\u00eet FAUCON<\/li>\n<li>P\u00e9diatrie : Dr Julie GASPARD<\/li>\n<li>Post-urgences, traumatologie : Prise de rendez-vous au 01 34 30 52 09<\/li>\n<li>Soutien \u00e0 la parentalit\u00e9 :\u00a0 Dr Nad\u00e8ge BONNETON<\/li>\n<li>Urologie : Dr Naim YARAK<\/li>\n<\/ul>\n<p><strong>Soins infirmiers<\/strong><br \/>\nTout type de pansement (m\u00e9chage, br\u00fblure, ulc\u00e8re, etc) avec possibilit\u00e9 d&rsquo;une analg\u00e9sie relaxante, ablation de fils et d&rsquo;agrafes, ablation de pl\u00e2tre, Holter tensionnel, Holter ECG, saign\u00e9e, perfusion de m\u00e9dicaments &#8230;<\/p>\n<h3>Modalit\u00e9s d&rsquo;accueil<\/h3>\n<p>Avant votre consultation, vous devez vous pr\u00e9senter au guichet d\u2019accueil administratif situ\u00e9 dans le hall d\u2019accueil des urgences, muni(e) :<\/p>\n<ul>\n<li>d\u2019une pi\u00e8ce d\u2019identit\u00e9 : Carte Nationale d\u2019Identit\u00e9 ou Passeport ou Carte de S\u00e9jour ;<\/li>\n<li>de votre Carte Vitale et\/ou une attestation de prise en charge \u00e0 100% ;<\/li>\n<li>de votre attestation de Couverture Maladie Universelle (CMU) ;<\/li>\n<li>d&rsquo;un feuillet d\u2019Accident du Travail, si vous \u00eates ou avez \u00e9t\u00e9 victime d\u2019un accident du travail.<\/li>\n<\/ul>\n<p>Consultation\u00a0lib\u00e9rale\u00a0de chirurgie dentaire sur le site de Magny-en-Vexin : Docteur Vincent HIERNAUX, chirurgien dentiste<br \/>\nR\u00e9servations : secr\u00e9tariat des consultations externes 01 34 30 52 21<\/p>\n<p><a href=\"http:\/\/centre-dune.fr\/adresse-horaires\/#2\">Consultations en addictologie : 09 50 951 980 \/\u00a0<\/a><a href=\"mailto:consultation.magny@centre-dune.fr\">Email<\/a>\u00a0\/ 31 rue Carnot, face \u00e0 l&rsquo;h\u00f4pital, \u00e0 l&rsquo;a<a href=\"http:\/\/centre-dune.fr\/adresse-horaires\/#2\">ntenne de Magny-en-Vexin du Centre DUNE (CSAPA)<\/a><\/p>\n<h2>2) Sur le site d\u2019Aincourt : Parc de la Bucaille \u00e0 Aincourt (95510)<\/h2>\n<h4>Consultations de di\u00e9t\u00e9tique<\/h4>\n<p>Le mercredi \u00a0de 13h30 \u00e0 16h00 &#8211; B\u00e2timent Les C\u00e8dres 2\u00e8me \u00e9tage<br \/>\nPrise de rdv au secr\u00e9tariat des consultations externes de Magny : 01 34 30 52 21<\/p>\n<h4>Consultations de M\u00e9decine Physique et R\u00e9adaptation<\/h4>\n<p>M\u00e9decins consultants sp\u00e9cialistes en M\u00e9decine Physique et R\u00e9adaptation :<\/p>\n<ul>\n<li><span data-olk-copy-source=\"MessageBody\">Dr Yamina Abdelmalek<\/span><\/li>\n<li>Dr Maher Babchia*<\/li>\n<li>Dr Catherine Diard<\/li>\n<li>Dr Hassan Khoubaiz<\/li>\n<li>Dr Nadine Pellegrini<\/li>\n<li>Dr Jean-Luc Poindessous<\/li>\n<li>Dr Francine Vautrin*<\/li>\n<\/ul>\n<p>* En h\u00f4pital de jour, des injections de toxine botulique peuvent \u00eatre propos\u00e9es dans le cadre des atteintes neurologiques centrales<\/p>\n<h4>Handiconsult<\/h4>\n<p>Sont propos\u00e9es aux jeunes adultes et adultes en situation de handicap physique et mental, des consultations :<\/p>\n<ul>\n<li>Somatiques<\/li>\n<li>Gyn\u00e9cologiques<\/li>\n<li>Dentaires \u00e0 vis\u00e9e diagnostique<\/li>\n<li>Douleur<\/li>\n<li>Possibilit\u00e9 d\u2019avoir des avis aupr\u00e8s de cardiologue, endocrinologue, gastro-ent\u00e9rologue, stomatologue, di\u00e9t\u00e9ticienne, orth\u00e9siste, kin\u00e9sith\u00e9rapeute, et\/ou autres.<\/li>\n<\/ul>\n<p>Ces consultations pourront ainsi faciliter le parcours de soins, en donnant aux patients l\u2019acc\u00e8s \u00e0 un accompagnement bienveillant par une \u00e9quipe d\u00e9di\u00e9e.<\/p>\n<p>Pour prendre rendez-vous le secr\u00e9tariat est ouvert du lundi au vendredi, de 9h \u00e0 16h &#8211; 01 34 79 43 77 &#8211; <a href=\"mailto:handiconsult@ght-novo.fr\">handiconsult@ght-novo.fr<\/a><\/p>\n<p><a href=\"https:\/\/hopital-novo.fr\/ghi-vexin\/wp-content\/uploads\/2024\/01\/D9507-triptyque-Handiconsult-HD.pdf\" target=\"_blank\" rel=\"noopener\">T\u00e9l\u00e9charger le document de pr\u00e9sentation d&rsquo;Handiconsult.<\/a><\/p>\n<h4>Imagerie<\/h4>\n<p>Imagerie m\u00e9dicale \u00e0 <a href=\"https:\/\/hopital-novo.fr\/ghi-vexin\/\/wp-content\/uploads\/2019\/05\/Radio-Aincourt-web-123.pdf\">Aincourt<\/a> et \u00e0 Magny : 01 34 30 52 13<br \/>\nPour l&rsquo;examen d&rsquo;ost\u00e9odensitom\u00e9trie : prise de rendez-vous possible via Doctolib<\/p>\n<p>Radiologie conventionnelle, \u00e9chographie, \u00e9cho-doppler,\u00a0ost\u00e9odensitom\u00e9trie, panoramique dentaire<br \/>\nDr G\u00e9rard BENSOUSSAN, Dr Rapha\u00ebl HELOU, Dr Wassim SAADI<\/p>\n<h4>M\u00e9decine du sport et explorations isocin\u00e9tiques<\/h4>\n<p>Dr Cleophax &#8211; Un mardi par mois<br \/>\nPrise de rendez-vous : 01 34 79 43 74<\/p>\n<h4>Traitement de la douleur chronique<\/h4>\n<p>Deux jeudis par mois<br \/>\nPrise de rendez-vous : 01 34 79 43 74 ou adressage par la consultation de douleur du site de Pontoise<\/p>\n","protected":false},"excerpt":{"rendered":"<p>Prendre RDV en ligne Les Consultations Externes\u00a0sur les sites de Magny-en-Vexin et d&rsquo;Aincourt 1) Sur le site de Magny-en-Vexin : 38 rue Carnot &#8211; 95420 Magny-en-Vexin Responsable de Service : Dr Jean-Paul Dabas Secr\u00e9tariat des consultations : T\u00e9l. 01 34 30 52 21 (du Lundi au Vendredi de 9h00 \u00e0 16h30) &#8211; Fax : 01 [&hellip;]<\/p>\n","protected":false},"author":1,"featured_media":0,"parent":0,"menu_order":3,"comment_status":"closed","ping_status":"closed","template":"","meta":{"_acf_changed":false,"footnotes":"","_links_to":"","_links_to_target":""},"class_list":["post-167","page","type-page","status-publish","hentry"],"acf":[],"_links":{"self":[{"href":"https:\/\/hopital-novo.fr\/ghi-vexin\/wp-json\/wp\/v2\/pages\/167","targetHints":{"allow":["GET"]}}],"collection":[{"href":"https:\/\/hopital-novo.fr\/ghi-vexin\/wp-json\/wp\/v2\/pages"}],"about":[{"href":"https:\/\/hopital-novo.fr\/ghi-vexin\/wp-json\/wp\/v2\/types\/page"}],"author":[{"embeddable":true,"href":"https:\/\/hopital-novo.fr\/ghi-vexin\/wp-json\/wp\/v2\/users\/1"}],"replies":[{"embeddable":true,"href":"https:\/\/hopital-novo.fr\/ghi-vexin\/wp-json\/wp\/v2\/comments?post=167"}],"version-history":[{"count":29,"href":"https:\/\/hopital-novo.fr\/ghi-vexin\/wp-json\/wp\/v2\/pages\/167\/revisions"}],"predecessor-version":[{"id":2322,"href":"https:\/\/hopital-novo.fr\/ghi-vexin\/wp-json\/wp\/v2\/pages\/167\/revisions\/2322"}],"wp:attachment":[{"href":"https:\/\/hopital-novo.fr\/ghi-vexin\/wp-json\/wp\/v2\/media?parent=167"}],"curies":[{"name":"wp","href":"https:\/\/api.w.org\/{rel}","templated":true}]}}