{"id":151,"date":"2019-04-16T12:20:04","date_gmt":"2019-04-16T10:20:04","guid":{"rendered":"https:\/\/www.ght-novo.fr\/ghi-vexin\/\/?page_id=151"},"modified":"2024-08-29T12:33:44","modified_gmt":"2024-08-29T10:33:44","slug":"hopital-de-jour","status":"publish","type":"page","link":"https:\/\/hopital-novo.fr\/ghi-vexin\/services-de-soins\/hopital-de-jour\/","title":{"rendered":"H\u00f4pital de Jour"},"content":{"rendered":"<p>L&rsquo;H\u00f4pital de Jour (HDJ) &#8211; Services de SMR sp\u00e9cialis\u00e9s du site d\u2019Aincourt<\/p>\n<p><strong>L&rsquo;h\u00f4pital de Jour, une alternative \u00e0 l&rsquo;hospitalisation<\/strong><\/p>\n<p>L&rsquo;H\u00f4pital de Jour (HDJ) permet d&rsquo;\u00e9viter l&rsquo;hospitalisation \u00e0 temps complet ou d&rsquo;en diminuer la dur\u00e9e\u00a0et de faciliter la r\u00e9insertion progressive des patients dans leur milieu de vie.<\/p>\n<p>Les services assurant une hospitalisation de jour sur le site d&rsquo;Aincourt (b\u00e2timent des C\u00e8dres) :<\/p>\n<p><a href=\"https:\/\/hopital-novo.fr\/ghi-vexin\/\/index.php\/ssr-locomoteur\/\">SMR Locomoteur (21 places) rez-de-chauss\u00e9e<\/a><\/p>\n<p><a href=\"https:\/\/hopital-novo.fr\/ghi-vexin\/\/index.php\/ssr-neurologique\/\">SMR Neurologique (15 places) premier \u00e9tage<\/a> <i>\u00a0<\/i><\/p>\n<p><a href=\"https:\/\/hopital-novo.fr\/ghi-vexin\/\/index.php\/ssr-diabetologie-nutrition\/\">SMR Diab\u00e9tologie-Nutrition (1 place) deuxi\u00e8me \u00e9tage<\/a> <i>\u00a0<\/i><\/p>\n","protected":false},"excerpt":{"rendered":"<p>L&rsquo;H\u00f4pital de Jour (HDJ) &#8211; Services de SMR sp\u00e9cialis\u00e9s du site d\u2019Aincourt L&rsquo;h\u00f4pital de Jour, une alternative \u00e0 l&rsquo;hospitalisation L&rsquo;H\u00f4pital de Jour (HDJ) permet d&rsquo;\u00e9viter l&rsquo;hospitalisation \u00e0 temps complet ou d&rsquo;en diminuer la dur\u00e9e\u00a0et de faciliter la r\u00e9insertion progressive des patients dans leur milieu de vie. Les services assurant une hospitalisation de jour sur le [&hellip;]<\/p>\n","protected":false},"author":1,"featured_media":0,"parent":582,"menu_order":0,"comment_status":"closed","ping_status":"closed","template":"","meta":{"_acf_changed":false,"footnotes":"","_links_to":"","_links_to_target":""},"class_list":["post-151","page","type-page","status-publish","hentry"],"acf":[],"_links":{"self":[{"href":"https:\/\/hopital-novo.fr\/ghi-vexin\/wp-json\/wp\/v2\/pages\/151","targetHints":{"allow":["GET"]}}],"collection":[{"href":"https:\/\/hopital-novo.fr\/ghi-vexin\/wp-json\/wp\/v2\/pages"}],"about":[{"href":"https:\/\/hopital-novo.fr\/ghi-vexin\/wp-json\/wp\/v2\/types\/page"}],"author":[{"embeddable":true,"href":"https:\/\/hopital-novo.fr\/ghi-vexin\/wp-json\/wp\/v2\/users\/1"}],"replies":[{"embeddable":true,"href":"https:\/\/hopital-novo.fr\/ghi-vexin\/wp-json\/wp\/v2\/comments?post=151"}],"version-history":[{"count":2,"href":"https:\/\/hopital-novo.fr\/ghi-vexin\/wp-json\/wp\/v2\/pages\/151\/revisions"}],"predecessor-version":[{"id":2054,"href":"https:\/\/hopital-novo.fr\/ghi-vexin\/wp-json\/wp\/v2\/pages\/151\/revisions\/2054"}],"up":[{"embeddable":true,"href":"https:\/\/hopital-novo.fr\/ghi-vexin\/wp-json\/wp\/v2\/pages\/582"}],"wp:attachment":[{"href":"https:\/\/hopital-novo.fr\/ghi-vexin\/wp-json\/wp\/v2\/media?parent=151"}],"curies":[{"name":"wp","href":"https:\/\/api.w.org\/{rel}","templated":true}]}}