{"id":139,"date":"2019-04-16T12:05:17","date_gmt":"2019-04-16T10:05:17","guid":{"rendered":"https:\/\/www.ght-novo.fr\/ghi-vexin\/\/?page_id=139"},"modified":"2026-02-24T09:11:31","modified_gmt":"2026-02-24T08:11:31","slug":"ssr-locomoteur","status":"publish","type":"page","link":"https:\/\/hopital-novo.fr\/ghi-vexin\/services-de-soins\/ssr-locomoteur\/","title":{"rendered":"SMR Locomoteur"},"content":{"rendered":"<p>Le service de Soins M\u00e9dicaux et de R\u00e9adaptation de l&rsquo;Appareil Locomoteur<\/p>\n<p>24 lits d\u2019hospitalisation compl\u00e8te et 21 places d&rsquo;h\u00f4pital de jour situ\u00e9s au rez-de-chauss\u00e9e du b\u00e2timent \u00ab\u00a0les C\u00e8dres\u00a0\u00bb<\/p>\n<p><strong>Responsable du service :<\/strong><\/p>\n<ul>\n<li>Docteur Jean-Luc POINDESSOUS<\/li>\n<\/ul>\n<p><strong>M\u00e9decins<\/strong><\/p>\n<ul>\n<li>Docteur Yamina ABDELMALEK (Responsable H\u00f4pital de Jour)<\/li>\n<li>Docteur Catherine DIARD<\/li>\n<\/ul>\n<p><strong>Cadre de Sant\u00e9 :<\/strong><br \/>\nAnne FUSELLA<\/p>\n<p><strong>Secr\u00e9tariat hospitalisation :<\/strong><br \/>\nT\u00e9l. : 01 34 79 43 28<br \/>\nFax : 01 34 79 44 91<br \/>\n<span data-olk-copy-source=\"MessageBody\">secretariat.locomoteur@ght-novo.fr\u00a0<\/span><\/p>\n<p><strong>Secr\u00e9tariat H\u00f4pital de Jour :<\/strong><br \/>\nT\u00e9l. : 01 34 79 43 74<br \/>\nconsultations.hdj@ght-novo.fr<\/p>\n<p>Le service de SMR Locomoteur est un service de 24 lits et r\u00e9\u00e9ducation en hospitalisation compl\u00e8te, et 21 places d&rsquo;hospitalisation de jour. Ce service est r\u00e9f\u00e9renc\u00e9 Centre Ressource Infection Ost\u00e9oarticulaire.<\/p>\n<p>Ce service est pourvu de 7 chambres doubles et 11 chambres individuelles permettant d&rsquo;isoler en priorit\u00e9 les patients qui le requi\u00e8rent m\u00e9dicalement.<\/p>\n<p><strong>Population accueillie :<\/strong><\/p>\n<p>Patients souffrant de pathologies rhumatologiques, infectieuses, traumatiques, post-chirurgicales, de douleurs invalidantes chroniques ou n\u00e9cessitant une reprise d&rsquo;autonomie.<\/p>\n<p>Une strat\u00e9gie de prise en charge pluridisciplinaire permet aux patients de b\u00e9n\u00e9ficier :<\/p>\n<ul>\n<li>d&rsquo;un plateau technique performant :\n<ul>\n<li>Kin\u00e9sith\u00e9rapie<\/li>\n<li>Baln\u00e9oth\u00e9rapie<\/li>\n<li>Ergoth\u00e9rapie<\/li>\n<li>Activit\u00e9 physique adapt\u00e9e<\/li>\n<li>Soutien psychologique<\/li>\n<li><span class=\"ILfuVd\"><span class=\"hgKElc\">Psychomotricit\u00e9<\/span><\/span><\/li>\n<li>\u00c9valuation scolaire<\/li>\n<li>Suivi di\u00e9t\u00e9tique<\/li>\n<\/ul>\n<\/li>\n<li>d&rsquo;un suivi m\u00e9dical et param\u00e9dical exp\u00e9riment\u00e9 pouvant assurer divers actes techniques :\n<ul>\n<li>Infiltration<\/li>\n<li>Appareillage<\/li>\n<li>Pansements complexes<\/li>\n<li>Installation en traction-suspension<\/li>\n<li>Appareillage chez les amput\u00e9s<\/li>\n<\/ul>\n<\/li>\n<li>d&rsquo;un mat\u00e9riel moderne et adapt\u00e9 comme :\n<ul>\n<li>Appareil \u00a0d&rsquo;\u00e9chographie v\u00e9sicale ambulatoire<\/li>\n<li>Seringue autopuls\u00e9e<\/li>\n<li>Dynamap-ECG<\/li>\n<li>Oxym\u00e8tre<\/li>\n<li>L\u00e8ve-malade<\/li>\n<li>Bain douche<\/li>\n<li>Matelas anti escarre dynamiques de basse pression<\/li>\n<\/ul>\n<\/li>\n<li>d&rsquo;un parcours de soins en rapport avec l&rsquo;\u00e9volution des performances ou des n\u00e9cessit\u00e9s du patient :\n<ul>\n<li>Sortie au domicile ou vers un lieu de vie<\/li>\n<li>Transfert vers l&rsquo;hospitalisation \u00a0de jour (HDJ)<\/li>\n<li>Transfert vers un autre service de SMR Sp\u00e9cialis\u00e9 (Diab\u00e9tologie\/Nutrition, Neurologie, Pneumologie, G\u00e9riatrie)<\/li>\n<li>Transfert vers le service de chirurgie d&rsquo;origine ou autre service&#8230;<\/li>\n<\/ul>\n<\/li>\n<\/ul>\n<p>La prise en charge et le suivi des hospitalis\u00e9s est optimis\u00e9e par un lien \u00e9troit avec les chirurgiens orthop\u00e9distes et les m\u00e9decins traitants.<\/p>\n<p>&nbsp;<\/p>\n<p>Un programme d&rsquo;\u00e9ducation th\u00e9rapeutique de l&rsquo;amput\u00e9 a \u00e9t\u00e9 mis en place. Il permet une prise en charge pluridisciplinaire des patients amput\u00e9s du membre inf\u00e9rieur. <a href=\"https:\/\/hopital-novo.fr\/ghi-vexin\/services-de-soins\/education-therapeutique-etp\/\" target=\"_blank\" rel=\"noopener noreferrer\">Pour en savoir plus, cliquez ici.<\/a><\/p>\n<p>&nbsp;<\/p>\n<p><a href=\"https:\/\/hopital-novo.fr\/ghi-vexin\/wp-content\/uploads\/2025\/01\/D9859-Livret-A5-SMR-Locomoteur-Aincourt-VF-2025-WEB.pdf\" target=\"_blank\" rel=\"noopener\">Plaquette de pr\u00e9sentation du service<\/a><\/p>\n","protected":false},"excerpt":{"rendered":"<p>Le service de Soins M\u00e9dicaux et de R\u00e9adaptation de l&rsquo;Appareil Locomoteur 24 lits d\u2019hospitalisation compl\u00e8te et 21 places d&rsquo;h\u00f4pital de jour situ\u00e9s au rez-de-chauss\u00e9e du b\u00e2timent \u00ab\u00a0les C\u00e8dres\u00a0\u00bb Responsable du service : Docteur Jean-Luc POINDESSOUS M\u00e9decins Docteur Yamina ABDELMALEK (Responsable H\u00f4pital de Jour) Docteur Catherine DIARD Cadre de Sant\u00e9 : Anne FUSELLA Secr\u00e9tariat hospitalisation : [&hellip;]<\/p>\n","protected":false},"author":1,"featured_media":0,"parent":582,"menu_order":0,"comment_status":"closed","ping_status":"closed","template":"","meta":{"_acf_changed":false,"footnotes":"","_links_to":"","_links_to_target":""},"class_list":["post-139","page","type-page","status-publish","hentry"],"acf":[],"_links":{"self":[{"href":"https:\/\/hopital-novo.fr\/ghi-vexin\/wp-json\/wp\/v2\/pages\/139","targetHints":{"allow":["GET"]}}],"collection":[{"href":"https:\/\/hopital-novo.fr\/ghi-vexin\/wp-json\/wp\/v2\/pages"}],"about":[{"href":"https:\/\/hopital-novo.fr\/ghi-vexin\/wp-json\/wp\/v2\/types\/page"}],"author":[{"embeddable":true,"href":"https:\/\/hopital-novo.fr\/ghi-vexin\/wp-json\/wp\/v2\/users\/1"}],"replies":[{"embeddable":true,"href":"https:\/\/hopital-novo.fr\/ghi-vexin\/wp-json\/wp\/v2\/comments?post=139"}],"version-history":[{"count":12,"href":"https:\/\/hopital-novo.fr\/ghi-vexin\/wp-json\/wp\/v2\/pages\/139\/revisions"}],"predecessor-version":[{"id":2302,"href":"https:\/\/hopital-novo.fr\/ghi-vexin\/wp-json\/wp\/v2\/pages\/139\/revisions\/2302"}],"up":[{"embeddable":true,"href":"https:\/\/hopital-novo.fr\/ghi-vexin\/wp-json\/wp\/v2\/pages\/582"}],"wp:attachment":[{"href":"https:\/\/hopital-novo.fr\/ghi-vexin\/wp-json\/wp\/v2\/media?parent=139"}],"curies":[{"name":"wp","href":"https:\/\/api.w.org\/{rel}","templated":true}]}}