{"id":134,"date":"2019-04-16T11:35:46","date_gmt":"2019-04-16T09:35:46","guid":{"rendered":"https:\/\/www.ght-novo.fr\/ghi-vexin\/\/?page_id=134"},"modified":"2026-02-24T09:02:09","modified_gmt":"2026-02-24T08:02:09","slug":"ssr-pneumologie","status":"publish","type":"page","link":"https:\/\/hopital-novo.fr\/ghi-vexin\/services-de-soins\/ssr-pneumologie\/","title":{"rendered":"SMR Pneumologie"},"content":{"rendered":"<p>Le service de Soins M\u00e9dicaux et de R\u00e9adaptation en Pneumologie (R\u00e9habilitation Respiratoire)<\/p>\n<p>30 lits d\u2019hospitalisation situ\u00e9s dans le b\u00e2timent \u00ab\u00a0les C\u00e8dres\u00a0\u00bb<\/p>\n<div class=\"clear\">Notre \u00e9quipe<\/div>\n<p><strong><i>Responsable de service<\/i> :<\/strong><\/p>\n<ul>\n<li>Dr Bruno PHILIPPE<\/li>\n<\/ul>\n<p><strong><i>Praticiens hospitaliers :<\/i><\/strong><\/p>\n<ul>\n<li>Dr Marine GOSSET WOIMANT<\/li>\n<li>Dr Aurore LAGRANGE<\/li>\n<\/ul>\n<p><i><strong>Cadre de sant\u00e9\u00a0 apprenante :<br \/>\n<\/strong><\/i>Marion GOMEZ<br \/>\nT\u00e9l : 01 34 79 43 65<br \/>\nFax : 01 34 79 44 92<br \/>\n<i><br \/>\n<strong>Psychologue :<\/strong><br \/>\n<\/i>T\u00e9l : 01 34 79 43 92<br \/>\n<i><br \/>\n<strong>Secr\u00e9tariat m\u00e9dical :<\/strong><br \/>\n<\/i>T\u00e9l : 01 34 \u00a079 44 37 &#8211; <span data-olk-copy-source=\"MessageBody\">secretariat.pneumologie@ght-novo.fr<\/span><br \/>\nFax : 01 34 79 44 92<\/p>\n<h3><span class=\"Normal-C1\">Que proposons-nous ?<\/span><\/h3>\n<p><span class=\"Normal-C2\">\u2022 Des programmes individualis\u00e9s de r\u00e9habilitation respiratoire selon les recommandations en vigueur,<br \/>\n\u2022 Des pr\u00e9parations ou des suivis de chirurgie thoracique,<br \/>\n\u2022 La poursuite de soins m\u00e9dicamenteux ou techniques complexes \u00e0 vis\u00e9e respiratoire.<\/span><\/p>\n<h3><span class=\"Normal-C3\">Qui est concern\u00e9 ?<\/span><\/h3>\n<p><span class=\"Normal-C2\">\u2022 Toute personne pr\u00e9sentant une affection respiratoire aigu\u00eb ou chronique responsable d\u2019une d\u00e9gradation de la qualit\u00e9 de vie (exemples\u00a0: BPCO, emphys\u00e8me, dilatation des bronches\u2026)<br \/>\n\u2022 Personne atteinte de certaines infections respiratoires (exemple\u00a0: tuberculose\u2026)<\/span><\/p>\n<h3><span class=\"Normal-C3\">Quand doit-on venir ?<\/span><\/h3>\n<p><span class=\"Normal-C2\">\u2022 Apr\u00e8s un s\u00e9jour en service aigu pour une d\u00e9stabilisation de la maladie respiratoire,<\/span><span class=\"Normal-C5\"><br \/>\n<\/span><span class=\"Normal-C2\">\u2022 Avant ou apr\u00e8s une chirurgie thoracique,<\/span><span class=\"Normal-C5\"><br \/>\n<\/span><span class=\"Normal-C2\">\u2022 A partir de son domicile en cas d\u2019aggravation progressive.<\/span><\/p>\n<h3><span class=\"Normal-C3\">Qui fait les d\u00e9marches d&rsquo;admission ?<\/span><\/h3>\n<p><span class=\"Normal-C2\">\u2022 Le m\u00e9decin r\u00e9f\u00e9rent, le pneumologue ou les m\u00e9decins du service hospitalier demandeur<\/span><\/p>\n<h3><span class=\"Normal-C3\">Quels sont les professionnels du service\u00a0?<\/span><\/h3>\n<p><span class=\"Normal-C2\">\u2022 Une \u00e9quipe pluridisciplinaire assure la globalit\u00e9 des soins : pneumologues, infirmiers, kin\u00e9sith\u00e9rapeutes, psychologue, enseignants en activit\u00e9s physiques adapt\u00e9es, di\u00e9t\u00e9ticienne, psychomotricienne, assistante sociale,neuropsychologues&#8230;<\/span><\/p>\n<h3><span class=\"Normal-C3\">Quelle s\u00e9curit\u00e9 ?<\/span><\/h3>\n<p><span class=\"Normal-C2\">\u2022 Pr\u00e9sence infirmi\u00e8re 24h\/24h, pr\u00e9sence m\u00e9dicale 24h\/24h, kin\u00e9sith\u00e9rapeutes 6j\/7j<\/span><\/p>\n<h3><span class=\"Normal-C3\">De quels moyens disposent le service\u00a0?<\/span><\/h3>\n<p><span class=\"Normal-C2\">\u2022 Plateau technique d\u2019exploration\u00a0: EFR, \u00e9preuve d\u2019effort cardio-respiratoire, GDS, endoscopie bronchique, imp\u00e9dancem\u00e9trie, mesure de l\u2019activit\u00e9 physique\u2026<br \/>\n\u2022 Plateau technique de r\u00e9\u00e9ducation\u00a0: ergocycle, tapis de marche, stepper, v\u00e9lo \u00e0 bras, rameur, baln\u00e9oth\u00e9rapie, kin\u00e9sith\u00e9rapie respiratoire\u2026<br \/>\n\u2022 Salon collectif\u00a0: repas, relaxation, activit\u00e9 d\u2019\u00e9ducation (tables rondes), activit\u00e9 d\u00e9tente (TV, babyfoot, biblioth\u00e8que, jeux de soci\u00e9t\u00e9s)<\/span><\/p>\n<h3><span class=\"Normal-C3\">Combien de temps dure le s\u00e9jour\u00a0?<\/span><\/h3>\n<p><span class=\"Normal-C2\">\u2022 En moyenne 4 \u00e0 6 semaines.<\/span><\/p>\n<h3><span class=\"Normal-C3\">Qu\u2019attend-t-on de ce type de s\u00e9jour\u00a0?<\/span><\/h3>\n<p><span class=\"Normal-C2\">\u2022 Am\u00e9lioration de la qualit\u00e9 de vie,<br \/>\n\u2022 Diminution\u00a0 de l\u2019essoufflement,<br \/>\n\u2022 Augmentation de la capacit\u00e9 \u00e0 l\u2019effort,<br \/>\n\u2022 Diminution des hospitalisations futures<\/span><\/p>\n<h3><span class=\"Normal-C2\">Quels sont nos partenariats ?<br \/>\n<\/span><\/h3>\n<p><span class=\"Normal-C2\">\u2022 Les services consultations, m\u00e9decine et urgences (site de Magny-en-Vexin)<br \/>\n\u2022 Les autres services de r\u00e9\u00e9ducation (site d&rsquo;Aincourt)<br \/>\n\u2022 <a href=\"http:\/\/www.recupair.org\/\" target=\"_blank\" rel=\"noopener noreferrer\">Le r\u00e9seau R\u00e9cup&rsquo;air<\/a><br \/>\n\u2022 L&rsquo;association de patients \u00ab \u00e7a manque pas d&rsquo;air \u00bb \u00a0membre du r\u00e9seau <a href=\"http:\/\/www.ffaair.org\/\" target=\"_blank\" rel=\"noopener noreferrer\">FFAAIR<\/a>.<\/span><\/p>\n<p><a href=\"https:\/\/hopital-novo.fr\/ghi-vexin\/wp-content\/uploads\/2022\/09\/Pneumologie-Co64-septembre-2022.pdf\" target=\"_blank\" rel=\"noopener\">Plaquette de pr\u00e9sentation du service<\/a><\/p>\n<p><a href=\"https:\/\/hopital-novo.fr\/ghi-vexin\/wp-content\/uploads\/2025\/02\/D9822-Triptyque-MPSAT-HD-2.pdf\" target=\"_blank\" rel=\"noopener\">Plaquette de pr\u00e9sentation de la Maison de Pr\u00e9vention en Sant\u00e9 et d\u2019Accompagnement Th\u00e9rapeutique (MPSAT)<\/a><\/p>\n","protected":false},"excerpt":{"rendered":"<p>Le service de Soins M\u00e9dicaux et de R\u00e9adaptation en Pneumologie (R\u00e9habilitation Respiratoire) 30 lits d\u2019hospitalisation situ\u00e9s dans le b\u00e2timent \u00ab\u00a0les C\u00e8dres\u00a0\u00bb Notre \u00e9quipe Responsable de service : Dr Bruno PHILIPPE Praticiens hospitaliers : Dr Marine GOSSET WOIMANT Dr Aurore LAGRANGE Cadre de sant\u00e9\u00a0 apprenante : Marion GOMEZ T\u00e9l : 01 34 79 43 65 Fax [&hellip;]<\/p>\n","protected":false},"author":1,"featured_media":0,"parent":582,"menu_order":0,"comment_status":"closed","ping_status":"closed","template":"","meta":{"_acf_changed":false,"footnotes":"","_links_to":"","_links_to_target":""},"class_list":["post-134","page","type-page","status-publish","hentry"],"acf":[],"_links":{"self":[{"href":"https:\/\/hopital-novo.fr\/ghi-vexin\/wp-json\/wp\/v2\/pages\/134","targetHints":{"allow":["GET"]}}],"collection":[{"href":"https:\/\/hopital-novo.fr\/ghi-vexin\/wp-json\/wp\/v2\/pages"}],"about":[{"href":"https:\/\/hopital-novo.fr\/ghi-vexin\/wp-json\/wp\/v2\/types\/page"}],"author":[{"embeddable":true,"href":"https:\/\/hopital-novo.fr\/ghi-vexin\/wp-json\/wp\/v2\/users\/1"}],"replies":[{"embeddable":true,"href":"https:\/\/hopital-novo.fr\/ghi-vexin\/wp-json\/wp\/v2\/comments?post=134"}],"version-history":[{"count":14,"href":"https:\/\/hopital-novo.fr\/ghi-vexin\/wp-json\/wp\/v2\/pages\/134\/revisions"}],"predecessor-version":[{"id":2301,"href":"https:\/\/hopital-novo.fr\/ghi-vexin\/wp-json\/wp\/v2\/pages\/134\/revisions\/2301"}],"up":[{"embeddable":true,"href":"https:\/\/hopital-novo.fr\/ghi-vexin\/wp-json\/wp\/v2\/pages\/582"}],"wp:attachment":[{"href":"https:\/\/hopital-novo.fr\/ghi-vexin\/wp-json\/wp\/v2\/media?parent=134"}],"curies":[{"name":"wp","href":"https:\/\/api.w.org\/{rel}","templated":true}]}}