{"id":123,"date":"2019-04-16T10:53:30","date_gmt":"2019-04-16T08:53:30","guid":{"rendered":"https:\/\/www.ght-novo.fr\/ghi-vexin\/\/?page_id=123"},"modified":"2025-04-28T17:09:46","modified_gmt":"2025-04-28T15:09:46","slug":"equipe-mobile-de-soins-palliatifs","status":"publish","type":"page","link":"https:\/\/hopital-novo.fr\/ghi-vexin\/services-de-soins\/equipe-mobile-de-soins-palliatifs\/","title":{"rendered":"Equipe Mobile de Soins Palliatifs"},"content":{"rendered":"<p>L&rsquo;\u00c9quipe Mobile de Soins Palliatifs (EMSP)<\/p>\n<h2>Site de Magny-en-Vexin<\/h2>\n<p><strong>Chef de P\u00f4le :<br \/>\n<\/strong>Dr Bruno Philippe<\/p>\n<p><strong>Chef de service :<\/strong><br \/>\nDr C\u00e9cile DURAND<\/p>\n<p><strong>M\u00e9decin r\u00e9f\u00e9rent :<br \/>\n<\/strong>Docteur Marie THUONG<\/p>\n<p><strong>Cadre de sant\u00e9 apprenant :<br \/>\n<\/strong>Laetitia BALLIET<strong><br \/>\n<\/strong><\/p>\n<p><strong>Psychologues :<br \/>\n<\/strong>Claudie ROBERT &#8211; <a href=\"mailto:claudie.robert@ght-novo.fr\">Courriel<\/a><\/p>\n<p><strong>Secr\u00e9tariat :<br \/>\n<\/strong>T\u00e9l :\u00a0 01 34 30 52 38<br \/>\nFax : 01 34 30 52 37<br \/>\n<a href=\"mailto:secretariat-emsp@ght-novo.fr\">Courriel<\/a><\/p>\n<h3>L\u2019\u00c9quipe Mobile de Soins Palliatifs (EMSP) et ses missions<\/h3>\n<p>L&rsquo;\u00e9quipe est pluridisciplinaire, form\u00e9e en soins palliatifs et \u00e0 l\u2019accompagnement en fin de vie.<br \/>\nElle a un r\u00f4le transversal au sein des \u00e9tablissements et au domicile. Ainsi, elle assure le lien entre l\u2019h\u00f4pital et le domicile.<br \/>\nElle intervient aupr\u00e8s des \u00e9quipes soignantes, des patients et de leur famille avec l\u2019accord du m\u00e9decin r\u00e9f\u00e9rent.<br \/>\nDans un contexte de maladie grave, ou de fin de vie,<\/p>\n<p>l\u2019\u00c9quipe Mobile de Soins Palliatifs intervient aupr\u00e8s de la personne en milieu hospitalier ou chez elle pour :<br \/>\n\u2022 \u00e9valuer la douleur et les sympt\u00f4mes d\u2019inconfort,<br \/>\n\u2022 faire des propositions th\u00e9rapeutiques (traitement, toucher-massage, relaxation).<\/p>\n<p>Dans un second temps, elle r\u00e9\u00e9value la situation.<br \/>\nElle a un r\u00f4le d\u2019aide et d\u2019\u00e9coute de la personne et de son entourage (soutien psychologique).<br \/>\nElle propose des consultations externes m\u00e9dicales pluridisciplinaires, et psychologiques (soutien, suivi de deuil&#8230;).<br \/>\nAupr\u00e8s de l\u2019\u00e9quipe soignante, l\u2019EMSP a un r\u00f4le de conseil et de soutien (r\u00e9flexion \u00e9thique, aide \u00e0 la prise de d\u00e9cision&#8230;) ainsi qu\u2019un r\u00f4le de formation et d\u2019enseignement aupr\u00e8s des \u00e9tudiants, h\u00f4pitaux, cliniques&#8230; d\u00e9coulant d\u2019un travail de recherche.<\/p>\n<p>Lits identifi\u00e9s Soins Palliatifs (LISP)<\/p>\n<p>Outre l&rsquo;EMSP, l&rsquo;H\u00f4pital NOVO &#8211; Site de Magny-en-Vexin dispose de 5 lits identifi\u00e9s en soins palliatifs, situ\u00e9s au sein du service m\u00e9decine.<\/p>\n<h4>D\u00e9finition des soins palliatifs<\/h4>\n<p>Les soins palliatifs sont des soins actifs d\u00e9livr\u00e9s dans une approche globale de la personne atteinte d&rsquo;une maladie grave, \u00e9volutive ou terminale. L\u2019objectif des soins palliatifs est de soulager les douleurs physiques et les autres sympt\u00f4mes, mais aussi de prendre en compte la souffrance psychologique, sociale et spirituelle.<\/p>\n<p>Les soins palliatifs et l&rsquo;accompagnement sont pluridisciplinaires. Ils s&rsquo;adressent au malade en tant que personne, \u00e0 sa famille et \u00e0 ses proches, \u00e0 domicile ou en institution.<\/p>\n<p>La formation et le soutien des soignants et des b\u00e9n\u00e9voles font partie de cette d\u00e9marche.<\/p>\n<p><a href=\"http:\/\/www.sfap.org\/\" target=\"_blank\" rel=\"noopener noreferrer\"><i>Soci\u00e9t\u00e9 Fran\u00e7aise d\u2019Accompagnement en Soins Palliatifs \u00a0(SFAP)<\/i><\/a><\/p>\n<p><img loading=\"lazy\" decoding=\"async\" class=\"alignnone size-medium wp-image-382\" src=\"https:\/\/hopital-novo.fr\/ghi-vexin\/\/wp-content\/uploads\/2019\/05\/Bientraitance-detail-mains-300x183.jpg\" alt=\"Bientraitance\" width=\"300\" height=\"183\" srcset=\"https:\/\/hopital-novo.fr\/ghi-vexin\/wp-content\/uploads\/2019\/05\/Bientraitance-detail-mains-300x183.jpg 300w, https:\/\/hopital-novo.fr\/ghi-vexin\/wp-content\/uploads\/2019\/05\/Bientraitance-detail-mains-768x468.jpg 768w, https:\/\/hopital-novo.fr\/ghi-vexin\/wp-content\/uploads\/2019\/05\/Bientraitance-detail-mains.jpg 984w\" sizes=\"auto, (max-width: 300px) 100vw, 300px\" \/><\/p>\n","protected":false},"excerpt":{"rendered":"<p>L&rsquo;\u00c9quipe Mobile de Soins Palliatifs (EMSP) Site de Magny-en-Vexin Chef de P\u00f4le : Dr Bruno Philippe Chef de service : Dr C\u00e9cile DURAND M\u00e9decin r\u00e9f\u00e9rent : Docteur Marie THUONG Cadre de sant\u00e9 apprenant : Laetitia BALLIET Psychologues : Claudie ROBERT &#8211; Courriel Secr\u00e9tariat : T\u00e9l :\u00a0 01 34 30 52 38 Fax : 01 34 [&hellip;]<\/p>\n","protected":false},"author":1,"featured_media":0,"parent":582,"menu_order":0,"comment_status":"closed","ping_status":"closed","template":"","meta":{"_acf_changed":false,"footnotes":"","_links_to":"","_links_to_target":""},"class_list":["post-123","page","type-page","status-publish","hentry"],"acf":[],"_links":{"self":[{"href":"https:\/\/hopital-novo.fr\/ghi-vexin\/wp-json\/wp\/v2\/pages\/123","targetHints":{"allow":["GET"]}}],"collection":[{"href":"https:\/\/hopital-novo.fr\/ghi-vexin\/wp-json\/wp\/v2\/pages"}],"about":[{"href":"https:\/\/hopital-novo.fr\/ghi-vexin\/wp-json\/wp\/v2\/types\/page"}],"author":[{"embeddable":true,"href":"https:\/\/hopital-novo.fr\/ghi-vexin\/wp-json\/wp\/v2\/users\/1"}],"replies":[{"embeddable":true,"href":"https:\/\/hopital-novo.fr\/ghi-vexin\/wp-json\/wp\/v2\/comments?post=123"}],"version-history":[{"count":12,"href":"https:\/\/hopital-novo.fr\/ghi-vexin\/wp-json\/wp\/v2\/pages\/123\/revisions"}],"predecessor-version":[{"id":2216,"href":"https:\/\/hopital-novo.fr\/ghi-vexin\/wp-json\/wp\/v2\/pages\/123\/revisions\/2216"}],"up":[{"embeddable":true,"href":"https:\/\/hopital-novo.fr\/ghi-vexin\/wp-json\/wp\/v2\/pages\/582"}],"wp:attachment":[{"href":"https:\/\/hopital-novo.fr\/ghi-vexin\/wp-json\/wp\/v2\/media?parent=123"}],"curies":[{"name":"wp","href":"https:\/\/api.w.org\/{rel}","templated":true}]}}