{"id":120,"date":"2019-04-16T10:46:46","date_gmt":"2019-04-16T08:46:46","guid":{"rendered":"https:\/\/www.ght-novo.fr\/ghi-vexin\/\/?page_id=120"},"modified":"2025-07-04T12:32:33","modified_gmt":"2025-07-04T10:32:33","slug":"medecine-polyvalente","status":"publish","type":"page","link":"https:\/\/hopital-novo.fr\/ghi-vexin\/services-de-soins\/medecine-polyvalente\/","title":{"rendered":"M\u00e9decine polyvalente"},"content":{"rendered":"<p>Le Service de M\u00e9decine Polyvalente<br \/>\nSite de Magny-en-Vexin : 26 lits d&rsquo;hospitalisation dont 5 identifi\u00e9s Soins Palliatifs<\/p>\n<p><strong>Responsable de Service :\u00a0<\/strong><br \/>\nDocteur Thomas AKPAN<a href=\"mailto:thomas.akpan@137.74.172.63\"><br \/>\n<\/a><\/p>\n<p><strong>Cadre de Sant\u00e9 \u00a0:\u00a0<\/strong><br \/>\nSandrine LE GUILLY<\/p>\n<p><strong>Secr\u00e9tariat :<\/strong><br \/>\nT\u00e9l :\u00a0 01 34 30 52 34<br \/>\nFax : 01 34 30 52 33<br \/>\n<a href=\"mailto:secretariat-medecine@ght-novo.fr\">Courriel<\/a><\/p>\n<h2>Description du service<\/h2>\n<p>Situ\u00e9 au premier \u00e9tage du b\u00e2timent principal de l\u2019h\u00f4pital de Magny-en-Vexin, le service de m\u00e9decine polyvalente remplit son r\u00f4le de proximit\u00e9 en accueillant des patients porteurs de diverses pathologies, venant de la ville de Magny-en-Vexin et des communes avoisinantes, ainsi que des fili\u00e8res de soins d\u00e9velopp\u00e9es depuis plusieurs ann\u00e9es.<br \/>\nLe service de m\u00e9decine poss\u00e8de 26 lits dont 5 lits identifi\u00e9s \u201cSoins Palliatifs\u201d. Il comporte 14 chambres individuelles et 6 chambres doubles.<br \/>\nToutes les chambres poss\u00e8dent sanitaires et douches individuels. Elles sont \u00e9quip\u00e9es de lits \u00e9lectriques \u00e0 hauteur variable, de t\u00e9l\u00e9visions et mobiliers adapt\u00e9s.<\/p>\n<h2>Horaires de visite :<\/h2>\n<p>Les visites sont autoris\u00e9es de 13h \u00e0 20h mais les enfants de moins de 15 ans ne sont pas autoris\u00e9s.<\/p>\n<h2>Notre \u00e9quipe<\/h2>\n<p>Docteur Thomas AKPAN, praticien hospitalier, responsable de service.<br \/>\nInfectiologie &#8211; Pathologies li\u00e9es au V.I.H.<\/p>\n<p>Docteur Marie THUONG, R\u00e9f\u00e9rent EMSP.<\/p>\n<div>Docteur\u00a0 Julia CRESPO MOEGLIN, M\u00e9decine interne-pathologies li\u00e9es au VIH<\/div>\n<p>Docteur Marie KAYAYA TSHIKELE<\/p>\n<p>Docteur Ferah BOURAHLA<\/p>\n<p>Cadre de sant\u00e9 : Sandrine LE GUILLY<\/p>\n<p>\u00c9quipe pluri-professionnelle : m\u00e9decins, infirmi\u00e8res, aides soignantes, agents des services hospitaliers, di\u00e9t\u00e9ticiennes, kin\u00e9sith\u00e9rapeutes, ergoth\u00e9rapeutes, assistantes sociales, secr\u00e9taires m\u00e9dicales &#8230;<\/p>\n<p>En permanence nuit et jour\u00a0:\u00a0m\u00e9decin, infirmi\u00e8re, aide-soignante.<\/p>\n<p><a href=\"https:\/\/hopital-novo.fr\/ghi-vexin\/wp-content\/uploads\/2024\/08\/D9740-Livret-A5-medecine-polyvalente-Magny-en-vexin-HD.pdf\" target=\"_blank\" rel=\"noopener\">Plaquette du service m\u00e9decine<\/a><\/p>\n","protected":false},"excerpt":{"rendered":"<p>Le Service de M\u00e9decine Polyvalente Site de Magny-en-Vexin : 26 lits d&rsquo;hospitalisation dont 5 identifi\u00e9s Soins Palliatifs Responsable de Service :\u00a0 Docteur Thomas AKPAN Cadre de Sant\u00e9 \u00a0:\u00a0 Sandrine LE GUILLY Secr\u00e9tariat : T\u00e9l :\u00a0 01 34 30 52 34 Fax : 01 34 30 52 33 Courriel Description du service Situ\u00e9 au premier \u00e9tage [&hellip;]<\/p>\n","protected":false},"author":1,"featured_media":0,"parent":582,"menu_order":0,"comment_status":"closed","ping_status":"closed","template":"","meta":{"_acf_changed":false,"footnotes":"","_links_to":"","_links_to_target":""},"class_list":["post-120","page","type-page","status-publish","hentry"],"acf":[],"_links":{"self":[{"href":"https:\/\/hopital-novo.fr\/ghi-vexin\/wp-json\/wp\/v2\/pages\/120","targetHints":{"allow":["GET"]}}],"collection":[{"href":"https:\/\/hopital-novo.fr\/ghi-vexin\/wp-json\/wp\/v2\/pages"}],"about":[{"href":"https:\/\/hopital-novo.fr\/ghi-vexin\/wp-json\/wp\/v2\/types\/page"}],"author":[{"embeddable":true,"href":"https:\/\/hopital-novo.fr\/ghi-vexin\/wp-json\/wp\/v2\/users\/1"}],"replies":[{"embeddable":true,"href":"https:\/\/hopital-novo.fr\/ghi-vexin\/wp-json\/wp\/v2\/comments?post=120"}],"version-history":[{"count":15,"href":"https:\/\/hopital-novo.fr\/ghi-vexin\/wp-json\/wp\/v2\/pages\/120\/revisions"}],"predecessor-version":[{"id":2235,"href":"https:\/\/hopital-novo.fr\/ghi-vexin\/wp-json\/wp\/v2\/pages\/120\/revisions\/2235"}],"up":[{"embeddable":true,"href":"https:\/\/hopital-novo.fr\/ghi-vexin\/wp-json\/wp\/v2\/pages\/582"}],"wp:attachment":[{"href":"https:\/\/hopital-novo.fr\/ghi-vexin\/wp-json\/wp\/v2\/media?parent=120"}],"curies":[{"name":"wp","href":"https:\/\/api.w.org\/{rel}","templated":true}]}}