{"id":116,"date":"2019-04-16T10:42:10","date_gmt":"2019-04-16T08:42:10","guid":{"rendered":"https:\/\/www.ght-novo.fr\/ghi-vexin\/\/?page_id=116"},"modified":"2025-12-10T12:13:35","modified_gmt":"2025-12-10T11:13:35","slug":"urgences-et-hctd","status":"publish","type":"page","link":"https:\/\/hopital-novo.fr\/ghi-vexin\/services-de-soins\/urgences-et-hctd\/","title":{"rendered":"Urgences et HCTD"},"content":{"rendered":"<p>Les Urgences et l&rsquo;Hospitalisation de Tr\u00e8s Courte Dur\u00e9e (HTCD)<\/p>\n<h2>Site de Magny-en-Vexin<\/h2>\n<p><strong>Responsable de Service :\u00a0<\/strong><br \/>\nDocteur Jean-Paul DABAS<a href=\"mailto:jean-paul.dabas@137.74.172.63\"><br \/>\n<\/a><\/p>\n<p><strong>Cadre de Sant\u00e9 :\u00a0<\/strong><br \/>\nMyriam ENES<br \/>\nT\u00e9l : 01 34 30 52 18<br \/>\nFax : 01 34 30 52 04<\/p>\n<h3>Notre r\u00f4le<\/h3>\n<p>Les Urgences de Magny-en-Vexin assurent l\u2019accueil et la prise en charge des patients<br \/>\npour tout le nord-ouest du Val-d\u2019Oise et du Vexin, 24h\/24h, toute l\u2019ann\u00e9e, adultes et<br \/>\nenfants.<\/p>\n<p>En cas de fermeture de cabinets lib\u00e9raux, pour la permanence des soins (au vu de<br \/>\nl\u2019absence de syst\u00e8me de garde lib\u00e9rale ou de pr\u00e9sence de SOS M\u00e9decins), ce sont les<br \/>\nUrgences qui accueillent tous les patients.<\/p>\n<h3>Nos comp\u00e9tences<\/h3>\n<p>Toutes les pathologies y sont accueillies, et si la pr\u00e9sence de plateaux techniques plus<br \/>\nimportants est n\u00e9cessaire, les patients seront adress\u00e9s via un r\u00e9seau bien identifi\u00e9 sur<br \/>\nles lits de r\u00e9animation, de chirurgie, obst\u00e9tricaux, et autres de nos partenaires.<\/p>\n<p>Les urgences b\u00e9n\u00e9ficient de la radiologie et de la biologie 24h\/24h.<br \/>\nLes consultations post-urgences sont assur\u00e9es par la m\u00eame \u00e9quipe.<\/p>\n<h3>Nos \u00e9quipes<\/h3>\n<h4>L&rsquo;\u00e9quipe m\u00e9dicale<\/h4>\n<p>Le responsable de service : Docteur Jean-Paul DABAS<a href=\"mailto:jean-paul.dabas@ght-novo.fr\"><br \/>\n<\/a><\/p>\n<p>L\u2019\u00e9quipe m\u00e9dicale, des praticiens urgentistes dipl\u00f4m\u00e9s exp\u00e9riment\u00e9s :<br \/>\nDes praticiens urgentistes dipl\u00f4m\u00e9s exp\u00e9riment\u00e9s :<br \/>\nDr Boualem AIT HATRIT,<br \/>\nDr Thomas AKPAN,<br \/>\nDr Nad\u00e8ge BONNETON,<br \/>\nDr Kamel CHABOUNI<br \/>\n<span id=\"page109R_mcid1904\" class=\"markedContent\"><span dir=\"ltr\" role=\"presentation\">Dr Kamel <\/span><\/span><span id=\"page109R_mcid1905\" class=\"markedContent\"><span dir=\"ltr\" role=\"presentation\">DJENNAD<\/span><\/span><br \/>\nDr Borris MAKAYA,<br \/>\nDr Bouaziz MESSAI,<br \/>\nDr Zoubir MILI,<br \/>\nDr \u00c9lise MUNIER,<br \/>\nDr Zahia TLILANE.<\/p>\n<h4>L&rsquo;\u00e9quipe param\u00e9dicale<\/h4>\n<p>Le cadre de sant\u00e9<br \/>\nL\u2019\u00e9quipe soignante : 7 infirmi\u00e8res, 7 aides-soignantes, 2 brancardiers, 1 secr\u00e9taire.<\/p>\n<p>Secr\u00e9tariat m\u00e9dical des Urgences :<br \/>\nT\u00e9l. 01 34 30 52 09<br \/>\ndu lundi au vendredi de 09h00 \u00e0 16h30<br \/>\nFax. 01 34 30 52 20<br \/>\n<a href=\"mailto:secretariat-urgences.consultations@ght-novo.fr\">secretariat-urgences.consultations@ght-novo.fr<\/a><\/p>\n<h2>Les locaux<\/h2>\n<p>Le service dispose de :<br \/>\n5 box d\u2019Urgence, dont une salle de d\u00e9chocage, un box de pl\u00e2tre, une salle pour la fili\u00e8re rapide<br \/>\n2 Chambres d\u2019hospitalisation contigu\u00ebs (Hospitalisation de Tr\u00e8s Courte Dur\u00e9e)<\/p>\n<p><a href=\"https:\/\/hopital-novo.fr\/ghi-vexin\/\/wp-content\/uploads\/2019\/12\/Urgences-Co36-web-38.pdf\" target=\"_blank\" rel=\"noopener noreferrer\">Plaquette de pr\u00e9sentation du service<\/a><\/p>\n<p><a href=\"https:\/\/hopital-novo.fr\/ghi-vexin\/\/wp-content\/uploads\/2019\/04\/Livret-Accueil-Urgences-Co265-web-4.pdf\" target=\"_blank\" rel=\"noopener noreferrer\">Livret d&rsquo;accueil<\/a><\/p>\n<p><img loading=\"lazy\" decoding=\"async\" class=\"alignnone size-medium wp-image-486\" src=\"https:\/\/hopital-novo.fr\/ghi-vexin\/\/wp-content\/uploads\/2019\/05\/Acces-urgences-1-300x200.jpg\" alt=\"\" width=\"300\" height=\"200\" srcset=\"https:\/\/hopital-novo.fr\/ghi-vexin\/wp-content\/uploads\/2019\/05\/Acces-urgences-1-300x200.jpg 300w, https:\/\/hopital-novo.fr\/ghi-vexin\/wp-content\/uploads\/2019\/05\/Acces-urgences-1-768x512.jpg 768w, https:\/\/hopital-novo.fr\/ghi-vexin\/wp-content\/uploads\/2019\/05\/Acces-urgences-1-1024x683.jpg 1024w\" sizes=\"auto, (max-width: 300px) 100vw, 300px\" \/><\/p>\n","protected":false},"excerpt":{"rendered":"<p>Les Urgences et l&rsquo;Hospitalisation de Tr\u00e8s Courte Dur\u00e9e (HTCD) Site de Magny-en-Vexin Responsable de Service :\u00a0 Docteur Jean-Paul DABAS Cadre de Sant\u00e9 :\u00a0 Myriam ENES T\u00e9l : 01 34 30 52 18 Fax : 01 34 30 52 04 Notre r\u00f4le Les Urgences de Magny-en-Vexin assurent l\u2019accueil et la prise en charge des patients pour [&hellip;]<\/p>\n","protected":false},"author":1,"featured_media":0,"parent":582,"menu_order":0,"comment_status":"closed","ping_status":"closed","template":"","meta":{"_acf_changed":false,"footnotes":"","_links_to":"","_links_to_target":""},"class_list":["post-116","page","type-page","status-publish","hentry"],"acf":[],"_links":{"self":[{"href":"https:\/\/hopital-novo.fr\/ghi-vexin\/wp-json\/wp\/v2\/pages\/116","targetHints":{"allow":["GET"]}}],"collection":[{"href":"https:\/\/hopital-novo.fr\/ghi-vexin\/wp-json\/wp\/v2\/pages"}],"about":[{"href":"https:\/\/hopital-novo.fr\/ghi-vexin\/wp-json\/wp\/v2\/types\/page"}],"author":[{"embeddable":true,"href":"https:\/\/hopital-novo.fr\/ghi-vexin\/wp-json\/wp\/v2\/users\/1"}],"replies":[{"embeddable":true,"href":"https:\/\/hopital-novo.fr\/ghi-vexin\/wp-json\/wp\/v2\/comments?post=116"}],"version-history":[{"count":11,"href":"https:\/\/hopital-novo.fr\/ghi-vexin\/wp-json\/wp\/v2\/pages\/116\/revisions"}],"predecessor-version":[{"id":2281,"href":"https:\/\/hopital-novo.fr\/ghi-vexin\/wp-json\/wp\/v2\/pages\/116\/revisions\/2281"}],"up":[{"embeddable":true,"href":"https:\/\/hopital-novo.fr\/ghi-vexin\/wp-json\/wp\/v2\/pages\/582"}],"wp:attachment":[{"href":"https:\/\/hopital-novo.fr\/ghi-vexin\/wp-json\/wp\/v2\/media?parent=116"}],"curies":[{"name":"wp","href":"https:\/\/api.w.org\/{rel}","templated":true}]}}