


{"id":945,"date":"2015-09-04T12:56:11","date_gmt":"2015-09-04T11:56:11","guid":{"rendered":"https:\/\/hopital-novo.fr\/ghcpo\/?page_id=945"},"modified":"2026-04-09T16:05:39","modified_gmt":"2026-04-09T15:05:39","slug":"offres-demploi","status":"publish","type":"page","link":"https:\/\/hopital-novo.fr\/ghcpo\/espace-professionnel\/offres-demploi\/","title":{"rendered":"Offres d&#8217;emploi"},"content":{"rendered":"<h2>L&rsquo;H\u00f4pital NOVO recrute<\/h2>\n<div class=\"su-accordion su-u-trim\"><\/div>\n<div class=\"su-spoiler su-spoiler-style-fancy su-spoiler-icon-plus su-spoiler-closed\" data-scroll-offset=\"0\" data-anchor-in-url=\"no\"><div class=\"su-spoiler-title\" tabindex=\"0\" role=\"button\"><span class=\"su-spoiler-icon\"><\/span>Offres d'emploi - Secteur m\u00e9dical<\/div><div class=\"su-spoiler-content su-u-clearfix su-u-trim\">\n<\/div><\/div>\n<div class=\"su-accordion su-u-trim\"><\/div>\n<div class=\"su-spoiler su-spoiler-style-fancy su-spoiler-icon-plus su-spoiler-closed\" data-scroll-offset=\"0\" data-anchor-in-url=\"no\"><div class=\"su-spoiler-title\" tabindex=\"0\" role=\"button\"><span class=\"su-spoiler-icon\"><\/span>Offres d'emploi - Secteur param\u00e9dical<\/div><div class=\"su-spoiler-content su-u-clearfix su-u-trim\">\n<p><strong>Cadre sup\u00e9rieur de sant\u00e9 P\u00f4le sant\u00e9 de l&rsquo;enfant. <\/strong><a href=\"https:\/\/hopital-novo.fr\/ghcpo\/wp-content\/uploads\/2026\/04\/Offre-emploi-CSS-pole-sante-de-lenfant.pdf\" target=\"_blank\" rel=\"noopener\">Cliquez ici.<\/a> Offre publi\u00e9e le 07\/04\/2026<\/p>\n<p><strong>Masseur Kinesitherapeute.<\/strong> <a href=\"https:\/\/hopital-novo.fr\/ghcpo\/wp-content\/uploads\/2026\/03\/Offre-emploi-masseur-Kinesitherapeute-Beaumont.pdf\" target=\"_blank\" rel=\"noopener\">Cliquez ici.<\/a> Offre publi\u00e9e le 26\/03\/2026<\/p>\n<p><strong>Infirmier(e) de nuit en M\u00e9decine Aigu\u00eb G\u00e9riatrique<\/strong>. <a href=\"https:\/\/hopital-novo.fr\/ghcpo\/wp-content\/uploads\/2025\/12\/Offre-emploi-IDE-NUIT-MAG.pdf\" target=\"_blank\" rel=\"noopener\">Cliquez ici.<\/a> Offre publi\u00e9e le 16\/12\/2025<\/p>\n<p><strong>Infirmier(e) pour l&rsquo;Unit\u00e9 Mobile de Psycho G\u00e9riatrie. <\/strong><a href=\"https:\/\/hopital-novo.fr\/ghcpo\/wp-content\/uploads\/2025\/12\/Offre-emploi-IDE-UMPG.pdf\" target=\"_blank\" rel=\"noopener\">Cliquez ici.<\/a> Offre publi\u00e9e le 16\/12\/2025<\/p>\n<p><strong>Cadre de sant\u00e9 MAG et SMR sp\u00e9cialis\u00e9s.<\/strong><a href=\"https:\/\/hopital-novo.fr\/ghcpo\/wp-content\/uploads\/2025\/11\/Offre-emploi-cadre-de-sante-MAG-et-Soins-de-medecine-et-readaption-specialises-1.pdf\" target=\"_blank\" rel=\"noopener\"> Cliquez ici.<\/a> Offre publi\u00e9e le 13\/11\/2025<\/p>\n<p><strong>Cadre socio-\u00e9ducatif fili\u00e8re assistante sociale au CSAPA de Persan.<\/strong> <a href=\"https:\/\/hopital-novo.fr\/ghcpo\/wp-content\/uploads\/2025\/10\/offre-emploi-cadre-socioeducatif-filiere-assistante-sociale.pdf\" target=\"_blank\" rel=\"noopener\">Cliquez ici.<\/a> Offre publi\u00e9e le 31\/10\/2025<\/p>\n<p><strong>2 Manipulateurs en Electroradiologie (1 jour \/ 1 nuit).<\/strong> <a href=\"https:\/\/hopital-novo.fr\/ghcpo\/wp-content\/uploads\/2025\/02\/Annonce-recrutement-MERM-BT.pdf\" target=\"_blank\" rel=\"noopener\">Cliquez ici<\/a> . Offre publi\u00e9e le 24\/10\/2025<\/p>\n<p><strong>Cadre de sant\u00e9 de nuit. <\/strong><a href=\"https:\/\/hopital-novo.fr\/ghcpo\/wp-content\/uploads\/2025\/10\/fiche-de-poste-cadre-de-nuit-BMT.pdf\" target=\"_blank\" rel=\"noopener\">Cliquez ici<\/a>. Offre publi\u00e9e le 17\/10\/2025<\/p>\n<p><strong>Infirmier(e) mobile d&rsquo;hygi\u00e8ne en EHPAD.<\/strong> <a href=\"https:\/\/hopital-novo.fr\/ghcpo\/wp-content\/uploads\/2025\/08\/Offre-emploi-Infirmiere-mobile-hygiene-EPRI.pdf\" target=\"_blank\" rel=\"noopener\">Cliquez ici.<\/a> Offre publi\u00e9e le 19\/08\/2025<\/p>\n<p>&nbsp;<\/p>\n<p style=\"text-align: left;\">\u00a0<\/p>\n<p style=\"text-align: left;\"><\/div><\/div>\n<div class=\"su-accordion su-u-trim\"><\/div>\n<div class=\"su-spoiler su-spoiler-style-fancy su-spoiler-icon-plus su-spoiler-closed\" data-scroll-offset=\"0\" data-anchor-in-url=\"no\"><div class=\"su-spoiler-title\" tabindex=\"0\" role=\"button\"><span class=\"su-spoiler-icon\"><\/span>Offres d'emploi - Autres secteurs<\/div><div class=\"su-spoiler-content su-u-clearfix su-u-trim\">\n<p><a href=\"https:\/\/hopital-novo.fr\/ghcpo\/wp-content\/uploads\/2026\/04\/Offre-emploi-Assistant-RU-2026.pdf\" target=\"_blank\" rel=\"noopener\"><strong>Assistant(e) pour le service des relations avec les usagers.\u00a0<\/strong><\/a>Offre publi\u00e9e le 9\/04\/2026<\/p>\n<p><strong>R\u00e9f\u00e9rent qualit\u00e9.<\/strong><a href=\"https:\/\/hopital-novo.fr\/ghcpo\/wp-content\/uploads\/2026\/02\/Offre-emploi-Referent-qualite-NOVO-2026.pdf\" target=\"_blank\" rel=\"noopener\"> Cliquez ici.<\/a> Offre publi\u00e9e le 04\/02\/2026<\/p>\n<p><strong>\u00c9lectricien(ne) &#8211; \u00e9lectrotechnicien(ne) de maintenance.<\/strong> <a href=\"https:\/\/hopital-novo.fr\/ghcpo\/wp-content\/uploads\/2025\/07\/Fiche-de-poste-electricien-site-Beaumont-juillet-2025.pdf\" target=\"_blank\" rel=\"noopener\">Cliquez ici.<\/a> Offre publi\u00e9e le <em>8\/12\/25<\/em><\/p>\n<p><strong>Ing\u00e9nieur(e) Responsable du D\u00e9partement Conduite d\u2019op\u00e9rations de travaux.<\/strong> <a href=\"https:\/\/hopital-novo.fr\/ghcpo\/wp-content\/uploads\/2025\/05\/Offre-emploi-Ingenieure-Responsable-du-Departement-Conduite-doperations-de-travaux.pdf\" target=\"_blank\" rel=\"noopener\">Cliquez ici.<\/a> <em>Offre publi\u00e9e le 8\/12\/25<\/em><\/p>\n<p><strong>Responsable des Affaires M\u00e9dicales. <\/strong><a href=\"https:\/\/hopital-novo.fr\/ghcpo\/wp-content\/uploads\/2025\/04\/Offre-emploi-Responsable-des-Affaires-Medicales.pdf\" target=\"_blank\" rel=\"noopener\">Cliquez ici<\/a>. <em>Offre publi\u00e9e le 8\/12\/25<\/em><\/p>\n<p style=\"text-align: left;\"><strong>Assistant(e) de service social. <\/strong><a href=\"https:\/\/hopital-novo.fr\/ghcpo\/wp-content\/uploads\/2024\/07\/Offre-emploi-assistante-de-service-social-SMR-geriatrie-Site-Beaumont.pdf\">Cliquez ici. <\/a><em>Offre publi\u00e9e le 8\/12\/25<\/em><\/p>\n<\/div><\/div>\n<p>&nbsp;<\/p>\n<p>Par ailleurs, nous sommes agr\u00e9\u00e9s pour accueillir des volontaires du<a href=\"https:\/\/hopital-novo.fr\/ghcpo\/presentation-du-ghcpo\/nos-engagements\/laccueil-de-volontaires-du-service-civique\/\"> service civique<\/a>.<\/p>\n<p>Rapprochez-vous de la Direction des Ressources Humaines pour plus d&rsquo;informations : <a href=\"mailto:emploi.chrd@ght-novo.fr\">emploi.chrd@ght-novo.fr<\/a><\/p>\n<p>&nbsp;<\/p>\n<p>&nbsp;<\/p>\n","protected":false},"excerpt":{"rendered":"<p>L&rsquo;H\u00f4pital NOVO recrute &nbsp; Par ailleurs, nous sommes agr\u00e9\u00e9s pour accueillir des volontaires du service civique. Rapprochez-vous de la Direction des Ressources Humaines pour plus d&rsquo;informations : emploi.chrd@ght-novo.fr &nbsp; &nbsp;<\/p>\n","protected":false},"author":3,"featured_media":0,"parent":120,"menu_order":0,"comment_status":"closed","ping_status":"closed","template":"page-professionnels.php","meta":{"_acf_changed":false,"footnotes":""},"class_list":["post-945","page","type-page","status-publish","hentry"],"acf":[],"_links":{"self":[{"href":"https:\/\/hopital-novo.fr\/ghcpo\/wp-json\/wp\/v2\/pages\/945","targetHints":{"allow":["GET"]}}],"collection":[{"href":"https:\/\/hopital-novo.fr\/ghcpo\/wp-json\/wp\/v2\/pages"}],"about":[{"href":"https:\/\/hopital-novo.fr\/ghcpo\/wp-json\/wp\/v2\/types\/page"}],"author":[{"embeddable":true,"href":"https:\/\/hopital-novo.fr\/ghcpo\/wp-json\/wp\/v2\/users\/3"}],"replies":[{"embeddable":true,"href":"https:\/\/hopital-novo.fr\/ghcpo\/wp-json\/wp\/v2\/comments?post=945"}],"version-history":[{"count":132,"href":"https:\/\/hopital-novo.fr\/ghcpo\/wp-json\/wp\/v2\/pages\/945\/revisions"}],"predecessor-version":[{"id":3638,"href":"https:\/\/hopital-novo.fr\/ghcpo\/wp-json\/wp\/v2\/pages\/945\/revisions\/3638"}],"up":[{"embeddable":true,"href":"https:\/\/hopital-novo.fr\/ghcpo\/wp-json\/wp\/v2\/pages\/120"}],"wp:attachment":[{"href":"https:\/\/hopital-novo.fr\/ghcpo\/wp-json\/wp\/v2\/media?parent=945"}],"curies":[{"name":"wp","href":"https:\/\/api.w.org\/{rel}","templated":true}]}}