


{"id":84,"date":"2015-03-17T16:12:24","date_gmt":"2015-03-17T15:12:24","guid":{"rendered":"https:\/\/hopital-novo.fr\/ghcpo\/?page_id=84"},"modified":"2022-12-30T15:22:29","modified_gmt":"2022-12-30T14:22:29","slug":"marches-publics","status":"publish","type":"page","link":"https:\/\/hopital-novo.fr\/ghcpo\/marches-publics\/","title":{"rendered":"March\u00e9s publics"},"content":{"rendered":"<p>L&rsquo;<strong>H\u00f4pital NOVO<\/strong> publie sur sa plateforme des March\u00e9s Publics ses proc\u00e9dures adapt\u00e9es et appels d\u2019offres.<\/p>\n<p>Les candidats ont ainsi la possibilit\u00e9 de prendre connaissance, pour chaque proc\u00e9dure, du R\u00e8glement de la Consultation et de t\u00e9l\u00e9charger gratuitement les autres documents du Dossier de Consultation des Entreprises (DCE) via le site\u00a0: <a href=\"http:\/\/www.achat-hopital.com\" target=\"_blank\" rel=\"noopener noreferrer\">www.achat-hopital.com<\/a><\/p>\n<p>S\u2019ils le souhaitent, les candidats pourront remettre leur candidature et leur offre de fa\u00e7on d\u00e9mat\u00e9rialis\u00e9e, exclusivement sur ce m\u00eame site.<\/p>\n<p>Les march\u00e9s attribu\u00e9s au cours de l\u2019ann\u00e9e pr\u00e9c\u00e9dente sont \u00e9galement disponibles sur cette plateforme.<\/p>\n<p>\u00a0Les proc\u00e9dures adapt\u00e9es et appel d\u2019offres font l\u2019objet de publications conformes au Code des March\u00e9s Publics\u00a0: publications au Bulletin Officiel des Annonces des March\u00e9s Publics (BOAMP), et\/ou au Journal Officiel de l\u2019Union Europ\u00e9enne (JOUE) et\/ou dans des journaux ou revues sp\u00e9cialis\u00e9s.<\/p>\n<p>\u00a0Pour tout renseignement compl\u00e9mentaire, merci de vous adresser \u00e0\u00a0:<\/p>\n<p>La Cellule March\u00e9s :\u00a0<\/p>\n<p>01 39 37 13 38\/22<\/p>\n<p>La Cellule Travaux, gestion technique du patrimoine et des syst\u00e8mes d\u2019information :<\/p>\n<p>01 39 37 13 66\/37<\/p>\n<p>&nbsp;<\/p>\n","protected":false},"excerpt":{"rendered":"<p>L&rsquo;H\u00f4pital NOVO publie sur sa plateforme des March\u00e9s Publics ses proc\u00e9dures adapt\u00e9es et appels d\u2019offres. Les candidats ont ainsi la possibilit\u00e9 de prendre connaissance, pour chaque proc\u00e9dure, du R\u00e8glement de la Consultation et de t\u00e9l\u00e9charger gratuitement les autres documents du Dossier de Consultation des Entreprises [&hellip;]<\/p>\n","protected":false},"author":1,"featured_media":0,"parent":0,"menu_order":0,"comment_status":"open","ping_status":"open","template":"","meta":{"_acf_changed":false,"footnotes":""},"class_list":["post-84","page","type-page","status-publish","hentry"],"acf":[],"_links":{"self":[{"href":"https:\/\/hopital-novo.fr\/ghcpo\/wp-json\/wp\/v2\/pages\/84","targetHints":{"allow":["GET"]}}],"collection":[{"href":"https:\/\/hopital-novo.fr\/ghcpo\/wp-json\/wp\/v2\/pages"}],"about":[{"href":"https:\/\/hopital-novo.fr\/ghcpo\/wp-json\/wp\/v2\/types\/page"}],"author":[{"embeddable":true,"href":"https:\/\/hopital-novo.fr\/ghcpo\/wp-json\/wp\/v2\/users\/1"}],"replies":[{"embeddable":true,"href":"https:\/\/hopital-novo.fr\/ghcpo\/wp-json\/wp\/v2\/comments?post=84"}],"version-history":[{"count":0,"href":"https:\/\/hopital-novo.fr\/ghcpo\/wp-json\/wp\/v2\/pages\/84\/revisions"}],"wp:attachment":[{"href":"https:\/\/hopital-novo.fr\/ghcpo\/wp-json\/wp\/v2\/media?parent=84"}],"curies":[{"name":"wp","href":"https:\/\/api.w.org\/{rel}","templated":true}]}}