


{"id":713,"date":"2015-06-01T09:45:50","date_gmt":"2015-06-01T08:45:50","guid":{"rendered":"https:\/\/hopital-novo.fr\/ghcpo\/?page_id=713"},"modified":"2025-08-31T18:29:27","modified_gmt":"2025-08-31T17:29:27","slug":"creche-familiale","status":"publish","type":"page","link":"https:\/\/hopital-novo.fr\/ghcpo\/espace-professionnel\/creche-familiale\/","title":{"rendered":"Cr\u00e8che familiale \u00ab\u00a0les bout&rsquo;choux\u00a0\u00bb"},"content":{"rendered":"<p>&nbsp;<\/p>\n<p><strong>La cr\u00e8che familiale \u00ab\u00a0les bout&rsquo;choux\u00a0\u00bb du site de Beaumont-sur-Oise de l&rsquo;H\u00f4pital NOVO est joignable au 01 39 37 17 93 ou au 01 39 37 17 91.<\/strong> <\/p>\n<h2>Descriptif<\/h2>\n<p>La structure propose 18 places d\u2019accueil.<br \/>\n&gt; 18 places sont r\u00e9serv\u00e9es prioritairement aux enfants du personnel hospitaliers et 1 place \u00e0 l&rsquo;un des agents du Minist\u00e8re de l\u2019Int\u00e9rieur.<br \/>\n&gt; Des d\u00e9rogations peuvent \u00eatre accord\u00e9es aux familles ext\u00e9rieures sur les plages horaires vacantes.<\/p>\n<p><strong>Une pr\u00e9-inscription est obligatoire. Nous vous invitons \u00e0 vous connecter sur l\u2019espace citoyens pour connaitre la d\u00e9marche \u00e0 suivre. La cr\u00e8che sera avertie de votre demande et elle ne manquera pas de revenir vers vous.<\/strong><\/p>\n<p><strong><a href=\"https:\/\/www.espace-citoyens.net\/hopitalnovo\/espace-citoyens\/Home\/AccueilPublic\" target=\"_blank\" rel=\"noopener\">&gt;&gt; Acc\u00e9der \u00e0 l\u2019espace citoyens<\/a><\/strong><\/p>\n<h2>L\u2019\u00e9quipe<\/h2>\n<ul>\n<li><span data-olk-copy-source=\"MessageBody\">1 \u00c9ducatrice de Jeunes Enfants (EJE) Responsable de la cr\u00e8che<\/span><\/li>\n<li><span data-olk-copy-source=\"MessageBody\">1 IDE Responsable Adjointe de la cr\u00e8che familiale<\/span><\/li>\n<li><span data-olk-copy-source=\"MessageBody\">4 Assistantes maternelles<br \/>\n<\/span><\/li>\n<\/ul>\n<h2>3 types d\u2019accueil<\/h2>\n<ul>\n<li>un accueil r\u00e9gulier<\/li>\n<li>un accueil occasionnel<\/li>\n<li>un accueil d\u2019urgence<\/li>\n<\/ul>\n<h2>Les missions :<\/h2>\n<p>Les assistantes maternelles accueillent \u00e0 leur domicile des enfants \u00e2g\u00e9s de 10 semaines \u00e0 6 ans. <br \/>\nDe 6h30 \u00e0 20h30, du lundi au vendredi, hors jours f\u00e9ri\u00e9s, toute l&rsquo;ann\u00e9e.<br \/>\nElles travaillent en \u00e9quipe pluridisciplinaire<\/p>\n<p>La responsable de cr\u00e8che g\u00e8re et coordonne le bon fonctionnement g\u00e9n\u00e9ral de la structure.<\/p>\n<p>La responsable et son adjointe encadrent, accompagnent, conseillent et soutiennent les assistantes maternelles. Elles assurent des visites \u00e0 domicile pour garantir le suivi des enfants.<\/p>\n<p>L\u2019\u00e9ducatrice de jeunes enfants pr\u00e9pare et coordonne des ateliers d\u2019\u00e9veil collectifs en matin\u00e9e, chaque semaine. Les assistantes maternelles y collaborent.<\/p>\n<h2>Tarifs<\/h2>\n<p>La participation financi\u00e8re des parents est calcul\u00e9e en fonction des ressources de la famille, selon un bar\u00e8me fix\u00e9 par la CAF.<\/p>\n<p>Ces tarifs prennent en compte le nombre d\u2019enfants \u00e0 charge.<\/p>\n<h2>Les + pour les enfants<\/h2>\n<ul>\n<li>Prise en charge individualis\u00e9e dans un cadre familial.<\/li>\n<li>Respect des rythmes de vie.<\/li>\n<li>Accompagnement \u00e0 l\u2019\u00e9veil et \u00e0 la socialisation avec d\u2019autres enfants et d\u2019autres adultes.<\/li>\n<li>Environnement adapt\u00e9 \u00e0 la s\u00e9curit\u00e9 physique et affective des enfants.<\/li>\n<li>Participation \u00e0 des activit\u00e9s ludiques, cr\u00e9atives et de d\u00e9couverte.<\/li>\n<li>Sorties et f\u00eates, au fil des saisons et de l\u2019ann\u00e9e.<\/li>\n<\/ul>\n<h2>Les + pour les parents<\/h2>\n<ul>\n<li>Souplesse r\u00e9pondant aux horaires d\u00e9cal\u00e9s.<\/li>\n<li>Simplification des d\u00e9marches administratives.<\/li>\n<li>Possibilit\u00e9 de b\u00e9n\u00e9ficier d\u2019un accueil en relais au sein de l\u2019\u00e9quipe lorsque l\u2019assistante maternelle r\u00e9f\u00e9rente est absente.<\/li>\n<li>Repas pr\u00e9par\u00e9s par l\u2019assistante maternelle.<\/li>\n<li>Mat\u00e9riel de pu\u00e9riculture, jeux et livres fournis aux assistantes maternelles.<\/li>\n<\/ul>\n","protected":false},"excerpt":{"rendered":"<p>&nbsp; La cr\u00e8che familiale \u00ab\u00a0les bout&rsquo;choux\u00a0\u00bb du site de Beaumont-sur-Oise de l&rsquo;H\u00f4pital NOVO est joignable au 01 39 37 17 93 ou au 01 39 37 17 91. Descriptif La structure propose 18 places d\u2019accueil. &gt; 18 places sont r\u00e9serv\u00e9es prioritairement aux enfants du personnel [&hellip;]<\/p>\n","protected":false},"author":3,"featured_media":0,"parent":120,"menu_order":0,"comment_status":"closed","ping_status":"closed","template":"page-professionnels.php","meta":{"_acf_changed":false,"footnotes":""},"class_list":["post-713","page","type-page","status-publish","hentry"],"acf":[],"_links":{"self":[{"href":"https:\/\/hopital-novo.fr\/ghcpo\/wp-json\/wp\/v2\/pages\/713","targetHints":{"allow":["GET"]}}],"collection":[{"href":"https:\/\/hopital-novo.fr\/ghcpo\/wp-json\/wp\/v2\/pages"}],"about":[{"href":"https:\/\/hopital-novo.fr\/ghcpo\/wp-json\/wp\/v2\/types\/page"}],"author":[{"embeddable":true,"href":"https:\/\/hopital-novo.fr\/ghcpo\/wp-json\/wp\/v2\/users\/3"}],"replies":[{"embeddable":true,"href":"https:\/\/hopital-novo.fr\/ghcpo\/wp-json\/wp\/v2\/comments?post=713"}],"version-history":[{"count":6,"href":"https:\/\/hopital-novo.fr\/ghcpo\/wp-json\/wp\/v2\/pages\/713\/revisions"}],"predecessor-version":[{"id":3467,"href":"https:\/\/hopital-novo.fr\/ghcpo\/wp-json\/wp\/v2\/pages\/713\/revisions\/3467"}],"up":[{"embeddable":true,"href":"https:\/\/hopital-novo.fr\/ghcpo\/wp-json\/wp\/v2\/pages\/120"}],"wp:attachment":[{"href":"https:\/\/hopital-novo.fr\/ghcpo\/wp-json\/wp\/v2\/media?parent=713"}],"curies":[{"name":"wp","href":"https:\/\/api.w.org\/{rel}","templated":true}]}}