


{"id":697,"date":"2015-05-29T14:44:53","date_gmt":"2015-05-29T13:44:53","guid":{"rendered":"https:\/\/hopital-novo.fr\/ghcpo\/?page_id=697"},"modified":"2024-07-23T11:34:44","modified_gmt":"2024-07-23T10:34:44","slug":"hygiene","status":"publish","type":"page","link":"https:\/\/hopital-novo.fr\/ghcpo\/qualite\/hygiene\/","title":{"rendered":"Hygi\u00e8ne"},"content":{"rendered":"<h4><strong>L&rsquo;\u00c9quipe de Pr\u00e9vention du Risque Infectieux<b> <\/b>(<b>EPRI<\/b>)<\/strong><\/h4>\n<p>&nbsp;<\/p>\n<p>L&rsquo;\u00c9quipe de Pr\u00e9vention du Risque Infectieux<b> <\/b>(<b>EPRI<\/b>) est d\u00e9di\u00e9e sp\u00e9cifiquement \u00e0 la pr\u00e9vention du risque infectieux :<\/p>\n<ul>\n<li>pr\u00e9vention des infections associ\u00e9es aux soins pour les patients et les professionnels<\/li>\n<li>surveillance des infections associ\u00e9es aux soins<\/li>\n<li>\u00e9valuation et am\u00e9lioration des pratiques en hygi\u00e8ne<\/li>\n<li>formation des personnels<\/li>\n<li>communication et information<\/li>\n<\/ul>\n<p>&nbsp;<\/p>\n<p>Coordonn\u00e9es utiles\u00a0:<\/p>\n<p><strong>PH Hygi\u00e8ne<\/strong><\/p>\n<p>T\u00e9l\u00e9phone\u00a0: 01 30 35 57 64 (poste 7764)\u00a0 (Carnelle)<\/p>\n<p>T\u00e9l\u00e9phone\u00a0: 01 39 37 16 70 (Beaumont s\/Oise)<\/p>\n<p>Courriel\u00a0: <u><a href=\"mailto:emilie.benabid@chi-desportesdeloise.fr\">emilie.benabid@ght-novo.fr<\/a><\/u><\/p>\n<p>&nbsp;<\/p>\n<p><strong>Infirmi\u00e8re hygi\u00e9niste<\/strong><\/p>\n<p>T\u00e9l\u00e9phone\u00a0: 01 39 37 13 55<\/p>\n<p><strong>\u00a0<\/strong><\/p>\n<p><strong>Lutte contre les infections nosocomiales <\/strong><\/p>\n<p>Compos\u00e9 de repr\u00e9sentants des diff\u00e9rentes cat\u00e9gories professionnelles (m\u00e9dical et param\u00e9dical) et secteurs d\u2019activit\u00e9, le Comit\u00e9 de lutte contre les infections nosocomiales (CLIN) : d\u00e9finit la politique en mati\u00e8re de risque infectieux dans l\u2019\u00e9tablissement, fixe des objectifs propos\u00e9s par l\u2019EPRI en se r\u00e9f\u00e9rant au programme national en \u00e9laborant un programme d\u2019actions annuel, \u00e9tablit un bilan d\u2019activit\u00e9 annuel transmis aux autorit\u00e9s sanitaires.<\/p>\n<p><strong>Indicateurs nationaux<\/strong><\/p>\n<p>Ces indicateurs sont des outils de mesure d\u2019une pratique professionnelle qui permettent d\u2019estimer de mani\u00e8re valide et fiable la qualit\u00e9 des soins et la s\u00e9curit\u00e9 de la prise en charge du patient. Ils v\u00e9rifient si les objectifs sont atteints et en mesurent les \u00e9volutions.<\/p>\n<p>&nbsp;<\/p>\n<p>&nbsp;<\/p>\n","protected":false},"excerpt":{"rendered":"<p>L&rsquo;\u00c9quipe de Pr\u00e9vention du Risque Infectieux (EPRI) &nbsp; L&rsquo;\u00c9quipe de Pr\u00e9vention du Risque Infectieux (EPRI) est d\u00e9di\u00e9e sp\u00e9cifiquement \u00e0 la pr\u00e9vention du risque infectieux : pr\u00e9vention des infections associ\u00e9es aux soins pour les patients et les professionnels surveillance des infections associ\u00e9es aux soins \u00e9valuation et [&hellip;]<\/p>\n","protected":false},"author":3,"featured_media":0,"parent":7,"menu_order":0,"comment_status":"closed","ping_status":"closed","template":"","meta":{"_acf_changed":false,"footnotes":""},"class_list":["post-697","page","type-page","status-publish","hentry"],"acf":[],"_links":{"self":[{"href":"https:\/\/hopital-novo.fr\/ghcpo\/wp-json\/wp\/v2\/pages\/697","targetHints":{"allow":["GET"]}}],"collection":[{"href":"https:\/\/hopital-novo.fr\/ghcpo\/wp-json\/wp\/v2\/pages"}],"about":[{"href":"https:\/\/hopital-novo.fr\/ghcpo\/wp-json\/wp\/v2\/types\/page"}],"author":[{"embeddable":true,"href":"https:\/\/hopital-novo.fr\/ghcpo\/wp-json\/wp\/v2\/users\/3"}],"replies":[{"embeddable":true,"href":"https:\/\/hopital-novo.fr\/ghcpo\/wp-json\/wp\/v2\/comments?post=697"}],"version-history":[{"count":1,"href":"https:\/\/hopital-novo.fr\/ghcpo\/wp-json\/wp\/v2\/pages\/697\/revisions"}],"predecessor-version":[{"id":3190,"href":"https:\/\/hopital-novo.fr\/ghcpo\/wp-json\/wp\/v2\/pages\/697\/revisions\/3190"}],"up":[{"embeddable":true,"href":"https:\/\/hopital-novo.fr\/ghcpo\/wp-json\/wp\/v2\/pages\/7"}],"wp:attachment":[{"href":"https:\/\/hopital-novo.fr\/ghcpo\/wp-json\/wp\/v2\/media?parent=697"}],"curies":[{"name":"wp","href":"https:\/\/api.w.org\/{rel}","templated":true}]}}