


{"id":449,"date":"2015-03-31T15:30:07","date_gmt":"2015-03-31T14:30:07","guid":{"rendered":"https:\/\/hopital-novo.fr\/ghcpo\/?page_id=449"},"modified":"2026-03-27T14:11:50","modified_gmt":"2026-03-27T13:11:50","slug":"ehpad-usld","status":"publish","type":"page","link":"https:\/\/hopital-novo.fr\/ghcpo\/ehpad-usld\/","title":{"rendered":"EHPAD"},"content":{"rendered":"<h3>Maison de Retraite M\u00e9dicalis\u00e9e de l&rsquo;H\u00f4pital NOVO &#8211; Site de Beaumont-sur-Oise.<\/h3>\n<p>\u00a0Agr\u00e9\u00e9s par l\u2019Agence R\u00e9gionale de Sant\u00e9 d\u2019Ile de France et le Conseil G\u00e9n\u00e9ral du Val d\u2019Oise, nous pouvons accueillir 170 personnes \u00e2g\u00e9es de plus de 60 ans de tout niveau de d\u00e9pendance\u00a0(valides, semi valides, invalides) sur nos deux sites\u00a0:<\/p>\n<p>&#8211;<a href=\"https:\/\/hopital-novo.fr\/ghcpo\/service\/ehpad-st-laurent\/\">EHPAD <b>Saint-Laurent <\/b><\/a>\u00e0 Beaumont-sur-Oise, au 25 rue Edmond Turcq,<\/p>\n<p>Dans un esprit de solidarit\u00e9, notre maison de retraite m\u00e9dicalis\u00e9e est \u00e9galement agr\u00e9\u00e9e par le Conseil G\u00e9n\u00e9ral du Val d\u2019Oise pour accueillir des b\u00e9n\u00e9ficiaires de l\u2019Aide Sociale.<\/p>\n<p>Nous nous engageons \u00e0 respecter la<a href=\"https:\/\/hopital-novo.fr\/ghcpo\/wp-content\/uploads\/2026\/03\/D9098-Affiche-A4-charte-des-droits-et-libertes-HD.pdf\" target=\"_blank\" rel=\"noopener\"> Charte des Droits et Libert\u00e9s de la personne \u00e2g\u00e9e accueillie.<\/a><\/p>\n<p>La direction et ses collaborateurs (secr\u00e9taires et agents administratifs, cadres de sant\u00e9 et cadre coordonnateur) sont \u00e0 votre disposition pour vous renseigner et vous aider dans vos d\u00e9marches administratives.<\/p>\n<p><a href=\"https:\/\/hopital-novo.fr\/ghcpo\/wp-content\/uploads\/2026\/03\/D10041-Livret-Accueil-EHPAD-USLD.pdf\" target=\"_blank\" rel=\"noopener\">T\u00e9l\u00e9charger le livret d\u2019accueil des EHPAD et USLD<\/a><\/p>\n<p><a href=\"https:\/\/www.service-public.gouv.fr\/particuliers\/vosdroits\/R17461\" target=\"_blank\" rel=\"noopener\">T\u00e9l\u00e9charger le dossier de demande d&rsquo;admission en EHPAD<\/a><\/p>\n<div id=\"su_carousel_69e44e1eadd19\" class=\"su-carousel su-carousel-centered su-carousel-pages-no su-carousel-responsive-yes su-lightbox-gallery\" style=\"width:100%\" data-autoplay=\"3000\" data-speed=\"600\" data-mousewheel=\"true\" data-items=\"2\" data-scroll=\"1\"><div class=\"su-carousel-slides\"><div class=\"su-carousel-slide\"><a href=\"https:\/\/hopital-novo.fr\/ghcpo\/wp-content\/uploads\/2015\/06\/fete-de-la-musik-2011-003.jpg\" title=\"EHPAD4\"><img decoding=\"async\" src=\"https:\/\/hopital-novo.fr\/ghcpo\/wp-content\/uploads\/2015\/06\/fete-de-la-musik-2011-003-282x200.jpg\" alt=\"EHPAD4\" \/><span class=\"su-carousel-slide-title\">EHPAD4<\/span><\/a><\/div><div class=\"su-carousel-slide\"><a href=\"https:\/\/hopital-novo.fr\/ghcpo\/wp-content\/uploads\/2015\/06\/r\u00e9fectoire-ehpad-m\u00e9ru-2014-017.jpg\" title=\"EHPAD3\"><img decoding=\"async\" src=\"https:\/\/hopital-novo.fr\/ghcpo\/wp-content\/uploads\/2015\/06\/r\u00e9fectoire-ehpad-m\u00e9ru-2014-017.jpg\" alt=\"EHPAD3\" \/><span class=\"su-carousel-slide-title\">EHPAD3<\/span><\/a><\/div><div class=\"su-carousel-slide\"><a href=\"https:\/\/hopital-novo.fr\/ghcpo\/wp-content\/uploads\/2015\/06\/chambre-quietude-ehpad-m\u00e9ru-2014.jpg\" title=\"EHPAD5\"><img decoding=\"async\" src=\"https:\/\/hopital-novo.fr\/ghcpo\/wp-content\/uploads\/2015\/06\/chambre-quietude-ehpad-m\u00e9ru-2014.jpg\" alt=\"EHPAD5\" \/><span class=\"su-carousel-slide-title\">EHPAD5<\/span><\/a><\/div><div class=\"su-carousel-slide\"><a href=\"https:\/\/hopital-novo.fr\/ghcpo\/wp-content\/uploads\/2015\/06\/EHPAD-Beaumont-avril-2014-011.jpg\" title=\"EHPAD2\"><img decoding=\"async\" src=\"https:\/\/hopital-novo.fr\/ghcpo\/wp-content\/uploads\/2015\/06\/EHPAD-Beaumont-avril-2014-011-282x200.jpg\" alt=\"EHPAD2\" \/><span class=\"su-carousel-slide-title\">EHPAD2<\/span><\/a><\/div><div class=\"su-carousel-slide\"><a href=\"https:\/\/hopital-novo.fr\/ghcpo\/wp-content\/uploads\/2015\/06\/1.jpg\" title=\"EHPAD1\"><img decoding=\"async\" src=\"https:\/\/hopital-novo.fr\/ghcpo\/wp-content\/uploads\/2015\/06\/1-282x200.jpg\" alt=\"EHPAD1\" \/><span class=\"su-carousel-slide-title\">EHPAD1<\/span><\/a><\/div><\/div><div class=\"su-carousel-nav\"><div class=\"su-carousel-direction\"><span class=\"su-carousel-prev\"><\/span><span class=\"su-carousel-next\"><\/span><\/div><div class=\"su-carousel-pagination\"><\/div><\/div><\/div>\n<p>&nbsp;<\/p>\n","protected":false},"excerpt":{"rendered":"<p>Maison de Retraite M\u00e9dicalis\u00e9e de l&rsquo;H\u00f4pital NOVO &#8211; Site de Beaumont-sur-Oise. \u00a0Agr\u00e9\u00e9s par l\u2019Agence R\u00e9gionale de Sant\u00e9 d\u2019Ile de France et le Conseil G\u00e9n\u00e9ral du Val d\u2019Oise, nous pouvons accueillir 170 personnes \u00e2g\u00e9es de plus de 60 ans de tout niveau de d\u00e9pendance\u00a0(valides, semi valides, [&hellip;]<\/p>\n","protected":false},"author":1,"featured_media":0,"parent":0,"menu_order":0,"comment_status":"closed","ping_status":"closed","template":"","meta":{"_acf_changed":false,"footnotes":""},"class_list":["post-449","page","type-page","status-publish","hentry"],"acf":[],"_links":{"self":[{"href":"https:\/\/hopital-novo.fr\/ghcpo\/wp-json\/wp\/v2\/pages\/449","targetHints":{"allow":["GET"]}}],"collection":[{"href":"https:\/\/hopital-novo.fr\/ghcpo\/wp-json\/wp\/v2\/pages"}],"about":[{"href":"https:\/\/hopital-novo.fr\/ghcpo\/wp-json\/wp\/v2\/types\/page"}],"author":[{"embeddable":true,"href":"https:\/\/hopital-novo.fr\/ghcpo\/wp-json\/wp\/v2\/users\/1"}],"replies":[{"embeddable":true,"href":"https:\/\/hopital-novo.fr\/ghcpo\/wp-json\/wp\/v2\/comments?post=449"}],"version-history":[{"count":4,"href":"https:\/\/hopital-novo.fr\/ghcpo\/wp-json\/wp\/v2\/pages\/449\/revisions"}],"predecessor-version":[{"id":3632,"href":"https:\/\/hopital-novo.fr\/ghcpo\/wp-json\/wp\/v2\/pages\/449\/revisions\/3632"}],"wp:attachment":[{"href":"https:\/\/hopital-novo.fr\/ghcpo\/wp-json\/wp\/v2\/media?parent=449"}],"curies":[{"name":"wp","href":"https:\/\/api.w.org\/{rel}","templated":true}]}}