


{"id":43,"date":"2015-03-16T11:10:59","date_gmt":"2015-03-16T10:10:59","guid":{"rendered":"https:\/\/hopital-novo.fr\/ghcpo\/?page_id=43"},"modified":"2022-12-30T14:26:36","modified_gmt":"2022-12-30T13:26:36","slug":"certifications-et-accreditations","status":"publish","type":"page","link":"https:\/\/hopital-novo.fr\/ghcpo\/qualite\/certifications-et-accreditations\/","title":{"rendered":"Certifications et accr\u00e9ditations"},"content":{"rendered":"<p>La certification des \u00e9tablissements de sant\u00e9 est une proc\u00e9dure d\u2019\u00e9valuation externe mise en \u0153uvre par la Haute Autorit\u00e9 de Sant\u00e9 (HAS). Son objectif est de<strong> porter une appr\u00e9ciation ind\u00e9pendante sur la qualit\u00e9 des prestations d\u2019un \u00e9tablissement de sant\u00e9 et d&rsquo;\u00e9valuer sa capacit\u00e9 \u00e0 prendre en charge des patients.<\/strong><\/p>\n<p>Dans le cadre de cette d\u00e9marche, vous pouvez \u00eatre consult\u00e9(e)s pour donner un avis sur votre prise en charge et les informations que vous avez re\u00e7ues concernant les soins et les examens r\u00e9alis\u00e9s.<\/p>\n<p>La d\u00e9marche de certification s\u2019adresse au secteur sanitaire (m\u00e9decine, chirurgie, obst\u00e9trique, psychiatrie\u2026), hors secteur m\u00e9dico-social (\u00e9tablissement d\u2019h\u00e9bergement pour personnes \u00e2g\u00e9es d\u00e9pendantes EHPAD\u2026)<\/p>\n<p><strong>Les sites de l&rsquo;H\u00f4pital NOVO sont certifi\u00e9s par la Haute Autorit\u00e9 de Sant\u00e9 (HAS),<\/strong> les rapports de certification sont disponibles sur le site <u><a href=\"http:\/\/www.has-sante.fr\" target=\"_blank\" rel=\"noopener noreferrer\">www.has-sante.fr<\/a>.<\/u><\/p>\n<p>Vous pouvez retrouver les informations concernant nos indicateurs qualit\u00e9 et notre d\u00e9marche de certification sur les sites\u00a0: <a href=\"http:\/\/www.scopesante.fr\" target=\"_blank\" rel=\"noopener noreferrer\"><u>www.scopesante.fr<\/u><\/a> et <u><a href=\"http:\/\/www.has-sante.fr\" target=\"_blank\" rel=\"noopener noreferrer\">www.has-sante.fr<\/a>,<\/u> et dans les halls d\u2019accueil.<\/p>\n<p>&nbsp;<\/p>\n<p>Par ailleurs, la loi du 2 janvier 2002, r\u00e9novant l\u2019action sociale et m\u00e9dicosociale soumet les \u00e9tablissements et les services m\u00e9dicosociaux \u00e0 une l\u00e9gislation sp\u00e9cifique en mati\u00e8re d\u2019\u00e9valuation et d\u2019am\u00e9lioration continue des activit\u00e9s et de la qualit\u00e9 des prestations.<\/p>\n<p>L\u2019\u00e9valuation se d\u00e9roule en deux \u00e9tapes\u00a0: l\u2019\u00e9valuation interne (men\u00e9e par l\u2019\u00e9tablissement lui-m\u00eame) et l\u2019\u00e9valuation externe (r\u00e9alis\u00e9e par un organisme ext\u00e9rieur habilit\u00e9 par l\u2019HAS Haute Autorit\u00e9 de Sant\u00e9).<\/p>\n","protected":false},"excerpt":{"rendered":"<p>La certification des \u00e9tablissements de sant\u00e9 est une proc\u00e9dure d\u2019\u00e9valuation externe mise en \u0153uvre par la Haute Autorit\u00e9 de Sant\u00e9 (HAS). Son objectif est de porter une appr\u00e9ciation ind\u00e9pendante sur la qualit\u00e9 des prestations d\u2019un \u00e9tablissement de sant\u00e9 et d&rsquo;\u00e9valuer sa capacit\u00e9 \u00e0 prendre en [&hellip;]<\/p>\n","protected":false},"author":1,"featured_media":0,"parent":7,"menu_order":0,"comment_status":"open","ping_status":"open","template":"","meta":{"_acf_changed":false,"footnotes":""},"class_list":["post-43","page","type-page","status-publish","hentry"],"acf":[],"_links":{"self":[{"href":"https:\/\/hopital-novo.fr\/ghcpo\/wp-json\/wp\/v2\/pages\/43","targetHints":{"allow":["GET"]}}],"collection":[{"href":"https:\/\/hopital-novo.fr\/ghcpo\/wp-json\/wp\/v2\/pages"}],"about":[{"href":"https:\/\/hopital-novo.fr\/ghcpo\/wp-json\/wp\/v2\/types\/page"}],"author":[{"embeddable":true,"href":"https:\/\/hopital-novo.fr\/ghcpo\/wp-json\/wp\/v2\/users\/1"}],"replies":[{"embeddable":true,"href":"https:\/\/hopital-novo.fr\/ghcpo\/wp-json\/wp\/v2\/comments?post=43"}],"version-history":[{"count":0,"href":"https:\/\/hopital-novo.fr\/ghcpo\/wp-json\/wp\/v2\/pages\/43\/revisions"}],"up":[{"embeddable":true,"href":"https:\/\/hopital-novo.fr\/ghcpo\/wp-json\/wp\/v2\/pages\/7"}],"wp:attachment":[{"href":"https:\/\/hopital-novo.fr\/ghcpo\/wp-json\/wp\/v2\/media?parent=43"}],"curies":[{"name":"wp","href":"https:\/\/api.w.org\/{rel}","templated":true}]}}