


{"id":395,"date":"2015-03-31T11:24:01","date_gmt":"2015-03-31T10:24:01","guid":{"rendered":"https:\/\/hopital-novo.fr\/ghcpo\/?page_id=395"},"modified":"2026-01-08T12:36:22","modified_gmt":"2026-01-08T11:36:22","slug":"gouvernance","status":"publish","type":"page","link":"https:\/\/hopital-novo.fr\/ghcpo\/presentation-du-ghcpo\/gouvernance\/","title":{"rendered":"Gouvernance"},"content":{"rendered":"<p style=\"text-align: left;\">\u00a0<\/p>\n<h3 style=\"text-align: left;\">Direction G\u00e9n\u00e9rale<\/h3>\n<p style=\"text-align: left;\"><strong>Directeur :<\/strong> Alexandre AUBERT<\/p>\n<p style=\"text-align: left;\"><strong>Adjointe au Directeur : <\/strong>Caroline VERMONT<strong><br \/>\n<\/strong><\/p>\n<p style=\"text-align: left;\">\u00a0<\/p>\n<p style=\"text-align: left;\">\u00a0<\/p>\n<h3 style=\"text-align: left;\">Secr\u00e9taire G\u00e9n\u00e9ral<\/h3>\n<p style=\"text-align: left;\"><strong>Directrice : <\/strong>Viviane HUMBERT<\/p>\n<h3 style=\"text-align: left;\">\u00a0<\/h3>\n<h3 style=\"text-align: left;\">Direction des Ressources Humaines<\/h3>\n<p style=\"text-align: left;\"><strong>Directrice :<\/strong> Elisa MARTI<\/p>\n<div class=\"membre_profil_infos\" style=\"text-align: left;\">\n<p class=\"membre_profil_infos_fonction\" style=\"text-align: left;\"><strong>Directeur adjoint :<\/strong>\u00a0<span class=\"membre_profil_infos_name_first\">Imanuel <\/span><span class=\"membre_profil_infos_name_last\">LECLERCQ<\/span><\/p>\n<\/div>\n<p style=\"text-align: left;\">\u00a0<\/p>\n<h3 style=\"text-align: left;\">Direction des Soins<\/h3>\n<p style=\"text-align: left;\"><strong>Coordinatrice g\u00e9n\u00e9rale des Soins :<\/strong> Isabelle LE FALHER<\/p>\n<p style=\"text-align: left;\"><strong>Directrice des Soins &#8211; site de Pontoise <\/strong>: Nathalie NAUDIN<\/p>\n<div class=\"membre_profil_infos\" style=\"text-align: left;\">\n<p class=\"membre_profil_infos_fonction\"><strong>Directrice des Soins &#8211; sites de Beaumont et du Vexin :<\/strong>\u00a0<span class=\"membre_profil_infos_name_first\">Audrey <\/span><span class=\"membre_profil_infos_name_last\">COULIER<\/span><\/p>\n<\/div>\n<p style=\"text-align: left;\">\u00a0<\/p>\n<h3 style=\"text-align: left;\">\u00a0<\/h3>\n<h3 style=\"text-align: left;\">Direction des Affaires M\u00e9dicales et de la Recherche<\/h3>\n<p style=\"text-align: left;\"><strong>Directeur : <\/strong>Umair KHALID<\/p>\n<p style=\"text-align: left;\">\u00a0<\/p>\n<h3 style=\"text-align: left;\">Direction Qualit\u00e9, Gestion des Risques et Relations avec les Usagers<\/h3>\n<p style=\"text-align: left;\"><strong>Directrice : <\/strong>Alexandra REJASSE<\/p>\n<p style=\"text-align: left;\">\u00a0<\/p>\n<h3 style=\"text-align: left;\">Direction des Affaires Financi\u00e8res<\/h3>\n<p style=\"text-align: left;\"><strong>Directrice de la strat\u00e9gie financi\u00e8re et performance : <\/strong>Virginie DAVID<\/p>\n<p style=\"text-align: left;\"><strong>Directrice de l&rsquo;optimisation du parcours patient et des recettes :<\/strong> Odile REYNIER<\/p>\n<p style=\"text-align: left;\">\u00a0<\/p>\n<h3 style=\"text-align: left;\">Direction des Achats et de la Logistique<\/h3>\n<p style=\"text-align: left;\"><strong>Directrice : <\/strong>Camille JACQUAR<\/p>\n<p style=\"text-align: left;\"><strong>Directeur adjoint :<\/strong> <span class=\"membre_profil_infos_name_first\">Christian <\/span><span class=\"membre_profil_infos_name_last\">NKINSI<\/span><\/p>\n<p style=\"text-align: left;\">\u00a0<\/p>\n<h3 style=\"text-align: left;\">Direction de la Maintenance, de la S\u00e9curit\u00e9 &amp; des Infrastructures (DMSI)<\/h3>\n<p style=\"text-align: left;\"><strong>Ing\u00e9nieure en cheffe : <\/strong>Nora NEDIR<\/p>\n<p style=\"text-align: left;\">\u00a0<\/p>\n<h3 style=\"text-align: left;\">Direction projet nouvel h\u00f4pital<\/h3>\n<p style=\"text-align: left;\"><strong>Directrice (par int\u00e9rim) : <\/strong>Caroline VERMONT<\/p>\n<p style=\"text-align: left;\">\u00a0<\/p>\n<h3 style=\"text-align: left;\">Direction des Syst\u00e8mes d&rsquo;Information et de l&rsquo;Ing\u00e9nierie Biom\u00e9dicale<\/h3>\n<p style=\"text-align: left;\"><strong>Directeur : <\/strong>Jean-Luc FILLOL<\/p>\n<p style=\"text-align: left;\">\u00a0<\/p>\n<h3 style=\"text-align: left;\">Direction secteur M\u00e9dico-Social<\/h3>\n<p style=\"text-align: left;\"><strong>\u00a0Directrice : <\/strong>V\u00e9ronique PERRET<\/p>\n<p style=\"text-align: left;\"><strong>\u00a0Adjointe \u00e0 la Directrice : <\/strong>Murianne GODIER<\/p>\n<p style=\"text-align: left;\">\u00a0<\/p>\n<h3 style=\"text-align: left;\">Direction de la Communication et du M\u00e9c\u00e9nat<\/h3>\n<p style=\"text-align: left;\"><strong>Directrice : <\/strong>Patricia DARDAINE<\/p>\n<p style=\"text-align: left;\">\u00a0<\/p>\n<h3 style=\"text-align: left;\">Direction des IFSI et IFAS<\/h3>\n<p style=\"text-align: left;\"><strong>Directrice : <\/strong>Viviane DUCLOS<\/p>\n<p style=\"text-align: left;\">\u00a0<\/p>\n<p style=\"text-align: left;\">T\u00e9l\u00e9chargez l&rsquo;organigramme : <a href=\"https:\/\/hopital-novo.fr\/ghcpo\/wp-content\/uploads\/2025\/03\/Organigramme-Mars-2025.pdf\" target=\"_blank\" rel=\"noopener\">ici<\/a><\/p>\n<p style=\"text-align: left;\">\u00a0<\/p>\n","protected":false},"excerpt":{"rendered":"<p>\u00a0 Direction G\u00e9n\u00e9rale Directeur : Alexandre AUBERT Adjointe au Directeur : Caroline VERMONT \u00a0 \u00a0 Secr\u00e9taire G\u00e9n\u00e9ral Directrice : Viviane HUMBERT \u00a0 Direction des Ressources Humaines Directrice : Elisa MARTI Directeur adjoint :\u00a0Imanuel LECLERCQ \u00a0 Direction des Soins Coordinatrice g\u00e9n\u00e9rale des Soins : Isabelle LE [&hellip;]<\/p>\n","protected":false},"author":1,"featured_media":0,"parent":5,"menu_order":0,"comment_status":"closed","ping_status":"closed","template":"","meta":{"_acf_changed":false,"footnotes":""},"class_list":["post-395","page","type-page","status-publish","hentry"],"acf":[],"_links":{"self":[{"href":"https:\/\/hopital-novo.fr\/ghcpo\/wp-json\/wp\/v2\/pages\/395","targetHints":{"allow":["GET"]}}],"collection":[{"href":"https:\/\/hopital-novo.fr\/ghcpo\/wp-json\/wp\/v2\/pages"}],"about":[{"href":"https:\/\/hopital-novo.fr\/ghcpo\/wp-json\/wp\/v2\/types\/page"}],"author":[{"embeddable":true,"href":"https:\/\/hopital-novo.fr\/ghcpo\/wp-json\/wp\/v2\/users\/1"}],"replies":[{"embeddable":true,"href":"https:\/\/hopital-novo.fr\/ghcpo\/wp-json\/wp\/v2\/comments?post=395"}],"version-history":[{"count":25,"href":"https:\/\/hopital-novo.fr\/ghcpo\/wp-json\/wp\/v2\/pages\/395\/revisions"}],"predecessor-version":[{"id":3576,"href":"https:\/\/hopital-novo.fr\/ghcpo\/wp-json\/wp\/v2\/pages\/395\/revisions\/3576"}],"up":[{"embeddable":true,"href":"https:\/\/hopital-novo.fr\/ghcpo\/wp-json\/wp\/v2\/pages\/5"}],"wp:attachment":[{"href":"https:\/\/hopital-novo.fr\/ghcpo\/wp-json\/wp\/v2\/media?parent=395"}],"curies":[{"name":"wp","href":"https:\/\/api.w.org\/{rel}","templated":true}]}}