


{"id":39,"date":"2015-03-16T11:10:04","date_gmt":"2015-03-16T10:10:04","guid":{"rendered":"https:\/\/hopital-novo.fr\/ghcpo\/?page_id=39"},"modified":"2022-12-30T14:25:36","modified_gmt":"2022-12-30T13:25:36","slug":"politique-qualite","status":"publish","type":"page","link":"https:\/\/hopital-novo.fr\/ghcpo\/qualite\/politique-qualite\/","title":{"rendered":"Notre politique qualit\u00e9 &#8211; gestion des risques"},"content":{"rendered":"<p>L&rsquo;H\u00f4pital NOVO s\u2019engage en faveur d\u2019une politique d\u2019am\u00e9lioration continue de la qualit\u00e9 et de la s\u00e9curit\u00e9 des soins.<\/p>\n<p>&nbsp;<\/p>\n<p>La politique qualit\u00e9 de la direction de l&rsquo;H\u00f4pital NOVO d\u00e9cline autour de <strong>6 axes strat\u00e9giques transversaux prioritaires<\/strong> d\u00e9clin\u00e9s eux-m\u00eames en un programme annuel d\u2019actions :<\/p>\n<p>1- \u00e9noncer des orientations strat\u00e9giques communes dans un contexte de ma\u00eetrise des d\u00e9penses en int\u00e9grant les enjeux li\u00e9s au d\u00e9veloppement durable<\/p>\n<p>2- Mobiliser autour de la qualit\u00e9 de la prise en charge du patient\/usager\/r\u00e9sident<\/p>\n<p>3- D\u00e9velopper une culture qualit\u00e9\/s\u00e9curit\u00e9<\/p>\n<p>4- F\u00e9d\u00e9rer autour d\u2019une gestion des risques int\u00e9gr\u00e9e et coordonn\u00e9e<\/p>\n<p>5- Promouvoir la qualit\u00e9 de vie au travail<\/p>\n<p>6- Promouvoir la qualit\u00e9 des services supports<\/p>\n<p>&nbsp;<\/p>\n<p>Cet engagement permet de f\u00e9d\u00e9rer les professionnels autour de projets communs et les conduits \u00e0 r\u00e9actualiser, \u00e0 appliquer les bonnes pratiques pour la prise en charge des patients, des r\u00e9sidents et des usagers et \u00e0 diminuer le risque de survenue d\u2019\u00e9v\u00e9nements ind\u00e9sirables associ\u00e9s aux soins.<\/p>\n<p><strong>Plusieurs moyens d\u2019\u00e9valuation sont mis en \u0153uvre<\/strong> :<\/p>\n<p>-\u00c9valuation des pratiques professionnelles,<\/p>\n<p>-\u00c9valuation de la satisfaction des patients et des r\u00e9sidents sur leur s\u00e9jour,<\/p>\n<p>-Suivi d\u2019indicateurs nationaux et propres \u00e0 chaque \u00e9tablissement<\/p>\n<p>&nbsp;<\/p>\n<p>Les r\u00e9sultats de ces \u00e9valuations permettent d\u2019affiner r\u00e9guli\u00e8rement la politique qualit\u00e9 de l\u2019\u00e9tablissement.<\/p>\n","protected":false},"excerpt":{"rendered":"<p>L&rsquo;H\u00f4pital NOVO s\u2019engage en faveur d\u2019une politique d\u2019am\u00e9lioration continue de la qualit\u00e9 et de la s\u00e9curit\u00e9 des soins. &nbsp; La politique qualit\u00e9 de la direction de l&rsquo;H\u00f4pital NOVO d\u00e9cline autour de 6 axes strat\u00e9giques transversaux prioritaires d\u00e9clin\u00e9s eux-m\u00eames en un programme annuel d\u2019actions : 1- [&hellip;]<\/p>\n","protected":false},"author":1,"featured_media":0,"parent":7,"menu_order":0,"comment_status":"open","ping_status":"open","template":"","meta":{"_acf_changed":false,"footnotes":""},"class_list":["post-39","page","type-page","status-publish","hentry"],"acf":[],"_links":{"self":[{"href":"https:\/\/hopital-novo.fr\/ghcpo\/wp-json\/wp\/v2\/pages\/39","targetHints":{"allow":["GET"]}}],"collection":[{"href":"https:\/\/hopital-novo.fr\/ghcpo\/wp-json\/wp\/v2\/pages"}],"about":[{"href":"https:\/\/hopital-novo.fr\/ghcpo\/wp-json\/wp\/v2\/types\/page"}],"author":[{"embeddable":true,"href":"https:\/\/hopital-novo.fr\/ghcpo\/wp-json\/wp\/v2\/users\/1"}],"replies":[{"embeddable":true,"href":"https:\/\/hopital-novo.fr\/ghcpo\/wp-json\/wp\/v2\/comments?post=39"}],"version-history":[{"count":0,"href":"https:\/\/hopital-novo.fr\/ghcpo\/wp-json\/wp\/v2\/pages\/39\/revisions"}],"up":[{"embeddable":true,"href":"https:\/\/hopital-novo.fr\/ghcpo\/wp-json\/wp\/v2\/pages\/7"}],"wp:attachment":[{"href":"https:\/\/hopital-novo.fr\/ghcpo\/wp-json\/wp\/v2\/media?parent=39"}],"curies":[{"name":"wp","href":"https:\/\/api.w.org\/{rel}","templated":true}]}}