


{"id":37,"date":"2015-03-16T11:09:18","date_gmt":"2015-03-16T10:09:18","guid":{"rendered":"https:\/\/hopital-novo.fr\/ghcpo\/?page_id=37"},"modified":"2026-01-30T12:48:44","modified_gmt":"2026-01-30T11:48:44","slug":"acces-et-orientation","status":"publish","type":"page","link":"https:\/\/hopital-novo.fr\/ghcpo\/presentation-du-ghcpo\/acces-et-orientation\/","title":{"rendered":"Acc\u00e8s et orientation"},"content":{"rendered":"<p><strong>Vous pouvez t\u00e9l\u00e9charger ici les plan des b\u00e2timents et des services du site de Beaumont-sur-Oise et Les Oliviers<\/strong><\/p>\n<h2><a href=\"https:\/\/hopital-novo.fr\/ghcpo\/wp-content\/uploads\/2025\/12\/Plan-Hopital-NOVO-Site-de-Beaumont-2025-1.pdf\"><img loading=\"lazy\" decoding=\"async\" class=\"wp-image-3562 size-medium alignleft\" src=\"https:\/\/hopital-novo.fr\/ghcpo\/wp-content\/uploads\/2025\/12\/Plan-Hopital-NOVO-Site-de-Beaumont-2025-1-212x300.jpg\" alt=\"\" width=\"212\" height=\"300\" srcset=\"https:\/\/hopital-novo.fr\/ghcpo\/wp-content\/uploads\/2025\/12\/Plan-Hopital-NOVO-Site-de-Beaumont-2025-1-212x300.jpg 212w, https:\/\/hopital-novo.fr\/ghcpo\/wp-content\/uploads\/2025\/12\/Plan-Hopital-NOVO-Site-de-Beaumont-2025-1-724x1024.jpg 724w, https:\/\/hopital-novo.fr\/ghcpo\/wp-content\/uploads\/2025\/12\/Plan-Hopital-NOVO-Site-de-Beaumont-2025-1-768x1086.jpg 768w, https:\/\/hopital-novo.fr\/ghcpo\/wp-content\/uploads\/2025\/12\/Plan-Hopital-NOVO-Site-de-Beaumont-2025-1-1086x1536.jpg 1086w, https:\/\/hopital-novo.fr\/ghcpo\/wp-content\/uploads\/2025\/12\/Plan-Hopital-NOVO-Site-de-Beaumont-2025-1-1448x2048.jpg 1448w, https:\/\/hopital-novo.fr\/ghcpo\/wp-content\/uploads\/2025\/12\/Plan-Hopital-NOVO-Site-de-Beaumont-2025-1-scaled.jpg 1810w\" sizes=\"auto, (max-width: 212px) 100vw, 212px\" \/><\/a><a href=\"https:\/\/hopital-novo.fr\/ghcpo\/wp-content\/uploads\/2025\/12\/Plan-Hopital-NOVO-Site-des-Oliviers-2025.pdf\" target=\"_blank\" rel=\"noopener\"><img loading=\"lazy\" decoding=\"async\" class=\"wp-image-3561 size-medium alignleft\" src=\"https:\/\/hopital-novo.fr\/ghcpo\/wp-content\/uploads\/2025\/12\/Plan-Hopital-NOVO-Site-des-Oliviers-2025-1-212x300.jpg\" alt=\"\" width=\"212\" height=\"300\" srcset=\"https:\/\/hopital-novo.fr\/ghcpo\/wp-content\/uploads\/2025\/12\/Plan-Hopital-NOVO-Site-des-Oliviers-2025-1-212x300.jpg 212w, https:\/\/hopital-novo.fr\/ghcpo\/wp-content\/uploads\/2025\/12\/Plan-Hopital-NOVO-Site-des-Oliviers-2025-1-724x1024.jpg 724w, https:\/\/hopital-novo.fr\/ghcpo\/wp-content\/uploads\/2025\/12\/Plan-Hopital-NOVO-Site-des-Oliviers-2025-1-768x1086.jpg 768w, https:\/\/hopital-novo.fr\/ghcpo\/wp-content\/uploads\/2025\/12\/Plan-Hopital-NOVO-Site-des-Oliviers-2025-1-1086x1536.jpg 1086w, https:\/\/hopital-novo.fr\/ghcpo\/wp-content\/uploads\/2025\/12\/Plan-Hopital-NOVO-Site-des-Oliviers-2025-1-1448x2048.jpg 1448w, https:\/\/hopital-novo.fr\/ghcpo\/wp-content\/uploads\/2025\/12\/Plan-Hopital-NOVO-Site-des-Oliviers-2025-1-scaled.jpg 1810w\" sizes=\"auto, (max-width: 212px) 100vw, 212px\" \/><\/a><\/h2>\n<h2>\u00a0<\/h2>\n<h2>\u00a0<\/h2>\n<h2>\u00a0<\/h2>\n<p>&nbsp;<\/p>\n<p>&nbsp;<\/p>\n<h2>\u00a0<\/h2>\n<p>&nbsp;<\/p>\n<p>&nbsp;<\/p>\n<h2>Comment se rendre \u00e0 l&rsquo;h\u00f4pital ?<\/h2>\n<p>H\u00f4pital NOVO \u2013 Site de Beaumont<br \/>\n25 rue Edmond Turcq<br \/>\n95260 BEAUMONT-SUR-OISE<\/p>\n<p>H\u00f4pital NOVO \u2013 Site des Oliviers<br \/>\nSentier des Foss\u00e9s de Noisy<br \/>\n95260 BEAUMONT-SUR-OISE<\/p>\n<p>Standard : 01 39 37 15 20<br \/>\nFax : 01 39 37 17 99<\/p>\n<p>&nbsp;<\/p>\n<h3>Venir en voiture<\/h3>\n<p><u>Site de Beaumont<\/u><\/p>\n<p>Depuis l\u2019A16 en direction de Beauvais, prendre la sortie Beaumont-sur-Oise.<\/p>\n<p>Suivre ensuite la direction Beaumont-sur-Oise \/ Centre-ville, puis les indications vers l\u2019h\u00f4pital.<\/p>\n<p><u>Site Les Oliviers<\/u><\/p>\n<p>Depuis l\u2019A16 en direction de Beauvais, prendre la sortie Beaumont-sur-Oise.<\/p>\n<p>Suivre ensuite la direction Beaumont-sur-Oise \/ Centre-Ville, puis les indications vers \u00ab\u00a0Centre psychoth\u00e9rapeutique Les Oliviers\u00a0\u00bb<\/p>\n<p>&nbsp;<\/p>\n<h3>Venir en train<\/h3>\n<p><u>Site de Beaumont<\/u><\/p>\n<p><strong>Ligne H<\/strong>\u00a0: descendre \u00e0 la station \u00ab\u00a0<strong>Persan &#8211; Beaumont\u00a0<\/strong>\u00bb puis\u00a0:<\/p>\n<ul>\n<li>Marcher 20 minutes<\/li>\n<li>Ou prendre le bus 1302, puis descendre \u00e0 l\u2019arr\u00eat \u00ab\u00a0Saint-Laurent\u00a0\u00bb, puis marcher 6 minutes<\/li>\n<li>Ou prendre le bus 1304, puis descendre \u00e0 l\u2019arr\u00eat \u00ab\u00a0S\u00e9curit\u00e9 sociale\u00a0\u00bb, puis marcher 9 minutes<\/li>\n<li>Ou prendre le bus 100, puis descendre \u00e0 l\u2019arr\u00eat \u00ab\u00a0Les Tourelles\u00a0\u00bb, puis marcher 12 minutes<\/li>\n<li>Ou prendre bus 1301, puis descendre \u00e0 l\u2019arr\u00eat \u00ab\u00a0Les Tourelles\u00a0\u00bb, puis marcher 12 minutes<\/li>\n<\/ul>\n<p><u>Site Les Oliviers<\/u><\/p>\n<p><strong>Ligne H<\/strong>\u00a0: descendre \u00e0 la station \u00ab\u00a0<strong>Persan &#8211; Beaumont\u00a0<\/strong>\u00bb puis\u00a0:<\/p>\n<ul>\n<li>Prendre le bus 1304, puis descendre \u00e0 l\u2019arr\u00eat \u00ab\u00a0Les Oliviers\u00a0\u00bb<\/li>\n<li>Ou prendre le bus 100, puis descendre \u00e0 l\u2019arr\u00eat \u00ab\u00a0Les Oliviers\u00a0\u00bb<\/li>\n<\/ul>\n<p>Retrouvez les horaires d\u00e9taill\u00e9s sur <a href=\"http:\/\/www.transilien.com\">www.transilien.com<\/a><\/p>\n<p>&nbsp;<\/p>\n<h3>Venir en bus<\/h3>\n<p><u>Site de Beaumont<\/u><\/p>\n<ul>\n<li><strong>Bus 1302\u00a0:<\/strong> descendre \u00e0 l\u2019arr\u00eat \u00ab\u00a0Saint-Laurent\u00a0\u00bb, puis marcher 6 minutes<\/li>\n<li><strong>Bus 1304\u00a0:<\/strong> descendre \u00e0 l\u2019arr\u00eat \u00ab\u00a0S\u00e9curit\u00e9 sociale\u00a0\u00bb, puis marcher 9 minutes<\/li>\n<li><strong>Bus 100\u00a0:<\/strong> descendre \u00e0 l\u2019arr\u00eat \u00ab\u00a0Les Tourelles\u00a0\u00bb, puis marcher 12 minutes<\/li>\n<li><strong>Bus 1301\u00a0:<\/strong> descendre \u00e0 l\u2019arr\u00eat \u00ab Les Tourelles \u00bb, puis marcher 12 minute<\/li>\n<\/ul>\n<p><u>Site Les Oliviers<\/u><\/p>\n<ul>\n<li><strong>Bus 1304\u00a0:<\/strong> descendre \u00e0 l\u2019arr\u00eat \u00ab\u00a0Les Oliviers\u00a0\u00bb<\/li>\n<li><strong>Bus 100\u00a0:<\/strong> descendre \u00e0 l\u2019arr\u00eat \u00ab\u00a0Les Oliviers\u00a0\u00bb<\/li>\n<\/ul>\n<p>Retrouvez les horaires d\u00e9taill\u00e9s sur <a href=\"https:\/\/me-deplacer.iledefrance-mobilites.fr\/\">me-deplacer.iledefrance-mobilites.fr<\/a><\/p>\n<p>&nbsp;<\/p>\n","protected":false},"excerpt":{"rendered":"<p>Vous pouvez t\u00e9l\u00e9charger ici les plan des b\u00e2timents et des services du site de Beaumont-sur-Oise et Les Oliviers \u00a0 \u00a0 \u00a0 &nbsp; &nbsp; \u00a0 &nbsp; &nbsp; Comment se rendre \u00e0 l&rsquo;h\u00f4pital ? H\u00f4pital NOVO \u2013 Site de Beaumont 25 rue Edmond Turcq 95260 BEAUMONT-SUR-OISE H\u00f4pital [&hellip;]<\/p>\n","protected":false},"author":1,"featured_media":0,"parent":5,"menu_order":0,"comment_status":"open","ping_status":"open","template":"","meta":{"_acf_changed":false,"footnotes":""},"class_list":["post-37","page","type-page","status-publish","hentry"],"acf":[],"_links":{"self":[{"href":"https:\/\/hopital-novo.fr\/ghcpo\/wp-json\/wp\/v2\/pages\/37","targetHints":{"allow":["GET"]}}],"collection":[{"href":"https:\/\/hopital-novo.fr\/ghcpo\/wp-json\/wp\/v2\/pages"}],"about":[{"href":"https:\/\/hopital-novo.fr\/ghcpo\/wp-json\/wp\/v2\/types\/page"}],"author":[{"embeddable":true,"href":"https:\/\/hopital-novo.fr\/ghcpo\/wp-json\/wp\/v2\/users\/1"}],"replies":[{"embeddable":true,"href":"https:\/\/hopital-novo.fr\/ghcpo\/wp-json\/wp\/v2\/comments?post=37"}],"version-history":[{"count":16,"href":"https:\/\/hopital-novo.fr\/ghcpo\/wp-json\/wp\/v2\/pages\/37\/revisions"}],"predecessor-version":[{"id":3594,"href":"https:\/\/hopital-novo.fr\/ghcpo\/wp-json\/wp\/v2\/pages\/37\/revisions\/3594"}],"up":[{"embeddable":true,"href":"https:\/\/hopital-novo.fr\/ghcpo\/wp-json\/wp\/v2\/pages\/5"}],"wp:attachment":[{"href":"https:\/\/hopital-novo.fr\/ghcpo\/wp-json\/wp\/v2\/media?parent=37"}],"curies":[{"name":"wp","href":"https:\/\/api.w.org\/{rel}","templated":true}]}}