


{"id":35,"date":"2015-03-16T11:08:45","date_gmt":"2015-03-16T10:08:45","guid":{"rendered":"https:\/\/hopital-novo.fr\/ghcpo\/?page_id=35"},"modified":"2024-10-08T17:08:04","modified_gmt":"2024-10-08T16:08:04","slug":"chiffres-cles","status":"publish","type":"page","link":"https:\/\/hopital-novo.fr\/ghcpo\/presentation-du-ghcpo\/chiffres-cles\/","title":{"rendered":"Chiffres cl\u00e9s"},"content":{"rendered":"<p><strong>Chiffres cl\u00e9s <\/strong><\/p>\n<ul>\n<li>6 sites g\u00e9ographiques<\/li>\n<li>833 km2 de territoire desservi<\/li>\n<li>520 000 habitants concern\u00e9s<\/li>\n<li>1932 lits et places<\/li>\n<li>4 944 professionnels (\u00e9quivalents temps plein r\u00e9mun\u00e9r\u00e9s)<\/li>\n<li>8 p\u00f4les cliniques<\/li>\n<li>3 fili\u00e8res m\u00e9dico-techniques<\/li>\n<\/ul>\n<p>&nbsp;<\/p>\n<p>Retrouvez tous les chiffres dans nos rapports d&rsquo;activit\u00e9 :<\/p>\n<p><a href=\"https:\/\/hopital-novo.fr\/ghcpo\/wp-content\/uploads\/2024\/10\/D9761-Rapport-dactivite-2023-web-def.pdf\" target=\"_blank\" rel=\"noopener\">Rapport d&rsquo;activit\u00e9 2023 de l&rsquo;H\u00f4pital NOVO<\/a><\/p>\n<p><a href=\"https:\/\/hopital-novo.fr\/ghcpo\/wp-content\/uploads\/2023\/10\/Rapport-dactivite-2022-NOVO-web-2.pdf\" target=\"_blank\" rel=\"noopener\">Rapport d&rsquo;activit\u00e9 2022 du GHT NOVO<\/a><\/p>\n<p><a href=\"https:\/\/hopital-novo.fr\/ghcpo\/wp-content\/uploads\/2022\/12\/D9002-Rapport-annuel-2021-ok-web.pdf\" target=\"_blank\" rel=\"noopener\">Rapport d&rsquo;activit\u00e9 2021 du GHT NOVO<\/a><\/p>\n<p><a href=\"https:\/\/hopital-novo.fr\/ghcpo\/wp-content\/uploads\/2021\/11\/D8749-Rapport-annuel-2020-web-v2.pdf\" target=\"_blank\" rel=\"noopener\">Rapport d&rsquo;activit\u00e9 2020 du GHT NOVO<\/a><\/p>\n<p><a href=\"https:\/\/hopital-novo.fr\/ghcpo\/wp-content\/uploads\/2021\/11\/D8475-rapport-dactivite-2019-web.pdf\" target=\"_blank\" rel=\"noopener\">Rapport d&rsquo;activit\u00e9 2019 du GHT NOVO<\/a><\/p>\n<p><a href=\"https:\/\/hopital-novo.fr\/ghcpo\/wp-content\/uploads\/2015\/03\/D8115-rapoort-dactivite%CC%81-GHT-2018-web.pdf\" target=\"_blank\" rel=\"noopener noreferrer\">Rapport d&rsquo;activit\u00e9 2018 du GHT NOVO<\/a><\/p>\n<p><a href=\"https:\/\/hopital-novo.fr\/ghcpo\/wp-content\/uploads\/2015\/03\/D7717-Rapport-dactivite\u0301-GHT-2017-1.pdf\" target=\"_blank\" rel=\"noopener noreferrer\">Rapport d&rsquo;activit\u00e9 2017 GHT NOVO<\/a><\/p>\n<p><a href=\"https:\/\/hopital-novo.fr\/ghcpo\/wp-content\/uploads\/2015\/03\/D7386-rapport-dactivit\u00e9-2016-web.pdf\">Rapport d&rsquo;activit\u00e9 2016 GHT NOVO<\/a><\/p>\n<p>&nbsp;<\/p>\n","protected":false},"excerpt":{"rendered":"<p>Chiffres cl\u00e9s 6 sites g\u00e9ographiques 833 km2 de territoire desservi 520 000 habitants concern\u00e9s 1932 lits et places 4 944 professionnels (\u00e9quivalents temps plein r\u00e9mun\u00e9r\u00e9s) 8 p\u00f4les cliniques 3 fili\u00e8res m\u00e9dico-techniques &nbsp; Retrouvez tous les chiffres dans nos rapports d&rsquo;activit\u00e9 : Rapport d&rsquo;activit\u00e9 2023 de [&hellip;]<\/p>\n","protected":false},"author":1,"featured_media":0,"parent":5,"menu_order":0,"comment_status":"open","ping_status":"open","template":"","meta":{"_acf_changed":false,"footnotes":""},"class_list":["post-35","page","type-page","status-publish","hentry"],"acf":[],"_links":{"self":[{"href":"https:\/\/hopital-novo.fr\/ghcpo\/wp-json\/wp\/v2\/pages\/35","targetHints":{"allow":["GET"]}}],"collection":[{"href":"https:\/\/hopital-novo.fr\/ghcpo\/wp-json\/wp\/v2\/pages"}],"about":[{"href":"https:\/\/hopital-novo.fr\/ghcpo\/wp-json\/wp\/v2\/types\/page"}],"author":[{"embeddable":true,"href":"https:\/\/hopital-novo.fr\/ghcpo\/wp-json\/wp\/v2\/users\/1"}],"replies":[{"embeddable":true,"href":"https:\/\/hopital-novo.fr\/ghcpo\/wp-json\/wp\/v2\/comments?post=35"}],"version-history":[{"count":4,"href":"https:\/\/hopital-novo.fr\/ghcpo\/wp-json\/wp\/v2\/pages\/35\/revisions"}],"predecessor-version":[{"id":3244,"href":"https:\/\/hopital-novo.fr\/ghcpo\/wp-json\/wp\/v2\/pages\/35\/revisions\/3244"}],"up":[{"embeddable":true,"href":"https:\/\/hopital-novo.fr\/ghcpo\/wp-json\/wp\/v2\/pages\/5"}],"wp:attachment":[{"href":"https:\/\/hopital-novo.fr\/ghcpo\/wp-json\/wp\/v2\/media?parent=35"}],"curies":[{"name":"wp","href":"https:\/\/api.w.org\/{rel}","templated":true}]}}