


{"id":341,"date":"2015-03-27T12:53:22","date_gmt":"2015-03-27T11:53:22","guid":{"rendered":"https:\/\/hopital-novo.fr\/ghcpo\/?page_id=341"},"modified":"2024-02-09T14:27:03","modified_gmt":"2024-02-09T13:27:03","slug":"test-payer-vos-factures-en-ligne","status":"publish","type":"page","link":"https:\/\/hopital-novo.fr\/ghcpo\/vous-etes-patient\/test-payer-vos-factures-en-ligne\/","title":{"rendered":"Paiement"},"content":{"rendered":"<h2 style=\"text-align: center;\">LE PAIEMENT DE VOS FACTURES<\/h2>\n<p>Vous, ou vos ayants droit, avez \u00e9t\u00e9 pris en charge au sein de l&rsquo;H\u00f4pital NOVO et <strong>vous avez re\u00e7u un courrier, par voie postale, vous indiquant que certains frais restent \u00e0 votre charge <\/strong>(un \u00ab\u00a0avis de sommes \u00e0 payer\u00a0\u00bb).<\/p>\n<p>Vous avez la possibilit\u00e9 d&rsquo;en effectuer le paiement de diff\u00e9rentes fa\u00e7ons :<\/p>\n<ul style=\"list-style-type: square;\">\n<li>Par VIREMENT bancaire ou postal : \u00e9tablissez votre virement \u00e0 l&rsquo;ordre du TRESOR PUBLIC avec les r\u00e9f\u00e9rences bancaires figurant sur votre <em>Avis des sommes \u00e0 payer.<\/em> Reportez dans la zone \u00ab\u00a0correspondance\u00a0\u00bb le num\u00e9ro de titre et l&rsquo;exercice figurant dans le cadre <em>identification<\/em> de l&rsquo;<em>Avis des sommes \u00e0 payer.<\/em><\/li>\n<li>Par TELEPHONE : munissez-vous de votre facture et de votre carte bancaire et appelez la Tr\u00e9sorerie de votre choix.<\/li>\n<\/ul>\n<p>Si vous rencontrez des difficult\u00e9s pour payer la somme due, pr\u00e9sentez-vous \u00e0 la Tr\u00e9sorerie ou \u00e9crivez-lui en rappelant toutes les r\u00e9f\u00e9rences figurant dans le cadre <em>identification<\/em> de l&rsquo;<em>Avis des sommes \u00e0 payer.<\/em><\/p>\n<p>Horaires d\u2019ouverture : lundi, mardi et vendredi de 8h45 \u00e0 12h15 uniquement.<\/p>\n<h2>Paiement en ligne<\/h2>\n<h3>Vous pouvez utiliser <strong>le paiement en ligne<\/strong> via le site s\u00e9curis\u00e9 de la Direction G\u00e9n\u00e9rale des Finances Publiques.<\/h3>\n<p>Ces r\u00e8glements se font par l&rsquo;interm\u00e9diaire d&rsquo;un service s\u00e9curis\u00e9, \u00e9labor\u00e9 par la <strong>Direction G\u00e9n\u00e9rale des Finances Publiques<\/strong> et disponible 7j\/7, 24h\/24.<\/p>\n<p>Pour effectuer le paiement par internet des frais restant \u00e0 votre charge, <strong>il suffit de vous munir de l&rsquo;avis de sommes \u00e0 payer <\/strong>re\u00e7u par courrier postale puis de suivre les indications suivantes:<\/p>\n<p>Paiement d\u00e8s r\u00e9ception.<\/p>\n<ul>\n<li>Connectez-vous au service de paiement en ligne de la Direction G\u00e9n\u00e9rale des Finances Publiques en cliquant sur le lien suivant:<\/li>\n<\/ul>\n<p style=\"text-align: center;\"><a href=\"https:\/\/www.payfip.gouv.fr\/tpi-zu\/accueilportail.web\" target=\"_blank\" rel=\"noopener\">www.payfip.gouv.fr<\/a><\/p>\n<p style=\"text-align: center;\">\u00a0<\/p>\n<p>\u00a0Saisissez plusieurs \u00e9l\u00e9ments figurant sur l&rsquo;avis de sommes \u00e0 payer:<\/p>\n<ul>\n<li style=\"list-style-type: none;\">\n<ul>\n<li style=\"list-style-type: none;\">\n<ul>\n<li>le num\u00e9ro collectivit\u00e9<\/li>\n<li>la r\u00e9f\u00e9rence<\/li>\n<li>le num\u00e9ro d&rsquo;entr\u00e9e\n<p><a href=\"https:\/\/hopital-novo.fr\/ghcpo\/wp-content\/uploads\/2015\/03\/capture_ecran_TIPI.jpg\"><img loading=\"lazy\" decoding=\"async\" width=\"300\" height=\"181\" class=\" size-medium wp-image-951 aligncenter\" src=\"https:\/\/hopital-novo.fr\/ghcpo\/wp-content\/uploads\/2015\/03\/capture_ecran_TIPI-300x181.jpg\" alt=\"capture_ecran_TIPI\" srcset=\"https:\/\/hopital-novo.fr\/ghcpo\/wp-content\/uploads\/2015\/03\/capture_ecran_TIPI-300x181.jpg 300w, https:\/\/hopital-novo.fr\/ghcpo\/wp-content\/uploads\/2015\/03\/capture_ecran_TIPI.jpg 720w\" sizes=\"auto, (max-width: 300px) 100vw, 300px\" \/><\/a><\/p>\n<\/li>\n<\/ul>\n<\/li>\n<\/ul>\n<\/li>\n<\/ul>\n<ul>\n<li>Apr\u00e8s saisie de votre adresse de messagerie, vous serez automatiquement redirig\u00e9 vers le serveur de paiement s\u00e9curis\u00e9 de la Direction G\u00e9n\u00e9rale des Finances Publiques sur lequel vous pouvez finaliser votre paiement, muni d&rsquo;une carte bancaire.<\/li>\n<li>D\u00e8s la formalit\u00e9 accomplie, un courriel de confirmation de la transaction vous sera envoy\u00e9 \u00e0 l&rsquo;adresse de messagerie que vous avez indiqu\u00e9e \u00e0 l&rsquo;\u00e9tape pr\u00e9c\u00e9dente.<\/li>\n<li>D\u00e8s l&rsquo;enregistrement de votre r\u00e8glement, une quittance de paiement vous sera automatiquement adress\u00e9e afin que vous puissiez faire valoir vos droits, le cas \u00e9ch\u00e9ant, aupr\u00e8s des diff\u00e9rents organismes dont vous d\u00e9pendez.<\/li>\n<\/ul>\n<p>En cas de difficult\u00e9 sur le paiement par internet, le service de Facturation de l&rsquo;h\u00f4pital pourra \u00eatre contact\u00e9 par t\u00e9l\u00e9phone de 9h \u00e0 17h du lundi au vendredi au 01 39 37 13 77.<\/p>\n","protected":false},"excerpt":{"rendered":"<p>LE PAIEMENT DE VOS FACTURES Vous, ou vos ayants droit, avez \u00e9t\u00e9 pris en charge au sein de l&rsquo;H\u00f4pital NOVO et vous avez re\u00e7u un courrier, par voie postale, vous indiquant que certains frais restent \u00e0 votre charge (un \u00ab\u00a0avis de sommes \u00e0 payer\u00a0\u00bb). Vous [&hellip;]<\/p>\n","protected":false},"author":3,"featured_media":0,"parent":136,"menu_order":1,"comment_status":"closed","ping_status":"closed","template":"page-patients.php","meta":{"_acf_changed":false,"footnotes":""},"class_list":["post-341","page","type-page","status-publish","hentry"],"acf":[],"_links":{"self":[{"href":"https:\/\/hopital-novo.fr\/ghcpo\/wp-json\/wp\/v2\/pages\/341","targetHints":{"allow":["GET"]}}],"collection":[{"href":"https:\/\/hopital-novo.fr\/ghcpo\/wp-json\/wp\/v2\/pages"}],"about":[{"href":"https:\/\/hopital-novo.fr\/ghcpo\/wp-json\/wp\/v2\/types\/page"}],"author":[{"embeddable":true,"href":"https:\/\/hopital-novo.fr\/ghcpo\/wp-json\/wp\/v2\/users\/3"}],"replies":[{"embeddable":true,"href":"https:\/\/hopital-novo.fr\/ghcpo\/wp-json\/wp\/v2\/comments?post=341"}],"version-history":[{"count":5,"href":"https:\/\/hopital-novo.fr\/ghcpo\/wp-json\/wp\/v2\/pages\/341\/revisions"}],"predecessor-version":[{"id":3075,"href":"https:\/\/hopital-novo.fr\/ghcpo\/wp-json\/wp\/v2\/pages\/341\/revisions\/3075"}],"up":[{"embeddable":true,"href":"https:\/\/hopital-novo.fr\/ghcpo\/wp-json\/wp\/v2\/pages\/136"}],"wp:attachment":[{"href":"https:\/\/hopital-novo.fr\/ghcpo\/wp-json\/wp\/v2\/media?parent=341"}],"curies":[{"name":"wp","href":"https:\/\/api.w.org\/{rel}","templated":true}]}}