


{"id":29,"date":"2015-03-16T11:07:47","date_gmt":"2015-03-16T10:07:47","guid":{"rendered":"https:\/\/hopital-novo.fr\/ghcpo\/?page_id=29"},"modified":"2024-03-08T16:47:49","modified_gmt":"2024-03-08T15:47:49","slug":"poles-dactivite","status":"publish","type":"page","link":"https:\/\/hopital-novo.fr\/ghcpo\/presentation-du-ghcpo\/poles-dactivite\/","title":{"rendered":"P\u00f4les d&rsquo;activit\u00e9"},"content":{"rendered":"<p>L&rsquo;H\u00f4pital NOVO est organis\u00e9 en <strong>11 p\u00f4les et fili\u00e8res de soins<\/strong> :<\/p>\n<ul>\n<li>Vieillissement et prise en charge des personnes \u00e2g\u00e9es<\/li>\n<li>Support physiologique et m\u00e9decine physique et r\u00e9adaptation<\/li>\n<li>Soins intensifs et soins non programm\u00e9s<\/li>\n<li>Parcours cliniques des maladies chroniques<\/li>\n<li>Sant\u00e9 mentale<\/li>\n<li>Chirurgie<\/li>\n<li>Sant\u00e9 de l\u2019enfant<\/li>\n<li>Sant\u00e9 de la femme<\/li>\n<li>Fili\u00e8re biologie &#8211; Hygi\u00e8ne<\/li>\n<li>Fili\u00e8re imagerie \u2013 m\u00e9decine nucl\u00e9aire<\/li>\n<li>Fili\u00e8re pharmacie<\/li>\n<\/ul>\n","protected":false},"excerpt":{"rendered":"<p>L&rsquo;H\u00f4pital NOVO est organis\u00e9 en 11 p\u00f4les et fili\u00e8res de soins : Vieillissement et prise en charge des personnes \u00e2g\u00e9es Support physiologique et m\u00e9decine physique et r\u00e9adaptation Soins intensifs et soins non programm\u00e9s Parcours cliniques des maladies chroniques Sant\u00e9 mentale Chirurgie Sant\u00e9 de l\u2019enfant Sant\u00e9 [&hellip;]<\/p>\n","protected":false},"author":1,"featured_media":0,"parent":5,"menu_order":0,"comment_status":"open","ping_status":"open","template":"","meta":{"_acf_changed":false,"footnotes":""},"class_list":["post-29","page","type-page","status-publish","hentry"],"acf":[],"_links":{"self":[{"href":"https:\/\/hopital-novo.fr\/ghcpo\/wp-json\/wp\/v2\/pages\/29","targetHints":{"allow":["GET"]}}],"collection":[{"href":"https:\/\/hopital-novo.fr\/ghcpo\/wp-json\/wp\/v2\/pages"}],"about":[{"href":"https:\/\/hopital-novo.fr\/ghcpo\/wp-json\/wp\/v2\/types\/page"}],"author":[{"embeddable":true,"href":"https:\/\/hopital-novo.fr\/ghcpo\/wp-json\/wp\/v2\/users\/1"}],"replies":[{"embeddable":true,"href":"https:\/\/hopital-novo.fr\/ghcpo\/wp-json\/wp\/v2\/comments?post=29"}],"version-history":[{"count":3,"href":"https:\/\/hopital-novo.fr\/ghcpo\/wp-json\/wp\/v2\/pages\/29\/revisions"}],"predecessor-version":[{"id":3106,"href":"https:\/\/hopital-novo.fr\/ghcpo\/wp-json\/wp\/v2\/pages\/29\/revisions\/3106"}],"up":[{"embeddable":true,"href":"https:\/\/hopital-novo.fr\/ghcpo\/wp-json\/wp\/v2\/pages\/5"}],"wp:attachment":[{"href":"https:\/\/hopital-novo.fr\/ghcpo\/wp-json\/wp\/v2\/media?parent=29"}],"curies":[{"name":"wp","href":"https:\/\/api.w.org\/{rel}","templated":true}]}}