


{"id":177,"date":"2015-03-19T15:13:06","date_gmt":"2015-03-19T14:13:06","guid":{"rendered":"https:\/\/hopital-novo.fr\/ghcpo\/?page_id=177"},"modified":"2015-06-01T15:06:51","modified_gmt":"2015-06-01T14:06:51","slug":"dons-dorganes","status":"publish","type":"page","link":"https:\/\/hopital-novo.fr\/ghcpo\/vous-etes-patient\/dons-dorganes\/","title":{"rendered":"Dons d&rsquo;organes et de tissus"},"content":{"rendered":"<h4>Faire un don peut sauver une vie.<\/h4>\n<p><strong>Que faire pour exprimer son consentement ou son refus ?<\/strong><br \/>Vous devez simplement prendre position pour ou contre le don d\u2019organes et de tissus en vue de greffe.<\/p>\n<p>Si vous \u00eates pour le don de vos organes, tissus et cellules, vous pouvez porter sur vous un document exprimant votre volont\u00e9 ou une carte de donneur.<br \/>Pour vous la procurer, \u00e9crivez \u00e0 :<\/p>\n<p style=\"padding-left: 30px;\">Agence de la biom\u00e9decine<br \/>1 avenue du Stade de France<br \/>93 212 Saint-Denis La Plaine Cedex<\/p>\n<p>Si vous \u00eates oppos\u00e9(e) \u00e0 tout pr\u00e9l\u00e8vement d\u2019organes, vous pouvez mentionner ce refus sur le fichier national en \u00e9crivant au :<\/p>\n<p style=\"padding-left: 30px;\">Registre national des refus &#8211; Agence de la biom\u00e9decine<br \/>1 avenue du Stade de France<br \/>93 212 Saint-Denis La Plaine Cedex<\/p>\n<p>Avant tout projet de pr\u00e9l\u00e8vement, l\u2019h\u00f4pital consulte obligatoirement le registre national des refus ainsi que l\u2019entourage du patient afin de d\u00e9terminer si, de son vivant, il a exprim\u00e9 une opposition au pr\u00e9l\u00e8vement.<\/p>\n<p>&nbsp;<\/p>\n<p><a href=\"http:\/\/www.dondorganes.fr\/\" target=\"_blank\">en savoir plus <\/a><\/p>\n<p><a href=\"https:\/\/hopital-novo.fr\/ghcpo\/wp-content\/uploads\/2015\/03\/Don-d-organe-en-parler-pour-sauver-des-vies.jpg\"><img loading=\"lazy\" decoding=\"async\" width=\"300\" height=\"174\" class=\"alignleft size-medium wp-image-745\" src=\"https:\/\/hopital-novo.fr\/ghcpo\/wp-content\/uploads\/2015\/03\/Don-d-organe-en-parler-pour-sauver-des-vies-300x174.jpg\" alt=\"Don-d-organe-en-parler-pour-sauver-des-vies\" srcset=\"https:\/\/hopital-novo.fr\/ghcpo\/wp-content\/uploads\/2015\/03\/Don-d-organe-en-parler-pour-sauver-des-vies-300x174.jpg 300w, https:\/\/hopital-novo.fr\/ghcpo\/wp-content\/uploads\/2015\/03\/Don-d-organe-en-parler-pour-sauver-des-vies.jpg 1000w\" sizes=\"auto, (max-width: 300px) 100vw, 300px\" \/><\/a><\/p>\n","protected":false},"excerpt":{"rendered":"<p>Faire un don peut sauver une vie. Que faire pour exprimer son consentement ou son refus ?Vous devez simplement prendre position pour ou contre le don d\u2019organes et de tissus en vue de greffe. Si vous \u00eates pour le don de vos organes, tissus et [&hellip;]<\/p>\n","protected":false},"author":1,"featured_media":0,"parent":136,"menu_order":0,"comment_status":"closed","ping_status":"closed","template":"page-patients.php","meta":{"_acf_changed":false,"footnotes":""},"class_list":["post-177","page","type-page","status-publish","hentry"],"acf":[],"_links":{"self":[{"href":"https:\/\/hopital-novo.fr\/ghcpo\/wp-json\/wp\/v2\/pages\/177","targetHints":{"allow":["GET"]}}],"collection":[{"href":"https:\/\/hopital-novo.fr\/ghcpo\/wp-json\/wp\/v2\/pages"}],"about":[{"href":"https:\/\/hopital-novo.fr\/ghcpo\/wp-json\/wp\/v2\/types\/page"}],"author":[{"embeddable":true,"href":"https:\/\/hopital-novo.fr\/ghcpo\/wp-json\/wp\/v2\/users\/1"}],"replies":[{"embeddable":true,"href":"https:\/\/hopital-novo.fr\/ghcpo\/wp-json\/wp\/v2\/comments?post=177"}],"version-history":[{"count":0,"href":"https:\/\/hopital-novo.fr\/ghcpo\/wp-json\/wp\/v2\/pages\/177\/revisions"}],"up":[{"embeddable":true,"href":"https:\/\/hopital-novo.fr\/ghcpo\/wp-json\/wp\/v2\/pages\/136"}],"wp:attachment":[{"href":"https:\/\/hopital-novo.fr\/ghcpo\/wp-json\/wp\/v2\/media?parent=177"}],"curies":[{"name":"wp","href":"https:\/\/api.w.org\/{rel}","templated":true}]}}