


{"id":171,"date":"2015-03-19T15:11:46","date_gmt":"2015-03-19T14:11:46","guid":{"rendered":"https:\/\/hopital-novo.fr\/ghcpo\/?page_id=171"},"modified":"2025-12-04T15:24:09","modified_gmt":"2025-12-04T14:24:09","slug":"votre-sejour","status":"publish","type":"page","link":"https:\/\/hopital-novo.fr\/ghcpo\/vous-etes-patient\/votre-sejour\/","title":{"rendered":"Votre s\u00e9jour"},"content":{"rendered":"<h3>Vos devoirs<\/h3>\n<ul>\n<li>La politesse et la courtoisie sont de rigueur dans l\u2019enceinte de l&rsquo;h\u00f4pital.<\/li>\n<li>Le respect des locaux et du mat\u00e9riel mis \u00e0 votre disposition est n\u00e9cessaire au bon fonctionnement des services et contribue \u00e0 rendre votre s\u00e9jour plus agr\u00e9able.<\/li>\n<li>Nous vous remercions de bien vouloir respecter le repos des autres patients: les horaires des visites doivent \u00eatre respect\u00e9s.<\/li>\n<li>L\u2019usage de la t\u00e9l\u00e9vision ou de tout autre appareil radiophonique ne doit pas perturber le repos des malades.<\/li>\n<li>L\u2019introduction de boissons alcoolis\u00e9es\u00a0 est interdite dans l\u2019h\u00f4pital.<\/li>\n<li>Il est strictement interdit de fumer \u00e0 l\u2019int\u00e9rieur des locaux de l&rsquo;h\u00f4pital.<\/li>\n<li>Une tenue correcte est exig\u00e9e.<\/li>\n<li>Il est strictement interdit de r\u00e9aliser dans l\u2019enceinte de l&rsquo;h\u00f4pital, des photos des patients ou des personnels, \u00e0 partir de t\u00e9l\u00e9phone portable ou d\u2019appareils de prises de vue de tout type. Il est \u00e9galement interdit d\u2019effectuer des vid\u00e9os ou enregistrements audio sous peine de poursuites.\n<p>\n<\/li>\n<\/ul>\n<hr \/>\n<h3>Accompagnants<\/h3>\n<p>Apr\u00e8s renseignement pris aupr\u00e8s de l\u2019\u00e9quipe h\u00f4teli\u00e8re du service d\u2019hospitalisation ou d\u2019h\u00e9bergement, l\u2019un de vos proches pourra prendre ses repas avec vous contre achat d\u2019un ticket repas aux guichets de la Gestion Administrative des Patients \u2013Admissions.<\/p>\n<p>L\u2019\u00e9tablissement offre gracieusement la possibilit\u00e9 aux parents d\u2019un enfant hospitalis\u00e9 de pouvoir rester aupr\u00e8s de lui apr\u00e8s accord du service de soins.<\/p>\n<h3>Chambre particuli\u00e8re<\/h3>\n<p><strong>Selon les services d\u2019hospitalisation et sous r\u00e9serve de disponibilit\u00e9<\/strong>, vous pouvez demander une chambre particuli\u00e8re. Le\u00a0tarif\u00a0est consultable sur l\u2019affichage des guichets de la Gestion Administrative des Patients \u2013Admissions.<br \/>\nCette prestation peut \u00eatre prise en totalit\u00e9 ou partie par votre mutuelle ou organisme compl\u00e9mentaire.<\/p>\n<h3>Courrier<\/h3>\n<p>Vous pouvez recevoir du courrier pendant votre hospitalisation ou h\u00e9bergement. Celui-ci vous sera remis dans votre chambre.<\/p>\n<h3>Culte<\/h3>\n<p>L\u2019aum\u00f4nerie de l\u2019H\u00f4pital NOVO est au service des patients, des r\u00e9sidents et de leur famille. N\u2019h\u00e9sitez-pas \u00e0 y faire appel si vous avez besoin d\u2019\u00eatre \u00e9cout\u00e9, accompagn\u00e9 ou orient\u00e9 dans vos questions d\u2019ordre existentiel, spirituel ou religieux.<br \/>\nNous pouvons aussi vous accompagner dans les pri\u00e8res rituelles propres \u00e0 chaque culte autour de la naissance, de la maladie et de la fin de vie. Possibilit\u00e9 de c\u00e9l\u00e9brer les sacrements.<\/p>\n<p>&#8211; Aum\u00f4nier catholique : Val\u00e9rie RIVET &#8211; 07 63 21 50 52<br \/>\n&#8211; Aum\u00f4nier musulman : Ka\u00efs HALOUI \u2013 06 58 67 79 15<\/p>\n<p>\nPour toutes les autres demandes, merci de prendre contact avec l\u2019un des deux aum\u00f4niers qui saura vous orienter.<\/p>\n<h3>D\u00e9p\u00f4t d\u2019argent et objets pr\u00e9cieux<\/h3>\n<p>Les grosses sommes d\u2019argent ou objets pr\u00e9cieux peuvent \u00eatre d\u00e9pos\u00e9s dans un coffre aupr\u00e8s du r\u00e9gisseur. <br \/>\nLe cadre du service de soin vous guidera dans la d\u00e9marche \u00e0 suivre. <br \/>\nCependant, nous vous recommandons de n\u2019emporter avec vous que le <strong>strict minimum<\/strong> (ni bijoux, ni cartes de cr\u00e9dit, ni ch\u00e9quiers).<\/p>\n<h3>Linge<\/h3>\n<p>Il vous appartient d\u2019apporter votre linge et vos effets personnels (savon, brosse \u00e0 dents, dentifrice, serviette de toilette, etc.). L\u2019\u00e9tablissement fournit le linge h\u00f4telier (draps, couverture, oreiller).<\/p>\n<h3>Restauration<\/h3>\n<p>Les menus sont \u00e9tablis par une di\u00e9t\u00e9ticienne et respectent les diff\u00e9rents r\u00e9gimes prescrits par les m\u00e9decins.<\/p>\n<p>Vous pourrez indiquer les aliments pour lesquels vous avez une aversion.<\/p>\n<p>Aucun produit p\u00e9rissable ne doit \u00eatre stock\u00e9 dans la chambre.<\/p>\n<p>Sur le site de Beaumont, un point de vente-caf\u00e9t\u00e9ria vous propose revues, friandises, boissons, n\u00e9cessaires de toilettes et petite restauration chaude ou froide.<\/p>\n<h3>Service social<\/h3>\n<p>Afin de pr\u00e9parer au mieux votre retour \u00e0 domicile ou votre accueil dans une autre structure, une assistante sociale est r\u00e9f\u00e9rente dans chaque service et pourra vous rencontrer.<\/p>\n<h3>T\u00e9l\u00e9phone<\/h3>\n<p>Vous pouvez demander le branchement d\u2019une ligne t\u00e9l\u00e9phonique aupr\u00e8s de la caf\u00e9t\u00e9ria, site de Beaumont. Si vous souhaitez passer des communications, les frais seront \u00e0 votre charge.<\/p>\n<h3>T\u00e9l\u00e9vision<\/h3>\n<p>Vous pouvez demander le branchement de la t\u00e9l\u00e9vision aupr\u00e8s de la caf\u00e9t\u00e9ria, site de Beaumont. Les frais seront \u00e0 votre charge.<\/p>\n<p>&nbsp;<\/p>\n","protected":false},"excerpt":{"rendered":"<p>Vos devoirs La politesse et la courtoisie sont de rigueur dans l\u2019enceinte de l&rsquo;h\u00f4pital. Le respect des locaux et du mat\u00e9riel mis \u00e0 votre disposition est n\u00e9cessaire au bon fonctionnement des services et contribue \u00e0 rendre votre s\u00e9jour plus agr\u00e9able. Nous vous remercions de bien [&hellip;]<\/p>\n","protected":false},"author":1,"featured_media":0,"parent":136,"menu_order":0,"comment_status":"closed","ping_status":"closed","template":"page-patients.php","meta":{"_acf_changed":false,"footnotes":""},"class_list":["post-171","page","type-page","status-publish","hentry"],"acf":[],"_links":{"self":[{"href":"https:\/\/hopital-novo.fr\/ghcpo\/wp-json\/wp\/v2\/pages\/171","targetHints":{"allow":["GET"]}}],"collection":[{"href":"https:\/\/hopital-novo.fr\/ghcpo\/wp-json\/wp\/v2\/pages"}],"about":[{"href":"https:\/\/hopital-novo.fr\/ghcpo\/wp-json\/wp\/v2\/types\/page"}],"author":[{"embeddable":true,"href":"https:\/\/hopital-novo.fr\/ghcpo\/wp-json\/wp\/v2\/users\/1"}],"replies":[{"embeddable":true,"href":"https:\/\/hopital-novo.fr\/ghcpo\/wp-json\/wp\/v2\/comments?post=171"}],"version-history":[{"count":3,"href":"https:\/\/hopital-novo.fr\/ghcpo\/wp-json\/wp\/v2\/pages\/171\/revisions"}],"predecessor-version":[{"id":3546,"href":"https:\/\/hopital-novo.fr\/ghcpo\/wp-json\/wp\/v2\/pages\/171\/revisions\/3546"}],"up":[{"embeddable":true,"href":"https:\/\/hopital-novo.fr\/ghcpo\/wp-json\/wp\/v2\/pages\/136"}],"wp:attachment":[{"href":"https:\/\/hopital-novo.fr\/ghcpo\/wp-json\/wp\/v2\/media?parent=171"}],"curies":[{"name":"wp","href":"https:\/\/api.w.org\/{rel}","templated":true}]}}