


{"id":168,"date":"2015-03-19T15:11:24","date_gmt":"2015-03-19T14:11:24","guid":{"rendered":"https:\/\/hopital-novo.fr\/ghcpo\/?page_id=168"},"modified":"2025-10-16T14:53:01","modified_gmt":"2025-10-16T13:53:01","slug":"votre-arrivee","status":"publish","type":"page","link":"https:\/\/hopital-novo.fr\/ghcpo\/vous-etes-patient\/votre-arrivee\/","title":{"rendered":"Votre arriv\u00e9e"},"content":{"rendered":"<div class=\"su-accordion su-u-trim\"><\/div>\n<div class=\"su-spoiler su-spoiler-style-fancy su-spoiler-icon-plus su-spoiler-closed\" data-scroll-offset=\"0\" data-anchor-in-url=\"no\"><div class=\"su-spoiler-title\" tabindex=\"0\" role=\"button\"><span class=\"su-spoiler-icon\"><\/span> Venir en consultation<\/div><div class=\"su-spoiler-content su-u-clearfix su-u-trim\">\u00a0<\/p>\n<p>Avant chaque consultation, vous devez constituer votre <strong>dossier administratif<\/strong> et obtenir <strong>votre fiche de circulation<\/strong>.<\/p>\n<p>Quel que soit le lieu de votre rendez-vous, vous devez imp\u00e9rativement vous pr\u00e9senter aux guichets de la Gestion Administrative des Patients \u2013Admissions, au moins 20 mn avant, avec les justificatifs suivants\u00a0:<\/p>\n<ul>\n<li>votre carte Vitale\u00a0OU attestation de Couverture Maladie Universelle (CMU) OU notification d\u2019Aide M\u00e9dicale (AME)<\/li>\n<li>votre carte de mutuelle\u00a0<\/li>\n<li>une pi\u00e8ce d\u2019identit\u00e9\u00a0: carte nationale d\u2019identit\u00e9, passeport, titre s\u00e9jour, livret de famille pour les mineurs<\/li>\n<\/ul>\n<p><strong>Le paiement s\u2019effectue apr\u00e8s la consultation<\/strong>, toujours aupr\u00e8s des guichets de la Gestion Administrative des Patients-Admissions, dans le hall central,<\/p>\n<p>Toutes nos consultations sont au <strong>tarif secteur 1<\/strong> de la S\u00e9curit\u00e9 Sociale, sans d\u00e9passement d\u2019honoraires.<\/p>\n<p>Les autres tarifs en vigueur (prestations h\u00f4teli\u00e8res, prix de journ\u00e9es etc.) sont affich\u00e9s \u00e0 chaque point d\u2019accueil administratif.<\/p>\n<h3><span style=\"text-decoration: underline;\">Activit\u00e9 lib\u00e9rale<\/span><\/h3>\n<p>A votre demande, quelques m\u00e9decins autoris\u00e9s par l&rsquo;H\u00f4pital NOVO peuvent vous soigner dans le cadre de leur <strong>activit\u00e9 lib\u00e9rale<\/strong> (consultations priv\u00e9es).<\/p>\n<p>Dans ce cas, vous <strong>devrez vous rendre directement<\/strong> \u00e0 la consultation du m\u00e9decin. Celui-ci percevra directement le montant de ses honoraires.<\/p>\n<\/div><\/div>\n<div class=\"su-accordion su-u-trim\"><\/div>\n<div class=\"su-spoiler su-spoiler-style-fancy su-spoiler-icon-plus su-spoiler-closed\" data-scroll-offset=\"0\" data-anchor-in-url=\"no\"><div class=\"su-spoiler-title\" tabindex=\"0\" role=\"button\"><span class=\"su-spoiler-icon\"><\/span> Hospitalisation <\/div><div class=\"su-spoiler-content su-u-clearfix su-u-trim\">\u00a0<\/p>\n<p><a href=\"https:\/\/hopital-novo.fr\/wp-content\/uploads\/2025\/07\/D9916-Livret-daccueil-patient-unique-NOVO-page-par-page.pdf\" target=\"_blank\" rel=\"noopener\"><img loading=\"lazy\" decoding=\"async\" class=\"aligncenter wp-image-3434\" src=\"https:\/\/hopital-novo.fr\/ghcpo\/wp-content\/uploads\/2025\/07\/Capture-livret-accueil-patient.png\" alt=\"\" width=\"350\" height=\"498\" srcset=\"https:\/\/hopital-novo.fr\/ghcpo\/wp-content\/uploads\/2025\/07\/Capture-livret-accueil-patient.png 667w, https:\/\/hopital-novo.fr\/ghcpo\/wp-content\/uploads\/2025\/07\/Capture-livret-accueil-patient-211x300.png 211w\" sizes=\"auto, (max-width: 350px) 100vw, 350px\" \/><\/a><\/p>\n<p style=\"text-align: center;\"><a href=\"https:\/\/hopital-novo.fr\/wp-content\/uploads\/2025\/07\/D9916-Livret-daccueil-patient-unique-NOVO-page-par-page.pdf\" target=\"_blank\" rel=\"noopener\"><strong>Cliquez ici pour consulter le livret d&rsquo;accueil du patient.<\/strong><\/a><\/p>\n<h3><strong><span style=\"text-decoration: underline;\">Les formalit\u00e9s administratives<\/span><\/strong><\/h3>\n<p>Ces formalit\u00e9s sont n\u00e9cessaires \u00e0 la prise en charge des frais d\u2019hospitalisation par les organismes auxquels vous \u00eates affili\u00e9(e).<\/p>\n<p>Elles s\u2019accomplissent au Bureau de la Gestion Administrative des Patients<\/p>\n<p><strong><span style=\"text-decoration: underline;\">Heures d\u2019ouverture<\/span> : du lundi au vendredi de 8h \u00e0 17h<\/strong><\/p>\n<p>Les documents \u00e0 pr\u00e9senter sont\u00a0:<\/p>\n<ul>\n<li>votre carte Vitale\u00a0OU attestation de Couverture Maladie Universelle (CMU) OU notification d\u2019Aide M\u00e9dicale (AME)<\/li>\n<li>votre carte de mutuelle\u00a0<\/li>\n<li>une pi\u00e8ce d\u2019identit\u00e9\u00a0: carte nationale d\u2019identit\u00e9, passeport, titre s\u00e9jour, livret de famille pour les mineurs<\/li>\n<li>un justificatif de domicile<\/li>\n<li>une adresse email pourra vous \u00eatre demand\u00e9e dans le cadre de l&rsquo;enqu\u00eate de satisfaction des patients<\/li>\n<\/ul>\n<h3><strong><span style=\"text-decoration: underline;\">Les frais de s\u00e9jour<\/span><\/strong><\/h3>\n<p>Les frais de s\u00e9jour varient selon le service o\u00f9 vous serez hospitalis\u00e9.<br \/>\nLes prix de journ\u00e9e sont fix\u00e9s annuellement en fonction des sp\u00e9cialit\u00e9s, et sont consultables sur les panneaux d\u2019affichage situ\u00e9s \u00e0 proximit\u00e9 des guichets de la Gestion Administrative des Patients.<\/p>\n<p>En fonction de votre situation et du service d\u2019hospitalisation, l\u2019Assurance Maladie prend en charge la totalit\u00e9 ou partie de vos frais. <br \/>\nLe service de la Gestion Administrative des Patients se charge de contacter votre organisme compl\u00e9mentaire afin d\u2019obtenir la prise en charge des frais non couverts par l\u2019Assurance Maladie (Ticket mod\u00e9rateur, forfait journalier, chambre particuli\u00e8re\u2026)<\/p>\n<h4><span style=\"text-decoration: underline;\">Quelques pr\u00e9cautions \u00e0 prendre avant de vous rendre \u00e0 l&rsquo;h\u00f4pital<\/span><\/h4>\n<ul>\n<li>Nous vous recommandons de n&#8217;emporter avec vous que le <strong>strict minimum<\/strong> (ni bijoux, ni cartes de cr\u00e9dit, ni ch\u00e9quiers), l&rsquo;\u00e9tablissement n\u2019\u00e9tant pas responsable en cas de perte ou de vol.<\/li>\n<\/ul>\n<h2><span style=\"text-decoration: underline;\">Admission programm\u00e9e<\/span><\/h2>\n<p>D\u00e8s que l\u2019hospitalisation est pr\u00e9vue, vous devez vous pr\u00e9senter aux guichets des Admissions pour r\u00e9aliser votre pr\u00e9-admission afin de vous lib\u00e9rer des d\u00e9marches administratives le jour o\u00f9 vous serez hospitalis\u00e9.<\/p>\n<h2><span style=\"text-decoration: underline;\">Admission en urgence<\/span><\/h2>\n<p>Vous fournirez les papiers en votre possession (pi\u00e8ce d\u2019identit\u00e9, carte vitale et de mutuelle ou autre attestation), puis un membre de votre famille ou vous-m\u00eame serez invit\u00e9 \u00e0 vous pr\u00e9senter dans les meilleurs d\u00e9lais aux Admissions pour compl\u00e9ter votre dossier.<\/p>\n<p>\u00a0<\/div><\/div>\n<div class=\"su-accordion su-u-trim\"><\/div>\n<div class=\"su-spoiler su-spoiler-style-fancy su-spoiler-icon-plus su-spoiler-closed\" data-scroll-offset=\"0\" data-anchor-in-url=\"no\"><div class=\"su-spoiler-title\" tabindex=\"0\" role=\"button\"><span class=\"su-spoiler-icon\"><\/span> Venir en Ambulatoire<\/div><div class=\"su-spoiler-content su-u-clearfix su-u-trim\">\u00a0<\/p>\n<p>D\u00e8s que l\u2019hospitalisation est pr\u00e9vue, vous devez vous pr\u00e9senter aux guichets des Admissions pour r\u00e9aliser votre pr\u00e9-admission afin de vous lib\u00e9rer des d\u00e9marches administratives le jour o\u00f9 vous serez hospitalis\u00e9.<br \/>\nAinsi, le jour de votre admission, vous pourrez vous rendre directement dans l&rsquo;unit\u00e9 ambulatoire pour votre prise en charge m\u00e9dicale \u00e0 l\u2019heure convenue.<\/p>\n<p>\u00a0<\/div><\/div>\n","protected":false},"excerpt":{"rendered":"","protected":false},"author":1,"featured_media":0,"parent":136,"menu_order":0,"comment_status":"closed","ping_status":"closed","template":"page-patients.php","meta":{"_acf_changed":false,"footnotes":""},"class_list":["post-168","page","type-page","status-publish","hentry"],"acf":[],"_links":{"self":[{"href":"https:\/\/hopital-novo.fr\/ghcpo\/wp-json\/wp\/v2\/pages\/168","targetHints":{"allow":["GET"]}}],"collection":[{"href":"https:\/\/hopital-novo.fr\/ghcpo\/wp-json\/wp\/v2\/pages"}],"about":[{"href":"https:\/\/hopital-novo.fr\/ghcpo\/wp-json\/wp\/v2\/types\/page"}],"author":[{"embeddable":true,"href":"https:\/\/hopital-novo.fr\/ghcpo\/wp-json\/wp\/v2\/users\/1"}],"replies":[{"embeddable":true,"href":"https:\/\/hopital-novo.fr\/ghcpo\/wp-json\/wp\/v2\/comments?post=168"}],"version-history":[{"count":5,"href":"https:\/\/hopital-novo.fr\/ghcpo\/wp-json\/wp\/v2\/pages\/168\/revisions"}],"predecessor-version":[{"id":3479,"href":"https:\/\/hopital-novo.fr\/ghcpo\/wp-json\/wp\/v2\/pages\/168\/revisions\/3479"}],"up":[{"embeddable":true,"href":"https:\/\/hopital-novo.fr\/ghcpo\/wp-json\/wp\/v2\/pages\/136"}],"wp:attachment":[{"href":"https:\/\/hopital-novo.fr\/ghcpo\/wp-json\/wp\/v2\/media?parent=168"}],"curies":[{"name":"wp","href":"https:\/\/api.w.org\/{rel}","templated":true}]}}