


{"id":136,"date":"2015-03-19T11:39:35","date_gmt":"2015-03-19T10:39:35","guid":{"rendered":"https:\/\/hopital-novo.fr\/ghcpo\/?page_id=136"},"modified":"2024-02-09T12:25:29","modified_gmt":"2024-02-09T11:25:29","slug":"vous-etes-patient","status":"publish","type":"page","link":"https:\/\/hopital-novo.fr\/ghcpo\/vous-etes-patient\/","title":{"rendered":"Vous \u00eates patient"},"content":{"rendered":"<table style=\"height: 330px;\" width=\"872\">\n<tbody>\n<tr>\n<td rowspan=\"2\"><a href=\"https:\/\/hopital-novo.fr\/ghcpo\/wp-content\/uploads\/2015\/03\/contact.jpg\"><img loading=\"lazy\" decoding=\"async\" class=\"alignleft  wp-image-824\" src=\"https:\/\/hopital-novo.fr\/ghcpo\/wp-content\/uploads\/2015\/03\/contact-300x264.jpg\" alt=\"contact\" width=\"134\" height=\"118\" srcset=\"https:\/\/hopital-novo.fr\/ghcpo\/wp-content\/uploads\/2015\/03\/contact-300x264.jpg 300w, https:\/\/hopital-novo.fr\/ghcpo\/wp-content\/uploads\/2015\/03\/contact-1024x902.jpg 1024w\" sizes=\"auto, (max-width: 134px) 100vw, 134px\" \/><\/a><\/td>\n<td style=\"text-align: left;\" rowspan=\"2\">\n<p>Prendre RDV en <strong>consultation externe :<\/strong>\u00a001 39 37 16 20<\/p>\n<p>Prendre RDV en consultation de <strong>P\u00e9diatrie<\/strong> : 01 39 37 13 12<\/p>\n<p>Prendre RDV en consultation de <strong>Gyn\u00e9cologie-Obst\u00e9trique<\/strong> \u00e0 Beaumont: 01 39 37 14 22<\/p>\n<p>Prendre RDV pour l<strong>&lsquo;imagerie m\u00e9dicale<\/strong> : 01 39 37 16 20<\/p>\n<p><strong>Standard<\/strong> : 01 39 37 15 20<\/p>\n<\/td>\n<\/tr>\n<\/tbody>\n<\/table>\n<p>Vous \u00eates patient,<\/p>\n<p>Que vous veniez en consultation ou en hospitalisation, vous serez amen\u00e9 \u00e0 faire vos d\u00e9marches administratives.<\/p>\n<p>Les guichets de la gestion administrative se situent au rez-de-chauss\u00e9e du b\u00e2timent 4, soit sur votre gauche apr\u00e8s l\u2019accueil principal, juste apr\u00e8s la caf\u00e9t\u00e9ria.<\/p>\n<p>&nbsp;<\/p>\n<h1>Votre identit\u00e9, c&rsquo;est votre s\u00e9curit\u00e9!<\/h1>\n<p>Aidez nous \u00e0 prendre soin de vous\u00a0!<\/p>\n<p>Chaque ann\u00e9e pr\u00e8s de 35000 personnes sont hospitalis\u00e9es sur le site de Beaumont-sur-Oise de l&rsquo;H\u00f4pital NOVO et 115 000 viennent en consultations ou effectuer un acte technique (radio, labo, explorations fonctionnelles, etc). Chaque jour, une centaine de personnes sont admises aux Urgences. <\/p>\n<p>Cela suppose une organisation des services particuli\u00e8rement efficace et l&rsquo;application stricte des r\u00e8gles de s\u00e9curit\u00e9 notamment en mati\u00e8re de s\u00e9curisation de l&rsquo;identit\u00e9 des patients.<\/p>\n<table style=\"height: 256px;\" width=\"650\">\n<tbody>\n<tr>\n<td>\n<p>Cette vigilance se traduit par :<\/p>\n<p>&#8211; la prise de renseignements d&rsquo;identification (veillez \u00e0 apporter votre pi\u00e8ce d\u2019identit\u00e9)<\/p>\n<p>&#8211; la v\u00e9rification syst\u00e9matique et r\u00e9p\u00e9t\u00e9e de votre identit\u00e9<\/p>\n<p>et, \u00e0 chaque \u00e9tape de vos soins, un bracelet personnalis\u00e9 et des questionnements r\u00e9guliers de la part des \u00e9quipes soignantes pour v\u00e9rification.<\/p>\n<\/td>\n<td><a href=\"https:\/\/hopital-novo.fr\/ghcpo\/wp-content\/uploads\/2015\/03\/identitovigilance-copie.jpg\"><img loading=\"lazy\" decoding=\"async\" class=\"alignleft  wp-image-734\" src=\"https:\/\/hopital-novo.fr\/ghcpo\/wp-content\/uploads\/2015\/03\/identitovigilance-copie.jpg\" alt=\"identitovigilance_bracelet\" width=\"228\" height=\"152\" srcset=\"https:\/\/hopital-novo.fr\/ghcpo\/wp-content\/uploads\/2015\/03\/identitovigilance-copie.jpg 1023w, https:\/\/hopital-novo.fr\/ghcpo\/wp-content\/uploads\/2015\/03\/identitovigilance-copie-300x201.jpg 300w\" sizes=\"auto, (max-width: 228px) 100vw, 228px\" \/><\/a><\/td>\n<\/tr>\n<\/tbody>\n<\/table>\n<p>&nbsp;<\/p>\n<p>&nbsp;<\/p>\n","protected":false},"excerpt":{"rendered":"<p>Prendre RDV en consultation externe :\u00a001 39 37 16 20 Prendre RDV en consultation de P\u00e9diatrie : 01 39 37 13 12 Prendre RDV en consultation de Gyn\u00e9cologie-Obst\u00e9trique \u00e0 Beaumont: 01 39 37 14 22 Prendre RDV pour l&lsquo;imagerie m\u00e9dicale : 01 39 37 16 [&hellip;]<\/p>\n","protected":false},"author":1,"featured_media":0,"parent":0,"menu_order":0,"comment_status":"closed","ping_status":"closed","template":"page-patients.php","meta":{"_acf_changed":false,"footnotes":""},"class_list":["post-136","page","type-page","status-publish","hentry"],"acf":[],"_links":{"self":[{"href":"https:\/\/hopital-novo.fr\/ghcpo\/wp-json\/wp\/v2\/pages\/136","targetHints":{"allow":["GET"]}}],"collection":[{"href":"https:\/\/hopital-novo.fr\/ghcpo\/wp-json\/wp\/v2\/pages"}],"about":[{"href":"https:\/\/hopital-novo.fr\/ghcpo\/wp-json\/wp\/v2\/types\/page"}],"author":[{"embeddable":true,"href":"https:\/\/hopital-novo.fr\/ghcpo\/wp-json\/wp\/v2\/users\/1"}],"replies":[{"embeddable":true,"href":"https:\/\/hopital-novo.fr\/ghcpo\/wp-json\/wp\/v2\/comments?post=136"}],"version-history":[{"count":1,"href":"https:\/\/hopital-novo.fr\/ghcpo\/wp-json\/wp\/v2\/pages\/136\/revisions"}],"predecessor-version":[{"id":3064,"href":"https:\/\/hopital-novo.fr\/ghcpo\/wp-json\/wp\/v2\/pages\/136\/revisions\/3064"}],"wp:attachment":[{"href":"https:\/\/hopital-novo.fr\/ghcpo\/wp-json\/wp\/v2\/media?parent=136"}],"curies":[{"name":"wp","href":"https:\/\/api.w.org\/{rel}","templated":true}]}}