


{"id":124,"date":"2015-03-19T10:26:49","date_gmt":"2015-03-19T09:26:49","guid":{"rendered":"https:\/\/hopital-novo.fr\/ghcpo\/?page_id=124"},"modified":"2025-12-04T15:26:49","modified_gmt":"2025-12-04T14:26:49","slug":"candidature","status":"publish","type":"page","link":"https:\/\/hopital-novo.fr\/ghcpo\/espace-professionnel\/candidature\/","title":{"rendered":"Candidature"},"content":{"rendered":"<p>Vous pouvez adresser vos candidatures spontan\u00e9es :<\/p>\n<p>\u00e0 <a href=\"mailto:emploi.chrd@ght-novo.fr\">emploi.chrd@ght-novo.fr<\/a><\/p>\n<p>&nbsp;<\/p>\n<p>Vous trouverez ici les information sur notre<a title=\"Cr\u00e8che Familiale\" href=\"https:\/\/hopital-novo.fr\/ghcpo\/espace-professionnel\/creche-familiale\/\"> cr\u00e8che familiale <\/a>qui accueille les enfants du personnel \u00e0 partir de 10 semaines.<\/p>\n","protected":false},"excerpt":{"rendered":"<p>Vous pouvez adresser vos candidatures spontan\u00e9es : \u00e0 emploi.chrd@ght-novo.fr &nbsp; Vous trouverez ici les information sur notre cr\u00e8che familiale qui accueille les enfants du personnel \u00e0 partir de 10 semaines.<\/p>\n","protected":false},"author":1,"featured_media":0,"parent":120,"menu_order":0,"comment_status":"open","ping_status":"open","template":"page-professionnels.php","meta":{"_acf_changed":false,"footnotes":""},"class_list":["post-124","page","type-page","status-publish","hentry"],"acf":[],"_links":{"self":[{"href":"https:\/\/hopital-novo.fr\/ghcpo\/wp-json\/wp\/v2\/pages\/124","targetHints":{"allow":["GET"]}}],"collection":[{"href":"https:\/\/hopital-novo.fr\/ghcpo\/wp-json\/wp\/v2\/pages"}],"about":[{"href":"https:\/\/hopital-novo.fr\/ghcpo\/wp-json\/wp\/v2\/types\/page"}],"author":[{"embeddable":true,"href":"https:\/\/hopital-novo.fr\/ghcpo\/wp-json\/wp\/v2\/users\/1"}],"replies":[{"embeddable":true,"href":"https:\/\/hopital-novo.fr\/ghcpo\/wp-json\/wp\/v2\/comments?post=124"}],"version-history":[{"count":6,"href":"https:\/\/hopital-novo.fr\/ghcpo\/wp-json\/wp\/v2\/pages\/124\/revisions"}],"predecessor-version":[{"id":3547,"href":"https:\/\/hopital-novo.fr\/ghcpo\/wp-json\/wp\/v2\/pages\/124\/revisions\/3547"}],"up":[{"embeddable":true,"href":"https:\/\/hopital-novo.fr\/ghcpo\/wp-json\/wp\/v2\/pages\/120"}],"wp:attachment":[{"href":"https:\/\/hopital-novo.fr\/ghcpo\/wp-json\/wp\/v2\/media?parent=124"}],"curies":[{"name":"wp","href":"https:\/\/api.w.org\/{rel}","templated":true}]}}