{"id":471,"date":"2014-01-16T17:44:03","date_gmt":"2014-01-16T16:44:03","guid":{"rendered":"http:\/\/cluster013.ovh.net\/~chpontoi\/?page_id=471"},"modified":"2024-09-04T13:34:01","modified_gmt":"2024-09-04T12:34:01","slug":"acces","status":"publish","type":"page","link":"https:\/\/hopital-novo.fr\/ch-pontoise\/acces\/","title":{"rendered":"Acc\u00e8s"},"content":{"rendered":"<h2 style=\"text-align: center;\">H\u00f4pital NOVO &#8211; Site de Pontoise<\/h2>\n<p style=\"text-align: center;\"><span style=\"font-size: 12pt;\">6 Avenue de l&rsquo;\u00cele-de-France<\/span><br \/>\n<span style=\"font-size: 12pt;\">CS 90079 Pontoise<\/span><br \/>\n<span style=\"font-size: 12pt;\">95303 CERGY PONTOISE<\/span><br \/>\n<span style=\"font-size: 12pt;\">T\u00e9l\u00e9phone : 01 30 75 40 40<\/span><\/p>\n<h2>\u00a0<\/h2>\n<h2 style=\"text-align: left;\"><em><strong>AVEC NOTRE APPLICATION CH PONTOISE ET SON OUTIL DE GUIDAGE<\/strong><\/em><\/h2>\n<p style=\"text-align: left;\"><span style=\"font-size: 12pt;\">Notre application mobile CH Pontoise inclut un <strong>outil de guidage GPS pour vous orienter pas \u00e0 pas<\/strong> <strong>jusqu\u2019au service souhait\u00e9, depuis votre domicile ou lors de votre arriv\u00e9e \u00e0 l\u2019h\u00f4pital. <\/strong>En activant la g\u00e9olocalisation, d\u00e9couvrez le trajet le plus rapide pour vous rendre sur le lieu de votre rendez-vous, y compris \u00e0 l\u2019int\u00e9rieur des b\u00e2timents ! Disponible gratuitement sur <a href=\"https:\/\/apps.apple.com\/fr\/app\/ch-pontoise\/id1564738310\" target=\"_blank\" rel=\"noopener\">App Store<\/a>\u00a0et\u00a0<a href=\"https:\/\/play.google.com\/store\/apps\/details?id=fr.sweepin.chpontoise&amp;gl=FR\" target=\"_blank\" rel=\"noopener\">Google Play<\/a>.<\/span><\/p>\n<p><span style=\"font-size: 12pt;\">\u00a0<\/span><\/p>\n<h2 style=\"text-align: left;\"><em><strong>PAR LA ROUTE<br \/>\n<\/strong><\/em><\/h2>\n<p style=\"text-align: left;\"><span style=\"font-size: 12pt;\"><strong>En arrivant par l&rsquo;Autoroute A15<\/strong> en direction de Cergy-Pontoise, prendre la sortie N\u00b0 10, suivre le panneau \u00ab\u00a0Centre Hospitalier\u00a0\u00bb sur 2 km environ, jusqu&rsquo;\u00e0 la prochaine sortie.<\/span><\/p>\n<p style=\"text-align: left;\"><span style=\"font-size: 12pt;\"><strong>En arrivant par Pontoise<\/strong>, suivre la Rue de Gisors jusqu&rsquo;au quartier des Louvrais puis suivre les indications \u00ab\u00a0Centre Hospitalier\u00a0\u00bb.<\/span><\/p>\n<p>&nbsp;<\/p>\n<h2 style=\"text-align: left;\"><em><strong>EN TRANSPORTS EN COMMUN<br \/>\n<\/strong><\/em><\/h2>\n<p style=\"text-align: left;\"><span style=\"font-size: 12pt;\"><strong>Par le TRAIN <\/strong>en direction de Pontoise -Gare et\u00a0 RER en direction de Cergy-Pr\u00e9fecture:<\/span><\/p>\n<ul>\n<li style=\"text-align: left;\"><span style=\"font-size: 12pt;\"><strong>SNCF<\/strong> au d\u00e9part de la <strong>Gare Saint-Lazare<\/strong>, jusqu&rsquo;\u00e0 <strong>Pontoise-Gare<\/strong> (30 \u00e0 <em>45 mn<\/em>) puis prendre l&rsquo;autobus 1206 (anciennement 35) et descendre \u00e0 l&rsquo;arr\u00eat \u00ab\u00a0H\u00f4pital R.Dubos\u00a0\u00bb,<\/span><\/li>\n<li style=\"text-align: left;\"><span style=\"font-size: 12pt;\"><strong>SNCF<\/strong> au d\u00e9part de la <strong>Gare du Nord<\/strong> jusqu&rsquo;\u00e0 <strong>Pontoise-Gare<\/strong> (<em>environ 40 mn<\/em>), puis prendre l&rsquo;autobus 1206 (anciennement 35) et descendre \u00e0 l&rsquo;arr\u00eat \u00ab\u00a0H\u00f4pital R.Dubos\u00a0\u00bb,<\/span><\/li>\n<li style=\"text-align: left;\"><span style=\"font-size: 12pt;\"><strong>RER A<\/strong> jusqu&rsquo;\u00e0 la station \u00ab\u00a0<strong>Cergy-Pr\u00e9fecture<\/strong>\u00a0\u00bb puis prendre l&rsquo;autobus 1202 (anciennement 42) et descendre \u00e0 l&rsquo;arr\u00eat \u00ab\u00a0H\u00f4pital R.Dubos\u00a0\u00bb,<\/span><\/li>\n<li style=\"text-align: left;\"><span style=\"font-size: 12pt;\"><strong>RER C<\/strong> jusqu&rsquo;\u00e0 la station \u00ab\u00a0<strong>Pontoise<\/strong>\u00a0\u00bb puis prendre l&rsquo;autobus 1206 (anciennement 35) et descendre \u00e0 l&rsquo;arr\u00eat \u00ab\u00a0H\u00f4pital R. Dubos\u00a0\u00bb<\/span>\n<p><span style=\"font-size: 12pt;\">Retrouvez les horaires d\u00e9taill\u00e9s sur <a href=\"http:\/\/www.transilien.com\" target=\"_blank\" rel=\"noopener noreferrer\">www.transilien.com<\/a><\/span><\/li>\n<\/ul>\n<p style=\"text-align: left;\"><span style=\"font-size: 12pt;\"><strong>Par le BUS ,<\/strong> plusieurs lignes desservent le Centre Hospitalier \u00e0 partir des diff\u00e9rentes gares:<\/span><\/p>\n<ul>\n<li style=\"text-align: left;\"><span style=\"font-size: 12pt;\">ligne 1206 (anciennement 35) \u00e0 partir de <strong>Pontoise-Gare<\/strong> et la <strong>Gare RER \u00ab\u00a0Cergy-le-Haut\u00a0\u00bb<\/strong> &#8211; Arr\u00eat \u00ab\u00a0H\u00f4pital R.Dubos\u00a0\u00bb<\/span><\/li>\n<li style=\"text-align: left;\"><span style=\"font-size: 12pt;\">ligne 1202 (anciennement 42) \u00e0 partir de la <strong>Gare RER \u00ab\u00a0Cergy-Pr\u00e9fecture\u00a0\u00bb<\/strong> \/ <strong>Pontoise, Boulevard des Beurriers-Osny<\/strong> &#8211; Arr\u00eat \u00ab\u00a0H\u00f4pital R.Dubos\u00a0\u00bb<\/span><\/li>\n<li style=\"text-align: left;\"><span style=\"font-size: 12pt;\">ligne 1232 (anciennement 57) \u00e0 partir de <strong>St-Ouen l&rsquo;Aum\u00f4ne<\/strong>\/<strong>Lyc\u00e9e Jean Perrin<\/strong> via la Gare RER \u00ab\u00a0Cergy-Pr\u00e9fecture\u00a0\u00bb &#8211; Arr\u00eat \u00ab\u00a0H\u00f4pital R.Dubos\u00a0\u00bb<\/span>\n<p><span style=\"font-size: 12pt;\">Retrouvez les horaires d\u00e9taill\u00e9s sur <a href=\"https:\/\/www.vianavigo.com\/accueil\">www.vianavigo.com<\/a><\/span><\/li>\n<\/ul>\n<p>&nbsp;<\/p>\n<p><iframe loading=\"lazy\" src=\"https:\/\/plan.sweepin.fr\/hopital-novo-site-de-pontoise\/1599998221\" width=\"650\" height=\"800\" frameborder=\"0\" marginwidth=\"0\" marginheight=\"0\" scrolling=\"no\"><\/iframe><\/p>\n<div>\n<p style=\"width: 95% !important; height: 95%; text-align: right !important;\"><a title=\"plein \u00e9cran (Lien externe)\" href=\"https:\/\/plan.sweepin.fr\/hopital-novo-site-de-pontoise\/1599998221\" target=\"_blank\" rel=\"noopener\"> <span class=\"external\">Afficher en plein \u00e9cran<\/span> <em><i class=\"material-icons\"><span class=\"external\">fullscreen<\/span><\/i><\/em> <\/a><\/p>\n<\/div>\n","protected":false},"excerpt":{"rendered":"<p>H\u00f4pital NOVO &#8211; Site de Pontoise 6 Avenue de l&rsquo;\u00cele-de-France CS 90079 Pontoise 95303 CERGY PONTOISE T\u00e9l\u00e9phone : 01 30 75 40 40 \u00a0 AVEC NOTRE APPLICATION CH PONTOISE ET SON OUTIL DE GUIDAGE Notre application mobile CH Pontoise inclut un outil de guidage GPS pour vous orienter pas \u00e0 pas jusqu\u2019au service souhait\u00e9, depuis [&hellip;]<\/p>\n","protected":false},"author":5,"featured_media":0,"parent":0,"menu_order":26,"comment_status":"closed","ping_status":"closed","template":"","meta":{"_acf_changed":false,"footnotes":"","_links_to":"","_links_to_target":""},"coauthors":[370],"class_list":["post-471","page","type-page","status-publish","hentry"],"acf":[],"_links":{"self":[{"href":"https:\/\/hopital-novo.fr\/ch-pontoise\/wp-json\/wp\/v2\/pages\/471","targetHints":{"allow":["GET"]}}],"collection":[{"href":"https:\/\/hopital-novo.fr\/ch-pontoise\/wp-json\/wp\/v2\/pages"}],"about":[{"href":"https:\/\/hopital-novo.fr\/ch-pontoise\/wp-json\/wp\/v2\/types\/page"}],"author":[{"embeddable":true,"href":"https:\/\/hopital-novo.fr\/ch-pontoise\/wp-json\/wp\/v2\/users\/5"}],"replies":[{"embeddable":true,"href":"https:\/\/hopital-novo.fr\/ch-pontoise\/wp-json\/wp\/v2\/comments?post=471"}],"version-history":[{"count":7,"href":"https:\/\/hopital-novo.fr\/ch-pontoise\/wp-json\/wp\/v2\/pages\/471\/revisions"}],"predecessor-version":[{"id":44977,"href":"https:\/\/hopital-novo.fr\/ch-pontoise\/wp-json\/wp\/v2\/pages\/471\/revisions\/44977"}],"wp:attachment":[{"href":"https:\/\/hopital-novo.fr\/ch-pontoise\/wp-json\/wp\/v2\/media?parent=471"}],"wp:term":[{"taxonomy":"author","embeddable":true,"href":"https:\/\/hopital-novo.fr\/ch-pontoise\/wp-json\/wp\/v2\/coauthors?post=471"}],"curies":[{"name":"wp","href":"https:\/\/api.w.org\/{rel}","templated":true}]}}