{"id":469,"date":"2013-12-04T20:05:08","date_gmt":"2013-12-04T19:05:08","guid":{"rendered":"http:\/\/cluster013.ovh.net\/~chpontoi\/?page_id=469"},"modified":"2023-03-27T15:56:59","modified_gmt":"2023-03-27T14:56:59","slug":"marches-publics","status":"publish","type":"page","link":"https:\/\/hopital-novo.fr\/ch-pontoise\/marches-publics\/","title":{"rendered":"March\u00e9s publics"},"content":{"rendered":"<p style=\"text-align: justify;\">Conform\u00e9ment \u00e0 l\u2019article 133 du code des march\u00e9s publics, ci-joint la liste des march\u00e9s notifi\u00e9s en 2016 pour l&rsquo;H\u00f4pital NOVO &#8211; Site de Pontoise :<a href=\"https:\/\/hopital-novo.fr\/ch-pontoise\/wp-content\/uploads\/2017\/03\/Publication-des-march\u00e9s-2016.pdf\" target=\"_blank\" rel=\"noopener\"> Liste des march\u00e9s 2016<\/a><\/p>\n<p style=\"text-align: justify;\"><b>AVIS AUX ENTREPRISES<\/b><\/p>\n<p style=\"text-align: justify;\">Afin de r\u00e9pondre aux dispositions du Code des March\u00e9s Publics relatives \u00e0 la d\u00e9mat\u00e9rialisation (article 56), l&rsquo;H\u00f4pital NOVO &#8211; Site de Pontoise utilise une plate-forme de d\u00e9mat\u00e9rialisation <a href=\"https:\/\/www.marches-publics.gouv.fr\/?page=entreprise.AccueilEntreprise\" target=\"_blank\" rel=\"noopener\">PLACE https:\/\/www.marches-publics.gouv.fr<\/a> pour la mise \u00e0 disposition et la gestion de ses proc\u00e9dures d\u2019achat.<br \/>\nCette plate-forme permet de g\u00e9rer de fa\u00e7on \u00e9lectronique la d\u00e9mat\u00e9rialisation des proc\u00e9dures de passation de march\u00e9s depuis la mise en ligne des R\u00e8glements Particuliers de Consultation jusqu\u2019\u00e0 la transmission des candidatures et des offres \u00e0 la Personne Responsable des March\u00e9s.<\/p>\n<p style=\"text-align: justify;\">Les dossiers de consultation des entreprises (appels d\u2019offres AO et march\u00e9s \u00e0 proc\u00e9dure adapt\u00e9e MAPA) de l&rsquo;H\u00f4pital NOVO &#8211; Site de Pontoise.<\/p>\n<p style=\"text-align: justify;\"><span style=\"text-decoration: underline;\">NB<\/span> : Pour acc\u00e9der aux avis, aux dossiers de consultation et r\u00e9pondre aux consultations, vous devez vous reporter aux pr\u00e9-requis techniques indiqu\u00e9s sur la plate-forme de d\u00e9mat\u00e9rialisation.<\/p>\n<p style=\"text-align: justify;\">Les appels d\u2019offres et les march\u00e9s \u00e0 proc\u00e9dure adapt\u00e9e de l&rsquo;H\u00f4pital NOVO &#8211; Site de Pontoise sont publi\u00e9s au Bulletin Officiel des Annonces des March\u00e9s Publics (BOAMP) <a href=\"http:\/\/www.journal-officiel.gouv.fr\" target=\"_blank\" rel=\"noopener\">http:\/\/www.journal-officiel.gouv.fr<\/a> ou JOUE.<br \/>\nPour obtenir des informations sur la r\u00e9glementation et r\u00e9pondre aux appels d\u2019offres et aux march\u00e9s \u00e0 proc\u00e9dure adapt\u00e9e de l&rsquo;H\u00f4pital NOVO &#8211; Site de Pontoise, les formulaires administratifs normalis\u00e9s sont disponibles sur le site public <a href=\"http:\/\/www.cerfa.gouv.fr.\" target=\"_blank\" rel=\"noopener\">http:\/\/www.cerfa.gouv.fr.<\/a><\/p>\n<p style=\"text-align: justify;\">Pour toute question relative \u00e0 ces informations merci de nous contacter \u00e0 l\u2019adresse e-mail suivante : <a href=\"mailto:adminmp@ght-novo.fr\">communication@ght-novo.fr<\/a><\/p>\n<p>&nbsp;<\/p>\n<p><!--<\/p>\n\n\n\n\n<p style=\"text-align: justify;\">Conform\u00e9ment \u00e0 l'article 133 du code des march\u00e9s publics, ci-joint la liste des march\u00e9s notifi\u00e9s en 2012 pour le Centre Hospitalier Ren\u00e9 Dubos :<\/p>\n\n\n\n\n<p style=\"text-align: justify;\"><a href=\"http:\/\/cluster013.ovh.net\/~chpontoi\/wp-content\/uploads\/2014\/01\/marches2012art133.pdf\" target=\"_blank\" rel=\"noopener\">Liste des march\u00e9s 2012 CHRD<\/a><\/p>\n\n\n\n\n<h3 style=\"text-align: justify;\">AVIS AUX ENTREPRISES<\/h3>\n\n\n\n\n<p style=\"text-align: justify;\">Afin de r\u00e9pondre aux dispositions du Code des March\u00e9s Publics relatives \u00e0 la d\u00e9mat\u00e9rialisation (article 56), le Centre Hospitalier Ren\u00e9 Dubos de Pontoise utilise la plate-forme de d\u00e9mat\u00e9rialisation <a href=\"http:\/\/www.achatpublic.com\" target=\"_blank\" rel=\"noopener\">http:\/\/www.achatpublic.com<\/a> pour la mise \u00e0 disposition et la gestion de ses proc\u00e9dures d'achat.<br \/>\nCette plate-forme permet de g\u00e9rer de fa\u00e7on \u00e9lectronique la d\u00e9mat\u00e9rialisation des proc\u00e9dures de passation de march\u00e9s depuis la mise en ligne des R\u00e8glements Particuliers de Consultation jusqu'\u00e0 la transmission des candidatures et des offres \u00e0 la Personne Responsable des March\u00e9s.<\/p>\n\n\n\n\n<p style=\"text-align: justify;\">Les dossiers de consultation des entreprises (appels d'offres AO et march\u00e9s \u00e0 proc\u00e9dure adapt\u00e9e MAPA) du Centre Hospitalier Ren\u00e9 Dubos peuvent \u00eatre consult\u00e9s sur la plate-forme Internet de d\u00e9mat\u00e9rialisation :<\/p>\n\n\n\n\n<p style=\"text-align: justify;\"><a href=\"http:\/\/www.achatpublic.com\" target=\"_blank\" rel=\"noopener\">http:\/\/www.achatpublic.com<\/a><\/p>\n\n\n\n\n<p style=\"text-align: justify;\">Rubrique SALLE DES MARCHES - Entreprises<br \/>\nRechercher une consultation<br \/>\nOrganisme : Centre Hospitalier Ren\u00e9 Dubos<br \/>\nD\u00e9partement : 95<\/p>\n\n\n\n\n<p style=\"text-align: justify;\"><span style=\"text-decoration: underline;\">NB<\/span> : Pour acc\u00e9der aux avis, aux dossiers de consultation et r\u00e9pondre aux consultations, vous devez vous reporter aux pr\u00e9-requis techniques indiqu\u00e9s sur la plate-forme de d\u00e9mat\u00e9rialisation.<\/p>\n\n\n\n\n<p style=\"text-align: justify;\">Les dossiers de r\u00e9ponses peuvent \u00eatre remis par voie postale et\/ou par voie \u00e9lectronique aux conditions suivantes (les modalit\u00e9s de r\u00e9ponse sont pr\u00e9cis\u00e9es dans le DCE)\u00a0 :<\/p>\n\n\n\n\n<ul>\n\t\n\n<li>Retrait des dossiers de consultation des entreprises sur la plate-forme de d\u00e9mat\u00e9rialisation <a href=\"http:\/\/www.achatpublic.com\">http:\/\/www.achatpublic.com<\/a>,<\/li>\n\n\n\t\n\n<li>D\u00e9p\u00f4t des dossiers de r\u00e9ponse sur cette m\u00eame plate-forme aux conditions de dates indiqu\u00e9es,<\/li>\n\n\n\t\n\n<li>Remise des documents de r\u00e9ponse aux seuls formats \u00e9lectroniques suivants :<\/li>\n\n\n<\/ul>\n\n\n\n\n<p style=\"text-align: justify; padding-left: 30px;\">- documents au format .pdf,<br \/>\n- images et photos au format .jpeg.<\/p>\n\n\n\n\n<p style=\"text-align: justify;\">Les appels d\u2019offres et les march\u00e9s \u00e0 proc\u00e9dure adapt\u00e9e du Centre Hospitalier Ren\u00e9 Dubos sont publi\u00e9s au Bulletin Officiel des Annonces des March\u00e9s Publics (BOAMP) <a href=\"http:\/\/www.journal-officiel.gouv.fr\" target=\"_blank\" rel=\"noopener\">http:\/\/www.journal-officiel.gouv.fr<\/a> ou JOUE.<br \/>\nPour obtenir des informations sur la r\u00e9glementation et r\u00e9pondre aux appels d\u2019offres et aux march\u00e9s \u00e0 proc\u00e9dure adapt\u00e9e du Centre Hospitalier Ren\u00e9 Dubos, les formulaires administratifs normalis\u00e9s sont disponibles sur le site public <a href=\"http:\/\/www.cerfa.gouv.fr.\" target=\"_blank\" rel=\"noopener\">http:\/\/www.cerfa.gouv.fr.<\/a><\/p>\n\n\n\n\n<p style=\"text-align: justify;\">Pour toute question relative \u00e0 ces informations merci de nous contacter \u00e0 l'adresse e-mail suivante : <a href=\"mailto:adminmp@ch-pontoise.fr\">adminmp@ch-pontoise.fr<\/a><\/p>\n\n\n\n\n<p>--><\/p>\n","protected":false},"excerpt":{"rendered":"<p>Conform\u00e9ment \u00e0 l\u2019article 133 du code des march\u00e9s publics, ci-joint la liste des march\u00e9s notifi\u00e9s en 2016 pour l&rsquo;H\u00f4pital NOVO &#8211; Site de Pontoise : Liste des march\u00e9s 2016 AVIS AUX ENTREPRISES Afin de r\u00e9pondre aux dispositions du Code des March\u00e9s Publics relatives \u00e0 la d\u00e9mat\u00e9rialisation (article 56), l&rsquo;H\u00f4pital NOVO &#8211; Site de Pontoise utilise [&hellip;]<\/p>\n","protected":false},"author":5,"featured_media":0,"parent":0,"menu_order":28,"comment_status":"closed","ping_status":"closed","template":"","meta":{"_acf_changed":false,"footnotes":"","_links_to":"","_links_to_target":""},"coauthors":[370],"class_list":["post-469","page","type-page","status-publish","hentry"],"acf":[],"_links":{"self":[{"href":"https:\/\/hopital-novo.fr\/ch-pontoise\/wp-json\/wp\/v2\/pages\/469","targetHints":{"allow":["GET"]}}],"collection":[{"href":"https:\/\/hopital-novo.fr\/ch-pontoise\/wp-json\/wp\/v2\/pages"}],"about":[{"href":"https:\/\/hopital-novo.fr\/ch-pontoise\/wp-json\/wp\/v2\/types\/page"}],"author":[{"embeddable":true,"href":"https:\/\/hopital-novo.fr\/ch-pontoise\/wp-json\/wp\/v2\/users\/5"}],"replies":[{"embeddable":true,"href":"https:\/\/hopital-novo.fr\/ch-pontoise\/wp-json\/wp\/v2\/comments?post=469"}],"version-history":[{"count":1,"href":"https:\/\/hopital-novo.fr\/ch-pontoise\/wp-json\/wp\/v2\/pages\/469\/revisions"}],"predecessor-version":[{"id":38813,"href":"https:\/\/hopital-novo.fr\/ch-pontoise\/wp-json\/wp\/v2\/pages\/469\/revisions\/38813"}],"wp:attachment":[{"href":"https:\/\/hopital-novo.fr\/ch-pontoise\/wp-json\/wp\/v2\/media?parent=469"}],"wp:term":[{"taxonomy":"author","embeddable":true,"href":"https:\/\/hopital-novo.fr\/ch-pontoise\/wp-json\/wp\/v2\/coauthors?post=469"}],"curies":[{"name":"wp","href":"https:\/\/api.w.org\/{rel}","templated":true}]}}