{"id":467,"date":"2013-12-04T20:04:27","date_gmt":"2013-12-04T19:04:27","guid":{"rendered":"http:\/\/cluster013.ovh.net\/~chpontoi\/?page_id=467"},"modified":"2023-03-27T15:57:21","modified_gmt":"2023-03-27T14:57:21","slug":"mentions-legales","status":"publish","type":"page","link":"https:\/\/hopital-novo.fr\/ch-pontoise\/mentions-legales\/","title":{"rendered":"Mentions l\u00e9gales"},"content":{"rendered":"<p>Nous vous remercions de votre visite sur ce site.<\/p>\n<p>&nbsp;<\/p>\n<p style=\"text-align: center;\"><span style=\"color: #000000;\"><strong><span style=\"font-size: medium;\">1. Informations \u00e9diteur<\/span><\/strong><\/span><\/p>\n<p>Le site www.ch-pontoise.fr est la propri\u00e9t\u00e9 de l&rsquo;H\u00f4pital NOVO &#8211; Site de Pontoise<\/p>\n<p>H\u00f4pital NOVO &#8211; Site de Pontoise<br \/>\n6 Avenue de l\u2019\u00cele de France \u2013 CS 90079 Pontoise \u2013 95303 Cergy-Pontoise<br \/>\nT\u00e9l\u00e9phone : 01 30 75 40 40<\/p>\n<p><strong>Directeur de la publication<\/strong> : Le chef d&rsquo;\u00e9tablissement<\/p>\n<p><strong>Directeur de la communication<\/strong> : Patricia Dardaine<\/p>\n<p>Cr\u00e9dits photos :<br \/>\n&#8211; Beno\u00eet RAJAU<br \/>\n&#8211; Michael JUNG<br \/>\n&#8211; Communaut\u00e9 d&rsquo;Agglom\u00e9ration de Cergy-Pontoise &#8211; Lionel PAGES<br \/>\n&#8211; MACSF<br \/>\n&#8211; Archives municipales de Pontoise<br \/>\n&#8211; Adobe Stock<\/p>\n<p>&nbsp;<\/p>\n<p style=\"text-align: center;\"><strong><span style=\"font-size: medium;\">2. Cr\u00e9ation, r\u00e9alisation et h\u00e9bergement<\/span><\/strong><\/p>\n<p style=\"text-align: center;\">&#8211; Cr\u00e9ation et r\u00e9alisation du site www.ch-pontoise.fr :<br \/>\nInterlude Sant\u00e9<br \/>\n<a href=\"http:\/\/www.interludesante.com\" target=\"_blank\" rel=\"noopener noreferrer\">www.interludesante.com<\/a><br \/>\nT\u00e9l\u00e9phone : 04 72 24 56 18<\/p>\n<p style=\"text-align: center;\">&#8211; H\u00e9bergement du site www.ch-pontoise.fr :<br \/>\nOVH<br \/>\nRCS Roubaix \u2013 Tourcoing 424 761 419 00045<br \/>\nSi\u00e8ge social : 2 rue Kellermann &#8211; 59100 Roubaix &#8211; France.<br \/>\n<a href=\"http:\/\/www.ovh.com\" target=\"_blank\" rel=\"noopener noreferrer\">www.ovh.com<\/a><\/p>\n<p style=\"text-align: center;\">&#8211; Ce site est optimis\u00e9 pour les navigateurs Firefox et Google Chrome.<\/p>\n<p>&nbsp;<\/p>\n<p style=\"padding-left: 30px; text-align: center;\"><span style=\"font-size: medium;\"><strong>3. Droits de propri\u00e9t\u00e9 intellectuelle<\/strong><\/span><\/p>\n<p style=\"text-align: justify;\">Les photographies, textes, slogans, dessins, images, s\u00e9quences anim\u00e9es sonores ou non ainsi que toutes les \u0153uvres int\u00e9gr\u00e9es dans le site sont la propri\u00e9t\u00e9 de l&rsquo;H\u00f4pital NOVO &#8211; Site de Pontoise ou de tiers ayant autoris\u00e9 de l&rsquo;H\u00f4pital NOVO &#8211; Site de Pontoise \u00e0 les utiliser. L\u2019utilisation d\u2019une photographie du site ne peut se faire qu\u2019apr\u00e8s accord \u00e9crit de la Direction de la Communication de l&rsquo;H\u00f4pital NOVO &#8211; Site de Pontoise, avec mention du copyright.<\/p>\n<p style=\"text-align: justify;\">Les reproductions, sur un support papier ou informatique, dudit site sont autoris\u00e9es sous r\u00e9serve qu\u2019elles soient strictement r\u00e9serv\u00e9es \u00e0 un usage personnel excluant tout usage \u00e0 des fins publicitaires et\/ou commerciales et\/ou d\u2019information et\/ou qu\u2019elles soient conformes aux dispositions de l\u2019article L122-5 du Code de la Propri\u00e9t\u00e9 Intellectuelle.<\/p>\n<p style=\"text-align: justify;\">Tous les contenus pr\u00e9sents sur le site internet de l\u2019h\u00f4pital de Pontoise sont couverts par le droit d\u2019auteur. D\u00e8s lors, \u00e0 l\u2019exception de l\u2019iconographie, la reproduction des pages de ce site sur un support papier ou \u00e9lectronique sous peine de contrefa\u00e7on (article L 335-2 du Code la Propri\u00e9t\u00e9 Intellectuelle), est autoris\u00e9e sous r\u00e9serve des conditions suivantes :<br \/>\n&#8211; accord de l\u2019auteur ou par d\u00e9faut de l\u2019h\u00f4pital de Pontoise (art. L. 122-4 du Code de la Propri\u00e9t\u00e9 Intellectuelle),<br \/>\n&#8211; gratuit\u00e9 de la diffusion,<br \/>\n&#8211; respect de l\u2019int\u00e9grit\u00e9 des documents reproduits (aucune modification, ni alt\u00e9ration d\u2019aucune sorte),<br \/>\n&#8211; citation explicite du site internet www.ch-pontoise.fr comme source et mention que les droits de reproduction sont r\u00e9serv\u00e9s et strictement limit\u00e9s.<\/p>\n<p>&nbsp;<\/p>\n<p style=\"text-align: center;\"><strong><span style=\"font-size: medium;\">4. Liens hypertextes<\/span><\/strong><\/p>\n<p style=\"text-align: justify;\">La mise en place d\u2019un lien hypertexte en direction du site www.ch-pontoise.fr doit faire l&rsquo;objet de l&rsquo;autorisation pr\u00e9alable et \u00e9crite de celui-ci. La demande est \u00e0 faire en utilisant le formulaire de contact.<\/p>\n<p style=\"text-align: justify;\">L&rsquo;H\u00f4pital NOVO &#8211; Site de Pontoise n\u2019est en aucun cas tenu responsable du contenu ainsi que des produits ou services propos\u00e9s sur les sites auxquels le site Internet www.ch-pontoise.fr se trouverait li\u00e9 par des liens hypertextes ou tout autre type de lien.<\/p>\n<p style=\"text-align: justify;\">Certaines pages du site www.ch-pontoise.fr contiennent des liens qui renvoient sur des sites internet externes. L&rsquo;H\u00f4pital NOVO &#8211; Site de Pontoise ne saurait \u00eatre tenu pour responsable de l\u2019\u00e9volution de ces sites en ce qui concerne notamment : la non conformit\u00e9 \u00e0 la r\u00e9glementation, les modifications, les suppressions, les ajouts, ou la non actualisation des contenus.<\/p>\n<p style=\"text-align: justify;\">Si vous constatez une anomalie, merci de bien vouloir nous la signaler en envoyant un message \u00e0 l\u2019adresse mail communication@ght-novo.fr<\/p>\n<p>&nbsp;<\/p>\n<p style=\"text-align: center;\"><span style=\"font-size: medium;\"><strong>5. Avertissement aux utilisateurs<\/strong><\/span><\/p>\n<p style=\"text-align: justify;\">Les informations publi\u00e9es sur le site de l&rsquo;H\u00f4pital NOVO &#8211; Site de Pontoise sont exclusivement r\u00e9dig\u00e9es par les salari\u00e9s de l\u2019\u00e9tablissement. Quelles qu\u2019elles soient, elles sont valid\u00e9es par notre Comit\u00e9 de R\u00e9daction. Une erreur typographique, une impr\u00e9cision, un oubli, involontaires de notre part, peuvent \u00eatre pr\u00e9sents \u00e0 l\u2019int\u00e9rieur des pages internet du site de l&rsquo;H\u00f4pital NOVO &#8211; Site de Pontoise. Nous nous en excusons par avance et vous remercions de les signaler.<\/p>\n<p style=\"text-align: justify;\">L&rsquo;H\u00f4pital NOVO &#8211; Site de Pontoise prend toutes les pr\u00e9cautions utiles afin de pr\u00e9server l\u2019int\u00e9grit\u00e9 des donn\u00e9es, leur confidentialit\u00e9 et emp\u00eacher toute communication \u00e0 des tiers non autoris\u00e9s.<\/p>\n<p style=\"text-align: justify;\">L&rsquo;H\u00f4pital NOVO &#8211; Site de Pontoise d\u00e9cline toute responsabilit\u00e9 :<br \/>\n&#8211; pour tous dommages r\u00e9sultant d&rsquo;une intrusion d&rsquo;un tiers ayant entra\u00een\u00e9 une modification des informations du site,<br \/>\n&#8211; plus g\u00e9n\u00e9ralement, tous dommages directs ou indirects quels qu&rsquo;en soient la cause, l&rsquo;origine, la nature et les cons\u00e9quences r\u00e9sultant de l&rsquo;acc\u00e8s au site ou de son impossibilit\u00e9 d&rsquo;y acc\u00e9der ainsi que de tous dommages sur le mat\u00e9riel des utilisateurs,<\/p>\n<p style=\"text-align: justify;\">L&rsquo;H\u00f4pital NOVO &#8211; Site de Pontoise se r\u00e9serve le droit de modifier et de mettre \u00e0 jour, sans pr\u00e9avis, les pr\u00e9sentes mentions l\u00e9gales et tous les \u00e9l\u00e9ments, produits pr\u00e9sent\u00e9s sur le site. L\u2019ensemble de ces modifications s\u2019impose aux internautes qui doivent consulter les pr\u00e9sentes Conditions G\u00e9n\u00e9rales lors de chaque connexion.<\/p>\n[matomo_opt_out]\n","protected":false},"excerpt":{"rendered":"<p>Nous vous remercions de votre visite sur ce site. &nbsp; 1. Informations \u00e9diteur Le site www.ch-pontoise.fr est la propri\u00e9t\u00e9 de l&rsquo;H\u00f4pital NOVO &#8211; Site de Pontoise H\u00f4pital NOVO &#8211; Site de Pontoise 6 Avenue de l\u2019\u00cele de France \u2013 CS 90079 Pontoise \u2013 95303 Cergy-Pontoise T\u00e9l\u00e9phone : 01 30 75 40 40 Directeur de la [&hellip;]<\/p>\n","protected":false},"author":5,"featured_media":0,"parent":0,"menu_order":29,"comment_status":"closed","ping_status":"closed","template":"","meta":{"_acf_changed":false,"footnotes":"","_links_to":"","_links_to_target":""},"coauthors":[370],"class_list":["post-467","page","type-page","status-publish","hentry"],"acf":[],"_links":{"self":[{"href":"https:\/\/hopital-novo.fr\/ch-pontoise\/wp-json\/wp\/v2\/pages\/467","targetHints":{"allow":["GET"]}}],"collection":[{"href":"https:\/\/hopital-novo.fr\/ch-pontoise\/wp-json\/wp\/v2\/pages"}],"about":[{"href":"https:\/\/hopital-novo.fr\/ch-pontoise\/wp-json\/wp\/v2\/types\/page"}],"author":[{"embeddable":true,"href":"https:\/\/hopital-novo.fr\/ch-pontoise\/wp-json\/wp\/v2\/users\/5"}],"replies":[{"embeddable":true,"href":"https:\/\/hopital-novo.fr\/ch-pontoise\/wp-json\/wp\/v2\/comments?post=467"}],"version-history":[{"count":1,"href":"https:\/\/hopital-novo.fr\/ch-pontoise\/wp-json\/wp\/v2\/pages\/467\/revisions"}],"predecessor-version":[{"id":38814,"href":"https:\/\/hopital-novo.fr\/ch-pontoise\/wp-json\/wp\/v2\/pages\/467\/revisions\/38814"}],"wp:attachment":[{"href":"https:\/\/hopital-novo.fr\/ch-pontoise\/wp-json\/wp\/v2\/media?parent=467"}],"wp:term":[{"taxonomy":"author","embeddable":true,"href":"https:\/\/hopital-novo.fr\/ch-pontoise\/wp-json\/wp\/v2\/coauthors?post=467"}],"curies":[{"name":"wp","href":"https:\/\/api.w.org\/{rel}","templated":true}]}}