{"id":39315,"date":"2023-05-12T15:00:23","date_gmt":"2023-05-12T14:00:23","guid":{"rendered":"https:\/\/hopital-novo.fr\/ch-pontoise\/?page_id=39315"},"modified":"2023-05-12T15:08:16","modified_gmt":"2023-05-12T14:08:16","slug":"cancerologie","status":"publish","type":"page","link":"https:\/\/hopital-novo.fr\/ch-pontoise\/cancerologie\/","title":{"rendered":"Canc\u00e9rologie"},"content":{"rendered":"<p style=\"text-align: left;\"><a href=\"https:\/\/hopital-novo.fr\/ch-pontoise\/wp-content\/uploads\/2013\/11\/cancerologie.jpg\"><img loading=\"lazy\" decoding=\"async\" class=\"alignnone wp-image-998 size-full\" src=\"https:\/\/hopital-novo.fr\/ch-pontoise\/wp-content\/uploads\/2013\/11\/cancerologie.jpg\" alt=\"\" width=\"666\" height=\"164\" srcset=\"https:\/\/hopital-novo.fr\/ch-pontoise\/wp-content\/uploads\/2013\/11\/cancerologie.jpg 666w, https:\/\/hopital-novo.fr\/ch-pontoise\/wp-content\/uploads\/2013\/11\/cancerologie-300x73.jpg 300w, https:\/\/hopital-novo.fr\/ch-pontoise\/wp-content\/uploads\/2013\/11\/cancerologie-330x81.jpg 330w\" sizes=\"auto, (max-width: 666px) 100vw, 666px\" \/><\/a><\/p>\n<p style=\"text-align: left;\"><span style=\"font-size: 10pt;\">Dans le cadre de la lutte contre les cancers, l&rsquo;H\u00f4pital NOVO dispose d&rsquo;une large offre de soins : pr\u00e9vention, d\u00e9pistage, diagnostic, traitements, soins de support, soins palliatifs.<\/span><\/p>\n<p style=\"text-align: left;\"><span style=\"font-size: 10pt;\">Chaque personne atteinte d\u2019un cancer est prise en charge par <strong>une fili\u00e8re de soins<\/strong> en fonction de l\u2019origine du cancer. Cette fili\u00e8re regroupe toutes les comp\u00e9tences n\u00e9cessaires et organise le parcours de soins du patient.<\/span><\/p>\n<p style=\"text-align: left;\"><span style=\"font-size: 10pt;\">Chaque fili\u00e8re est organis\u00e9e autour d\u2019<strong>une r\u00e9union de concertation pluridisciplinaire\u00a0 (RCP)<\/strong> qui r\u00e9unit une fois par semaine ou deux fois par mois tous les m\u00e9decins concern\u00e9s et qui propose une strat\u00e9gie de traitement. Cette r\u00e9union \u00e9met une recommandation de traitement \u00e9crite.<\/span><\/p>\n<p style=\"text-align: left;\"><span style=\"font-size: 10pt;\">Chacune des fili\u00e8res est en relation avec un centre universitaire pour la mise au point des r\u00e9f\u00e9rentiels de traitement et pour les cas difficiles ainsi qu\u2019avec les Centres de lutte contre le Cancer (IGR \u2013 Curie).<\/span><\/p>\n<p style=\"text-align: left;\"><span style=\"font-size: 10pt;\">Les examens d\u2019imagerie et de laboratoires n\u00e9cessaires au diagnostic et au suivi sont organis\u00e9s dans un large plateau technique.<\/span><\/p>\n<p style=\"text-align: left;\"><span style=\"font-size: 10pt;\">La prise en charge des traitements implique de nombreux soins de supports et des soins palliatifs.<\/span><\/p>\n<p style=\"text-align: left;\"><span style=\"font-size: 10pt;\">Les progr\u00e8s en canc\u00e9rologie n\u00e9cessitent un effort de recherche clinique au niveau national et international auquel l\u2019H\u00f4pital NOVO participe activement.<\/span><\/p>\n<p style=\"text-align: left;\"><span style=\"font-size: 10pt;\">Le Centre Hospitalier travaille en relation avec le r\u00e9seau de canc\u00e9rologie <a href=\"http:\/\/www.onof.org\/\">ONOF<\/a> pour la mise en \u0153uvre des traitements et le suivi \u00e0 domicile.<\/span><\/p>\n<p style=\"text-align: left;\"><span style=\"font-size: 10pt;\">Il collabore avec tous les autres \u00e9tablissements de sant\u00e9 de notre territoire, et avec la <a href=\"http:\/\/www.ligue-cancer-valdoise.net\/\" target=\"_blank\" rel=\"noopener noreferrer\">Ligue contre le Cancer du Val d\u2019Oise<\/a>.<\/span><\/p>\n<p style=\"text-align: left;\"><span style=\"font-size: 10pt;\">L\u2019H\u00f4pital NOVO est \u00e9galement partenaire de l\u2019Assurance Maladie du Val d\u2019Oise qui met \u00e0 votre disposition un <a href=\"https:\/\/hopital-novo.fr\/ch-pontoise\/wp-content\/uploads\/2015\/03\/CPAM_guide-cancer-2014.pdf\" target=\"_blank\" rel=\"noopener noreferrer\">guide pour vous aider dans vos d\u00e9marches<\/a>.<\/span><\/p>\n<p style=\"text-align: left;\"><span style=\"font-size: 10pt;\"><strong>Les services de prise en charge du cancer<\/strong><\/span><\/p>\n<ul>\n<li style=\"list-style-type: none;\">\n<ul>\n<li style=\"text-align: left;\"><strong><span style=\"font-size: 10pt; color: #808080;\"><a style=\"color: #808080;\" href=\"https:\/\/hopital-novo.fr\/ch-pontoise\/service\/oncologie\/\" target=\"_blank\" rel=\"noopener\">Oncologie<\/a><\/span><\/strong><\/li>\n<li style=\"text-align: left;\"><strong><span style=\"font-size: 10pt; color: #808080;\"><a style=\"color: #808080;\" href=\"https:\/\/hopital-novo.fr\/ch-pontoise\/service\/senopole\/\" target=\"_blank\" rel=\"noopener\">S\u00e9nop\u00f4le<\/a><\/span><\/strong><\/li>\n<li style=\"text-align: left;\"><strong><span style=\"font-size: 10pt; color: #808080;\"><a style=\"color: #808080;\" href=\"https:\/\/hopital-novo.fr\/ch-pontoise\/service\/chirurgie-viscerale-et-digestive\/\" target=\"_blank\" rel=\"noopener\">Chirurgie visc\u00e9rale et digestive<\/a><\/span><\/strong><\/li>\n<li style=\"text-align: left;\"><strong><span style=\"font-size: 10pt; color: #808080;\"><a style=\"color: #808080;\" title=\"Chirurgie vasculaire et thoracique\" href=\"https:\/\/hopital-novo.fr\/ch-pontoise\/service\/chirurgie-vasculaire-et-thoracique\/\">Chirurgie vasculaire et thoracique<\/a><\/span><\/strong><\/li>\n<li style=\"text-align: left;\"><strong><span style=\"font-size: 10pt; color: #808080;\"><a style=\"color: #808080;\" href=\"https:\/\/hopital-novo.fr\/ch-pontoise\/service\/gynecologie-obstetrique\/\">Chirurgie gyn\u00e9cologique et mammaire<\/a><\/span><\/strong><\/li>\n<li style=\"text-align: left;\"><strong><span style=\"font-size: 10pt; color: #808080;\"><a style=\"color: #808080;\" href=\"https:\/\/hopital-novo.fr\/ch-pontoise\/service\/urologie\/\">Chirurgie et M\u00e9decine Urologique<\/a><\/span><\/strong><\/li>\n<li style=\"text-align: left;\"><strong><span style=\"font-size: 10pt; color: #808080;\"><a style=\"color: #808080;\" href=\"https:\/\/hopital-novo.fr\/ch-pontoise\/service\/chirurgie-cervico-faciale-et-orl\/\" target=\"_blank\" rel=\"noopener\">Chirurgie cervico faciale et ORL\u00a0<\/a><\/span><\/strong><\/li>\n<li style=\"text-align: left;\"><strong><span style=\"font-size: 10pt; color: #808080;\"><a style=\"color: #808080;\" href=\"https:\/\/hopital-novo.fr\/ch-pontoise\/service\/stomatologie\/\">Chirurgie maxillo-faciale<\/a><\/span><\/strong><\/li>\n<li style=\"text-align: left;\"><strong><span style=\"font-size: 10pt; color: #808080;\"><a style=\"color: #808080;\" title=\"H\u00e9pato-Gastroent\u00e9rologie\" href=\"https:\/\/hopital-novo.fr\/ch-pontoise\/service\/hepato-gastroenterologie\/\">Gastro-Ent\u00e9rologie<\/a><\/span><\/strong><\/li>\n<li style=\"text-align: left;\"><strong><span style=\"font-size: 10pt; color: #808080;\"><a style=\"color: #808080;\" title=\"Pneumologie\" href=\"https:\/\/hopital-novo.fr\/ch-pontoise\/service\/pneumologie\/\">Pneumologie<\/a><\/span><\/strong><\/li>\n<li style=\"text-align: left;\"><strong><span style=\"font-size: 10pt; color: #808080;\"><a style=\"color: #808080;\" title=\"Rhumatologie\" href=\"https:\/\/hopital-novo.fr\/ch-pontoise\/service\/rhumatologie\/\">Rhumatologie<\/a><\/span><\/strong><\/li>\n<li style=\"text-align: left;\"><span style=\"font-size: 10pt;\"><a title=\"H\u00e9matologie Clinique\" href=\"https:\/\/hopital-novo.fr\/ch-pontoise\/service\/hematologie-clinique\/\"><strong><span style=\"color: #808080;\">H\u00e9matologie<\/span><\/strong><\/a><\/span><\/li>\n<\/ul>\n<\/li>\n<\/ul>\n","protected":false},"excerpt":{"rendered":"<p>Dans le cadre de la lutte contre les cancers, l&rsquo;H\u00f4pital NOVO dispose d&rsquo;une large offre de soins : pr\u00e9vention, d\u00e9pistage, diagnostic, traitements, soins de support, soins palliatifs. Chaque personne atteinte d\u2019un cancer est prise en charge par une fili\u00e8re de soins en fonction de l\u2019origine du cancer. Cette fili\u00e8re regroupe toutes les comp\u00e9tences n\u00e9cessaires et [&hellip;]<\/p>\n","protected":false},"author":834,"featured_media":998,"parent":0,"menu_order":3,"comment_status":"closed","ping_status":"closed","template":"","meta":{"_acf_changed":false,"footnotes":"","_links_to":"","_links_to_target":""},"coauthors":[528],"class_list":["post-39315","page","type-page","status-publish","has-post-thumbnail","hentry"],"acf":[],"_links":{"self":[{"href":"https:\/\/hopital-novo.fr\/ch-pontoise\/wp-json\/wp\/v2\/pages\/39315","targetHints":{"allow":["GET"]}}],"collection":[{"href":"https:\/\/hopital-novo.fr\/ch-pontoise\/wp-json\/wp\/v2\/pages"}],"about":[{"href":"https:\/\/hopital-novo.fr\/ch-pontoise\/wp-json\/wp\/v2\/types\/page"}],"author":[{"embeddable":true,"href":"https:\/\/hopital-novo.fr\/ch-pontoise\/wp-json\/wp\/v2\/users\/834"}],"replies":[{"embeddable":true,"href":"https:\/\/hopital-novo.fr\/ch-pontoise\/wp-json\/wp\/v2\/comments?post=39315"}],"version-history":[{"count":6,"href":"https:\/\/hopital-novo.fr\/ch-pontoise\/wp-json\/wp\/v2\/pages\/39315\/revisions"}],"predecessor-version":[{"id":39323,"href":"https:\/\/hopital-novo.fr\/ch-pontoise\/wp-json\/wp\/v2\/pages\/39315\/revisions\/39323"}],"wp:featuredmedia":[{"embeddable":true,"href":"https:\/\/hopital-novo.fr\/ch-pontoise\/wp-json\/wp\/v2\/media\/998"}],"wp:attachment":[{"href":"https:\/\/hopital-novo.fr\/ch-pontoise\/wp-json\/wp\/v2\/media?parent=39315"}],"wp:term":[{"taxonomy":"author","embeddable":true,"href":"https:\/\/hopital-novo.fr\/ch-pontoise\/wp-json\/wp\/v2\/coauthors?post=39315"}],"curies":[{"name":"wp","href":"https:\/\/api.w.org\/{rel}","templated":true}]}}