{"id":365,"date":"2013-12-02T14:42:57","date_gmt":"2013-12-02T13:42:57","guid":{"rendered":"http:\/\/cluster013.ovh.net\/~chpontoi\/?page_id=365"},"modified":"2022-09-07T16:46:04","modified_gmt":"2022-09-07T15:46:04","slug":"annuaire-des-consultations","status":"publish","type":"page","link":"https:\/\/hopital-novo.fr\/ch-pontoise\/annuaire-des-consultations\/","title":{"rendered":"Annuaire des consultations"},"content":{"rendered":"<p><a class=\"rdvLigne\" href=\"https:\/\/hopital-novo.fr\/ch-pontoise\/prendre-rendez-vous-en-ligne\/\">Prendre rendez-vous en ligne<\/a><\/p>\n<table border=\"0\" cellspacing=\"2\" align=\"left\">\n<tbody>\n<tr>\n<td colspan=\"2\"><strong>NUM\u00c9ROS UTILES<\/strong><\/td>\n<\/tr>\n<tr>\n<td><strong>H\u00f4pital standard<\/strong><\/td>\n<td><strong>01 30 75 40 40<\/strong><\/td>\n<\/tr>\n<tr>\n<td>Urgences<\/td>\n<td>01 30 75 43 66<\/td>\n<\/tr>\n<tr>\n<td>Urgences P\u00e9diatriques<\/td>\n<td>01 30 75 40 03<\/td>\n<\/tr>\n<tr>\n<td>Urgences Maternit\u00e9\/Gyn\u00e9cologie<\/td>\n<td>01 30 75 40 04<\/td>\n<\/tr>\n<tr>\n<td>Urgences Psychiatriques<\/td>\n<td>01 30 75 43 25<\/td>\n<\/tr>\n<tr>\n<td>SAMU 15<\/td>\n<td>01 30 75 42 15<\/td>\n<\/tr>\n<tr>\n<td>Maison de retraite Saint-Louis<\/td>\n<td>01 30 75 41 41<\/td>\n<\/tr>\n<tr>\n<td>\u00c9tablissement Fran\u00e7ais du Sang<\/td>\n<td>01 30 17 33 00<\/td>\n<\/tr>\n<tr>\n<td>&nbsp;<\/td>\n<td>&nbsp;<\/td>\n<\/tr>\n<tr>\n<td colspan=\"2\"><strong>CONSULTATIONS HOSPITALI\u00c8RES<br \/>\n<\/strong><\/td>\n<\/tr>\n<tr>\n<td>Acupuncture \u2013 Relaxation<\/td>\n<td>01 30 75 40 16<\/td>\n<\/tr>\n<tr>\n<td>Addictologie<\/td>\n<td>01 30 75 43 54<\/td>\n<\/tr>\n<tr>\n<td>Adoption<\/td>\n<td>01 30 75 40 35<\/td>\n<\/tr>\n<tr>\n<td>Allergologie<\/td>\n<td>01 30 75 50 20<\/td>\n<\/tr>\n<tr>\n<td>Anesth\u00e9sie<\/td>\n<td>01 30 75 48 42<\/td>\n<\/tr>\n<tr>\n<td>Cardiologie et R\u00e9animation cardiologique<\/td>\n<td>01 30 75 40 20<\/td>\n<\/tr>\n<tr>\n<td>Chirurgie cervico faciale et ORL<\/td>\n<td>01 30 75 47 64<\/td>\n<\/tr>\n<tr>\n<td>Chirurgie Vasculaire et Thoracique<\/td>\n<td>01 30 75 40 21<\/td>\n<\/tr>\n<tr>\n<td>Chirurgie G\u00e9n\u00e9rale et Digestive<\/td>\n<td>01 30 75 40 22<\/td>\n<\/tr>\n<tr>\n<td>Chirurgie P\u00e9diatrique gyn\u00e9cologique<\/td>\n<td>01 30 75 53 54<\/td>\n<\/tr>\n<tr>\n<td>Chirurgie P\u00e9diatrique ORL, stomatologique et ophtalmologique<\/td>\n<td>01 30 75 47 64<\/td>\n<\/tr>\n<tr>\n<td>Chirurgie P\u00e9diatrique orthop\u00e9dique, urologique et visc\u00e9rale<\/td>\n<td>01 30 75 40 35<\/td>\n<\/tr>\n<tr>\n<td>Chirurgie Plastique, Reconstructrice et Esth\u00e9tique<\/td>\n<td>01 30 75 54 31<\/td>\n<\/tr>\n<tr>\n<td>Chirurgie Orthop\u00e9dique et Traumatologique<\/td>\n<td>01 30 75 40 23<\/td>\n<\/tr>\n<tr>\n<td>Consultation \u00ab\u00a0M\u00e9moire\u00a0\u00bb (Neurologie &#8211; Soins de suite g\u00e9riatriques)<\/td>\n<td>01 30 75 40 16<\/td>\n<\/tr>\n<tr>\n<td>Dermatologie<\/td>\n<td>01 30 75 40 25<\/td>\n<\/tr>\n<tr>\n<td>Diab\u00e9tologie &#8211; Endocrinologie<\/td>\n<td>01 30 75 43 54<\/td>\n<\/tr>\n<tr>\n<td>Dialyse (H\u00e9modialyse)<\/td>\n<td>01 30 75 41 11<\/td>\n<\/tr>\n<tr>\n<td>Dialyse p\u00e9riton\u00e9ale et insuffisance r\u00e9nale terminale<\/td>\n<td>01 30 75 42 58<\/td>\n<\/tr>\n<tr>\n<td>Douleur chronique<\/td>\n<td>01 30 75 45 49<\/td>\n<\/tr>\n<tr>\n<td>\u00c9chographie Doppler<\/td>\n<td>01 30 75 40 27<\/td>\n<\/tr>\n<tr>\n<td>\u00c9chographie Cardiaque<\/td>\n<td>01 30 75 40 27<\/td>\n<\/tr>\n<tr>\n<td>\u00c9chographie Gyn\u00e9cologie<\/td>\n<td>01 30 75 53 54<\/td>\n<\/tr>\n<tr>\n<td>\u00c9chographie Radiologie<\/td>\n<td>01 30 75 50 04<!--<br \/>\n<a style=\"font-weight: bold!important;\" href=\"https:\/\/hopital-novo.fr\/ch-pontoise\/prendre-rdv-radiologie\/\">Prendre\u00a0un RDV<\/a><br \/>\n<a style=\"font-weight: bold!important;\" href=\"https:\/\/hopital-novo.fr\/ch-pontoise\/reporter-annuler-rdv-radiologie\/\">Reporter ou annuler un RDV<\/a>--><\/td>\n<\/tr>\n<tr>\n<td>Explorations de Cardiologie<\/td>\n<td>01 30 75 40 27<\/td>\n<\/tr>\n<tr>\n<td>Explorations de Gastro-ent\u00e9rologie<\/td>\n<td>01 30 75 42 06<\/td>\n<\/tr>\n<tr>\n<td>E.E.G\/E.M.G &#8211; Explorations de Neurologie<\/td>\n<td>01 30 75 40 16<\/td>\n<\/tr>\n<tr>\n<td>Explorations fonctionnelles respiratoires &#8211; Pneumologie<\/td>\n<td>01 30 75 40 17<\/td>\n<\/tr>\n<tr>\n<td>Gastro-ent\u00e9rologie<\/td>\n<td>01 30 75 42 06<\/td>\n<\/tr>\n<tr>\n<td>G\u00e9rontologie (\u00c9valuation)<\/td>\n<td>01 30 75 40 16<\/td>\n<\/tr>\n<tr>\n<td>Gyn\u00e9cologie\/Obst\u00e9trique<\/td>\n<td>01 30 75 53 54<\/td>\n<\/tr>\n<tr>\n<td>H\u00e9matologie<\/td>\n<td>01 30 75 49 28<\/td>\n<\/tr>\n<tr>\n<td>Hygi\u00e8ne Alimentaire<\/td>\n<td>01 30 75 40 25<\/td>\n<\/tr>\n<tr>\n<td>IVG (Interruption volontaire de grossesse)<\/td>\n<td>01 30 75 48 33<\/td>\n<\/tr>\n<tr>\n<td>Kin\u00e9sith\u00e9rapie<\/td>\n<td>01 30 75 40 29<\/td>\n<\/tr>\n<tr>\n<td>Laboratoires (Pr\u00e9l\u00e8vements)<\/td>\n<td>01 30 75 40 30<\/td>\n<\/tr>\n<tr>\n<td>Maladie du Sein<\/td>\n<td>01 30 75 47 81<\/td>\n<\/tr>\n<tr>\n<td>Maternit\u00e9<\/td>\n<td>01 30 75 53 54<\/td>\n<\/tr>\n<tr>\n<td>M\u00e9decine de l\u2019exercice et du sport\u00a0<\/td>\n<td>01 30 75 54 29<\/td>\n<\/tr>\n<tr>\n<td>M\u00e9decine interne \/ M\u00e9decine polyvalente<\/td>\n<td>01 30 75 48 94<\/td>\n<\/tr>\n<tr>\n<td>M\u00e9decine en Aval des Urgences<\/td>\n<td>01 30 75 48 94<\/td>\n<\/tr>\n<tr>\n<td>M\u00e9decine N\u00e9onatale et R\u00e9animation P\u00e9diatrique<\/td>\n<td>01 30 75 40 31<\/td>\n<\/tr>\n<tr>\n<td>M\u00e9decine Nucl\u00e9aire<\/td>\n<td>01 30 75 40 32<\/td>\n<\/tr>\n<tr>\n<td>M\u00e9moire<\/td>\n<td>01 30 75 40 16<\/td>\n<\/tr>\n<tr>\n<td>N\u00e9phrologie (maladie des reins et hypertension art\u00e9rielle)<\/td>\n<td>01 30 75 54 82<\/td>\n<\/tr>\n<tr>\n<td>N\u00e9phrologie Service Dr Montseny<\/td>\n<td>01 30 75 54 82<\/td>\n<\/tr>\n<tr>\n<td>Neurologie<\/td>\n<td>01 30 75 40 16<\/td>\n<\/tr>\n<tr>\n<td>Oncologie<\/td>\n<td>01 30 75 42 82<\/td>\n<\/tr>\n<tr>\n<td>Ophtalmologie<\/td>\n<td>01 30 75 47 64<\/td>\n<\/tr>\n<tr>\n<td>Orthodontie<\/td>\n<td>01 30 75 47 64<\/td>\n<\/tr>\n<tr>\n<td>Orthop\u00e9die \/ Traumatologie<\/td>\n<td>01 30 75 40 23<\/td>\n<\/tr>\n<tr>\n<td>Pathologies infectieuses &#8211; Consultation des voyageurs<\/td>\n<td>01 30 75 40 25<\/td>\n<\/tr>\n<tr>\n<td>P\u00e9diatrie<\/td>\n<td>01 30 75 40 35<\/td>\n<\/tr>\n<tr>\n<td>P\u00e9dopsychiatrie<\/td>\n<td>01 30\u00a075 48 30<\/td>\n<\/tr>\n<tr>\n<td>Pneumologie<\/td>\n<td>01 30 75 40 17<\/td>\n<\/tr>\n<tr>\n<td>Proctologie<\/td>\n<td>01 30 75 42 06<\/td>\n<\/tr>\n<tr>\n<td>Psychiatrie Adultes<\/td>\n<td>01 30 75 43 08<\/td>\n<\/tr>\n<tr>\n<td>Psychiatrie Adolescents<\/td>\n<td>01 30 75 46 90<\/td>\n<\/tr>\n<tr>\n<td>Radiologie G\u00e9n\u00e9rale<\/td>\n<td>01 30 75 40 38<\/td>\n<\/tr>\n<tr>\n<td>Radiologie Vasculaire<\/td>\n<td>01 30 75 43 29<\/td>\n<\/tr>\n<tr>\n<td>Radiologie Scanner<\/td>\n<td>01 30 75 50 04<br \/>\n<!--<a style=\"font-weight: bold!important;\" href=\"https:\/\/hopital-novo.fr\/ch-pontoise\/demander-rdv-scanner\/\">Demander un RDV<\/a><br \/>\n<a style=\"font-weight: bold!important;\" href=\"https:\/\/hopital-novo.fr\/ch-pontoise\/reporter-annuler-rdv-scanner\/\">Reporter ou annuler un RDV<\/a>--><\/td>\n<\/tr>\n<tr>\n<td>Radiologie I.R.M.<\/td>\n<td>01 30 75 50 04<\/td>\n<\/tr>\n<tr>\n<td>Rhumatologie<\/td>\n<td>01 30 75 50 20<\/td>\n<\/tr>\n<tr>\n<td><a href=\"https:\/\/hopital-novo.fr\/ch-pontoise\/actu\/ouverture-dune-consultation-de-sexologie\/\" target=\"_blank\" rel=\"noopener\">Sexologie<\/a><\/td>\n<td>01 30 75 48 33<\/td>\n<\/tr>\n<tr>\n<td>Stomatologie<\/td>\n<td>01 30 75 47 64<\/td>\n<\/tr>\n<tr>\n<td>Urologie<\/td>\n<td>01 30 75 40 42<\/td>\n<\/tr>\n<tr>\n<td>VIH (pathologies li\u00e9es au)<\/td>\n<td>01 30 75 40 25<\/td>\n<\/tr>\n<tr>\n<td>&nbsp;<\/td>\n<td>&nbsp;<\/td>\n<\/tr>\n<\/tbody>\n<\/table>\n<p>&nbsp;<\/p>\n","protected":false},"excerpt":{"rendered":"<p>Prendre rendez-vous en ligne NUM\u00c9ROS UTILES H\u00f4pital standard 01 30 75 40 40 Urgences 01 30 75 43 66 Urgences P\u00e9diatriques 01 30 75 40 03 Urgences Maternit\u00e9\/Gyn\u00e9cologie 01 30 75 40 04 Urgences Psychiatriques 01 30 75 43 25 SAMU 15 01 30 75 42 15 Maison de retraite Saint-Louis 01 30 75 41 [&hellip;]<\/p>\n","protected":false},"author":5,"featured_media":0,"parent":0,"menu_order":31,"comment_status":"open","ping_status":"open","template":"","meta":{"_acf_changed":false,"footnotes":"","_links_to":"","_links_to_target":""},"coauthors":[370],"class_list":["post-365","page","type-page","status-publish","hentry"],"acf":[],"_links":{"self":[{"href":"https:\/\/hopital-novo.fr\/ch-pontoise\/wp-json\/wp\/v2\/pages\/365","targetHints":{"allow":["GET"]}}],"collection":[{"href":"https:\/\/hopital-novo.fr\/ch-pontoise\/wp-json\/wp\/v2\/pages"}],"about":[{"href":"https:\/\/hopital-novo.fr\/ch-pontoise\/wp-json\/wp\/v2\/types\/page"}],"author":[{"embeddable":true,"href":"https:\/\/hopital-novo.fr\/ch-pontoise\/wp-json\/wp\/v2\/users\/5"}],"replies":[{"embeddable":true,"href":"https:\/\/hopital-novo.fr\/ch-pontoise\/wp-json\/wp\/v2\/comments?post=365"}],"version-history":[{"count":0,"href":"https:\/\/hopital-novo.fr\/ch-pontoise\/wp-json\/wp\/v2\/pages\/365\/revisions"}],"wp:attachment":[{"href":"https:\/\/hopital-novo.fr\/ch-pontoise\/wp-json\/wp\/v2\/media?parent=365"}],"wp:term":[{"taxonomy":"author","embeddable":true,"href":"https:\/\/hopital-novo.fr\/ch-pontoise\/wp-json\/wp\/v2\/coauthors?post=365"}],"curies":[{"name":"wp","href":"https:\/\/api.w.org\/{rel}","templated":true}]}}