{"id":33483,"date":"2021-02-26T10:26:18","date_gmt":"2021-02-26T09:26:18","guid":{"rendered":"https:\/\/hopital-novo.fr\/ch-pontoise\/?page_id=33483"},"modified":"2025-09-17T09:22:36","modified_gmt":"2025-09-17T08:22:36","slug":"formulaire-chambre-individuelle","status":"publish","type":"page","link":"https:\/\/hopital-novo.fr\/ch-pontoise\/formulaire-chambre-individuelle\/","title":{"rendered":"Formulaire chambre individuelle"},"content":{"rendered":"<div class=\"jsh-iframe-container\">\n<p style=\"text-align: left;\"><span style=\"font-size: 12pt;\">Pendant votre s\u00e9jour, en fonction des disponibilit\u00e9s, vous pouvez, si vous le souhaitez, b\u00e9n\u00e9ficier d\u2019une chambre individuelle<\/span><\/p>\n<p style=\"text-align: left;\"><strong><span style=\"font-size: 12pt;\">Le co\u00fbt de cette prestation s\u2019\u00e9l\u00e8ve \u00e0 <\/span><\/strong><span style=\"font-size: 12pt;\"><strong>56\u20ac<\/strong> (Service Femme-enfant, Chirurgie Gyn\u00e9co Plastie, Addictologie, Endocrinologie, Rhumatologie, G\u00e9riatrie, M\u00e9decine interne et Cardiologie sauf soins intensifs) <strong>ou \u00e0<\/strong><\/span><span style=\"font-size: 12pt;\"><strong> 35\u20ac<\/strong> (Service de M\u00e9decine et hospitalisation de semaine, Chirurgie, Canc\u00e9rologie, Soins palliatifs et SMR). <\/span><\/p>\n<p style=\"text-align: left;\"><span style=\"font-size: 12pt;\">Cette somme pourra \u00eatre prise en charge en totalit\u00e9 ou partiellement par votre compl\u00e9mentaire sant\u00e9. Si votre mutuelle ne couvre que partiellement les frais li\u00e9s \u00e0 la chambre individuelle, vous vous engagez \u00e0 r\u00e9gler le reste \u00e0 charge qui vous sera factur\u00e9. Afin de faciliter les d\u00e9marches, nous vous informons que le service des Admissions proc\u00e9dera \u00e0 la demande de prise en charge aupr\u00e8s de votre compl\u00e9mentaire sant\u00e9 pendant votre s\u00e9jour sous r\u00e9serve d\u2019avoir transmis votre carte mutuelle en cours de validit\u00e9.<\/span><\/p>\n<p style=\"text-align: left;\"><strong><span style=\"font-size: 12pt;\">Important : <\/span><\/strong><\/p>\n<p style=\"text-align: left;\"><span style=\"font-size: 12pt;\">La C2S et l\u2019AME ne prennent pas en charge la chambre individuelle. <\/span><\/p>\n<p style=\"text-align: left;\"><span style=\"font-size: 12pt;\">La <\/span><span style=\"font-size: 12pt;\">chambre individuelle sera attribu\u00e9e sous r\u00e9serve de disponibilit\u00e9, cependant pour des raisons de service le placement en chambre individuelle pourra \u00eatre revu. Conform\u00e9ment \u00e0 l\u2019article L.221-28 12\u00b0 du Code de la consommation, aucune r\u00e9tractation ne sera possible \u00e0 compter de l\u2019attribution de la chambre individuelle.<\/span><\/p>\n<p style=\"text-align: left;\"><span style=\"font-size: 12pt;\"><strong><u>Comment b\u00e9n\u00e9ficier de la chambre individuelle ?<\/u><\/strong><\/span><\/p>\n<p style=\"text-align: left;\"><span style=\"font-size: 12pt;\">1 &#8211; T\u00e9l\u00e9chargez le formulaire de demande de chambre individuelle : <a href=\"https:\/\/hopital-novo.fr\/ch-pontoise\/wp-content\/uploads\/2024\/12\/FORMULAIRE-CHAMBRE-INDIVIDUELLE-Pontoise-01-01-25.pdf\" target=\"_blank\" rel=\"noopener\">version imprimable<\/a> ou <a href=\"https:\/\/hopital-novo.fr\/ch-pontoise\/wp-content\/uploads\/2025\/09\/FORMULAIRE-CHAMBRE-INDIVIDUELLE-Pontoise-12-09-25-INSCRIPTIBLE.pdf\" target=\"_blank\" rel=\"noopener\">version inscriptible en ligne.<\/a><br \/>\n<\/span><\/p>\n<p style=\"text-align: left;\"><span style=\"font-size: 12pt;\">2 &#8211; Compl\u00e9tez-le.<br \/>\n<\/span><\/p>\n<p style=\"text-align: left;\"><span style=\"font-size: 12pt;\">3 &#8211; Envoyez-le \u00e0 l&rsquo;adresse mail pr\u00e9cis\u00e9e \u00e0 la fin du formulaire : creation.sejour[arobase]ght-novo.fr<\/span><\/p>\n<div><span data-olk-copy-source=\"MessageBody\">4\u2013 Lors de votre arriv\u00e9e dans le service d\u2019hospitalisation, pr\u00e9cisez le fait que vous avez demand\u00e9 une chambre individuelle ; celle-ci vous sera attribu\u00e9e en fonction des disponibilit\u00e9s.<\/span><\/div>\n<div>\u00a0<\/div>\n<div><i>A noter, la chambre particuli\u00e8re vous est accord\u00e9e en fonction des disponibilit\u00e9s. Le jour de votre arriv\u00e9e ou au cours de votre hospitalisation, les chambres particuli\u00e8res peuvent \u00eatre inopin\u00e9ment r\u00e9quisitionn\u00e9es pour raison m\u00e9dicale. Nous t\u00e2chons de limiter au maximum ces d\u00e9sagr\u00e9ments qui suspendent bien entendu la facturation.<\/i><\/div>\n<\/div>\n","protected":false},"excerpt":{"rendered":"<p>Pendant votre s\u00e9jour, en fonction des disponibilit\u00e9s, vous pouvez, si vous le souhaitez, b\u00e9n\u00e9ficier d\u2019une chambre individuelle Le co\u00fbt de cette prestation s\u2019\u00e9l\u00e8ve \u00e0 56\u20ac (Service Femme-enfant, Chirurgie Gyn\u00e9co Plastie, Addictologie, Endocrinologie, Rhumatologie, G\u00e9riatrie, M\u00e9decine interne et Cardiologie sauf soins intensifs) ou \u00e0 35\u20ac (Service de M\u00e9decine et hospitalisation de semaine, Chirurgie, Canc\u00e9rologie, Soins palliatifs [&hellip;]<\/p>\n","protected":false},"author":834,"featured_media":0,"parent":0,"menu_order":7,"comment_status":"closed","ping_status":"closed","template":"","meta":{"_acf_changed":false,"footnotes":"","_links_to":"","_links_to_target":""},"coauthors":[528],"class_list":["post-33483","page","type-page","status-publish","hentry"],"acf":[],"_links":{"self":[{"href":"https:\/\/hopital-novo.fr\/ch-pontoise\/wp-json\/wp\/v2\/pages\/33483","targetHints":{"allow":["GET"]}}],"collection":[{"href":"https:\/\/hopital-novo.fr\/ch-pontoise\/wp-json\/wp\/v2\/pages"}],"about":[{"href":"https:\/\/hopital-novo.fr\/ch-pontoise\/wp-json\/wp\/v2\/types\/page"}],"author":[{"embeddable":true,"href":"https:\/\/hopital-novo.fr\/ch-pontoise\/wp-json\/wp\/v2\/users\/834"}],"replies":[{"embeddable":true,"href":"https:\/\/hopital-novo.fr\/ch-pontoise\/wp-json\/wp\/v2\/comments?post=33483"}],"version-history":[{"count":7,"href":"https:\/\/hopital-novo.fr\/ch-pontoise\/wp-json\/wp\/v2\/pages\/33483\/revisions"}],"predecessor-version":[{"id":49977,"href":"https:\/\/hopital-novo.fr\/ch-pontoise\/wp-json\/wp\/v2\/pages\/33483\/revisions\/49977"}],"wp:attachment":[{"href":"https:\/\/hopital-novo.fr\/ch-pontoise\/wp-json\/wp\/v2\/media?parent=33483"}],"wp:term":[{"taxonomy":"author","embeddable":true,"href":"https:\/\/hopital-novo.fr\/ch-pontoise\/wp-json\/wp\/v2\/coauthors?post=33483"}],"curies":[{"name":"wp","href":"https:\/\/api.w.org\/{rel}","templated":true}]}}