{"id":28749,"date":"2018-11-27T14:47:10","date_gmt":"2018-11-27T13:47:10","guid":{"rendered":"https:\/\/hopital-novo.fr\/ch-pontoise\/?page_id=28749"},"modified":"2018-12-19T16:28:46","modified_gmt":"2018-12-19T15:28:46","slug":"chirurgie-esthetique-du-visage","status":"publish","type":"page","link":"https:\/\/hopital-novo.fr\/ch-pontoise\/en-savoir-plus-sur-le-service-de-chirurgie-orl-face-cou-et-chirurgie-thyroidienne\/chirurgie-esthetique-du-visage\/","title":{"rendered":"Chirurgie esth\u00e9tique du visage"},"content":{"rendered":"<p class=\"font_7\">Vous trouverez dans cette rubrique des informations sur les diff\u00e9rents actes de chirurgie plastique de la face et du cou que nous r\u00e9alisons fr\u00e9quemment au sein de notre service.<\/p>\n<p class=\"font_7\">Les diff\u00e9rents actes r\u00e9alis\u00e9s sont la chirurgie esth\u00e9tique :<\/p>\n<ul class=\"font_7\">\n<li>\n<p class=\"font_7\">du nez \u00ab\u00a0Rhinoplastie\u00a0\u00bb\u00a0<\/p>\n<\/li>\n<li>\n<p class=\"font_7\">des paupi\u00e8res \u00ab\u00a0Bl\u00e9pharoplastie\u00a0\u00bb<\/p>\n<\/li>\n<li>\n<p class=\"font_7\">et des oreilles d\u00e9coll\u00e9es \u00ab\u00a0Otoplastie\u00a0\u00bb<\/p>\n<\/li>\n<\/ul>\n<div class=\"su-accordion su-u-trim\"><div class=\"su-spoiler su-spoiler-style-default su-spoiler-icon-plus su-spoiler-closed\" data-scroll-offset=\"0\" data-anchor-in-url=\"no\"><div class=\"su-spoiler-title\" tabindex=\"0\" role=\"button\"><span class=\"su-spoiler-icon\"><\/span>RHINOPLASTIE<\/div><div class=\"su-spoiler-content su-u-clearfix su-u-trim\">\n<h3>A qui s&rsquo;adresse cette chirurgie ?\u00a0<\/h3>\n<p class=\"font_8\">La rhinoplastie est l\u2019une des interventions qui change le plus la vie des patients. Cette intervention permet de corriger une bosse trop importante, une pointe globuleuse, un nez \u00ab\u00a0trop grand\u00a0\u00bb ou au contraire trop plat, des narines g\u00eanantes. Elle permet \u00e9galement de corriger des d\u00e9formations acquises (post-traumatique). Cette intervention peut \u00eatre combin\u00e9e avec une prise en charge des\u00a0d\u00e9formations associ\u00e9es de la\u00a0cloison nasale\u00a0(septoplastie)\u00a0responsable d\u2019\u00e9ventuels troubles respiratoires.<\/p>\n<h3 class=\"font_8\"><span class=\"wixGuard\">\u200b<\/span>Y aura-t&rsquo;il une cicatrice ? Comment se d\u00e9roule la chirurgie ?<\/h3>\n<p class=\"font_8\">Il n\u2019existe en g\u00e9n\u00e9ral aucune cicatrice visible apr\u00e8s l\u2019op\u00e9ration (voie d\u2019abord endonasale). Parfois une cicatrice tr\u00e8s fine sur la columelle (partie inf\u00e9rieure du nez) peut \u00eatre n\u00e9cessaire pour le chirurgien afin de corriger des d\u00e9formations nasales complexes (ant\u00e9c\u00e9dent de traumatisme nasal important ou de rhinoplastie pr\u00e9alable). Cette chirurgie se fait en g\u00e9n\u00e9ral en ambulatoire (sortie le soir m\u00eame de l&rsquo;intervention), sauf cas particulier n\u00e9cessitant une hospitalisation traditionnelle.\u00a0<\/p>\n<p class=\"font_8\"><span class=\"wixGuard\">\u200b<\/span><a href=\"https:\/\/docs.wixstatic.com\/ugd\/b494a1_057dee4587894d629dabe6e2bb0ca220.docx?dn=FICHE%20RHINOPLASTIE.docx\" target=\"_blank\" rel=\"noopener\" data-type=\"document\">Lors de la consultation avec votre chirurgien , il \u00e9tabliera une fiche de simulation t\u00e9l\u00e9chargeable ici.\u00a0<\/a><\/p>\n<h3 class=\"font_8\"><span class=\"wixGuard\">\u200b<\/span>Que se passe-t&rsquo;il apr\u00e8s l&rsquo;intervention?\u00a0<\/h3>\n<p class=\"font_8\">Un pl\u00e2tre nasal est r\u00e9alis\u00e9 en fin d\u2019intervention, \u00e0 garder 10 jours environ, afin de stabiliser les corrections apport\u00e9es au niveau du nez. Il sera retir\u00e9 simplement en consultation de contr\u00f4le \u00e0 10 jours. Le chirurgien peut y associer des plaques de contention au niveau de la cloison nasale (retir\u00e9es\u00a0 lors de cette m\u00eame consultation), ou un m\u00e9chage temporaire des fosses nasales. En cas de voies ouvertes (cicatrice au niveau de la peau entre les deux fosses nasales), les fils seront retir\u00e9s dans le m\u00eame temps que le pl\u00e2tre ; pour les fils situ\u00e9s dans les narines, ils sont r\u00e9sorbables et ne seront donc pas retir\u00e9s.<\/p>\n<p class=\"font_8\"><span class=\"wixGuard\">\u200b<\/span>C\u2019est une intervention en g\u00e9n\u00e9ral peu douloureuse, gr\u00e2ce \u00e0 la prescription syst\u00e9matique de m\u00e9dicaments antalgiques adapt\u00e9s.\u00a0L\u2019intensit\u00e9 et la dur\u00e9e des douleurs est cependant tr\u00e8s variable selon la nature de l&rsquo;intervention pratiqu\u00e9e et selon les patients<\/p>\n<p class=\"font_8\"><span class=\"wixGuard\">\u200b<\/span>Il existe quasi constamment apr\u00e8s l\u2019op\u00e9ration un \u0153d\u00e8me (gonflement) avec ecchymose (bleus) au niveau des paupi\u00e8res, d&rsquo;importance tr\u00e8s variable et impr\u00e9visible. Ils disparaissent spontan\u00e9ment et compl\u00e8tement en quelques semaines. Un arr\u00eat de travail est prescrit pendant les dix jours post-op\u00e9ratoires. La reprise du sport est au bout de 15 jours sauf pour les sports \u00e0 ballons ou de contact o\u00f9 un arr\u00eat de 3 mois est n\u00e9cessaire.\u00a0<\/p>\n<p class=\"font_8\">Il est important que votre chirurgien vous remette une fiche informative avec recueil de consentement que vous devrez lui rendre sign\u00e9e.<\/p>\n<p class=\"font_8\"><a href=\"https:\/\/docs.wixstatic.com\/ugd\/b494a1_f6b305d3ebb14e1d93fa0a9ba454865b.pdf\" target=\"_blank\" rel=\"noopener\" data-type=\"document\">Cette fiche est t\u00e9l\u00e9chargeable en cliquant sur ici : v<\/a><a href=\"https:\/\/docs.wixstatic.com\/ugd\/b494a1_f6b305d3ebb14e1d93fa0a9ba454865b.pdf\" target=\"_blank\" rel=\"noopener\" data-type=\"document\">ous trouverez ici la fiche informative de notre soci\u00e9t\u00e9 savante concernant la chirurgie et ses complications.\u00a0<\/a><\/p>\n<h3 class=\"font_8\">Ai-je droit \u00e0 une entente pr\u00e9alable par la s\u00e9curit\u00e9 sociale\u00a0?<\/h3>\n<p class=\"font_8\">C\u2019est votre chirurgien (et non vous) qui d\u00e9cide si cette proc\u00e9dure peut \u00eatre appliqu\u00e9e ; il remplira un formulaire que vous compl\u00e9terez et adresserez au m\u00e9decin conseil de votre CPAM.\u00a0Il vous est vivement conseill\u00e9 de l\u2019apporter vous-m\u00eame et d\u2019en avoir un re\u00e7u, ou de l\u2019adresser en recommand\u00e9 avec accus\u00e9 de r\u00e9ception.<\/p>\n<p class=\"font_8\">En effet si vous n\u2019avez pas de r\u00e9ponse apr\u00e8s 15 jours, cette entente pr\u00e9alable est consid\u00e9r\u00e9e comme accord\u00e9e, encore faut-il \u00eatre en mesure de prouver que votre caisse l\u2019a bien re\u00e7ue.\u00a0Vous pouvez \u00eatre convoqu\u00e9 par le m\u00e9decin conseil. Apportez alors tous les \u00e9l\u00e9ments concernant votre nez (radios, scanners, comptes rendus op\u00e9ratoires ant\u00e9rieurs, comptes rendus de consultations, ordonnances).<\/p>\n<p class=\"font_8\">Les \u00e9l\u00e9ments dont tiennent compte les m\u00e9decins conseil pour accorder la prise en charge sont les troubles fonctionnels respiratoires, les ant\u00e9c\u00e9dents traumatiques (fractures, traumatismes sportifs), les malformations (comme les s\u00e9quelles de fentes labiales dites \u00ab\u00a0bec de li\u00e8vre\u00a0\u00bb). Les cons\u00e9quences psychologiques des malformations ne sont que tr\u00e8s exceptionnellement prises en compte.<\/p>\n<p class=\"font_8\">Si votre chirurgien estime que l\u2019intervention est esth\u00e9tique, il ne doit pas demander d\u2019entente pr\u00e9alable. Celle-ci n\u2019est donc pas un droit accord\u00e9 au patient, ni une obligation pour le m\u00e9decin.<\/p>\n<p class=\"font_8\">Sans entente pr\u00e9alable et en secteur public, le co\u00fbt de l\u2019intervention est celui d\u2019une journ\u00e9e d\u2019hospitalisation. Un devis vous est obligatoirement fourni par votre chirurgien.<\/p>\n<\/div><\/div>\n<div class=\"su-spoiler su-spoiler-style-default su-spoiler-icon-plus su-spoiler-closed\" data-scroll-offset=\"0\" data-anchor-in-url=\"no\"><div class=\"su-spoiler-title\" tabindex=\"0\" role=\"button\"><span class=\"su-spoiler-icon\"><\/span>BL\u00c9PHAROPLASTIE<\/div><div class=\"su-spoiler-content su-u-clearfix su-u-trim\">\n<h3>A qui s&rsquo;adresse cette chirurgie ?\u00a0<\/h3>\n<p class=\"font_8\">Elle est indiqu\u00e9e lorsqu&rsquo;appara\u00eet avec l\u2019\u00e2ge un exc\u00e8s cutan\u00e9 et des hernies graisseuses qui donnent certaines poches. Attention, cette chirurgie ne peut pas corriger les cernes.\u00a0Elle peut concerner les\u00a0paupi\u00e8res sup\u00e9rieures ou inf\u00e9rieures ou bien les deux. Il faut \u00e9viter toute prise de m\u00e9dicament favorisant le saignement 10 jours avant l&rsquo;intervention.\u00a0<\/p>\n<h3 class=\"font_8\"><span class=\"wixGuard\">\u200b<\/span>Y aura-t&rsquo;il une cicatrice ? Comment se d\u00e9roule la chirurgie ?<\/h3>\n<p class=\"font_8\">Les cicatrices sont tr\u00e8s peu visibles, car plac\u00e9es dans le pli naturel de la paupi\u00e8re sup\u00e9rieure (pli palp\u00e9bral sup\u00e9rieur) rep\u00e9r\u00e9 et dessin\u00e9 par votre chirurgien avant l\u2019anesth\u00e9sie, ou sinon r\u00e9alis\u00e9es en passant par la conjonctive pour la paupi\u00e8re inf\u00e9rieure donc totalement invisible.<\/p>\n<p class=\"font_8\">Elles permettent de retirer l\u2019exc\u00e9dent de graisse dans les diff\u00e9rentes poches graisseuses des paupi\u00e8res, et de retirer l\u2019exc\u00e9dent de peau associ\u00e9 pour les paupi\u00e8res sup\u00e9rieures.<\/p>\n<p class=\"font_8\">En cas de chirurgie des paupi\u00e8res sup\u00e9rieures seules, on peut r\u00e9aliser une simple anesth\u00e9sie locale. Dans le cas des paupi\u00e8res inf\u00e9rieures ou bien les deux, le geste s&rsquo;effectuera sous anesth\u00e9sie g\u00e9n\u00e9rale en ambulatoire (sortie le soir m\u00eame de l&rsquo;intervention).<\/p>\n<h3 class=\"font_8\"><span class=\"wixGuard\">\u200b<\/span>Que se passe-t&rsquo;il apr\u00e8s l&rsquo;intervention?\u00a0<\/h3>\n<p class=\"font_8\">Cette intervention est peu douloureuse. Les soins post-op\u00e9ratoires n\u00e9cessitent au d\u00e9but des compresses d\u2019eau froide appliqu\u00e9es sur les paupi\u00e8res et des gouttes oculaires (collyres antiseptiques et larmes artificielles) pour lutter contre l\u2019ass\u00e8chement de la corn\u00e9e.<\/p>\n<p class=\"font_8\">Des fils sont \u00e0 retirer vers 5 jours. Il faut pr\u00e9voir 8 \u00e0 10 jours de convalescence avant une reprise d\u2019activit\u00e9 professionnelle, le temps que la cicatrisation soit acquise, avec disparition des \u0153d\u00e8mes des paupi\u00e8res, le maquillage \u00e9tant \u00e0 nouveau autoris\u00e9 \u00e0 partir de ce terme. Pendant cette p\u00e9riode, le patient portera\u00a0des lunettes en verre teint\u00e9 pour le prot\u00e9ger du vent et du soleil. Pour les patients porteurs de lentilles, il est conseill\u00e9 de ne pas les porter pendant ces fameux 8-10 jours apr\u00e8s l&rsquo;intervention.<\/p>\n<p class=\"font_8\">L&rsquo;aspect d\u00e9finitif satisfaisant s&rsquo;obtient au bout de 6 \u00e0 8 semaines apr\u00e8s l&rsquo;intervention.<\/p>\n<p class=\"font_8\">Il est important que votre chirurgien vous remette une fiche informative avec recueil de consentement que vous devrez lui rendre sign\u00e9e.<\/p>\n<p class=\"font_8\"><a href=\"https:\/\/docs.wixstatic.com\/ugd\/b494a1_728184c336c64119b4c7c8ab408190b4.pdf\" target=\"_blank\" rel=\"noopener\" data-type=\"document\">Vous trouverez ici la fiche informative et de consentement de notre soci\u00e9t\u00e9 savante concernant la chirurgie et ses complications en cliquant ici<\/a><\/p>\n<h3 class=\"font_8\">Ai-je droit \u00e0 une entente pr\u00e9alable par la s\u00e9curit\u00e9 sociale\u00a0?<\/h3>\n<p class=\"font_8\">Cette entente pr\u00e9alable s&rsquo;appliquera au patient souffrant d&rsquo;une paralysie faciale ou bien d&rsquo;un champ visuel diminu\u00e9 (confirm\u00e9 apr\u00e8s examen aupr\u00e8s d&rsquo;un ophtalmologiste par champ visuel de Goldmann).<\/p>\n<p class=\"font_8\">C\u2019est votre chirurgien (et non vous) qui d\u00e9cide si cette proc\u00e9dure peut \u00eatre appliqu\u00e9e ; il remplira un formulaire que vous compl\u00e9terez et adresserez au m\u00e9decin conseil de votre CPAM.\u00a0Il vous est vivement conseill\u00e9 de l\u2019apporter vous-m\u00eame et d\u2019en avoir un re\u00e7u, ou de l\u2019adresser en recommand\u00e9 avec accus\u00e9 de r\u00e9ception.<\/p>\n<p class=\"font_8\">En effet, si vous n\u2019avez pas de r\u00e9ponse apr\u00e8s 15 jours, cette entente pr\u00e9alable est consid\u00e9r\u00e9e comme accord\u00e9e, encore faut-il \u00eatre en mesure de prouver que votre caisse l\u2019a bien re\u00e7ue.\u00a0Vous pouvez \u00eatre convoqu\u00e9 par le m\u00e9decin conseil. Apportez alors tous les \u00e9l\u00e9ments concernant votre intervention (examen ophtalmo, comptes rendus op\u00e9ratoires ant\u00e9rieurs, comptes rendus de consultations, ordonnances).<\/p>\n<p class=\"font_8\"><span class=\"wixGuard\">\u200b<\/span>Si votre chirurgien estime que l\u2019intervention est esth\u00e9tique, il ne doit pas demander d\u2019entente pr\u00e9alable. Celle-ci n\u2019est donc pas un droit accord\u00e9 au patient, ni une obligation pour le m\u00e9decin.<\/p>\n<p class=\"font_8\">Sans entente pr\u00e9alable et en secteur public, le co\u00fbt de l\u2019intervention est celui d\u2019une journ\u00e9e d\u2019hospitalisation. Un devis vous est obligatoirement fourni par votre chirurgien.<\/p>\n<\/div><\/div>\n<div class=\"su-spoiler su-spoiler-style-default su-spoiler-icon-plus su-spoiler-closed\" data-scroll-offset=\"0\" data-anchor-in-url=\"no\"><div class=\"su-spoiler-title\" tabindex=\"0\" role=\"button\"><span class=\"su-spoiler-icon\"><\/span>OTOPLASTIE<\/div><div class=\"su-spoiler-content su-u-clearfix su-u-trim\">\n<h3>A qui s&rsquo;adresse cette chirurgie ?\u00a0<\/h3>\n<p class=\"font_8\">L\u2019oreille atteint sa taille adulte \u00e0 l\u2019\u00e2ge de 7 ans. On peut donc recoller les oreilles \u00e0 partir de cet \u00e2ge. Seule la chirurgie est efficace. Sans chirurgie, l\u2019oreille ne peut pas se recoller seule car le cartilage est malform\u00e9. La g\u00eane ressentie par l\u2019enfant peut \u00eatre majeure. Chez l\u2019adolescent en pleine pubert\u00e9 (13 \u00e0 16 ans), l\u2019intervention est possible mais est \u00e0 \u00e9viter en raison du caract\u00e8re tr\u00e8s fr\u00e9quent des cicatrices hypertrophiques au niveau des oreilles (mauvaise cicatrisation). Chez l\u2019adulte, l\u2019intervention peut-\u00eatre envisag\u00e9e \u00e0 tout \u00e2ge.<\/p>\n<h3 class=\"font_8\"><span class=\"wixGuard\">\u200b<\/span>Y aura-t&rsquo;il une cicatrice ? Comment se d\u00e9roule la chirurgie ?<\/h3>\n<p class=\"font_8\">La chirurgie des\u00a0oreilles d\u00e9coll\u00e9es, appel\u00e9e\u00a0otoplastie, permet de corriger le\u00a0d\u00e9faut d\u2019accolement des pavillons, gr\u00e2ce \u00e0 une cicatrice dissimul\u00e9e derri\u00e8re le pavillon de l\u2019oreille, et \u00e0 une\u00a0plastie du cartilage (diminution de l\u2019hypertrophie de conque\u00a0et am\u00e9lioration de la\u00a0plicature de l\u2019anth\u00e9lix). La chirurgie se d\u00e9roule sous anesth\u00e9sie g\u00e9n\u00e9rale en ambulatoire (sortie le soir m\u00eame). Chez les adultes, une anesth\u00e9sie locale peut \u00eatre faite.<\/p>\n<p class=\"font_8\">Afin d&rsquo;aider votre chirurgien, il est souhaitable que les gar\u00e7ons se coupent les cheveux afin de d\u00e9gager les oreilles et que les filles les attachent (cela limite la pr\u00e9sence de cheveux dans la cicatrice, source d&rsquo;infection)<\/p>\n<h3 class=\"font_8\"><span class=\"wixGuard\">\u200b<\/span>Que se passe-t&rsquo;il apr\u00e8s l&rsquo;intervention?\u00a0<\/h3>\n<p class=\"font_8\">Il est n\u00e9cessaire de porter\u00a0un pansement compressif (tour de t\u00eate) pendant 1 semaine, puis d\u2019un bandeau la nuit pendant 1 mois, afin d\u2019emp\u00eacher l\u2019apparition d\u2019un h\u00e9matome, et d\u2019\u00e9viter le red\u00e9collement de l\u2019oreille. Les infections sont rarissimes.<\/p>\n<p class=\"font_8\">La douche et le shampoing sont autoris\u00e9s. Il faut d\u00e9sinfecter la cicatrice \u00e0 l\u2019aide d\u2019un spray sp\u00e9cifique apr\u00e8s la douche et bien s\u00e9cher avant d\u2019appliquer une petite compresse.\u00a0Une douleur mod\u00e9r\u00e9e est pr\u00e9sente les premiers jours et facilement soulag\u00e9e par les antalgiques habituels. De petits saignements peu abondants et sans gravit\u00e9 peuvent survenir les 48 premi\u00e8res heures.<br \/>\nLe sport doit \u00eatre \u00e9vit\u00e9 pendant 1 mois (2 mois pour les sports violents type rugby).<\/p>\n<p class=\"font_8\">L\u2019oreille est moins sensible pendant 1 \u00e0 3 mois apr\u00e8s l\u2019op\u00e9ration (ce qui est normal). Attention en cas de temps tr\u00e8s froid de bien couvrir ses oreilles, la sensibilit\u00e9 \u00e9tant alt\u00e9r\u00e9e.<\/p>\n<p class=\"font_8\"><span class=\"wixGuard\">\u200b<\/span>Le r\u00e9sultat d\u00e9finitif s&rsquo;obtient au bout de 3 mois.\u00a0Il est important que votre chirurgien vous remette une fiche informative avec recueil de consentement que vous devrez lui rendre sign\u00e9e.<\/p>\n<p class=\"font_8\"><span class=\"wixGuard\">\u200b<\/span><a href=\"https:\/\/docs.wixstatic.com\/ugd\/b494a1_e22fa74d00db4474820ae1b1ae78d6a7.pdf\" target=\"_blank\" rel=\"noopener\" data-type=\"document\">Vous trouverez ici la fiche informative et de consentement\u00a0 de notre soci\u00e9t\u00e9 savante concernant la chirurgie et ses complications<\/a><\/p>\n<h3 class=\"font_8\">Concernant cette intervention, est-elle prise en charge ?<\/h3>\n<p class=\"font_8\">L\u2019intervention est prise en charge chez l\u2019enfant (jusqu\u2019\u00e0 15 ans 3 mois). Elle l\u2019est plus rarement chez l\u2019adulte.<\/p>\n<p class=\"font_8\">C\u2019est votre chirurgien (et non vous) qui d\u00e9cide si cette proc\u00e9dure peut \u00eatre appliqu\u00e9e ; il remplira un formulaire que vous compl\u00e9terez et adresserez au m\u00e9decin conseil de votre CPAM.\u00a0Il vous est vivement conseill\u00e9 de l\u2019apporter vous-m\u00eame et d\u2019en avoir un re\u00e7u, ou de l\u2019adresser en recommand\u00e9 avec accus\u00e9 de r\u00e9ception.<\/p>\n<p class=\"font_8\">En effet si vous n\u2019avez pas de r\u00e9ponse apr\u00e8s 15 jours, cette entente pr\u00e9alable est consid\u00e9r\u00e9e comme accord\u00e9e, encore faut-il \u00eatre en mesure de prouver que votre caisse l\u2019a bien re\u00e7ue.\u00a0Vous pouvez \u00eatre convoqu\u00e9 par le m\u00e9decin conseil. Apportez alors tous les \u00e9l\u00e9ments concernant votre intervention (examen ophtalmologique, comptes rendus op\u00e9ratoires ant\u00e9rieurs, comptes rendus de consultations, ordonnances).<\/p>\n<p class=\"font_8\"><span class=\"wixGuard\">\u200b<\/span>Si votre chirurgien estime que l\u2019intervention est esth\u00e9tique, il ne doit pas demander d\u2019entente pr\u00e9alable. Celle-ci n\u2019est donc pas un droit accord\u00e9 au patient, ni une obligation pour le m\u00e9decin.<\/p>\n<p class=\"font_8\">Sans entente pr\u00e9alable et en secteur public, le co\u00fbt de l\u2019intervention est celui d\u2019une journ\u00e9e d\u2019hospitalisation. Un devis vous est obligatoirement fourni par votre chirurgien.<\/p>\n<\/div><\/div>\n<div class=\"su-spoiler su-spoiler-style-default su-spoiler-icon-plus su-spoiler-closed\" data-scroll-offset=\"0\" data-anchor-in-url=\"no\"><div class=\"su-spoiler-title\" tabindex=\"0\" role=\"button\"><span class=\"su-spoiler-icon\"><\/span>LIFTING CERVICO-FACIAL<\/div><div class=\"su-spoiler-content su-u-clearfix su-u-trim\">\n<h3>A qui s&rsquo;adresse cette chirurgie, quel en est le but ?\u00a0<\/h3>\n<p class=\"font_8\">Le\u00a0lifting\u00a0(relissage) cervico-facial est une intervention qui a pour but de corriger les\u00a0effets du vieillissement\u00a0sur la partie inf\u00e9rieure du visage et du cou ; il ne corrige ni la partie sup\u00e9rieure du visage (front, paupi\u00e8res), ce que fait le\u00a0lifting frontal,\u00a0ni les rides des l\u00e8vres, et peu les sillons naso-g\u00e9niens.\u00a0Le lifting cervico-facial est le plus fr\u00e9quemment r\u00e9alis\u00e9 ; c\u2019est la correction chirurgicale du vieillissement au niveau du cou ainsi qu\u2019au niveau du visage depuis la r\u00e9gion des tempes jusqu\u2019\u00e0 la r\u00e9gion des bajoues.\u00a0L\u2019op\u00e9ration a pour but de traiter l\u2019affaissement et le rel\u00e2chement de la peau et des muscles du visage (tempes et sourcils, joues, bajoues, ovale du visage) et du cou. L\u2019objectif d\u2019une telle intervention n\u2019est pas de changer la forme et l\u2019aspect du visage. Au contraire, la simple restauration des diff\u00e9rentes structures anatomiques de la face et du cou (peau, muscle, graisse) permet \u00e0 l\u2019op\u00e9r\u00e9(e) de retrouver l\u2019aspect qui \u00e9tait le sien quelques ann\u00e9es auparavant.<\/p>\n<h3 class=\"font_8\"><span class=\"wixGuard\">\u200b<\/span>Y aura-t&rsquo;il une cicatrice ? Comment se d\u00e9roule la chirurgie ?<\/h3>\n<p class=\"font_8\">L\u2019op\u00e9ration se d\u00e9roule de pr\u00e9f\u00e9rence sous anesth\u00e9sie g\u00e9n\u00e9rale (pour votre confort), mais est \u00e9galement possible sous anesth\u00e9sie locale potentialis\u00e9e.\u00a0Les cicatrices sont dissimil\u00e9es sur le pourtour de l\u2019oreille puis dans les cheveux en arri\u00e8re. Un pansement compressif avec parfois des syst\u00e8mes d\u2019aspiration par redons (pour \u00e9viter un h\u00e9matome sous-cutan\u00e9) est n\u00e9cessaire pendant 24 heures, avant le retour \u00e0 domicile.<\/p>\n<p class=\"font_8\">Aucun m\u00e9dicament contenant de l\u2019aspirine ne devra \u00eatre pris dans les 10 jours pr\u00e9c\u00e9dant l\u2019intervention.<br \/>\nIl sera pratiqu\u00e9 un lavage des cheveux la veille de l\u2019intervention et un d\u00e9maquillage soigneux le jour de l\u2019intervention.<\/p>\n<h3 class=\"font_8\"><span class=\"wixGuard\">\u200b<\/span>Que se passe-t&rsquo;il apr\u00e8s l&rsquo;intervention?\u00a0<\/h3>\n<p class=\"font_8\">Cette intervention reste peu douloureuse en g\u00e9n\u00e9ral. Des fils et des agrafes dans les cheveux sont \u00e0 retirer vers 8 \u00e0 10 jours. Il faut pr\u00e9voir une indisponibilit\u00e9 professionnelle d\u2019environ 15 \u00e0 20 jours, le temps que l\u2019\u0153d\u00e8me post-op\u00e9ratoire s\u2019estompe.<\/p>\n<p class=\"font_8\">Les premiers jours, il faut se reposer au maximum et \u00e9viter tout effort violent.<\/p>\n<p class=\"font_8\">Au cours de ces premiers jours, l\u2019op\u00e9r\u00e9(e) ne doit ni s\u2019\u00e9tonner ni s\u2019inqui\u00e9ter :\u00a0<\/p>\n<ul>\n<li class=\"font_8\">d\u2019un \u0153d\u00e8me (gonflement) qui peut \u00eatre plus accentu\u00e9 le deuxi\u00e8me jour que le premier,<\/li>\n<li class=\"font_8\">d\u2019ecchymoses (bleus) dans la r\u00e9gion du cou et du menton,<\/li>\n<li class=\"font_8\">d\u2019une sensation de tension douloureuse, surtout en arri\u00e8re des oreilles, et autour du cou.<\/li>\n<\/ul>\n<p class=\"font_8\">Ces ecchymoses et ces \u0153d\u00e8mes disparaissent en moyenne dans les 2 semaines post-op\u00e9ratoires.<\/p>\n<p class=\"font_8\">Au bout du premier mois, le gonflement a en g\u00e9n\u00e9ral presque disparu. Mais il persiste une l\u00e9g\u00e8re induration des zones d\u00e9coll\u00e9es, plus palpable que visible. Les oreilles ne retrouvent leur sensibilit\u00e9 normale qu\u2019un ou deux mois plus tard. Les cicatrices sont cach\u00e9es en avant et en arri\u00e8re par les cheveux. La seule zone l\u00e9g\u00e8rement visible, en avant de l\u2019oreille, peut \u00eatre temporairement masqu\u00e9e par la coiffure ou le maquillage.<\/p>\n<p class=\"font_8\"><span class=\"wixGuard\">\u200b<\/span><a href=\"https:\/\/docs.wixstatic.com\/ugd\/b494a1_72cacad9ad904e969b76a88824f56cc6.pdf\" target=\"_blank\" rel=\"noopener\" data-type=\"document\">Vous trouverez ici la fiche informative de notre soci\u00e9t\u00e9 savante concernant la chirurgie et ses complications.<\/a><\/p>\n<h3 class=\"font_8\">Concernant cette intervention, est-elle prise en charge ?<\/h3>\n<p class=\"font_8\">Le\u00a0lifting cervico-facial\u00a0est une intervention de\u00a0chirurgie esth\u00e9tique, qui n&rsquo;est prise en charge ni par l&rsquo;assurance maladie, ni par la mutuelle : l&rsquo;ensemble des frais (1 journ\u00e9e d\u2019hospitalisation) est \u00e0 votre charge, et en particulier aucun arr\u00eat de travail ne peut vous \u00eatre prescrit. Si l&rsquo;intervention est d\u00e9cid\u00e9e, un devis vous sera remis par votre chirurgien lors de votre deuxi\u00e8me consultation.<\/p>\n<\/div><\/div><\/div>\n","protected":false},"excerpt":{"rendered":"<p>Vous trouverez dans cette rubrique des informations sur les diff\u00e9rents actes de chirurgie plastique de la face et du cou que nous r\u00e9alisons fr\u00e9quemment au sein de notre service. Les diff\u00e9rents actes r\u00e9alis\u00e9s sont la chirurgie esth\u00e9tique : du nez \u00ab\u00a0Rhinoplastie\u00a0\u00bb\u00a0 des paupi\u00e8res \u00ab\u00a0Bl\u00e9pharoplastie\u00a0\u00bb et des oreilles d\u00e9coll\u00e9es \u00ab\u00a0Otoplastie\u00a0\u00bb<\/p>\n","protected":false},"author":437,"featured_media":0,"parent":27218,"menu_order":16,"comment_status":"closed","ping_status":"closed","template":"page-SEnSavoirPlus.php","meta":{"_acf_changed":false,"footnotes":"","_links_to":"","_links_to_target":""},"coauthors":[525],"class_list":["post-28749","page","type-page","status-publish","hentry"],"acf":[],"_links":{"self":[{"href":"https:\/\/hopital-novo.fr\/ch-pontoise\/wp-json\/wp\/v2\/pages\/28749","targetHints":{"allow":["GET"]}}],"collection":[{"href":"https:\/\/hopital-novo.fr\/ch-pontoise\/wp-json\/wp\/v2\/pages"}],"about":[{"href":"https:\/\/hopital-novo.fr\/ch-pontoise\/wp-json\/wp\/v2\/types\/page"}],"author":[{"embeddable":true,"href":"https:\/\/hopital-novo.fr\/ch-pontoise\/wp-json\/wp\/v2\/users\/437"}],"replies":[{"embeddable":true,"href":"https:\/\/hopital-novo.fr\/ch-pontoise\/wp-json\/wp\/v2\/comments?post=28749"}],"version-history":[{"count":0,"href":"https:\/\/hopital-novo.fr\/ch-pontoise\/wp-json\/wp\/v2\/pages\/28749\/revisions"}],"up":[{"embeddable":true,"href":"https:\/\/hopital-novo.fr\/ch-pontoise\/wp-json\/wp\/v2\/pages\/27218"}],"wp:attachment":[{"href":"https:\/\/hopital-novo.fr\/ch-pontoise\/wp-json\/wp\/v2\/media?parent=28749"}],"wp:term":[{"taxonomy":"author","embeddable":true,"href":"https:\/\/hopital-novo.fr\/ch-pontoise\/wp-json\/wp\/v2\/coauthors?post=28749"}],"curies":[{"name":"wp","href":"https:\/\/api.w.org\/{rel}","templated":true}]}}