{"id":16988,"date":"2017-01-06T17:05:32","date_gmt":"2017-01-06T16:05:32","guid":{"rendered":"https:\/\/hopital-novo.fr\/ch-pontoise\/?page_id=16988"},"modified":"2017-01-30T10:18:24","modified_gmt":"2017-01-30T09:18:24","slug":"les-interventions-pratiquees","status":"publish","type":"page","link":"https:\/\/hopital-novo.fr\/ch-pontoise\/en-savoir-plus-sur-la-chirurgie-plastique-et-reconstructrice\/les-interventions-pratiquees\/","title":{"rendered":"Les interventions pratiqu\u00e9es"},"content":{"rendered":"<p><img loading=\"lazy\" decoding=\"async\" class=\" size-full wp-image-17348 aligncenter\" src=\"https:\/\/hopital-novo.fr\/ch-pontoise\/wp-content\/uploads\/2017\/01\/photosChirurgiePlastique.jpg\" alt=\"Chirurgie Plastique\" width=\"469\" height=\"116\" srcset=\"https:\/\/hopital-novo.fr\/ch-pontoise\/wp-content\/uploads\/2017\/01\/photosChirurgiePlastique.jpg 469w, https:\/\/hopital-novo.fr\/ch-pontoise\/wp-content\/uploads\/2017\/01\/photosChirurgiePlastique-300x74.jpg 300w, https:\/\/hopital-novo.fr\/ch-pontoise\/wp-content\/uploads\/2017\/01\/photosChirurgiePlastique-330x82.jpg 330w\" sizes=\"auto, (max-width: 469px) 100vw, 469px\" \/><\/p>\n<ul>\n<li class=\"modif\"><a href=\"https:\/\/hopital-novo.fr\/ch-pontoise\/wp-content\/uploads\/2017\/01\/Chirurgie_des_oreilles_decollees.pdf\" target=\"_blank\">Chirurgie des oreilles d\u00e9coll\u00e9es<\/a><\/li>\n<li class=\"modif\"><a href=\"https:\/\/hopital-novo.fr\/ch-pontoise\/wp-content\/uploads\/2017\/01\/Lifting_cervico_facial_ou-lifting_du_visage_et_du_cou1.pdf\" target=\"_blank\">Lifting cervico facial ou lifting du visage et du cou<\/a><\/li>\n<li class=\"modif\"><a href=\"https:\/\/hopital-novo.fr\/ch-pontoise\/wp-content\/uploads\/2017\/01\/Chirurgie_esthetique_des_paupieres_ou_blepharoplastie-esthe769tique.pdf\" target=\"_blank\">Chirurgie esth\u00e9tique des paupi\u00e8res ou blepharoplastie esth\u00e9tique<\/a><\/li>\n<li class=\"modif\"><a href=\"https:\/\/hopital-novo.fr\/ch-pontoise\/wp-content\/uploads\/2017\/01\/Chirurgie_de_l_hypertrophie_mammaire_ou_plastie_mammaire_de_reduction-pour-hypertrophie-1.pdf\" target=\"_blank\">Chirurgie de l\u2019hypertrophie mammaire ou plastie mammaire de r\u00e9duction pour hypertrophie<\/a><\/li>\n<li class=\"modif\"><a href=\"https:\/\/hopital-novo.fr\/ch-pontoise\/wp-content\/uploads\/2017\/01\/Chirurgie_de_la_ptose_mammaire_ou_plastie_mammaire_pour_ptose.pdf\" target=\"_blank\">Chirurgie de la ptose mammaire ou plastie mammaire pour ptose<\/a><\/li>\n<li class=\"modif\"><a href=\"https:\/\/hopital-novo.fr\/ch-pontoise\/wp-content\/uploads\/2017\/01\/CPE_paroi_abdominale.pdf\" target=\"_blank\">Chirurgie plastique et esth\u00e9tique de la paroi abdominale<\/a><\/li>\n<li class=\"modif\"><a href=\"https:\/\/hopital-novo.fr\/ch-pontoise\/wp-content\/uploads\/2017\/01\/Lifting_face_interne_cuisse.pdf\" target=\"_blank\">Lifting de la face interne de la cuisse<\/a><\/li>\n<li class=\"modif\"><a href=\"https:\/\/hopital-novo.fr\/ch-pontoise\/wp-content\/uploads\/2017\/01\/Lipoaspiration.pdf\" target=\"_blank\">Lipoaspiration<\/a><\/li>\n<li class=\"modif\"><a href=\"https:\/\/hopital-novo.fr\/ch-pontoise\/wp-content\/uploads\/2017\/01\/Chirurgie-esthetique-de-la-verge-ou-Penoplastie-ou-Phalloplastie-esthetique-delargissement-et-dal.pdf\" target=\"_blank\">Chirurgie esth\u00e9tique de la verge ou p\u00e9noplastie ou phalloplastie esth\u00e9tique d&rsquo;\u00e9largissement et dal<\/a><\/li>\n<li class=\"modif\"><a href=\"https:\/\/hopital-novo.fr\/ch-pontoise\/wp-content\/uploads\/2017\/01\/Chirurgie-des-petites-levres-ou-nymphoplastie-de-reduction-pour-hypertrophie.pdf\" target=\"_blank\">Chirurgie des petites l\u00e8vres ou nymphoplastie de r\u00e9duction pour hypertrophie<\/a><\/li>\n<li class=\"modif\"><a href=\"https:\/\/hopital-novo.fr\/ch-pontoise\/wp-content\/uploads\/2017\/01\/Protheses-de-fesses-ou-Plastie-daugmentation-fessiere-par-protheses.pdf\" target=\"_blank\">Proth\u00e8ses de fesses ou plastie d&rsquo;augmentation fessi\u00e8re par proth\u00e8ses<\/a><\/li>\n<li class=\"modif\"><a href=\"https:\/\/hopital-novo.fr\/ch-pontoise\/wp-content\/uploads\/2017\/01\/Transfert-de-graisse-autologue-ou-lipostructure.pdf\" target=\"_blank\">Transfert de graisse autologue ou lipostructure<\/a><\/li>\n<li class=\"modif\"><a href=\"https:\/\/hopital-novo.fr\/ch-pontoise\/wp-content\/uploads\/2017\/01\/Lifting-de-la-face-interne-du-bras.pdf\" target=\"_blank\">Lifting de la face interne du bras<\/a><\/li>\n<li class=\"modif\"><a href=\"https:\/\/hopital-novo.fr\/ch-pontoise\/wp-content\/uploads\/2017\/01\/Protheses-mammaires-et-hypoplastie-des-seins.pdf\" target=\"_blank\">Protheses mammaires et hypoplastie des seins<\/a><\/li>\n<li class=\"modif\"><a href=\"https:\/\/hopital-novo.fr\/ch-pontoise\/wp-content\/uploads\/2017\/01\/Body-lift.pdf\" target=\"_blank\">Body lift<\/a><\/li>\n<li class=\"modif\"><a href=\"https:\/\/hopital-novo.fr\/ch-pontoise\/wp-content\/uploads\/2017\/01\/La-Gynecomastie.pdf\" target=\"_blank\">La gynecomastie<\/a><\/li>\n<li class=\"modif\"><a href=\"https:\/\/hopital-novo.fr\/ch-pontoise\/wp-content\/uploads\/2017\/01\/Tansfert-graisseux-augmentation-mammaire-a-visee-esthetique-ou-malformations-congenitales.pdf\" target=\"_blank\">Transfert graisseux dans les cas d\u2019augmentation mammaire \u00e0 vis\u00e9e esth\u00e9tique ou pour malformations cong\u00e9nitales<\/a><\/li>\n<\/ul>\n","protected":false},"excerpt":{"rendered":"<p>Chirurgie des oreilles d\u00e9coll\u00e9es Lifting cervico facial ou lifting du visage et du cou Chirurgie esth\u00e9tique des paupi\u00e8res ou blepharoplastie esth\u00e9tique Chirurgie de l\u2019hypertrophie mammaire ou plastie mammaire de r\u00e9duction pour hypertrophie Chirurgie de la ptose mammaire ou plastie mammaire pour ptose Chirurgie plastique et esth\u00e9tique de la paroi abdominale Lifting de la face interne [&hellip;]<\/p>\n","protected":false},"author":5,"featured_media":0,"parent":16981,"menu_order":18,"comment_status":"closed","ping_status":"closed","template":"page-SEnSavoirPlus.php","meta":{"_acf_changed":false,"footnotes":"","_links_to":"","_links_to_target":""},"coauthors":[370],"class_list":["post-16988","page","type-page","status-publish","hentry"],"acf":[],"_links":{"self":[{"href":"https:\/\/hopital-novo.fr\/ch-pontoise\/wp-json\/wp\/v2\/pages\/16988","targetHints":{"allow":["GET"]}}],"collection":[{"href":"https:\/\/hopital-novo.fr\/ch-pontoise\/wp-json\/wp\/v2\/pages"}],"about":[{"href":"https:\/\/hopital-novo.fr\/ch-pontoise\/wp-json\/wp\/v2\/types\/page"}],"author":[{"embeddable":true,"href":"https:\/\/hopital-novo.fr\/ch-pontoise\/wp-json\/wp\/v2\/users\/5"}],"replies":[{"embeddable":true,"href":"https:\/\/hopital-novo.fr\/ch-pontoise\/wp-json\/wp\/v2\/comments?post=16988"}],"version-history":[{"count":0,"href":"https:\/\/hopital-novo.fr\/ch-pontoise\/wp-json\/wp\/v2\/pages\/16988\/revisions"}],"up":[{"embeddable":true,"href":"https:\/\/hopital-novo.fr\/ch-pontoise\/wp-json\/wp\/v2\/pages\/16981"}],"wp:attachment":[{"href":"https:\/\/hopital-novo.fr\/ch-pontoise\/wp-json\/wp\/v2\/media?parent=16988"}],"wp:term":[{"taxonomy":"author","embeddable":true,"href":"https:\/\/hopital-novo.fr\/ch-pontoise\/wp-json\/wp\/v2\/coauthors?post=16988"}],"curies":[{"name":"wp","href":"https:\/\/api.w.org\/{rel}","templated":true}]}}